{"id":976,"date":"2012-03-11T20:18:02","date_gmt":"2012-03-11T20:18:02","guid":{"rendered":"https:\/\/www.pgd-loka.si\/nova\/\/?page_id=976"},"modified":"2013-02-14T11:22:12","modified_gmt":"2013-02-14T10:22:12","slug":"tekmovanja-v-letu-2010","status":"publish","type":"page","link":"https:\/\/www.pgd-loka.si\/?page_id=976","title":{"rendered":"Tekmovanja v letu 2010"},"content":{"rendered":"<p><strong>Pokal Loka<\/strong><\/p>\n<div><strong>V soboto, 12.06.2010, smo organizirali \u017ee 23. gasilsko tekmovanje za pokal LOKE in ob\u010dinsko tekmovanje GZ Menge\u0161<\/strong>, na katerem so se gasilci in gasilke pomerili v vaji z motorno brizgalno po pravilih CTIF in \u0161tafeti brez ovir. Tekmovanja se je udele\u017eilo 5 \u017eenskih in 17 mo\u0161kih ekip. V konkurenci \u010dlanov za pokal LOKE smo doma\u010di gasilci zasedli 4., 9. in 11. mesto, na ob\u010dinskem tekmovanju pa smo v kategoriji \u010dlanov A zasedli 1. in 2., v konkurenci \u010dlanov B pa 2. mesto.<\/p>\n<p><strong>T e k m o v a n j a<\/strong><\/div>\n<div>\n<p>Na\u010din, kako ohranjati psihofizi\u010dno kondicijo in spretnosti rokovanja z gasilsko opremo, predstavljajo priprave ekip na tekmovanja in tekmovanja sama. Na\u0161e tekmovalne enote so opravile 49 nastopov na razli\u010dnih tekmovanjih in nivojih. V letu 2010 smo se poleg gasilsko-\u0161portnih disciplin udele\u017eili \u0161e tekmovanj v orientaciji in kvizih na nivoju GZ Menge\u0161, regije Ljubljane III in dr\u017eavnih tekmovanjih, vle\u010denju B cevi v Topolah ter smu\u010darskem tekmovanju za mladino v organizaciji regije Ljubljana III.<\/p>\n<table width=\"560\" border=\"1\" cellspacing=\"0\" cellpadding=\"0\">\n<tbody>\n<tr>\n<td><strong>DATUM<\/strong><\/td>\n<td><strong>EKIPA<\/strong><\/td>\n<td><strong>VRSTA TEKMOVANJA<\/strong><\/td>\n<td><strong>UVRSTITEV<\/strong><\/td>\n<\/tr>\n<tr>\n<td height=\"20\">8.2.2010<\/td>\n<td>Mlaj\u0161e deklice \u2013<\/td>\n<td>Regijsko tekmovanje &#8211; smu\u010danje<\/td>\n<td>1. mesto<\/td>\n<\/tr>\n<tr>\n<td><\/td>\n<td>l. 2000\/2001<\/td>\n<td><\/td>\n<td><\/td>\n<\/tr>\n<tr>\n<td>8.2.2010<\/td>\n<td>Mlaj\u0161i de\u010dki \u2013<\/td>\n<td>Regijsko tekmovanje &#8211; smu\u010danje<\/td>\n<td>8. mesto<\/td>\n<\/tr>\n<tr>\n<td><\/td>\n<td>do l. 2002<\/td>\n<td><\/td>\n<td><\/td>\n<\/tr>\n<tr>\n<td>8.2.2010<\/td>\n<td>Starej\u0161i deklice \u2013<\/td>\n<td>Regijsko tekmovanje &#8211; smu\u010danje<\/td>\n<td>4. mesto<\/td>\n<\/tr>\n<tr>\n<td><\/td>\n<td>l. 1998\/1999<\/td>\n<td><\/td>\n<td>12. mesto<\/td>\n<\/tr>\n<tr>\n<td>8.2.2010<\/td>\n<td>Starej\u0161i de\u010dki \u2013<\/td>\n<td>Regijsko tekmovanje &#8211; smu\u010danje<\/td>\n<td>12. mesto<\/td>\n<\/tr>\n<tr>\n<td><\/td>\n<td>l. 1998\/1999<\/td>\n<td><\/td>\n<td>15. mesto<\/td>\n<\/tr>\n<tr>\n<td><\/td>\n<td><\/td>\n<td><\/td>\n<td>20. mesto<\/td>\n<\/tr>\n<tr>\n<td><\/td>\n<td><\/td>\n<td><\/td>\n<td>25. mesto<\/td>\n<\/tr>\n<tr>\n<td>8.2.2010<\/td>\n<td>Mentorji \u2013<\/td>\n<td>Regijsko tekmovanje \u2013 smu\u010danje<\/td>\n<td>6. mesto<\/td>\n<\/tr>\n<tr>\n<td><\/td>\n<td>nad 35 let<\/td>\n<td><\/td>\n<td><\/td>\n<\/tr>\n<tr>\n<td>27.2.2010<\/td>\n<td>\u010clani A<\/td>\n<td>Spajanje sesalnega voda v Cerkljah<\/td>\n<td>12. mesto<\/td>\n<\/tr>\n<tr>\n<td>9.4.2010<\/td>\n<td>Mladinci<\/td>\n<td>Ob\u010dinsko tekmovanje &#8211; kviz<\/td>\n<td>1. mesto<\/td>\n<\/tr>\n<tr>\n<td>10.4.2010<\/td>\n<td>Mlaj\u0161i pionirji<\/td>\n<td>Ob\u010dinsko tekmovanje \u2013 kviz<\/td>\n<td>2. mesto<\/td>\n<\/tr>\n<tr>\n<td>10.4.2010<\/td>\n<td>Starej\u0161i pionirji<\/td>\n<td>Ob\u010dinsko tekmovanje \u2013 kviz<\/td>\n<td>2. mesto<\/td>\n<\/tr>\n<tr>\n<td>24.4.2010<\/td>\n<td>Mlaj\u0161i pionirji<\/td>\n<td>Regijsko tekmovanje \u2013 DMG<\/td>\n<td>17. mesto<\/td>\n<\/tr>\n<tr>\n<td>24.4.2010<\/td>\n<td>Starej\u0161i pionirji<\/td>\n<td>Regijsko tekmovanje \u2013 DMG<\/td>\n<td>15. mesto<\/td>\n<\/tr>\n<tr>\n<td>24.4.2010<\/td>\n<td>Starej\u0161i pionirji<\/td>\n<td>Regijsko tekmovanje \u2013 DMG<\/td>\n<td>16. mesto<\/td>\n<\/tr>\n<tr>\n<td>8.5.2010<\/td>\n<td>Mlaj\u0161i pionirji 1<\/td>\n<td>Ob\u010dinsko tekmovanje \u2013 orientacija<\/td>\n<td>1. mesto<\/td>\n<\/tr>\n<tr>\n<td>8.5.2010<\/td>\n<td>Mlaj\u0161i pionirji 2<\/td>\n<td>Ob\u010dinsko tekmovanje \u2013 orientacija<\/td>\n<td>2. mesto<\/td>\n<\/tr>\n<tr>\n<td>8.5.2010<\/td>\n<td>Starej\u0161e pionirke<\/td>\n<td>Ob\u010dinsko tekmovanje \u2013 orientacija<\/td>\n<td>1. mesto<\/td>\n<\/tr>\n<tr>\n<td>8.5.2010<\/td>\n<td>Starej\u0161i pionirji<\/td>\n<td>Ob\u010dinsko tekmovanje \u2013 orientacija<\/td>\n<td>2. mesto<\/td>\n<\/tr>\n<tr>\n<td>8.5.2010<\/td>\n<td>Mladinci<\/td>\n<td>Ob\u010dinsko tekmovanje \u2013 orientacija<\/td>\n<td>1. mesto<\/td>\n<\/tr>\n<tr>\n<td>22.5.2010<\/td>\n<td>Mlaj\u0161i pionirji 1<\/td>\n<td>Regijsko tekmovanje \u2013 orientacija<\/td>\n<td>3. mesto<\/td>\n<\/tr>\n<tr>\n<td>22.5.2010<\/td>\n<td>Mlaj\u0161i pionirji 2<\/td>\n<td>Regijsko tekmovanje \u2013 orientacija<\/td>\n<td>7. mesto<\/td>\n<\/tr>\n<tr>\n<td>22.5.2010<\/td>\n<td>Starej\u0161e pionirke<\/td>\n<td>Regijsko tekmovanje \u2013 orientacija<\/td>\n<td>4. mesto<\/td>\n<\/tr>\n<tr>\n<td>22.5.2010<\/td>\n<td>Starej\u0161i pionirji<\/td>\n<td>Regijsko tekmovanje \u2013 orientacija<\/td>\n<td>1. mesto<\/td>\n<\/tr>\n<tr>\n<td>22.5.2010<\/td>\n<td>Mladinci<\/td>\n<td>Regijsko tekmovanje \u2013 orientacija<\/td>\n<td>10. mesto<\/td>\n<\/tr>\n<tr>\n<td>29.5.2010<\/td>\n<td>Pionirji<\/td>\n<td>Ob\u010dinsko tekmovanje \u2013 Topole<\/td>\n<td>1. mesto<\/td>\n<\/tr>\n<tr>\n<td>29.5.2010<\/td>\n<td>Mladinke<\/td>\n<td>Ob\u010dinsko tekmovanje \u2013 Topole<\/td>\n<td>1. mesto<\/td>\n<\/tr>\n<tr>\n<td>29.5.2010<\/td>\n<td>Mladinci<\/td>\n<td>Ob\u010dinsko tekmovanje \u2013 Topole<\/td>\n<td>2. mesto<\/td>\n<\/tr>\n<tr>\n<td>29.5.2010<\/td>\n<td>Starej\u0161i gasilke<\/td>\n<td>Ob\u010dinsko tekmovanje \u2013 Topole<\/td>\n<td>2. mesto<\/td>\n<\/tr>\n<tr>\n<td>29.5.2010<\/td>\n<td>Starej\u0161e gasilci<\/td>\n<td>Ob\u010dinsko tekmovanje \u2013 Topole<\/td>\n<td>3. mesto<\/td>\n<\/tr>\n<tr>\n<td>5.6.2010<\/td>\n<td>Pionirji<\/td>\n<td>Dr\u017eavno tekmovanje<br \/>\nMatev\u017ea Haceta \u2013 Lipovci<\/td>\n<td>12. mesto<\/td>\n<\/tr>\n<tr>\n<td>11.6.2010<\/td>\n<td>\u010clani A1<\/td>\n<td>Tekmovanje \u2013 za pokal LOKE<\/td>\n<td>9. mesto<\/td>\n<\/tr>\n<tr>\n<td>11.6.2010<\/td>\n<td>\u010clani A2<\/td>\n<td>Tekmovanje \u2013 za pokal LOKE<\/td>\n<td>4. mesto<\/td>\n<\/tr>\n<tr>\n<td>11.6.2010<\/td>\n<td>\u010clani B<\/td>\n<td>Tekmovanje \u2013 za pokal LOKE<\/td>\n<td>11. mesto<\/td>\n<\/tr>\n<tr>\n<td>11.6.2010<\/td>\n<td>\u010clani A1<\/td>\n<td>Ob\u010dinsko tekmovanje \u2013 \u010dlani \u2013 Loka<\/td>\n<td>2. mesto<\/td>\n<\/tr>\n<tr>\n<td>11.6.2010<\/td>\n<td>\u010clani A2<\/td>\n<td>Ob\u010dinsko tekmovanje \u2013 \u010dlani \u2013 Loka<\/td>\n<td>1. mesto<\/td>\n<\/tr>\n<tr>\n<td>11.6.2010<\/td>\n<td>\u010clani B<\/td>\n<td>Ob\u010dinsko tekmovanje \u2013 \u010dlani \u2013 Loka<\/td>\n<td>2. mesto<\/td>\n<\/tr>\n<tr>\n<td>3.7.2010<\/td>\n<td>Matic Sa\u0161ek \u2013<br \/>\nAn\u017ee Kveder<\/td>\n<td>Tekmovanje v vle\u010denju B cevi \u2013 Topole<\/td>\n<td>17. mesto<\/td>\n<\/tr>\n<tr>\n<td>3.7.2010<\/td>\n<td>Slavko Sedelj\u0161ak \u2013 Andrej Gril<\/td>\n<td>Tekmovanje v vle\u010denju B cevi &#8211; Topole<\/td>\n<td>21. mesto<\/td>\n<\/tr>\n<tr>\n<td>3.7.2010<\/td>\n<td>An\u017ee Gorjup \u2013 Bo\u0161tjan \u010cebulj<\/td>\n<td>Tekmovanje v vle\u010denju B cevi \u2013 Topole<\/td>\n<td>30. mesto<\/td>\n<\/tr>\n<tr>\n<td>3.7.2010<\/td>\n<td>Domen Pirnat \u2013 David Bizjak<\/td>\n<td>Tekmovanje v vle\u010denju B cevi \u2013 Topole<\/td>\n<td>34. mesto<\/td>\n<\/tr>\n<tr>\n<td>10.7.2010<\/td>\n<td>\u010clani A<\/td>\n<td>Tekmovanje \u2013 za pokal Petrove vasi<\/td>\n<td>10. mesto<\/td>\n<\/tr>\n<tr>\n<td>11.9.2010<\/td>\n<td>Starej\u0161i pionirji<\/td>\n<td>Dr\u017eavno tekmovanje \u2013<br \/>\norientacija \u2013 grad Sne\u017enik<\/td>\n<td>8. mesto<\/td>\n<\/tr>\n<tr>\n<td>3.10.2010<\/td>\n<td>Mladinci<\/td>\n<td>Dr\u017eavno tekmovanje<br \/>\nMatev\u017ea Haceta \u2013 Ko\u010devje<\/td>\n<td>30. mesto<\/td>\n<\/tr>\n<tr>\n<td>23.10.2010<\/td>\n<td>Mlaj\u0161i pionirji<\/td>\n<td>Regijsko tekmovanje \u2013 kviz \u2013 Gabrovka<\/td>\n<td>3. mesto<\/td>\n<\/tr>\n<tr>\n<td>23.10.2010<\/td>\n<td>Starej\u0161i pionirji<\/td>\n<td>Regijsko tekmovanje \u2013 kviz \u2013 Gabrovka<\/td>\n<td>10. mesto<\/td>\n<\/tr>\n<tr>\n<td>23.10.2010<\/td>\n<td>Mladinci<\/td>\n<td>Regijsko tekmovanje \u2013 kviz \u2013 Gabrovka<\/td>\n<td>2. mesto<\/td>\n<\/tr>\n<tr>\n<td>27.11.2010<\/td>\n<td>Mladinci<\/td>\n<td>Dr\u017eavno tekmovanje \u2013 kviz \u2013 Zre\u010de<\/td>\n<td>15. mesto<\/td>\n<\/tr>\n<\/tbody>\n<\/table>\n<\/div>\n<p>&nbsp;<\/p>\n","protected":false},"excerpt":{"rendered":"<p>Pokal Loka V soboto, 12.06.2010, smo organizirali \u017ee 23. gasilsko tekmovanje za pokal LOKE in ob\u010dinsko tekmovanje GZ Menge\u0161, na katerem so se gasilci in gasilke pomerili v vaji z motorno brizgalno po pravilih CTIF in \u0161tafeti brez ovir. Tekmovanja &hellip; <a href=\"https:\/\/www.pgd-loka.si\/?page_id=976\">Beri naprej <span class=\"meta-nav\">&rarr;<\/span><\/a><\/p>\n","protected":false},"author":3,"featured_media":0,"parent":0,"menu_order":0,"comment_status":"open","ping_status":"open","template":"","meta":{"footnotes":""},"class_list":["post-976","page","type-page","status-publish","hentry"],"_links":{"self":[{"href":"https:\/\/www.pgd-loka.si\/index.php?rest_route=\/wp\/v2\/pages\/976","targetHints":{"allow":["GET"]}}],"collection":[{"href":"https:\/\/www.pgd-loka.si\/index.php?rest_route=\/wp\/v2\/pages"}],"about":[{"href":"https:\/\/www.pgd-loka.si\/index.php?rest_route=\/wp\/v2\/types\/page"}],"author":[{"embeddable":true,"href":"https:\/\/www.pgd-loka.si\/index.php?rest_route=\/wp\/v2\/users\/3"}],"replies":[{"embeddable":true,"href":"https:\/\/www.pgd-loka.si\/index.php?rest_route=%2Fwp%2Fv2%2Fcomments&post=976"}],"version-history":[{"count":12,"href":"https:\/\/www.pgd-loka.si\/index.php?rest_route=\/wp\/v2\/pages\/976\/revisions"}],"predecessor-version":[{"id":3413,"href":"https:\/\/www.pgd-loka.si\/index.php?rest_route=\/wp\/v2\/pages\/976\/revisions\/3413"}],"wp:attachment":[{"href":"https:\/\/www.pgd-loka.si\/index.php?rest_route=%2Fwp%2Fv2%2Fmedia&parent=976"}],"curies":[{"name":"wp","href":"https:\/\/api.w.org\/{rel}","templated":true}]}}