{"id":9672,"date":"2021-05-02T15:51:12","date_gmt":"2021-05-02T13:51:12","guid":{"rendered":"https:\/\/www.pgd-loka.si\/?page_id=9672"},"modified":"2021-05-02T15:52:34","modified_gmt":"2021-05-02T13:52:34","slug":"usposabljanja-v-letu-2020","status":"publish","type":"page","link":"https:\/\/www.pgd-loka.si\/?page_id=9672","title":{"rendered":"Usposabljanja v letu 2020"},"content":{"rendered":"<p>V letu 2020 je ena (1) operativna gasilka uspe\u0161no opravila te\u010daj za tehni\u010dnega re\u0161evalca, dva (2) \u010dlana pa sta uspe\u0161no zaklju\u010dila obnovitveni te\u010daj za uporabnika izolirnega dihalnega aparata. Dva (2) operativna gasilca sta opravila te\u010daj za informatika. Dva (2) gasilca sta opravila te\u010daj za gasilskega \u010dastnika. Trije (3) \u010dlani so opravili te\u010daj za mentorja mladine.<\/p>\n<table border=\"1\">\n<tbody>\n<tr>\n<td><strong>DATUM<\/strong><\/td>\n<td><strong>VRSTA IZOBRA\u017dEVANJA OZ. USPOSABLJANJA<\/strong><\/td>\n<td><strong>UDELE\u017dENCI<\/strong><\/td>\n<\/tr>\n<tr>\n<td>23.1.2020<\/td>\n<td>Te\u010daj za specialnost tehni\u010dnega re\u0161evalca<\/td>\n<td>Kaja Ru\u010digaj<\/td>\n<\/tr>\n<tr>\n<td>16.2.2020<\/td>\n<td>Obnovitveni te\u010daj &#8211; IDA<\/td>\n<td>David Bizjak<br \/>\nAndrej Brojan<\/td>\n<\/tr>\n<tr>\n<td>29.2.2020<\/td>\n<td>Informatik<\/td>\n<td>Kaja Ru\u010digaj<br \/>\nSa\u0161o Jen\u010di\u010d<\/td>\n<\/tr>\n<tr>\n<td>4.10.2020<\/td>\n<td>Gasilski \u010dastnik<\/td>\n<td>Bo\u0161tjan \u010cebulj<br \/>\nAn\u017ee Kveder<\/td>\n<\/tr>\n<tr>\n<td>17.10.2020<\/td>\n<td>Te\u010daj za mentorja mladine<\/td>\n<td>Kaja Ru\u010digaj<br \/>\nSa\u0161o Jen\u010di\u010d<br \/>\nMiha Jeri\u010d<\/td>\n<\/tr>\n<\/tbody>\n<\/table>\n","protected":false},"excerpt":{"rendered":"<p>V letu 2020 je ena (1) operativna gasilka uspe\u0161no opravila te\u010daj za tehni\u010dnega re\u0161evalca, dva (2) \u010dlana pa sta uspe\u0161no zaklju\u010dila obnovitveni te\u010daj za uporabnika izolirnega dihalnega aparata. Dva (2) operativna gasilca sta opravila te\u010daj za informatika. Dva (2) gasilca &hellip; <a href=\"https:\/\/www.pgd-loka.si\/?page_id=9672\">Beri naprej <span class=\"meta-nav\">&rarr;<\/span><\/a><\/p>\n","protected":false},"author":3,"featured_media":0,"parent":0,"menu_order":0,"comment_status":"closed","ping_status":"closed","template":"","meta":{"footnotes":""},"class_list":["post-9672","page","type-page","status-publish","hentry"],"_links":{"self":[{"href":"https:\/\/www.pgd-loka.si\/index.php?rest_route=\/wp\/v2\/pages\/9672","targetHints":{"allow":["GET"]}}],"collection":[{"href":"https:\/\/www.pgd-loka.si\/index.php?rest_route=\/wp\/v2\/pages"}],"about":[{"href":"https:\/\/www.pgd-loka.si\/index.php?rest_route=\/wp\/v2\/types\/page"}],"author":[{"embeddable":true,"href":"https:\/\/www.pgd-loka.si\/index.php?rest_route=\/wp\/v2\/users\/3"}],"replies":[{"embeddable":true,"href":"https:\/\/www.pgd-loka.si\/index.php?rest_route=%2Fwp%2Fv2%2Fcomments&post=9672"}],"version-history":[{"count":2,"href":"https:\/\/www.pgd-loka.si\/index.php?rest_route=\/wp\/v2\/pages\/9672\/revisions"}],"predecessor-version":[{"id":9675,"href":"https:\/\/www.pgd-loka.si\/index.php?rest_route=\/wp\/v2\/pages\/9672\/revisions\/9675"}],"wp:attachment":[{"href":"https:\/\/www.pgd-loka.si\/index.php?rest_route=%2Fwp%2Fv2%2Fmedia&parent=9672"}],"curies":[{"name":"wp","href":"https:\/\/api.w.org\/{rel}","templated":true}]}}