{"id":9582,"date":"2021-01-02T15:59:30","date_gmt":"2021-01-02T14:59:30","guid":{"rendered":"https:\/\/www.pgd-loka.si\/?page_id=9582"},"modified":"2022-01-24T08:30:28","modified_gmt":"2022-01-24T07:30:28","slug":"intervencije-v-letu-2021","status":"publish","type":"page","link":"https:\/\/www.pgd-loka.si\/?page_id=9582","title":{"rendered":"Intervencije v letu 2021"},"content":{"rendered":"<ul>\n<li>08\/2021<\/li>\n<li>Datum in ura:<br \/>\n<strong>18.12.2021<\/strong>, 14:30<\/li>\n<li>Opis:<br \/>\nPoziv ReCO: <strong>Vidi se ogenj iz dimnika, Menge\u0161, Pre\u0161ernova cesta 14<\/strong><br \/>\nPreko ReCO Ljubljana smo bili obve\u0161\u010deni o dimni\u0161kem po\u017earu na Pre\u0161ernovi cesti 14 v Meng\u0161u. Na intervencijo smo izvozili z 11 gasilci in voziloma GVC 16\/25 ter GVGP-1. Skupaj z gasilci PGD Menge\u0161 in Topole smo tle\u010de ostanke iznosili iz pe\u010di ter jih pogasili. Po\u010dakali smo, da so saje v ve\u010dji meri pogorele in o\u010distili dimnik ter prezra\u010dili objekt. Objekt smo pregledali s termo kamero in ugotovili, da zaradi v\u017eiga saj in pregrevanja dimni\u0161ke tuljave ni nevarnosti pregrevanja ostalih delov ostre\u0161ja in stavbe. Intervencijo smo zaklju\u010dili ob 15.55 uri.<\/li>\n<li>Sodelujo\u010de enote:PGD Loka pri Meng\u0161u, PGD Menge\u0161, PGD Topole<\/li>\n<li>\u0160t. gasilcev PGD Loka in vozila:<br \/>\n11 gasilcev;GVC 16\/25, GVGP-1<\/li>\n<\/ul>\n<hr \/>\n<ul>\n<li>07\/2021<\/li>\n<li>Datum in ura:<br \/>\n<strong>29.10.2021<\/strong>, 12:13<\/li>\n<li>Opis:<br \/>\nPoziv ReCO: <strong>Zakajena klet Menge\u0161 Glavi\u010deva ulica 2<\/strong><br \/>\nPreko ReCO Ljubljana smo bili obve\u0161\u010deni o zadimljeni kleti na Glavi\u010devi ulici v Meng\u0161u. Izvozili smo z vozili GVC 16\/25 in GVGP-1 ter sedmimi (7) operativnimi gasilci. Po prihodu na kraj smo skupaj z gasilci PGD Menge\u0161 in PGD Topole takoj izvedli preiskovanje kletnih prostorov hi\u0161e in ugotovili, da se kadi iz pe\u010di na pelete. Pri\u010deli smo s prezra\u010devanjem kletnih prostorov, s termokamero locirali \u017eari\u0161\u010de in ogenj omejili z gasilnikom. Z opremo za dimni\u0161ke po\u017eare smo odstranili gorljivo snov, o\u010distili kurilni del pe\u010di, zavarovali kraj pred vnovi\u010dnim v\u017eigom in spremljali temperaturo kuri\u0161\u010da. Na kraju intervencije je bila prisotna tudi policija.Intervencijo smo zaklju\u010dili ob 13.30 uri.<\/li>\n<li>Sodelujo\u010de enote: PGD Loka pri Meng\u0161u, PGD Menge\u0161, PGD Topole in PP Dom\u017eale<\/li>\n<li>\u0160t. gasilcev PGD Loka in vozila:<br \/>\n7 gasilcev;GVC 16\/25, GVGP-1<\/li>\n<\/ul>\n<hr \/>\n<ul>\n<li>06\/2021<\/li>\n<li>Datum in ura:<br \/>\n<strong>01.10.2021<\/strong>, 23:42<\/li>\n<li>Opis:<br \/>\nPoziv ReCO: <strong>Po\u017ear avtomobila Menge\u0161 \u0160olska ulica 4<\/strong><br \/>\nPreko ReCO Ljubljana smo bili obve\u0161\u010deni o po\u017earu vozila na \u0160olski ulici v Meng\u0161u. Izvozili smo z GVC 16\/25 in tremi operativnimi gasilci. Na kraju smo skupaj z gasilci PGD Menge\u0161 in PGD Topole ugotovili, da je po\u017ear na avtomobilu \u017ee polno razvit. PGD Menge\u0161, kot prva prispela enota na kraj, je pri\u010dela z ga\u0161enjem vozila z vodo. Vozilo smo zaradi visokih temperatur in ponovnega v\u017eiga pregretih delov zalili \u0161e s peno ter pregledali s termovizijsko kamero. Na kraj so prispeli tudi policisti in kriminalisti, ki preiskujejo primer. Vozilo je bil v po\u017earu popolnoma uni\u010deno. Intervencijo smo zaklju\u010dili ob 00.50 uri.<\/li>\n<li>Sodelujo\u010de enote: PGD Loka pri Meng\u0161u, PGD Menge\u0161, PGD Topole in PP Dom\u017eale<\/li>\n<li>\u0160t. gasilcev PGD Loka in vozila:<br \/>\n3 gasilci;GVC 16\/25<\/li>\n<\/ul>\n<hr \/>\n<ul>\n<li>05\/2021<\/li>\n<li>Datum in ura:<br \/>\n<strong>24.06.2021<\/strong>, 14:54<\/li>\n<li>Opis:<br \/>\nPoziv ReCO: <strong>Po\u017ear v naravi cca 1 kvadratni meter Menge\u0161, Staretova ulica 1<\/strong><br \/>\nPreko ReCO Ljubljana smo bili obve\u0161\u010deni o po\u017earu v naravi na Staretovi ulici 1 v Meng\u0161u. Izvozili smo z vozilom GVC 16\/25 in GVGP-1 z 10 operativnimi gasilci. Ob prihodu na kraj je bilo ugotovljeno, da gori suha trava. Po\u017ear smo skupaj z gasilci PGD Menge\u0161 in PGD Topole pogasili. Intervencijo smo zaklju\u010dili ob 15.20 uri.<\/li>\n<li>Sodelujo\u010de enote: PGD Loka pri Meng\u0161u, PGD Menge\u0161 in PGD Topole<\/li>\n<li>\u0160t. gasilcev PGD Loka in vozila:<br \/>\n10 gasilcev;GVC 16\/25, GVGP-1<\/li>\n<\/ul>\n<hr \/>\n<ul>\n<li>04\/2021<\/li>\n<li>Datum in ura:<br \/>\n<strong>16.05.2021<\/strong>, 19:45<\/li>\n<li>Opis:<br \/>\nPoziv GSM: <strong>Iskanje pogre\u0161ane osebe, Loka pri Meng\u0161u<\/strong><br \/>\nNa de\u017eevno nedeljo, 16.5.2021 nas je presenetila novica o pogre\u0161anemu fantu iz Loke pri Meng\u0161u. Svojci so ga pogre\u0161ali \u017ee od popoldneva, ko je od\u0161el na sprehod in se ni vrnil. Okoli 20h smo se zbrali v gasilskem domu, kjer smo vzpostavili \u0161tab za la\u017eje vodenje intervencije in se razdelili v manj\u0161e skupine, ki so od\u0161le na teren iskat pogre\u0161anega fanta. Pridru\u017eili so se nam tudi kolegi iz PGD Menge\u0161 in Topole, policisti iz Policijske postaje Dom\u017eale, ekipe re\u0161evalnih psov, lovci in veliko doma\u010dinov ter prebivalcev okoli\u0161kih krajev. Pomo\u010d so nam ponudila tudi sosednja gasilska dru\u0161tva in Nogometni klub Radomlje, ampak na sre\u010do njihova pomo\u010d ni bila potrebna, saj je bil fant okoli 22h najden, \u017eiv in zdrav. Vsem sodelujo\u010dim in tistim v pripravljenosti se zahvaljujemo za pomo\u010d, saj smo ponovno dokazali, da znamo v hudih trenutkih stopiti skupaj!Intervencijo smo zaklju\u010dili ob 22.30 uri.<\/li>\n<li>Sodelujo\u010de enote: PGD Loka pri Meng\u0161u, PGD Menge\u0161, PGD Topole, PP Dom\u017eale, Zveza vodnikov re\u0161evalnih psov Slovenije (enoti LJ1 in LJ 2), Lovska dru\u017eina Menge\u0161 ter veliko prostovoljcev (doma\u010dini in prebivalci okoli\u0161kih krajev)<\/li>\n<li>\u0160t. gasilcev PGD Loka in vozila:<br \/>\n29 gasilcev;GVC 16\/25, GVGP-1, GVM-1<\/li>\n<\/ul>\n<hr \/>\n<ul>\n<li>03\/2021<\/li>\n<li>Datum in ura:<br \/>\n<strong>30.04.2021<\/strong>, 21:42<\/li>\n<li>Opis:<br \/>\nPoziv ReCO: <strong>Gori pomo\u017eni objekt ob zapu\u0161\u010deni doma\u010diji Menge\u0161, Ropretova cesta 42<\/strong><br \/>\nPreko ReCO Ljubljana smo bili obve\u0161\u010deni, da gori pomo\u017eni objekt ob doma\u010diji na Ropretovi cesti 42 v Meng\u0161u. Izvozili smo z vozilom GVC 16\/25 in GVGP-1 z 10 operativnimi gasilci. Ob prihodu na kraj je bilo ugotovljeno, da gre za nadzorovano kurjenje. Na kraju intervencije so bili tudi gasilci PGD Menge\u0161 in PGD Topole ter policisti PP Dom\u017eale.Intervencijo smo zaklju\u010dili ob 23.00 uri.<\/li>\n<li>Sodelujo\u010de enote: PGD Loka pri Meng\u0161u, PGD Menge\u0161, PGD Topole in PP Dom\u017eale<\/li>\n<li>\u0160t. gasilcev PGD Loka in vozila:<br \/>\n10 gasilcev;GVC 16\/25, GVGP-1<\/li>\n<\/ul>\n<hr \/>\n<ul>\n<li>02\/2021<\/li>\n<li>Datum in ura:<br \/>\n<strong>14.04.2021<\/strong>, 09:22<\/li>\n<li>Opis:<br \/>\nPoziv ReCO: <strong>Po\u017ear v starem poslopju SCT, Opekarna<\/strong><br \/>\nPreko ReCO Ljubljana smo bili obve\u0161\u010deni o po\u017earu v starem poslopju SCT v biv\u0161i Opekarni. Na kraj so bile napotene enote PGD Menge\u0161, PGD Topole in PGD Loka pri Meng\u0161u. Ob prihodu na kraj je bilo ugotovljeno, da gre za la\u017eni alarm, saj so delavci na kraju v sodih kurili odpadke.Intervencijo smo zaklju\u010dili ob 10.00 uri.<\/li>\n<li>Sodelujo\u010de enote: PGD Loka pri Meng\u0161u, PGD Menge\u0161 in PGD Topole<\/li>\n<li>\u0160t. gasilcev PGD Loka in vozila:<br \/>\n11 gasilcev;GVC 16\/25<\/li>\n<\/ul>\n<hr \/>\n<ul>\n<li>01\/2021<\/li>\n<li>Datum in ura:<br \/>\n<strong>02.03.2021<\/strong>, 19:08<\/li>\n<li>Opis:<br \/>\nPoziv ReCO: <strong>Po\u017ear ostre\u0161ja Menge\u0161 Trubarjeva ulica 8<\/strong><br \/>\nPreko ReCO Ljubljana smo bili obve\u0161\u010deni o po\u017earu ostre\u0161ja na Trubarjevi ulici v Meng\u0161u. Izvozili smo z GVC 16\/25, GVGP-1 in GVM-1 ter 13 gasilci. Na kraju smo skupaj z gasilci PGD Menge\u0161 in PGD Topole ugotovili, da ob hi\u0161i \u010debelar zaradi bolezni \u010debel, po\u017eiga \u010debelje panje. Zaradi manj\u0161ega nadzorovanega po\u017eara in epidemiolo\u0161kih razmer smo kraj zapustili in se vrnili v gasilski dom. Na kraju so ostali in na koncu zalili kuri\u0161\u010de gasilci PGD Menge\u0161. Intervencijo smo zaklju\u010dili ob 19.45 uri.<\/li>\n<li>Sodelujo\u010de enote: PGD Loka pri Meng\u0161u, PGD Menge\u0161 in PGD Topole<\/li>\n<li>\u0160t. gasilcev PGD Loka in vozila:<br \/>\n13 gasilcev;GVC 16\/25, GVGP-1 in GVM-1<\/li>\n<\/ul>\n<hr \/>\n","protected":false},"excerpt":{"rendered":"<p>08\/2021 Datum in ura: 18.12.2021, 14:30 Opis: Poziv ReCO: Vidi se ogenj iz dimnika, Menge\u0161, Pre\u0161ernova cesta 14 Preko ReCO Ljubljana smo bili obve\u0161\u010deni o dimni\u0161kem po\u017earu na Pre\u0161ernovi cesti 14 v Meng\u0161u. Na intervencijo smo izvozili z 11 gasilci &hellip; <a href=\"https:\/\/www.pgd-loka.si\/?page_id=9582\">Beri naprej <span class=\"meta-nav\">&rarr;<\/span><\/a><\/p>\n","protected":false},"author":3,"featured_media":0,"parent":0,"menu_order":0,"comment_status":"closed","ping_status":"closed","template":"","meta":{"footnotes":""},"class_list":["post-9582","page","type-page","status-publish","hentry"],"_links":{"self":[{"href":"https:\/\/www.pgd-loka.si\/index.php?rest_route=\/wp\/v2\/pages\/9582","targetHints":{"allow":["GET"]}}],"collection":[{"href":"https:\/\/www.pgd-loka.si\/index.php?rest_route=\/wp\/v2\/pages"}],"about":[{"href":"https:\/\/www.pgd-loka.si\/index.php?rest_route=\/wp\/v2\/types\/page"}],"author":[{"embeddable":true,"href":"https:\/\/www.pgd-loka.si\/index.php?rest_route=\/wp\/v2\/users\/3"}],"replies":[{"embeddable":true,"href":"https:\/\/www.pgd-loka.si\/index.php?rest_route=%2Fwp%2Fv2%2Fcomments&post=9582"}],"version-history":[{"count":18,"href":"https:\/\/www.pgd-loka.si\/index.php?rest_route=\/wp\/v2\/pages\/9582\/revisions"}],"predecessor-version":[{"id":10021,"href":"https:\/\/www.pgd-loka.si\/index.php?rest_route=\/wp\/v2\/pages\/9582\/revisions\/10021"}],"wp:attachment":[{"href":"https:\/\/www.pgd-loka.si\/index.php?rest_route=%2Fwp%2Fv2%2Fmedia&parent=9582"}],"curies":[{"name":"wp","href":"https:\/\/api.w.org\/{rel}","templated":true}]}}