{"id":9158,"date":"2020-03-18T13:47:11","date_gmt":"2020-03-18T12:47:11","guid":{"rendered":"https:\/\/www.pgd-loka.si\/?page_id=9158"},"modified":"2020-03-18T14:16:24","modified_gmt":"2020-03-18T13:16:24","slug":"tekmovanja-v-letu-2019","status":"publish","type":"page","link":"https:\/\/www.pgd-loka.si\/?page_id=9158","title":{"rendered":"Tekmovanja v letu 2019"},"content":{"rendered":"<p><strong>POKAL \u00bbLOKA\u00ab<\/strong><\/p>\n<p>V soboto, 11. 5. 2019, je na lo\u0161kem \u0161portnem igri\u0161\u010du potekalo 12. meddru\u0161tveno \u010dlansko tekmovanje za pokal Loke ter ob\u010dinsko tekmovanje GZ Menge\u0161 za \u010dlane in \u010dlanice. Na tekmovanju za pokal Loke in GZ Menge\u0161 so se \u010dlanice in \u010dlani pomerili v vaji z motorno brizgalno in \u0161tafetnem teku brez ovir. Tekmovanja se je v \u010dlanski konkurenci udele\u017eila 2 \u017eenska in 7 mo\u0161kih ekip. V konkurenci \u010dlanov za pokal Loke smo doma\u010di gasilci ekipe \u010dlanov A zasedli 1. mesto in \u010dlanov B zasedli 2. mesto. Na ob\u010dinskem tekmovanju smo doma\u010di gasilci v kategoriji \u010dlanov A zasedli 5. mesto, v kategoriji \u010dlanov B pa 2. mesto.<\/p>\n<p><strong>TEKMOVANJA<\/strong><\/p>\n<p>Na\u0161e tekmovalne enote so opravile 32 nastopov na razli\u010dnih tekmovanjih in nivojih. V letu 2019 smo se poleg gasilsko-\u0161portnih disciplin udele\u017eili \u0161e tekmovanj v orientaciji in kvizov na nivoju GZ Menge\u0161, regije Ljubljane III in na nivoju dr\u017eave. Na nivoju GZ Menge\u0161 smo opravili 15 nastopov, na nivoju regije LJ III 9 nastopov ter na dr\u017eavnem nivoju 4 nastope. Na vseh nivojih smo zasedli skupaj deset 1. mest, \u0161est 2. mest in \u0161tiri 3. mesta.<\/p>\n<table border=\"1\">\n<tbody>\n<tr>\n<td>DATUM<\/td>\n<td>EKIPA<\/td>\n<td>VRSTA TEKMOVANJA<\/td>\n<td>UVRSTITEV<\/td>\n<\/tr>\n<tr>\n<td>22.02.2019<\/td>\n<td>Pripravniki<\/td>\n<td>Ob\u010dinsko tekmovanje \u2013 kviz<\/td>\n<td>1. mesto<\/td>\n<\/tr>\n<tr>\n<td>23.02.2019<\/td>\n<td>Mladinci<\/td>\n<td>Ob\u010dinsko tekmovanje \u2013 kviz<\/td>\n<td>1. in 3. mesto<\/td>\n<\/tr>\n<tr>\n<td>23.02.2019<\/td>\n<td>Pionirji<\/td>\n<td>Ob\u010dinsko tekmovanje \u2013 kviz<\/td>\n<td>1. in 2. mesto<\/td>\n<\/tr>\n<tr>\n<td>09.03.2019<\/td>\n<td>Pionirji<\/td>\n<td>Regijsko tekmovanje \u2013 kviz<\/td>\n<td>8. in 9. mesto<\/td>\n<\/tr>\n<tr>\n<td>09.03.2019<\/td>\n<td>Mladinci<\/td>\n<td>Regijsko tekmovanje \u2013 kviz<\/td>\n<td>12. in 14.\u00a0 mesto<\/td>\n<\/tr>\n<tr>\n<td>09.03.2019<\/td>\n<td>Pripravniki<\/td>\n<td>Regijsko tekmovanje \u2013 kviz<\/td>\n<td>3. mesto<\/td>\n<\/tr>\n<tr>\n<td>13.04.2019<\/td>\n<td>Pionirji 1. ekipa<\/td>\n<td>Ob\u010dinsko tekmovanje \u2013 orientacija<\/td>\n<td>1. mesto<\/td>\n<\/tr>\n<tr>\n<td>13.04.2019<\/td>\n<td>Pionirji 2. ekipa<\/td>\n<td>Ob\u010dinsko tekmovanje \u2013 orientacija<\/td>\n<td>5. mesto<\/td>\n<\/tr>\n<tr>\n<td>13.04.2019<\/td>\n<td>Mladinci<\/td>\n<td>Ob\u010dinsko tekmovanje \u2013 orientacija<\/td>\n<td>1. mesto<\/td>\n<\/tr>\n<tr>\n<td>13.04.2019<\/td>\n<td>Mladinci<\/td>\n<td>Ob\u010dinsko tekmovanje \u2013 orientacija<\/td>\n<td>2. mesto<\/td>\n<\/tr>\n<tr>\n<td>13.04.2019<\/td>\n<td>Pripravniki<\/td>\n<td>Ob\u010dinsko tekmovanje \u2013 orientacija<\/td>\n<td>1. mesto<\/td>\n<\/tr>\n<tr>\n<td>11.05.2019<\/td>\n<td>\u010clani A<\/td>\n<td>Tekmovanje \u2013 za pokal LOKE<\/td>\n<td>1. mesto<\/td>\n<\/tr>\n<tr>\n<td>11.05.2019<\/td>\n<td>\u010clani B<\/td>\n<td>Tekmovanje \u2013 za pokal LOKE<\/td>\n<td>2. mesto<\/td>\n<\/tr>\n<tr>\n<td>11.05.2019<\/td>\n<td>\u010clani A<\/td>\n<td>Ob\u010dinsko tekmovanje \u2013 \u010dlani \u2013 Loka<\/td>\n<td>5. mesto<\/td>\n<\/tr>\n<tr>\n<td>11.05.2019<\/td>\n<td>\u010clani B<\/td>\n<td>Ob\u010dinsko tekmovanje \u2013 \u010dlani \u2013 Loka<\/td>\n<td>2. mesto<\/td>\n<\/tr>\n<tr>\n<td>25.05.2019<\/td>\n<td>Pionirji<\/td>\n<td>Regijsko tekmovanje \u2013 orientacija<\/td>\n<td>1. mesto<\/td>\n<\/tr>\n<tr>\n<td>25.05.2019<\/td>\n<td>Mladinci<\/td>\n<td>Regijsko tekmovanje \u2013 orientacija<\/td>\n<td>2. mesto<\/td>\n<\/tr>\n<tr>\n<td>25.05.2019<\/td>\n<td>Mladinci<\/td>\n<td>Regijsko tekmovanje \u2013 orientacija<\/td>\n<td>3. mesto<\/td>\n<\/tr>\n<tr>\n<td>25.05.2019<\/td>\n<td>Pripravniki<\/td>\n<td>Regijsko tekmovanje \u2013 orientacija<\/td>\n<td>2. mesto<\/td>\n<\/tr>\n<tr>\n<td>15.06.2019<\/td>\n<td>Starej\u0161e gasilke<\/td>\n<td>Ob\u010dinsko tekmovanje \u2013 G\u0160D<\/td>\n<td>1. mesto<\/td>\n<\/tr>\n<tr>\n<td>15.06.2019<\/td>\n<td>Starej\u0161i gasilci<\/td>\n<td>Ob\u010dinsko tekmovanje \u2013 G\u0160D<\/td>\n<td>3. mesto<\/td>\n<\/tr>\n<tr>\n<td>15.06.2019<\/td>\n<td>Mladinci<\/td>\n<td>Ob\u010dinsko tekmovanje \u2013 G\u0160D<\/td>\n<td>1. mesto<\/td>\n<\/tr>\n<tr>\n<td width=\"118\">14.09.2019<\/td>\n<td width=\"154\">Pionirji<\/td>\n<td width=\"366\">Dr\u017eavno tekmovanje \u2013 orientacija<\/td>\n<td width=\"165\">11. mesto<\/td>\n<\/tr>\n<tr>\n<td>14.09.2019<\/td>\n<td>Mladinci<\/td>\n<td>Dr\u017eavno tekmovanje \u2013 orientacija<\/td>\n<td>5. mesto<\/td>\n<\/tr>\n<tr>\n<td>14.09.2019<\/td>\n<td>Mladinci<\/td>\n<td>Dr\u017eavno tekmovanje \u2013 orientacija<\/td>\n<td>15. mesto<\/td>\n<\/tr>\n<tr>\n<td>14.09.2019<\/td>\n<td>Pripravniki<\/td>\n<td>Dr\u017eavno tekmovanje \u2013 orientacija<\/td>\n<td>8. mesto<\/td>\n<\/tr>\n<tr>\n<td>21.09.2019<\/td>\n<td>Pionirji<\/td>\n<td>Regijsko tekmovanje \u2013 G\u0160D<\/td>\n<td>8. mesto<\/td>\n<\/tr>\n<tr>\n<td>21.09.2019<\/td>\n<td>Mladinci<\/td>\n<td>Regijsko tekmovanje \u2013 G\u0160D<\/td>\n<td>5. mesto<\/td>\n<\/tr>\n<\/tbody>\n<\/table>\n","protected":false},"excerpt":{"rendered":"<p>POKAL \u00bbLOKA\u00ab V soboto, 11. 5. 2019, je na lo\u0161kem \u0161portnem igri\u0161\u010du potekalo 12. meddru\u0161tveno \u010dlansko tekmovanje za pokal Loke ter ob\u010dinsko tekmovanje GZ Menge\u0161 za \u010dlane in \u010dlanice. Na tekmovanju za pokal Loke in GZ Menge\u0161 so se \u010dlanice &hellip; <a href=\"https:\/\/www.pgd-loka.si\/?page_id=9158\">Beri naprej <span class=\"meta-nav\">&rarr;<\/span><\/a><\/p>\n","protected":false},"author":3,"featured_media":0,"parent":0,"menu_order":0,"comment_status":"closed","ping_status":"closed","template":"","meta":{"footnotes":""},"class_list":["post-9158","page","type-page","status-publish","hentry"],"_links":{"self":[{"href":"https:\/\/www.pgd-loka.si\/index.php?rest_route=\/wp\/v2\/pages\/9158","targetHints":{"allow":["GET"]}}],"collection":[{"href":"https:\/\/www.pgd-loka.si\/index.php?rest_route=\/wp\/v2\/pages"}],"about":[{"href":"https:\/\/www.pgd-loka.si\/index.php?rest_route=\/wp\/v2\/types\/page"}],"author":[{"embeddable":true,"href":"https:\/\/www.pgd-loka.si\/index.php?rest_route=\/wp\/v2\/users\/3"}],"replies":[{"embeddable":true,"href":"https:\/\/www.pgd-loka.si\/index.php?rest_route=%2Fwp%2Fv2%2Fcomments&post=9158"}],"version-history":[{"count":6,"href":"https:\/\/www.pgd-loka.si\/index.php?rest_route=\/wp\/v2\/pages\/9158\/revisions"}],"predecessor-version":[{"id":9175,"href":"https:\/\/www.pgd-loka.si\/index.php?rest_route=\/wp\/v2\/pages\/9158\/revisions\/9175"}],"wp:attachment":[{"href":"https:\/\/www.pgd-loka.si\/index.php?rest_route=%2Fwp%2Fv2%2Fmedia&parent=9158"}],"curies":[{"name":"wp","href":"https:\/\/api.w.org\/{rel}","templated":true}]}}