{"id":862,"date":"2012-03-11T19:24:10","date_gmt":"2012-03-11T19:24:10","guid":{"rendered":"https:\/\/www.pgd-loka.si\/nova\/\/?page_id=862"},"modified":"2012-03-11T19:26:05","modified_gmt":"2012-03-11T19:26:05","slug":"usposabljanja-v-letu-2008","status":"publish","type":"page","link":"https:\/\/www.pgd-loka.si\/?page_id=862","title":{"rendered":"Usposabljanja v letu 2008"},"content":{"rendered":"<p>Na podro\u010dju\u00a0dopolnilnega izobra\u017eevanja smo se lotili pridobivanja novega kadra za dopolnitev operativne enote. V letu 2008 smo po uspe\u0161nem usposabljanju pridobili \u0161est (6) novih strojnikov in tri (3) nove operativne gasilce usposobljene za uporabo radijskih zvez, ki so se udele\u017eili te\u010daja v organizaciji GZ Dom\u017eale.<br \/>\n<center><\/p>\n<table border=\"1\" cellspacing=\"0\" cellpadding=\"0\" width=\"480\" align=\"center\">\n<tbody>\n<tr>\n<td width=\"90\"><span style=\"font-family: Verdana; font-size: x-small;\"><strong>DATUM<\/strong><\/span><\/td>\n<td width=\"240\"><span style=\"font-family: Verdana; font-size: x-small;\"><strong>VRSTA IZOBRA\u017dEVANJA OZ. USPOSABLJANJA<\/strong><\/span><\/td>\n<td width=\"150\"><span style=\"font-family: Verdana; font-size: x-small;\"><strong>UDELE\u017dENCI<\/strong><\/span><\/td>\n<\/tr>\n<tr>\n<td width=\"90\" valign=\"top\"><span style=\"font-family: Verdana; font-size: x-small;\">27.02.2008<\/span><\/td>\n<td width=\"240\" valign=\"top\"><span style=\"font-family: Verdana; font-size: x-small;\">ZVEZE<\/span><\/td>\n<td width=\"150\" valign=\"top\"><span style=\"font-family: Verdana; font-size: x-small;\">David Bizjak,<br \/>\nAn\u017ee Kveder,<br \/>\nUro\u0161 Poga\u010dar<\/span><\/td>\n<\/tr>\n<tr>\n<td width=\"90\" valign=\"top\"><span style=\"font-family: Verdana; font-size: x-small;\">12.04.2008<\/span><\/td>\n<td width=\"240\" valign=\"top\"><span style=\"font-family: Verdana; font-size: x-small;\">STROJNIK<\/span><\/td>\n<td width=\"150\" valign=\"top\"><span style=\"font-family: Verdana; font-size: x-small;\">Ga\u0161per Urbanc,<br \/>\nAndrej Bizjak,<br \/>\nDavid Bizjak,<br \/>\nAn\u017ee Kveder,<br \/>\nAndrej Brojan,<br \/>\nBo\u0161tjan \u010cebulj<\/span><\/td>\n<\/tr>\n<\/tbody>\n<\/table>\n<p><\/center><\/p>\n","protected":false},"excerpt":{"rendered":"<p>Na podro\u010dju\u00a0dopolnilnega izobra\u017eevanja smo se lotili pridobivanja novega kadra za dopolnitev operativne enote. V letu 2008 smo po uspe\u0161nem usposabljanju pridobili \u0161est (6) novih strojnikov in tri (3) nove operativne gasilce usposobljene za uporabo radijskih zvez, ki so se udele\u017eili &hellip; <a href=\"https:\/\/www.pgd-loka.si\/?page_id=862\">Beri naprej <span class=\"meta-nav\">&rarr;<\/span><\/a><\/p>\n","protected":false},"author":3,"featured_media":0,"parent":0,"menu_order":0,"comment_status":"open","ping_status":"open","template":"","meta":{"footnotes":""},"class_list":["post-862","page","type-page","status-publish","hentry"],"_links":{"self":[{"href":"https:\/\/www.pgd-loka.si\/index.php?rest_route=\/wp\/v2\/pages\/862","targetHints":{"allow":["GET"]}}],"collection":[{"href":"https:\/\/www.pgd-loka.si\/index.php?rest_route=\/wp\/v2\/pages"}],"about":[{"href":"https:\/\/www.pgd-loka.si\/index.php?rest_route=\/wp\/v2\/types\/page"}],"author":[{"embeddable":true,"href":"https:\/\/www.pgd-loka.si\/index.php?rest_route=\/wp\/v2\/users\/3"}],"replies":[{"embeddable":true,"href":"https:\/\/www.pgd-loka.si\/index.php?rest_route=%2Fwp%2Fv2%2Fcomments&post=862"}],"version-history":[{"count":5,"href":"https:\/\/www.pgd-loka.si\/index.php?rest_route=\/wp\/v2\/pages\/862\/revisions"}],"predecessor-version":[{"id":868,"href":"https:\/\/www.pgd-loka.si\/index.php?rest_route=\/wp\/v2\/pages\/862\/revisions\/868"}],"wp:attachment":[{"href":"https:\/\/www.pgd-loka.si\/index.php?rest_route=%2Fwp%2Fv2%2Fmedia&parent=862"}],"curies":[{"name":"wp","href":"https:\/\/api.w.org\/{rel}","templated":true}]}}