{"id":8548,"date":"2019-06-19T19:40:32","date_gmt":"2019-06-19T17:40:32","guid":{"rendered":"https:\/\/www.pgd-loka.si\/?page_id=8548"},"modified":"2019-06-19T19:58:30","modified_gmt":"2019-06-19T17:58:30","slug":"postani-gasilec","status":"publish","type":"page","link":"https:\/\/www.pgd-loka.si\/?page_id=8548","title":{"rendered":"Postani gasilec"},"content":{"rendered":"<p><strong><span style=\"color: #cc0000;\">BI TUDI TI RAD\/A POSTAL\/A GASILEC OZ. GASILKA?<\/span><\/strong><\/p>\n<p><strong>Rad pomaga\u0161 ljudem in ti je v\u0161e\u010d dinami\u010den in aktiven na\u010din pre\u017eivljanje prostega \u010dasa?<\/strong><\/p>\n<p>Si \u017eelite postati gasilec ali gasilka Prostovoljnega gasilskega dru\u0161tva Loka pri Meng\u0161u? Dru\u0161tvo sprejema nove \u010dlane, ki so pripravljeni z delom doprinesti k \u0161e bolj varnemu in \u010dloveku prijaznemu okolju v ob\u010dini Menge\u0161. I\u0161\u010demo mlade in stare, vse, ki si \u017eelite pomagati! \u010ce spadate med njih, se nam pridru\u017eite! Z veseljem vas sprejmemo v na\u0161e vrste!<\/p>\n<p style=\"text-align: center;\"><span style=\"color: #cc0000;\"><strong>Sprejemamo MLADINO in \u010cLANE.<\/strong><\/span><\/p>\n<p>Za vpis v dru\u0161tvo mora vsak bodo\u010di \u010dlan najprej izpolniti pristopno izjavo za sprejem v dru\u0161tvo. Izpolnjeno in podpisano izjavo je nato potrebno poslati v gasilsko dru\u0161tvo.<\/p>\n<p>Skeniraj in po\u0161lji izpolnjen spodnji obrazec na elektronski naslov <a href=\"mailto:pgdlokaprimengsu@gmail.com\" target=\"_blank\" rel=\"noopener noreferrer\">pgdlokaprimengsu@gmail.com<\/a> oz. lahko ga prinese\u0161 tudi osebno v gasilski dom z najavo na \u0161tevilko 01 7230 422.<\/p>\n<p><a href=\"https:\/\/www.pgd-loka.si\/wp-content\/uploads\/2019\/06\/PGD_pristopna-izjava_Mladi-gasilec.pdf\" target=\"_blank\" rel=\"noopener noreferrer\">PGD_pristopna izjava_Mladi gasilec (klikni!)<\/a><br \/>\n<a href=\"https:\/\/www.pgd-loka.si\/wp-content\/uploads\/2019\/06\/PGD_pristopna-izjava_\u010clani.pdf\" target=\"_blank\" rel=\"noopener noreferrer\">PGD_pristopna izjava_\u010clani (klikni!)<\/a><\/p>\n<p><a href=\"https:\/\/www.pgd-loka.si\/wp-content\/uploads\/2019\/06\/postani-gasilec.jpg\" rel=\"lightbox[8548]\"><img loading=\"lazy\" decoding=\"async\" src=\"https:\/\/www.pgd-loka.si\/wp-content\/uploads\/2019\/06\/postani-gasilec.jpg\" alt=\"\" width=\"950\" height=\"300\" class=\"aligncenter size-full wp-image-8556\" srcset=\"https:\/\/www.pgd-loka.si\/wp-content\/uploads\/2019\/06\/postani-gasilec.jpg 950w, https:\/\/www.pgd-loka.si\/wp-content\/uploads\/2019\/06\/postani-gasilec-300x95.jpg 300w, https:\/\/www.pgd-loka.si\/wp-content\/uploads\/2019\/06\/postani-gasilec-768x243.jpg 768w, https:\/\/www.pgd-loka.si\/wp-content\/uploads\/2019\/06\/postani-gasilec-200x63.jpg 200w, https:\/\/www.pgd-loka.si\/wp-content\/uploads\/2019\/06\/postani-gasilec-250x79.jpg 250w\" sizes=\"auto, (max-width: 950px) 100vw, 950px\" \/><\/a><\/p>\n<p><strong>VRSTE \u010cLANOV V PROSTOVOLJNEM GASILSKEM DRU\u0160TVU<\/strong><\/p>\n<p><strong>Gasilska mladina<\/strong><br \/>\nMladina se v gasilskih organizacijah deli glede na starost od 6. do 18. leta starosti. Podrobneje se urejajo mesto, vloga in delo mladih v gasilskih organizacijah s Pravilnikom o delovanju mladih v gasilskih organizacijah.<\/p>\n<p><strong>Gasilec pripravnik<\/strong><br \/>\nGasilec pripravnik je \u010dlan prostovoljnega gasilskega dru\u0161tva, ko dopolni starost najmanj 16 let in ima opravljen te\u010daj za gasilskega pripravnika. V \u010dasu usposabljanja za gasilca pripravnika \u010dlan prostovoljnega gasilskega dru\u0161tva ne more sodelovati na intervencijah. Po zaklju\u010denem te\u010daju za gasilskega pripravnika lahko prostovoljno sodeluje na intervencijah pri nalogah, ki so v skladu s programom pripravni\u0161tva ter niso nevarne za zdravje in \u017eivljenje.<br \/>\nDela opravlja pod nadzorom gasilskega vodje.<br \/>\nMladoletnik lahko opravlja naloge gasilca pripravnika le po predhodnem pisnem dovoljenju star\u0161ev ali skrbnikov.<\/p>\n<p><strong>Operativni gasilec<\/strong><br \/>\nOperativni gasilec opravlja operativne naloge v gasilstvu.<br \/>\nOperativni gasilec:<br \/>\n&#8211; je strokovno usposobljen za ga\u0161enje in re\u0161evanje ter ima opravljen predpisan izpit za operativnega gasilca;<br \/>\n&#8211; ima opravljen preizkus psihofizi\u010dnih sposobnosti in je zdravstveno sposoben za opravljanje gasilske slu\u017ebe;<br \/>\n&#8211; ni bil pravnomo\u010dno obsojen za kaznivo dejanje zoper \u017eivljenje, telo in premo\u017eenje;<br \/>\nstarost operativnega gasilca je skladna s starostjo, ki jo dolo\u010da Zakon o gasilstvu.<\/p>\n<p>Merila za preverjanje psihofizi\u010dne in strokovne usposobljenosti operativnih gasilcev predpisuje Poveljstvo GZS.<\/p>\n<p><strong>Rezervni operativni gasilec<\/strong><br \/>\nRezervni operativni \u010dlan je operativni gasilec, ki zaradi zdravstvenih ali drugih razlogov ne more opravljati vseh nalog gasilske slu\u017ebe. Rezervni operativni \u010dlan ni \u010dlan gasilske operativne enote, lahko pa prostovoljno, glede na njegovo zdravstveno in psihofizi\u010dno sposobnost, ob\u010dasno opravlja tudi dolo\u010dene operativne naloge gasilske slu\u017ebe, ki jih dolo\u010di gasilski vodja.<\/p>\n<p><strong>Veteran<\/strong><br \/>\nStarost, v kateri operativni \u010dlan preide med veterane, je dolo\u010dena z Zakonom o gasilstvu. Operativni \u010dlan, ki preide med veterane in opravlja voljeno operativno funkcijo ter ima manj kot dve leti do konca mandata, opravlja to funkcijo do konca mandata.<br \/>\nVeteran lahko glede na svojo zdravstveno in fizi\u010dno sposobnost opravlja naloge:<br \/>\n\u2013 na organizacijskem, preventivnem, izobra\u017eevalnem, in vzgojnem podro\u010dju;<br \/>\n\u2013 na intervencijah lahko opravlja naloge svetovalne narave.<br \/>\nVeteran obdr\u017ei vse oznake funkcij in \u010dinov, ki jih je imel ob imenovanju v veterana oziroma najvi\u0161jo polo\u017eajno oznako za funkcijo, ki jo je do preimenovanja v veterana opravljal v gasilski organizaciji vsaj en mandat. Ne more napredovati v vi\u0161ji \u010din, lahko pa napreduje po stopnjah. \u010ce veteran obdr\u017ei oznake, mora imeti tudi oznako gasilskega veterana.<\/p>\n","protected":false},"excerpt":{"rendered":"<p>BI TUDI TI RAD\/A POSTAL\/A GASILEC OZ. GASILKA? Rad pomaga\u0161 ljudem in ti je v\u0161e\u010d dinami\u010den in aktiven na\u010din pre\u017eivljanje prostega \u010dasa? Si \u017eelite postati gasilec ali gasilka Prostovoljnega gasilskega dru\u0161tva Loka pri Meng\u0161u? Dru\u0161tvo sprejema nove \u010dlane, ki so &hellip; <a href=\"https:\/\/www.pgd-loka.si\/?page_id=8548\">Beri naprej <span class=\"meta-nav\">&rarr;<\/span><\/a><\/p>\n","protected":false},"author":3,"featured_media":0,"parent":0,"menu_order":0,"comment_status":"closed","ping_status":"closed","template":"","meta":{"footnotes":""},"class_list":["post-8548","page","type-page","status-publish","hentry"],"_links":{"self":[{"href":"https:\/\/www.pgd-loka.si\/index.php?rest_route=\/wp\/v2\/pages\/8548","targetHints":{"allow":["GET"]}}],"collection":[{"href":"https:\/\/www.pgd-loka.si\/index.php?rest_route=\/wp\/v2\/pages"}],"about":[{"href":"https:\/\/www.pgd-loka.si\/index.php?rest_route=\/wp\/v2\/types\/page"}],"author":[{"embeddable":true,"href":"https:\/\/www.pgd-loka.si\/index.php?rest_route=\/wp\/v2\/users\/3"}],"replies":[{"embeddable":true,"href":"https:\/\/www.pgd-loka.si\/index.php?rest_route=%2Fwp%2Fv2%2Fcomments&post=8548"}],"version-history":[{"count":6,"href":"https:\/\/www.pgd-loka.si\/index.php?rest_route=\/wp\/v2\/pages\/8548\/revisions"}],"predecessor-version":[{"id":8559,"href":"https:\/\/www.pgd-loka.si\/index.php?rest_route=\/wp\/v2\/pages\/8548\/revisions\/8559"}],"wp:attachment":[{"href":"https:\/\/www.pgd-loka.si\/index.php?rest_route=%2Fwp%2Fv2%2Fmedia&parent=8548"}],"curies":[{"name":"wp","href":"https:\/\/api.w.org\/{rel}","templated":true}]}}