{"id":8389,"date":"2019-05-15T13:06:05","date_gmt":"2019-05-15T11:06:05","guid":{"rendered":"https:\/\/www.pgd-loka.si\/?page_id=8389"},"modified":"2019-05-15T13:07:55","modified_gmt":"2019-05-15T11:07:55","slug":"svecanosti-in-druge-prireditve-v-letu-2018","status":"publish","type":"page","link":"https:\/\/www.pgd-loka.si\/?page_id=8389","title":{"rendered":"Sve\u010danosti in druge prireditve v letu 2018"},"content":{"rendered":"<p><strong>AKTIVNOSTI V OKTOBRU \u00bbMesecu varstva pred po\u017eari\u00ab<\/strong><\/p>\n<p>V oktobru, mesecu varstva pred po\u017eari, smo organizirali \u010detrti gasilski dan v Loki, ki je kot vsako leto potekal na \u0161portni plo\u0161\u010dadi. Program je zajemal prikaz ma\u0161\u010dobne in plinske eksplozije, vajo z vedrovko za mladino,\u00a0 predstavitev gasilskih vozil in opreme, prikaz temeljnih postopkov o\u017eivljanja skupaj z prikazom delovanja defibrilatorja in predstavitev policijskega ter re\u0161evalnega motorja in opreme. Tu gre zahvala Prometni policijski postaji Ljubljana Brdo in policistu, na\u0161emu va\u0161\u010danu, Sandiju Sheikhi, ki ja omogo\u010dil tudi prihod re\u0161evalnega motorja ter gasilskim bolni\u010darjem PGD Menge\u0161 Mihu \u017dargiju in Matja\u017eu Veidru za njun doprinos k zanimivosti programa. Na 7. Kolesarski dirki za pokal ob\u010dine Menge\u0161 smo nudili pomo\u010d pri redarski slu\u017ebi. Prav tako smo pomagal pri redarstvu na prireditvi za no\u010d \u010darovnic na gradu Jablje ter sodelovali na na tradicionalni prireditvi \u017div \u017dav pred Osnovno \u0161olo Menge\u0161. Izvedli operativne vaje na temo izolirni dihalni aparati ter dimni\u0161ki po\u017eari. V okviru meseca po\u017earne varnosti smo se 21.11. udele\u017eili medob\u010dinske gasilsko-re\u0161evalne vaje\u00a0\u00a0 v organizaciji GZ Menge\u0161. V cerkvi Sv. Primo\u017ea in Felicijana smo v soboto, 6.10.2018, pripravili \u017ee tradicionalno sveto ma\u0161o za pokojne gasilce iz menge\u0161ke \u017eupnije, ki jo je daroval menge\u0161ki \u017eupnik Marko Ko\u0161ir in katere so se poleg nas udele\u017eili \u0161e gasilci iz Meng\u0161a, Topol in Trzina ter svojci in znanci pokojnih. Ob tej priliki bi se zahvalil pevski skupini R\u017e za petje pri ma\u0161i ter lo\u0161kim gospodinjam za vse nape\u010dene dobrote.<\/p>\n<p>Ob koncu meseca oktobra smo sodelovali tudi pri komemoraciji v Loki ob dnevu spomina na mrtve, ki so umrli v vojni.<\/p>\n<table border=\"1\">\n<tbody>\n<tr>\n<td width=\"124\"><strong>DATUM<\/strong><\/td>\n<td width=\"602\"><strong>VRSTA AKTIVNOSTI<\/strong><\/td>\n<\/tr>\n<tr>\n<td width=\"124\">04.10.2018<\/td>\n<td width=\"602\">\u017div \u017eav pri O\u0160 Menge\u0161<\/td>\n<\/tr>\n<tr>\n<td width=\"124\">05.10.2018<\/td>\n<td width=\"602\">4. gasilski dan v Loki<\/td>\n<\/tr>\n<tr>\n<td width=\"124\">06.10.2018<\/td>\n<td width=\"602\">Gasilska ma\u0161a v Loki<\/td>\n<\/tr>\n<tr>\n<td width=\"124\">07.10.2018<\/td>\n<td width=\"602\">Redarstvo na kolesarski dirki v Meng\u0161u<\/td>\n<\/tr>\n<tr>\n<td width=\"124\">28.10.2018<\/td>\n<td width=\"602\">Operativne vaje<\/td>\n<\/tr>\n<tr>\n<td width=\"124\">30.10.2018<\/td>\n<td width=\"602\">Mladinska delavnica \u2013 izrezovanje bu\u010d<\/td>\n<\/tr>\n<tr>\n<td width=\"124\">31.10.2018<\/td>\n<td width=\"602\">Komemoracija v Loki<\/td>\n<\/tr>\n<tr>\n<td width=\"124\">21.11.2018<\/td>\n<td width=\"602\">Medob\u010dinska gasilsko-re\u0161evalna vaja v Meng\u0161u<\/td>\n<\/tr>\n<\/tbody>\n<\/table>\n<p><\/br><br \/>\n<strong>OSTALE AKTIVNOSTI<\/strong><\/p>\n<p>V letu 2018 smo se udele\u017eili vseh ob\u010dnih zborov lo\u0161kih dru\u0161tev in sosednjih gasilskih dru\u0161tev, na \u0161estih (6) prireditvah smo nudili redarsko pomo\u010d ter organizirali nekaj \u010distilnih akcij predvsem v gasilskem domu in okolici. Za temeljito \u010dist gasilski dom in njegovo okolico gredo vse zahvale na\u0161im \u010dlanicam, posebno pa se zahvaljujem Slavcu in Brigiti, ki \u010dez celo leto skrbita, da je na\u0161 dom odli\u010dno urejen ter obogaten s cvetjem. Poleg na\u0161tetega smo se pridru\u017eili postavitvi prvomajski mlaj v Meng\u0161u, se odzvali na povabila praznovanj jubilejev na\u0161ih \u010dlanov, gospodarja Slavka Sedelj\u0161aka (50 let), \u010dlana Marjana Repan\u0161ka (70 let), \u010dlanice Minke Repan\u0161ek (70 let), \u010dlanice Marinke Ru\u010digaj (70 let) ter na praznovanji okroglega jubileja 130-letnice PGD Prevoje ter 70-letnici PGD Topole s prevzemom novega vozila GVM-1. Sodelovali smo na odkritju pomnika Slovenkega naroda za upor proti agresorju. Odzvali smo se tudi povabilu na poroko na\u0161ega podpoveljnika ter podpoveljnika GZ Menge\u0161 Branka Urbanca in njegove izbranke Nata\u0161e. Svoje operativne sposobnosti smo, poleg lastnih operatvnih vaj, ki so potekale skoraj mese\u010dno, merili na evakuacijski vaji v Leku Menge\u0161, medob\u010dinski gasilsko re\u0161evalni vaji v Trzinu ter vaji evakuacije O\u0160 Menge\u0161. Starej\u0161i gasilci in gasilke so pomagali pri \u010distilnih akcijah, pri postavljanju mlaja in pomagali pri izvedbi tradicionalnega tekmovanja za pokal Loke. Prav lepo pa se jim zahvaljujem za vso udele\u017ebo na tekmovalnem podro\u010dju  in da se v lepem \u0161tevilu udele\u017eujejo raznih prireditev in slovesnosti v gasilski uniformi.<br \/>\nPrisotni smo bili na Florjanovi ma\u0161i v Trzinu in gasilski ma\u0161i v Meng\u0161u in Loki, starej\u0161i gasilci pa so se udele\u017eili sre\u010danj na nivoju GZ Menge\u0161 in regije Ljubljana III, mladina pa je letos namesto na morju letovala na Rogli.<br \/>\nLani so v sodelovanju z dru\u0161tvi KD Antona Lobode in \u0160portnega dru\u0161tva  potekale tudi 3. Va\u0161ke igre in zelo lepo uspele. Udele\u017eenci smo se zelo zabavali ob igrah in tudi  hrane in pija\u010de ni manjkalo, zato je lahko vsakemu, ki se iger ni udele\u017eil, zelo \u017eal. Upam, da bo letos  ve\u010d obiska \u010dlanov na\u0161ega dru\u0161tva, da se vsaj odzovete povabilu in sodelujete v ekipi gasilcev.<\/p>\n","protected":false},"excerpt":{"rendered":"<p>AKTIVNOSTI V OKTOBRU \u00bbMesecu varstva pred po\u017eari\u00ab V oktobru, mesecu varstva pred po\u017eari, smo organizirali \u010detrti gasilski dan v Loki, ki je kot vsako leto potekal na \u0161portni plo\u0161\u010dadi. Program je zajemal prikaz ma\u0161\u010dobne in plinske eksplozije, vajo z vedrovko &hellip; <a href=\"https:\/\/www.pgd-loka.si\/?page_id=8389\">Beri naprej <span class=\"meta-nav\">&rarr;<\/span><\/a><\/p>\n","protected":false},"author":3,"featured_media":0,"parent":0,"menu_order":0,"comment_status":"closed","ping_status":"closed","template":"","meta":{"footnotes":""},"class_list":["post-8389","page","type-page","status-publish","hentry"],"_links":{"self":[{"href":"https:\/\/www.pgd-loka.si\/index.php?rest_route=\/wp\/v2\/pages\/8389","targetHints":{"allow":["GET"]}}],"collection":[{"href":"https:\/\/www.pgd-loka.si\/index.php?rest_route=\/wp\/v2\/pages"}],"about":[{"href":"https:\/\/www.pgd-loka.si\/index.php?rest_route=\/wp\/v2\/types\/page"}],"author":[{"embeddable":true,"href":"https:\/\/www.pgd-loka.si\/index.php?rest_route=\/wp\/v2\/users\/3"}],"replies":[{"embeddable":true,"href":"https:\/\/www.pgd-loka.si\/index.php?rest_route=%2Fwp%2Fv2%2Fcomments&post=8389"}],"version-history":[{"count":2,"href":"https:\/\/www.pgd-loka.si\/index.php?rest_route=\/wp\/v2\/pages\/8389\/revisions"}],"predecessor-version":[{"id":8393,"href":"https:\/\/www.pgd-loka.si\/index.php?rest_route=\/wp\/v2\/pages\/8389\/revisions\/8393"}],"wp:attachment":[{"href":"https:\/\/www.pgd-loka.si\/index.php?rest_route=%2Fwp%2Fv2%2Fmedia&parent=8389"}],"curies":[{"name":"wp","href":"https:\/\/api.w.org\/{rel}","templated":true}]}}