{"id":8378,"date":"2019-05-15T12:53:53","date_gmt":"2019-05-15T10:53:53","guid":{"rendered":"https:\/\/www.pgd-loka.si\/?page_id=8378"},"modified":"2019-05-15T12:57:01","modified_gmt":"2019-05-15T10:57:01","slug":"tekmovanja-v-letu-2018","status":"publish","type":"page","link":"https:\/\/www.pgd-loka.si\/?page_id=8378","title":{"rendered":"Tekmovanja v letu 2018"},"content":{"rendered":"<p><strong>POKAL \u00bbLOKA\u00ab<\/strong><\/p>\n<p>V soboto, 26. 5. 2018, je na lo\u0161kem \u0161portnem igri\u0161\u010du potekalo 31. meddru\u0161tveno \u010dlansko tekmovanje za pokal Loke ter ob\u010dinsko tekmovanje GZ Menge\u0161 za \u010dlane in \u010dlanice. Na tekmovanju za pokal Loke in GZ Menge\u0161 so se \u010dlanice in \u010dlani pomerili v vaji z motorno brizgalno in \u0161tafetnem teku brez ovir. Tekmovanja se je v \u010dlanski konkurenci udele\u017eila 2 \u017eenska in 6 mo\u0161kih ekip. V konkurenci \u010dlanov za pokal Loke smo doma\u010di gasilci ekip \u010dlanov A in B zasedli 2. mesto. Na ob\u010dinskem tekmovanju smo doma\u010di gasilci v kategoriji \u010dlanov A zasedli 6. mesto, v kategoriji \u010dlanov B pa 2. mesto.<\/p>\n<p><strong>TEKMOVANJA<\/strong><\/p>\n<p>Na\u0161e tekmovalne enote so opravile <strong>32<\/strong> nastopov na razli\u010dnih tekmovanjih in nivojih. V letu 2018 smo se poleg gasilsko-\u0161portnih disciplin udele\u017eili \u0161e\u00a0 tekmovanj za memorial Matev\u017ea Haceta, v orientaciji in kvizov na nivoju GZ Menge\u0161, regije Ljubljane III in dr\u017eavnih tekmovanj. Na nivoju GZ Menge\u0161 smo opravili <strong>17<\/strong> nastopov, na nivoju regije LJ III <strong>9<\/strong> nastopov, na dr\u017eavnem nivoju <strong>3<\/strong> nastopa ter na meddru\u0161tvenih tekmovanjih <strong>3<\/strong> nastope. Na vseh nivojih smo zasedli skupaj <strong>deset<\/strong> 1. mest, <strong>sedem<\/strong> 2. mesta in <strong>tri<\/strong> 3. mesta.<\/p>\n<table border=\"1\">\n<tbody>\n<tr>\n<td width=\"136\"><strong>DATUM<\/strong><\/td>\n<td width=\"142\"><strong>EKIPA<\/strong><\/td>\n<td width=\"343\"><strong>VRSTA TEKMOVANJA<\/strong><\/td>\n<td width=\"154\"><strong>UVRSTITEV<\/strong><\/td>\n<\/tr>\n<tr>\n<td width=\"136\">16.02.2018<\/td>\n<td width=\"142\">Pripravniki<\/td>\n<td width=\"343\">Ob\u010dinsko tekmovanje \u2013 kviz<\/td>\n<td width=\"154\">1. mesto<\/td>\n<\/tr>\n<tr>\n<td width=\"136\">17.02.2018<\/td>\n<td width=\"142\">Mladinci<\/td>\n<td width=\"343\">Ob\u010dinsko tekmovanje \u2013 kviz<\/td>\n<td width=\"154\">2x 1. mesto<\/td>\n<\/tr>\n<tr>\n<td width=\"136\">17.02.2018<\/td>\n<td width=\"142\">Pionirji<\/td>\n<td width=\"343\">Ob\u010dinsko tekmovanje \u2013 kviz<\/td>\n<td width=\"154\">2x 1. mesto<\/td>\n<\/tr>\n<tr>\n<td width=\"136\">03.03.2018<\/td>\n<td width=\"142\">Pionirji<\/td>\n<td width=\"343\">Regijsko tekmovanje \u2013 kviz<\/td>\n<td width=\"154\">2. in 14. mesto<\/td>\n<\/tr>\n<tr>\n<td width=\"136\">03.03.2018<\/td>\n<td width=\"142\">Mladinci<\/td>\n<td width=\"343\">Regijsko tekmovanje \u2013 kviz<\/td>\n<td width=\"154\">4. in 26.\u00a0 mesto<\/td>\n<\/tr>\n<tr>\n<td width=\"136\">03.03.2018<\/td>\n<td width=\"142\">Pripravniki<\/td>\n<td width=\"343\">Regijsko tekmovanje \u2013 kviz<\/td>\n<td width=\"154\">3. mesto<\/td>\n<\/tr>\n<tr>\n<td width=\"136\">17.03.2018<\/td>\n<td width=\"142\">Pionirji<\/td>\n<td width=\"343\">Dr\u017eavno tekmovanje \u2013 kviz<\/td>\n<td width=\"154\">14. mesto<\/td>\n<\/tr>\n<tr>\n<td width=\"136\">05.05.2018<\/td>\n<td width=\"142\">Pionirji 1. ekipa<\/td>\n<td width=\"343\">Ob\u010dinsko tekmovanje \u2013 orientacija<\/td>\n<td width=\"154\">1. mesto<\/td>\n<\/tr>\n<tr>\n<td width=\"136\">05.05.2018<\/td>\n<td width=\"142\">Pionirji 2. ekipa<\/td>\n<td width=\"343\">Ob\u010dinsko tekmovanje \u2013 orientacija<\/td>\n<td width=\"154\">2. mesto<\/td>\n<\/tr>\n<tr>\n<td width=\"136\">05.05.2018<\/td>\n<td width=\"142\">Mladinci<\/td>\n<td width=\"343\">Ob\u010dinsko tekmovanje \u2013 orientacija<\/td>\n<td width=\"154\">1. mesto<\/td>\n<\/tr>\n<tr>\n<td width=\"136\">05.05.2018<\/td>\n<td width=\"142\">Mladinci<\/td>\n<td width=\"343\">Ob\u010dinsko tekmovanje \u2013 orientacija<\/td>\n<td width=\"154\">2. mesto<\/td>\n<\/tr>\n<tr>\n<td width=\"136\">26.05.2018<\/td>\n<td width=\"142\">\u010clani A<\/td>\n<td width=\"343\">Tekmovanje \u2013 za pokal LOKE<\/td>\n<td width=\"154\">2. mesto<\/td>\n<\/tr>\n<tr>\n<td width=\"136\">26.05.2018<\/td>\n<td width=\"142\">\u010clani B<\/td>\n<td width=\"343\">Tekmovanje \u2013 za pokal LOKE<\/td>\n<td width=\"154\">2. mesto<\/td>\n<\/tr>\n<tr>\n<td width=\"136\">26.05.2018<\/td>\n<td width=\"142\">\u010clani A<\/td>\n<td width=\"343\">Ob\u010dinsko tekmovanje \u2013 \u010dlani \u2013 Loka<\/td>\n<td width=\"154\">6. mesto<\/td>\n<\/tr>\n<tr>\n<td width=\"136\">26.05.2018<\/td>\n<td width=\"142\">\u010clani B<\/td>\n<td width=\"343\">Ob\u010dinsko tekmovanje \u2013 \u010dlani \u2013 Loka<\/td>\n<td width=\"154\">2. mesto<\/td>\n<\/tr>\n<tr>\n<td width=\"136\">09.06.2018<\/td>\n<td width=\"142\">Pionirji 1. ekipa<\/td>\n<td width=\"343\">Regijsko tekmovanje \u2013 orientacija<\/td>\n<td width=\"154\">1. mesto<\/td>\n<\/tr>\n<tr>\n<td width=\"136\">09.06.2018<\/td>\n<td width=\"142\">Pionirji 2. ekipa<\/td>\n<td width=\"343\">Regijsko tekmovanje \u2013 orientacija<\/td>\n<td width=\"154\">10. mesto<\/td>\n<\/tr>\n<tr>\n<td width=\"136\">09.06.2018<\/td>\n<td width=\"142\">Mladinci<\/td>\n<td width=\"343\">Regijsko tekmovanje \u2013 orientacija<\/td>\n<td width=\"154\">7. mesto<\/td>\n<\/tr>\n<tr>\n<td width=\"136\">09.06.2018<\/td>\n<td width=\"142\">Mladinci<\/td>\n<td width=\"343\">Regijsko tekmovanje \u2013 orientacija<\/td>\n<td width=\"154\">9. mesto<\/td>\n<\/tr>\n<tr>\n<td width=\"136\">08.09.2018<\/td>\n<td width=\"142\">Starej\u0161e gasilke<\/td>\n<td width=\"343\">Ob\u010dinsko tekmovanje<\/td>\n<td width=\"154\">1. mesto<\/td>\n<\/tr>\n<tr>\n<td width=\"136\">08.09.2018<\/td>\n<td width=\"142\">Starej\u0161i gasilci<\/td>\n<td width=\"343\">Ob\u010dinsko tekmovanje<\/td>\n<td width=\"154\">3. mesto<\/td>\n<\/tr>\n<tr>\n<td width=\"136\">08.09.2018<\/td>\n<td width=\"142\">Pionirji<\/td>\n<td width=\"343\">Ob\u010dinsko tekmovanje \u2013 MH<\/td>\n<td width=\"154\">1. mesto<\/td>\n<\/tr>\n<tr>\n<td width=\"136\">08.09.2018<\/td>\n<td width=\"142\">Mladinci<\/td>\n<td width=\"343\">Ob\u010dinsko tekmovanje \u2013 MH<\/td>\n<td width=\"154\">2. mesto<\/td>\n<\/tr>\n<tr>\n<td width=\"136\">15.09.2018<\/td>\n<td width=\"142\">Pionirji 1. ekipa<\/td>\n<td width=\"343\">Dr\u017eavno tekmovanje \u2013 orientacija<\/td>\n<td width=\"154\">6. mesto<\/td>\n<\/tr>\n<tr>\n<td width=\"136\">22.09.2018<\/td>\n<td width=\"142\">Pionirji<\/td>\n<td width=\"343\">Dr\u017eavno tekmovanje \u2013 MH<\/td>\n<td width=\"154\">15. mesto<\/td>\n<\/tr>\n<tr>\n<td width=\"136\">20.10.2018<\/td>\n<td width=\"142\">Pionirji<\/td>\n<td width=\"343\">Meddru\u0161tveno tekmovanje v kvizu-\u0160tuda<\/td>\n<td width=\"154\">3. in 16. mesto<\/td>\n<\/tr>\n<tr>\n<td width=\"136\">20.10.2018<\/td>\n<td width=\"142\">Mladinci<\/td>\n<td width=\"343\">Meddru\u0161tveno tekmovanje v kvizu-\u0160tuda<\/td>\n<td width=\"154\">8. mesto<\/td>\n<\/tr>\n<\/tbody>\n<\/table>\n","protected":false},"excerpt":{"rendered":"<p>POKAL \u00bbLOKA\u00ab V soboto, 26. 5. 2018, je na lo\u0161kem \u0161portnem igri\u0161\u010du potekalo 31. meddru\u0161tveno \u010dlansko tekmovanje za pokal Loke ter ob\u010dinsko tekmovanje GZ Menge\u0161 za \u010dlane in \u010dlanice. Na tekmovanju za pokal Loke in GZ Menge\u0161 so se \u010dlanice &hellip; <a href=\"https:\/\/www.pgd-loka.si\/?page_id=8378\">Beri naprej <span class=\"meta-nav\">&rarr;<\/span><\/a><\/p>\n","protected":false},"author":3,"featured_media":0,"parent":0,"menu_order":0,"comment_status":"closed","ping_status":"closed","template":"","meta":{"footnotes":""},"class_list":["post-8378","page","type-page","status-publish","hentry"],"_links":{"self":[{"href":"https:\/\/www.pgd-loka.si\/index.php?rest_route=\/wp\/v2\/pages\/8378","targetHints":{"allow":["GET"]}}],"collection":[{"href":"https:\/\/www.pgd-loka.si\/index.php?rest_route=\/wp\/v2\/pages"}],"about":[{"href":"https:\/\/www.pgd-loka.si\/index.php?rest_route=\/wp\/v2\/types\/page"}],"author":[{"embeddable":true,"href":"https:\/\/www.pgd-loka.si\/index.php?rest_route=\/wp\/v2\/users\/3"}],"replies":[{"embeddable":true,"href":"https:\/\/www.pgd-loka.si\/index.php?rest_route=%2Fwp%2Fv2%2Fcomments&post=8378"}],"version-history":[{"count":7,"href":"https:\/\/www.pgd-loka.si\/index.php?rest_route=\/wp\/v2\/pages\/8378\/revisions"}],"predecessor-version":[{"id":8385,"href":"https:\/\/www.pgd-loka.si\/index.php?rest_route=\/wp\/v2\/pages\/8378\/revisions\/8385"}],"wp:attachment":[{"href":"https:\/\/www.pgd-loka.si\/index.php?rest_route=%2Fwp%2Fv2%2Fmedia&parent=8378"}],"curies":[{"name":"wp","href":"https:\/\/api.w.org\/{rel}","templated":true}]}}