{"id":807,"date":"2012-03-11T18:45:04","date_gmt":"2012-03-11T18:45:04","guid":{"rendered":"https:\/\/www.pgd-loka.si\/nova\/\/?page_id=807"},"modified":"2016-06-19T09:50:28","modified_gmt":"2016-06-19T07:50:28","slug":"intervencije-v-letu-2008","status":"publish","type":"page","link":"https:\/\/www.pgd-loka.si\/?page_id=807","title":{"rendered":"Intervencije v letu 2008"},"content":{"rendered":"<ul>\n<li>Datum in ura:<br \/>\n<strong>03.11.2008<\/strong>,\u00a017:35<\/li>\n<li>Opis:<br \/>\nPoziv Mobitel:\u00a0<strong>PROMETNA NESRE\u010cA S SRNJAKOM<\/strong>V ponedeljek, 3. 11. 2008 smo bili ob 17:35\u00a0obve\u0161\u010deni o prometni nesre\u010di na regionalni cesti Trzin-Menge\u0161, kjer je\u00a0voznica vozila Hyundai Atos zbila srnjaka, ki je v\u00a0polmraku pre\u010dkal vozi\u0161\u010de ter s tem popolnoma uni\u010dila svoje vozilo. Na kraj smo izvozili z GVC 16\/25 in kasneje \u0161e z GVGP-1 ter poskrbeli za zavarovanje kraja dogodka, preusmerjanje prometa,\u00a0nudili razsvetljavo vozi\u0161\u010da, odklopili akumulator na vozilu,\u00a0ga odstranili s ceste ter nato obvestili\u00a0lovca, ki je poskrbel za po\u0161kodovano \u017eival. O dogodku je bil obve\u0161\u010den ReCO in policija.<\/li>\n<li>Sodelujo\u010de enote: PGD Loka pri Meng\u0161u<\/li>\n<li>\u0160t. gasilcev PGD Loka in vozila:<br \/>\n4\u00a0gasilci; GVC 16\/25, GVGP-1<\/li>\n<li><strong><a href=\"https:\/\/www.pgd-loka.si\/gallery\/thumbnails.php?album=118\" target=\"_blank\">SLIKE<\/a><\/strong><\/li>\n<\/ul>\n<hr \/>\n<ul>\n<li>Datum in ura:<br \/>\n<strong>28.09.2008<\/strong>,\u00a019:40<\/li>\n<li>Opis:<br \/>\nPoziv Mobitel:\u00a0<strong>IZVLEK VOZILA IZ OBCESTNEGA JARKA, GRAJSKA CESTA<\/strong>Ob 19.40 smo bili preko mobitela obve\u0161\u010deni o vozilu (Alfa Romeo), ki je zdrsnilo s ceste v jarek na makedamskem delu Grajske ceste. Na tehni\u010dno intervencijo smo izvozili z GVGP-1 ter 4. \u010dlani posadke. Vozilo smo na cesto izvlekli z vitlom in na koncu pregledali podvozje. Razen nekaterih prask, druge \u0161kode ni bilo.<\/li>\n<li>Sodelujo\u010de enote: PGD Loka pri Meng\u0161u<\/li>\n<li>\u0160t. gasilcev PGD Loka in vozila:<br \/>\n4\u00a0gasilci; GVGP-1<\/li>\n<li><strong><a href=\"https:\/\/www.pgd-loka.si\/gallery\/thumbnails.php?album=108\" target=\"_blank\">SLIKE<\/a><\/strong><\/li>\n<\/ul>\n<hr \/>\n<ul>\n<li>Datum in ura:<br \/>\n<strong>27.09.2008<\/strong>,\u00a06:50<\/li>\n<li>Opis:<br \/>\nPoziv Mobitel:\u00a0<strong>ZAMENJAVA GUME TER V\u017dIG NA KABLE NA VOZILU, TESTENOVA ULICA<\/strong>Danes zjutraj ob 6:50 smo bili preko telefona od ob\u010dana obve\u0161\u010deni, da na Testenovi ulici za glavno cesto proti Trzinu stoji za cesto osebno vozilo znamke Renault Twingo ter ima te\u017eave. Avtomobil je imel preluknjano gumo in prazen akumulator, lastnica pa je bila brez kakr\u0161ne koli opreme. Na kraj sva izvozila 2 \u010dlana z GVGP-1. Najprej sva zavarovala kraj dogodka, nato pa z dvigalko dvignila avto, opravila zamenjavo gume, s kabli napolnila akumulator in s tem usposobila avtomobil za nadaljnjo vo\u017enjo. Intervencija je bila zaklju\u010dena ob 7:30.<\/li>\n<li>Sodelujo\u010de enote: PGD Loka pri Meng\u0161u<\/li>\n<li>\u0160t. gasilcev PGD Loka in vozila:<br \/>\n2\u00a0gasilca; GVGP-1<\/li>\n<li><strong>SLIKE<\/strong><\/li>\n<\/ul>\n<hr \/>\n<ul>\n<li>Datum in ura:<br \/>\n<strong>22.09.2008<\/strong>,\u00a019:15<\/li>\n<li>Opis:<br \/>\nPoziv Mobitel:\u00a0<strong>ZAVAROVANJE KRAJA PROMETNE NESRE\u010cE NA TRZINSKI CESTI PRI GOSTILNI TAV\u010cAR<br \/>\n<\/strong>Ob 19:15 smo bili po telefonu obve\u0161\u010deni o prometni nesre\u010di,\u00a0ki se je zgodila\u00a0na Trzinski cesti v Loki pri Meng\u0161u pri Gostilni Tav\u010dar. V nesre\u010di sta bili udele\u017eeni dve vozili. Na kraj nesre\u010de so bili preko ReCo LJ napoteni CPV Dom\u017eale, re\u0161evalno vozilo ZD Dom\u017eale in Prometna policija LJ-Brdo.<br \/>\nPGD Loka je\u00a0z GVC 16\/25 naredila zaporo Trzinske ceste (kri\u017ei\u0161\u010de pri kamnitem mostu) in s tem zagotovila preusmeritev prometa\u00a0ter zavarovanje kraja nezgode z menge\u0161ke strani.\u00a0Na vozilih je nastala manj\u0161a \u0161koda, tako da tehni\u010dnega posega ni bilo potrebno narediti. Re\u0161evalno vozilo je oba voznika odpeljalo na pregled v zdravstveni dom.<br \/>\nIntervencija je bila kon\u010dana ob 19:50.<\/li>\n<li>Sodelujo\u010de enote: CPV Dom\u017eale, PGD Loka pri Meng\u0161u<\/li>\n<li>\u0160t. gasilcev PGD Loka in vozila:<br \/>\n4\u00a0gasilci; GVC 16\/25<\/li>\n<\/ul>\n<hr \/>\n<ul>\n<li>Datum in ura:<br \/>\n<strong>17.08.2008<\/strong>,\u00a08:00<\/li>\n<li>Opis:<br \/>\nPoziv Mobitel:\u00a0<strong>ODPRAVLJANJE POSLEDIC NEURJA NA PTUJU (vas Kicar)<\/strong>od 8.00 ure do 9.30 ure\u00a0&#8211; zbiranje posadke<br \/>\nob 9.35 uri\u00a0odhod z GVM-1 (7) + osebnim vozilom (2)<br \/>\nob 9.50 uri\u00a0odhod iz Bencinskega servisa Dom\u017eale (pri AS-u) GVM-1 (9) + osebno vozilo (2)<br \/>\nob 11.20 uri\u00a0prihod na prijavno mesto OGZ Ptuj<br \/>\nob 11.52 uri\u00a0delovni nalog za Zg. Hajdo\u0161e (razporejeni skupaj s PGD Kri\u017e in PGD Moste iz GZ Komenda)<br \/>\nob 12.00 uri\u00a0prihod v vas Kicar (oddaljena od Ptuja 5 km)<br \/>\nob 12.30 uri\u00a0PGD Topole (GV-V2 + 6 \u010dlanov posadke) razporejeni v Kicar ob 12.30 uri<br \/>\nob 13.00 uri\u00a0zbor predstavnikov enot (doma\u010di gasilci-PGD Kicar, PGD Topole in PGD Loka) v GD Kicar, doma\u010di poveljnik, regijski poveljnik in poveljnik GZS.<br \/>\nDogovor je bil naslednji:<br \/>\n&#8211; gasilci PGD Loka ostanejo na objektih, ki jih re\u0161ujejo (Kicar 140, 140A, 140B)<br \/>\n&#8211; PGD Topole delujejo samostojno s pomo\u010djo doma\u010dih gasilcev.<br \/>\n&#8211; PGD Kicar priskrbi gas. vozilo in s pomo\u010djo nekaterih \u010dlanov PGD Loka formira opremljeno gas. enoto (z lestvijo)<br \/>\n&#8211; re\u0161uje in pokriva se samo stanovanjske objekte, gospodarska poslopja le izjemoma, kjer to zahteva konstrukcija<\/p>\n<p>Delo, ki smo ga opravili:<br \/>\nKicar in hi\u0161na \u0161tevilka, \u0161tevilo gasilcev, delo, ura zaklju\u010dka-okvirno<\/p>\n<p>Kicar 140B, 2 gasilca, popravilo za\u0161\u010dite s PVC &#8211; odkril veter, zaklju\u010dek ob 14.15 uri<br \/>\nKicar 140A, 3 gasilci, pokrivanje s stre\u0161niki, zaklju\u010dili z delom ob 14.30 uri<br \/>\nKicar 140, 6 gasilcev, odkritje strehe in pokrivanje z novimi stre\u0161niki, zaklju\u010dili ob 18.50 uri<br \/>\nKicar 50, 4 gasilci, odkritje strehe, ponovno pokrivanje z novimi stre\u0161niki, zaklju\u010dek s PVC folijo, zaklju\u010dili ob 16.50 uri &#8211; sodelovala \u0161e 2 gasilca iz PGD Kicar z vozilom GV-V1<br \/>\nKicar 56, 4 gasilci, pokrivanje strehe s PVC folijo, zaklju\u010dili ob 18.40 uri &#8211; sodelovali \u0161e 4 gasilci iz PGD Kicar z vozilom GV-V1<br \/>\nKicar 29, 11 gasilcev, pokritje strehe s PVC folijo, zaklju\u010dili ob 20.00 uri &#8211; sodelovali \u0161e 4 gasilci iz PGD Kicar z vozilom GV-V1<\/p>\n<p>ob 23.00 uri\u00a0odhod iz vasi Kicar<br \/>\nob 23.15 uri\u00a0prihod na zbirno mesto OGZ Ptuj<br \/>\nPrihod v GD Loka v ponedeljek, 18.08.2008 ob 01.10 uri.<\/li>\n<li>Sodelujo\u010de enote: PGD Loka pri Meng\u0161u, PGD Topole, PGD Trzin\u00a0+ ostali.<\/li>\n<li>\u0160t. gasilcev PGD Loka in vozila:<br \/>\n9\u00a0gasilcev; GVM-1<\/li>\n<li><strong><a href=\"https:\/\/www.pgd-loka.si\/gallery\/thumbnails.php?album=105\" target=\"_blank\">SLIKE<\/a><\/strong><\/li>\n<\/ul>\n<hr \/>\n<ul>\n<li>Datum in ura:<br \/>\n<strong>22.07.2008<\/strong>,\u00a011:00<\/li>\n<li>Opis:<br \/>\nPoziv Mobitel:\u00a0<strong>IZLOV PO\u0160KODOVANEGA MA\u010cKA IZ KLETI, TESTENOVA 119<br \/>\n<\/strong>Danes okrog enajste ure nas je obiskal ob\u010dan in izrazil \u017eeljo, da mu izlovimo po\u0161kodovanega ma\u010dka, ki se je zatekel v stanovanjski objekt na Testenovi 119 v klet na nedostopno mesto za cisterno s kurilnim oljem. Ma\u010dek naj bi se v kleti nahajal \u017ee nekaj dni in povzro\u010dal velik smrad.<br \/>\nObvestli smo ReCO naj obvesti zaveti\u0161\u010de za male \u017eivali Trebnje, ki je pristojno za obmo\u010dje ob\u010dine Menge\u0161 in po\u0161lje tja uslu\u017ebenca, da izvede odvoz onemogle \u017eivali.<br \/>\nNa kraj sta od\u0161la tudi dva gasilca PGD Loka, ki sta s pomo\u010djo zanke izvedla izlov nato pa ma\u010dka predala uslu\u017ebencu prej omenjenega zaveti\u0161\u010da.<\/li>\n<li>Sodelujo\u010de enote: PGD Loka pri Meng\u0161u<\/li>\n<li>\u0160t. gasilcev PGD Loka in vozila:<br \/>\n2\u00a0gasilca; GVGP-1<\/li>\n<li><strong><a href=\"https:\/\/www.pgd-loka.si\/gallery\/thumbnails.php?album=99\" target=\"_blank\">SLIKE<\/a><\/strong><\/li>\n<\/ul>\n<hr \/>\n<ul>\n<li>Datum in ura:<br \/>\n<strong>14.07.2008<\/strong>,\u00a013:54<\/li>\n<li>Opis:<br \/>\nPoziv RECO:\u00a0<strong>ZBOR V PGD KAMNIK<\/strong><br \/>\nV\u010deraj nekaj pred \u0161tirinajsto uro smo bili preko pozivnikov pozvani na odpravljanje posledic neurja, ki je pusto\u0161ilo po vasi Gozd v ob\u010dini Kamnik. Na samo lokacijo smo izvozili z GVC 16\/25 in GVGP-1 ter deset \u010dlani posadke.<br \/>\nGrozljivi prizori so nas za\u010deli spremljati \u017ee na sami poti,\u00a0pravo razdejanje pa nas je pri\u010dakalo tudi ob prihodu v samo vas Gozd, kjer od 49 hi\u0161 ni bilo prizane\u0161eno niti eni sami.<br \/>\nNa \u0161tabnem mestu (gasilski dom Gozd) smo prejeli naslednje zadol\u017eitve:<br \/>\n-ekipa GVC 16\/25 (6 gasilcev) je bila napotena na prekrivanje stanovanjskega objekta in gospodarskega poslopja na naslovu Gozd 15<br \/>\n-ekipa GVGP-1 pa se je lotila odstranjevanja podrtega drevja iz objektov, vozil in prometnih povr\u0161in.<br \/>\nV gasilski dom smo se vrnili okrog 23. ure.<\/li>\n<li>Sodelujo\u010de enote: PGD Menge\u0161, PGD Loka pri Meng\u0161u, PGD Topole in ostala dru\u0161tva<\/li>\n<li>\u0160t. gasilcev PGD Loka in vozila:<br \/>\n10\u00a0gasilcev; GVC 16\/25, GVGP-1<\/li>\n<li><a href=\"https:\/\/www.pgd-loka.si\/gallery\/thumbnails.php?album=98\" target=\"_blank\"><strong>SLIKE<\/strong> <\/a><\/li>\n<\/ul>\n<hr \/>\n<ul>\n<li>Datum in ura:<br \/>\n<strong>13.07.2008<\/strong>,\u00a014:28<\/li>\n<li>Opis:<br \/>\nPoziv MOBITEL:\u00a0<strong>ODSTRANJEVANJE POSLEDIC NEURJA V TOPOLAH<\/strong><strong><br \/>\n<\/strong>V NED 13.07.2008 ob 14:28 smo bili preko mobitela obve\u0161\u010deni o popoldanskem neurju, ki je prizadelo vas Topole in hkrati napro\u0161eni za pomo\u010d pri odstranjevanju njenih posledic. Izvozili smo z GVC 16\/25 in GVGP-1 ter skupno 9 \u010dlani posadke. Na kraju samem smo pomagali pri prekrivanju streh razkritih stanovanjskih objektov in gospodarskih poslopij ter pri \u010di\u0161\u010denju okolice.<\/li>\n<li>Sodelujo\u010de enote: PGD Menge\u0161, PGD Loka pri Meng\u0161u, PGD Topole, PGD Moste<\/li>\n<li>\u0160t. gasilcev PGD Loka in vozila:<br \/>\n9\u00a0gasilcev; GVC 16\/25, GVGP-1<\/li>\n<li><strong><a href=\"https:\/\/www.pgd-loka.si\/gallery\/thumbnails.php?album=96\">SLIKE<\/a><\/strong><\/li>\n<li><strong><a href=\"http:\/\/www.pgd-topole.si\/intervencije\/thumbnails.php?album=49\" target=\"_blank\">SLIKE 2<\/a> <\/strong>(vir: PGD TOPOLE)<\/li>\n<\/ul>\n<hr \/>\n<ul>\n<li>Datum in ura:<br \/>\n<strong>06.06.2008<\/strong>,\u00a017:30<\/li>\n<li>Opis:<br \/>\nPoziv MOBITEL:\u00a0<strong>ZAMA\u0160ENA KANALIZACIJA, TRZINSKA CESTA 14, LOKA PRI MENG\u0160U<br \/>\n<\/strong>V PET 06.06.2008 17:30 smo bili s strani prizadetega ob\u010dana obve\u0161\u010deni o zama\u0161enem priklju\u010dnem kanalizacijskem vodu na Trzinski cesti 14 v Loki pri Meng\u0161u.<br \/>\nPo prihodu na kraj smo se morali najprej lotiti izkopavanja ja\u0161ka iz katerega smo ro\u010dno odstranili kanalizacijsko vsebino in izvedli prebijanje \u010depa s pomo\u010djo \u010distilnega kosa (&#8220;podgane&#8221;).<br \/>\nPo uspe\u0161nem prebitju smo \u017ealostno ugotovili, da je izvla\u010denje \u010distilnega kosa onemogo\u010deno, ker se je le ta zataknil na izteku v glavni kanalizacijski vod. Zaplet smo re\u0161ili s &#8220;potapljanjem&#8221; s pomo\u010djo IDA v glavni kanalizacijski vod, od koder se je dalo zadevo sprostiti.<\/li>\n<li>Sodelujo\u010de enote: PGD Loka<\/li>\n<li>\u0160t. gasilcev PGD Loka in vozila:<br \/>\n5\u00a0gasilcev; GVC 16\/25<\/li>\n<li><strong><a href=\"https:\/\/www.pgd-loka.si\/gallery\/thumbnails.php?album=88\">SLIKE<\/a><\/strong><\/li>\n<\/ul>\n<hr \/>\n<ul>\n<li>Datum in ura:<br \/>\n<strong>24.05.2008<\/strong>,\u00a015:05<\/li>\n<li>Opis:<br \/>\nPoziv ReCO:\u00a0<strong>POKA ZA PLINSKO JEKLENKO, LIPARJEVA 37 &#8211; MENGE\u0160<br \/>\n<\/strong>Danes ob 15.05 smo bili obve\u0161\u010deni, da na Liparjevi cesti 37 v Meng\u0161u poka za plinsko jeklenko. Izvozili smo z GVC 16\/25 in 4 \u010dlani. 2 \u010dlana sta se med prevozom opremila z IDA. Ko smo prispeli na kraj intervencije je bilo ugotovljeno da prasketa za plinsko jeklenko in \u0161tedilnikom &#8211; kratek stik na elektri\u010dni napeljavi. Intervecija je bila zaklju\u010dena ob 15.45.<\/li>\n<li>Sodelujo\u010de enote: PGD Menge\u0161, PGD Loka.<\/li>\n<li>\u0160t. gasilcev PGD Loka in vozila:<br \/>\n4 gasilci;\u00a0GVC 16\/25<\/li>\n<li><strong><a href=\"https:\/\/www.pgd-loka.si\/gallery\/thumbnails.php?album=79\" target=\"_blank\">SLIKE<\/a><\/strong><\/li>\n<\/ul>\n<hr \/>\n<ul>\n<li>Datum in ura:<br \/>\n<strong>08.05.2008<\/strong>,\u00a018:05<\/li>\n<\/ul>\n<ul>\n<li>Opis:<br \/>\nPoziv ReCO:\u00a0<strong>KUHINJSKI PO\u017dAR V BLOKIH NA SLAMNIKARSKI 8 V MENG\u0160U<\/strong><strong><br \/>\n<\/strong>Danes smo bili preko ReCO in poveljnika obve\u0161\u010deni, da se iz bloka na Slamnikarski v Meng\u0161u mo\u010dno kadi. Takoj smo izvozili z GVGP-1 ter 3 \u010dlani ter malo zatem \u0161e z GVC 16\/25 in 5 \u010dlani posadke. Ob prihodu na kraj smo opazili, da se kadi z enega izmed vrhnjih stanovanj v bloku na Slamnikarski 8. PGD Menge\u0161 in policija, ki\u00a0so bili prvi na kraju, so ob na\u0161em in\u00a0Topolskem prihodu \u017ee ugotovili\u00a0iz katerega stanovanja se kadi, saj se je izpod vhodnih vrat kadil dim. Ker ni bilo odziva na klice in trkanje je bilo potrebno zlomiti klju\u010davnico in vdreti v stanovanje. Ugotovili smo, da gre za kuhinjski po\u017ear. Lastnik stanovanja je na \u0161tedilnik pristavil hrano in ponesre\u010di zaspal. Ob\u00a0na\u0161em vstopu\u00a0je kazal jasne znake zastrupitve s strupenim dimom, zato smo ga takoj premestili na balkon ter mu aplicirali kisik preko ohio maske ter o njegovem stanju obvestili re\u0161evalce, ki so ga kasneje tudi prepeljali v bolni\u0161nico. Ga\u0161enje v kuhinji ni bilo potrebno (kljub temu je bil napeljan preventivni napad iz hidranta v bloku ter vzeta 2 gasilnika), posodo z zoglenelo hrano smo odstranili ter izklopili \u0161tedilnik.\u00a0Sledilo je samo \u0161e prezra\u010denje stanovanja z razpihovalcem ter zape\u010datenje, za kar je poskrbela policija.<\/li>\n<li>Sodelujo\u010de enote: PGD Menge\u0161, PGD Topole, PGD Loka pri Meng\u0161u<\/li>\n<li>\u0160t. gasilcev PGD Loka in vozila:<br \/>\n8\u00a0gasilcev; GVGP-1, GVC 16\/25<\/li>\n<\/ul>\n<hr \/>\n<ul>\n<li>Datum in ura:<br \/>\n<strong>30.04.2008<\/strong>,\u00a019:13<\/li>\n<li>Opis:<br \/>\nPoziv ReCO:\u00a0<strong>SLOVENSKA CESTA 53, EKSPLOZIJA JEKLENKE IN PO\u017dAR V STANOVANJU!<br \/>\n<\/strong>V sredo 30.4.2008 ob 19:13 smo bili preko RECO ter pozivnikov obve\u0161\u010deni, da je pri\u0161lo do eksplozije jeklenke in po\u017eara v stanovanju v Meng\u0161u na Slovenski cesti 53.<br \/>\nNa kraj dogodka smo ob 19:16 takoj izvozili s polnim GVC 16\/25 in 6 \u010dlani posadke ter naknadno tudi z GVGP-1 ter 1 \u010dlanom. Obve\u0161\u010deni smo bili tudi o po\u0161kodbi dveh stanovalcev. \u017de med vo\u017enjo sta se 2 napadalca takoj opremila z izolirnim dihalnim aparatom, za primer takoj\u0161njega posredovanja v objektu. Na kraju sta bili \u017ee prisotni ekipi PGD Menge\u0161 in Topole. Ugotovili smo, da ni pri\u0161lo do eksplozije jeklenke temve\u010d je pri\u0161lo do po\u017eara na nekak\u0161nem grelniku ter jeklenki v njem, ki je nastal zaradi preperelosti plinske cevke. Stanovalca sta kar sama odnesla gore\u010di predmet iz stanovanja in pri tem utrpela opekline po rokah in obrazu. Slednjima smo nudili prvo pomo\u010d ter jih obvezali z obkladki za opekline ter sprejem Water-gel ter po\u010dakali z njima do prihoda re\u0161evalcev. Gore\u010do jeklenko (in ohi\u0161je) so zaprli, pogasili ter ohladili ostali gasilci s hitrim VT napadom ter z IDA pregledali stanovanje ter ga na koncu, ko je bilo ugotovljeno, da ni ve\u010d nevarnosti za po\u017ear, tudi prezra\u010dili. Intervencija je bila zaklju\u010dena ob 20.00.<\/li>\n<li>Sodelujo\u010de enote: PGD Menge\u0161, PGD Loka pri Meng\u0161u in PGD Topole<\/li>\n<li>\u0160t. gasilcev PGD Loka in vozila:<br \/>\n7\u00a0gasilcev; GVGP-1, GVC 16\/25<\/li>\n<li><a href=\"https:\/\/www.pgd-loka.si\/gallery\/thumbnails.php?album=64\" target=\"_blank\"><strong>SLIKE 1<\/strong><\/a> (klikni!)<\/li>\n<li><a href=\"http:\/\/www.pgd-topole.si\/intervencije\/thumbnails.php?album=47\" target=\"_blank\"><strong>SLIKE 2<\/strong><\/a> (klikni!) Vir: PGD Topole<\/li>\n<\/ul>\n<hr \/>\n<ul>\n<li>Datum in ura:<br \/>\n<strong>27.04.2008<\/strong>,\u00a010:42<\/li>\n<li>Opis:<br \/>\nPoziv ReCO:\u00a0<strong>KOLODVORSKA 2B, IZ STANOVANJA SE KADI \u010cRN DIM<br \/>\n<\/strong>17.04.2008 ob 10:42 smo bili obve\u0161\u010deni, da se kadi iz stanovanja na Kolodvorski 2B v Meng\u0161u. Po prihodu na kraj smo ugotovili, da mo\u010dan dim ne izhaja iz stanovanja, ampak iz glavne dimni\u0161ke tuljave. Vzpostavili smo kontrolo na strehi in odredili (preko upravnika bloka) izklop oljnega gorilca. Mo\u010dno dimljenje je bilo posledica napake na gorilcu in je po izklopu prenehalo. Intervencija je bila zaklju\u010dena ob 12:00.<\/li>\n<li>Sodelujo\u010de enote: PGD Menge\u0161 (13 gasilcev, 3 vozila); PGD Topole (5 gasilcev, 1 vozilo); PGD Loka (8 gasilcev, 2 vozili).<\/li>\n<li>\u0160t. gasilcev PGD Loka in vozila:<br \/>\n8\u00a0gasilcev; GVGP-1, GVC 16\/25<\/li>\n<li><a href=\"https:\/\/www.pgd-loka.si\/gallery\/thumbnails.php?album=65\" target=\"_blank\"><strong>SLIKE 1<\/strong><\/a> (klikni!)<\/li>\n<li><a href=\"http:\/\/www.pgd-topole.si\/intervencije\/thumbnails.php?album=46\" target=\"_blank\"><strong>SLIKE 2<\/strong><\/a> (klikni!) Vir: PGD Topole<\/li>\n<\/ul>\n<hr \/>\n<ul>\n<li>Datum in ura:<br \/>\n<strong>17.01.2008<\/strong>,\u00a017:52<\/li>\n<li>Opis:<br \/>\nPoziv ReCO:\u00a0<strong>DIMNI\u0160KI PO\u017dAR NA SLOVENSKI CESTI 22 &#8211; GOSTI\u0160\u010cE GROHAR<br \/>\n<\/strong>Po prihodu na kraj smo preverili stanje dimnika, ga o\u010distili in prezra\u010dili prostore.<\/li>\n<li>Sodelujo\u010de enote: PGD Menge\u0161, PGD Loka.<\/li>\n<li>\u0160t. gasilcev PGD Loka in vozila:<br \/>\n4 gasilci; GVGP-1, GVC 24\/50<\/li>\n<\/ul>\n","protected":false},"excerpt":{"rendered":"<p>Datum in ura: 03.11.2008,\u00a017:35 Opis: Poziv Mobitel:\u00a0PROMETNA NESRE\u010cA S SRNJAKOMV ponedeljek, 3. 11. 2008 smo bili ob 17:35\u00a0obve\u0161\u010deni o prometni nesre\u010di na regionalni cesti Trzin-Menge\u0161, kjer je\u00a0voznica vozila Hyundai Atos zbila srnjaka, ki je v\u00a0polmraku pre\u010dkal vozi\u0161\u010de ter s tem &hellip; <a href=\"https:\/\/www.pgd-loka.si\/?page_id=807\">Beri naprej <span class=\"meta-nav\">&rarr;<\/span><\/a><\/p>\n","protected":false},"author":3,"featured_media":0,"parent":0,"menu_order":0,"comment_status":"open","ping_status":"open","template":"","meta":{"footnotes":""},"class_list":["post-807","page","type-page","status-publish","hentry"],"_links":{"self":[{"href":"https:\/\/www.pgd-loka.si\/index.php?rest_route=\/wp\/v2\/pages\/807","targetHints":{"allow":["GET"]}}],"collection":[{"href":"https:\/\/www.pgd-loka.si\/index.php?rest_route=\/wp\/v2\/pages"}],"about":[{"href":"https:\/\/www.pgd-loka.si\/index.php?rest_route=\/wp\/v2\/types\/page"}],"author":[{"embeddable":true,"href":"https:\/\/www.pgd-loka.si\/index.php?rest_route=\/wp\/v2\/users\/3"}],"replies":[{"embeddable":true,"href":"https:\/\/www.pgd-loka.si\/index.php?rest_route=%2Fwp%2Fv2%2Fcomments&post=807"}],"version-history":[{"count":3,"href":"https:\/\/www.pgd-loka.si\/index.php?rest_route=\/wp\/v2\/pages\/807\/revisions"}],"predecessor-version":[{"id":5995,"href":"https:\/\/www.pgd-loka.si\/index.php?rest_route=\/wp\/v2\/pages\/807\/revisions\/5995"}],"wp:attachment":[{"href":"https:\/\/www.pgd-loka.si\/index.php?rest_route=%2Fwp%2Fv2%2Fmedia&parent=807"}],"curies":[{"name":"wp","href":"https:\/\/api.w.org\/{rel}","templated":true}]}}