{"id":7416,"date":"2018-02-11T21:00:05","date_gmt":"2018-02-11T20:00:05","guid":{"rendered":"https:\/\/www.pgd-loka.si\/?page_id=7416"},"modified":"2018-02-11T21:00:05","modified_gmt":"2018-02-11T20:00:05","slug":"organi-drustva-od-2018-2023","status":"publish","type":"page","link":"https:\/\/www.pgd-loka.si\/?page_id=7416","title":{"rendered":"Organi dru\u0161tva od 2018 \u2013 2023"},"content":{"rendered":"<table border=\"0\" cellspacing=\"0\" cellpadding=\"0\">\n<tbody>\n<tr>\n<td valign=\"top\" width=\"230\">\n<table border=\"0\" width=\"98%\" cellspacing=\"0\" cellpadding=\"0\">\n<tbody>\n<tr>\n<td><b>Upravni odbor:<\/b><\/p>\n<ul>\n<li><i>predsednik:<\/i><br \/>\nRobert RU\u010cIGAJ<\/li>\n<li><i>namestnica predsednika:<\/i><br \/>\nMarjana BROJAN<\/li>\n<li><i>poveljnik:<\/i><br \/>\nAn\u017ee KVEDER<\/li>\n<li><i>tajnik:<\/i><br \/>\nBo\u0161tjan \u010cEBULJ<\/li>\n<li><i>blagajnik: <\/i><br \/>\nMarjana BROJAN<\/li>\n<li><i>predsednica komisije za \u010dlanice:<\/i><br \/>\nKaja RU\u010cIGAJ<\/li>\n<li><i>predsednik komisije za veterane: <\/i><br \/>\nFranci URBANC<\/li>\n<li><i>predsednik komisije za mladino:<\/i><br \/>\nSa\u0161o JEN\u010cI\u010c<\/li>\n<li><i>predstavnica mladih:<\/i><br \/>\nMiha JERI\u010c<\/li>\n<\/ul>\n<p><strong>Poveljstvo:<\/strong><\/p>\n<ul>\n<li><i>poveljnik:<\/i><br \/>\nAn\u017ee KVEDER<\/li>\n<li><i>namestnik poveljnika:<\/i><br \/>\nBranko URBANC<\/li>\n<li><i>podpoveljnik:<\/i><br \/>\nAndrej BROJAN<\/li>\n<li><i>podpoveljnik:<\/i><br \/>\nAndrej BIZJAK<\/li>\n<li><i>vodja enot:<\/i><br \/>\nDavid BIZJAK<\/li>\n<li><i>vodja enote:<\/i><br \/>\nBo\u0161tjan \u010cEBULJ<\/li>\n<li><i>vodja skupine:<\/i><br \/>\nMarko KOCJAN<\/li>\n<li><i>vodja skupine:<\/i><br \/>\nBla\u017e SLABAJNA<\/li>\n<li><i>strojnik:<\/i><br \/>\nDomen PIRNAT<\/li>\n<li><i>gospodar:<\/i><br \/>\nSlavko SEDELJ\u0160AK<\/li>\n<li><i>pomo\u010dnik gospodarja:<\/i><br \/>\nBo\u0161tjan PESRL<\/li>\n<\/ul>\n<\/td>\n<\/tr>\n<\/tbody>\n<\/table>\n<\/td>\n<td valign=\"top\" width=\"190\">\n<table border=\"0\" width=\"98%\" cellspacing=\"0\" cellpadding=\"0\">\n<tbody>\n<tr>\n<td><b>Nadzorni odbor:<\/b><\/p>\n<ul>\n<li>Miro URBANC<\/li>\n<li>Marija REPAN\u0160EK<\/li>\n<li>Franc LAGOJA<\/li>\n<\/ul>\n<\/td>\n<\/tr>\n<\/tbody>\n<\/table>\n<\/td>\n<td valign=\"top\" width=\"190\">\n<table border=\"0\" width=\"98%\" cellspacing=\"0\" cellpadding=\"0\">\n<tbody>\n<tr>\n<td><b>Disciplinska komisija:<\/b><\/p>\n<ul>\n<li>Tadeja KUNSTELJ<\/li>\n<li>Bla\u017e SLABAJNA<\/li>\n<li>Stane CIMERMAN<\/li>\n<li>Marjan REPAN\u0160EK<\/li>\n<li>An\u017ee GORJUP<\/li>\n<\/ul>\n<\/td>\n<\/tr>\n<\/tbody>\n<\/table>\n<\/td>\n<\/tr>\n<\/tbody>\n<\/table>\n<\/div>\n","protected":false},"excerpt":{"rendered":"<p>Upravni odbor: predsednik: Robert RU\u010cIGAJ namestnica predsednika: Marjana BROJAN poveljnik: An\u017ee KVEDER tajnik: Bo\u0161tjan \u010cEBULJ blagajnik: Marjana BROJAN predsednica komisije za \u010dlanice: Kaja RU\u010cIGAJ predsednik komisije za veterane: Franci URBANC predsednik komisije za mladino: Sa\u0161o JEN\u010cI\u010c predstavnica mladih: Miha JERI\u010c &hellip; <a href=\"https:\/\/www.pgd-loka.si\/?page_id=7416\">Beri naprej <span class=\"meta-nav\">&rarr;<\/span><\/a><\/p>\n","protected":false},"author":3,"featured_media":0,"parent":0,"menu_order":0,"comment_status":"closed","ping_status":"closed","template":"","meta":{"footnotes":""},"class_list":["post-7416","page","type-page","status-publish","hentry"],"_links":{"self":[{"href":"https:\/\/www.pgd-loka.si\/index.php?rest_route=\/wp\/v2\/pages\/7416","targetHints":{"allow":["GET"]}}],"collection":[{"href":"https:\/\/www.pgd-loka.si\/index.php?rest_route=\/wp\/v2\/pages"}],"about":[{"href":"https:\/\/www.pgd-loka.si\/index.php?rest_route=\/wp\/v2\/types\/page"}],"author":[{"embeddable":true,"href":"https:\/\/www.pgd-loka.si\/index.php?rest_route=\/wp\/v2\/users\/3"}],"replies":[{"embeddable":true,"href":"https:\/\/www.pgd-loka.si\/index.php?rest_route=%2Fwp%2Fv2%2Fcomments&post=7416"}],"version-history":[{"count":1,"href":"https:\/\/www.pgd-loka.si\/index.php?rest_route=\/wp\/v2\/pages\/7416\/revisions"}],"predecessor-version":[{"id":7417,"href":"https:\/\/www.pgd-loka.si\/index.php?rest_route=\/wp\/v2\/pages\/7416\/revisions\/7417"}],"wp:attachment":[{"href":"https:\/\/www.pgd-loka.si\/index.php?rest_route=%2Fwp%2Fv2%2Fmedia&parent=7416"}],"curies":[{"name":"wp","href":"https:\/\/api.w.org\/{rel}","templated":true}]}}