{"id":6465,"date":"2017-03-06T12:20:10","date_gmt":"2017-03-06T11:20:10","guid":{"rendered":"https:\/\/www.pgd-loka.si\/?page_id=6465"},"modified":"2017-03-06T12:45:14","modified_gmt":"2017-03-06T11:45:14","slug":"usposabljanja-v-letu-2016","status":"publish","type":"page","link":"https:\/\/www.pgd-loka.si\/?page_id=6465","title":{"rendered":"Usposabljanja v letu 2016"},"content":{"rendered":"<p>V na\u0161em dru\u0161tvu posve\u010damo veliko pozornosti izobra\u017eevanju gasilcev, saj lahko samo strokovno usposobljeni gasilci, ki nevarnost poznajo in vedo kako pravilno ukrepati, izvajajo razne intervencije kvalitetno, hitro in u\u010dinkovito.<\/p>\n<p>V letu 2016 sta dva (2) operativna gasilca uspe\u0161no opravila te\u010daj za motorno \u017eago,\u00a0 deset (10) gasilcev je uspe\u0161no opravilo te\u010daj za uporabnike radijskih postaj, sedem (7) pripravnikov je uspe\u0161no opravilo osnovni te\u010daj za gasilca, pet (5) gasilcev pa je uspe\u0161no opravilo nadaljevalni te\u010daj za gasilca. Po en (1) gasilec sta opravila te\u010daj za tehni\u010dnega re\u0161evalca in obnovitveni te\u010daj za delo s helikopterjem, dva (2) operativna gasilca pa sta uspe\u0161no opravila obnovitveni te\u010daj za uporabnika izolirnega dihalnega aparata. V letu 2016 je deset (10) operativnih gasilcev uspe\u0161no opravilo zdravni\u0161ki pregled.<\/p>\n<table border=\"1\">\n<tbody>\n<tr>\n<td width=\"99\"><strong>DATUM<\/strong><\/td>\n<td width=\"378\"><strong>VRSTA IZOBRA\u017dEVANJA OZ. USPOSABLJANJA<\/strong><\/td>\n<td width=\"135\"><strong>UDELE\u017dENCI<\/strong><\/td>\n<\/tr>\n<tr>\n<td width=\"99\">19.03.2016<\/td>\n<td width=\"378\">Te\u010daj za tehni\u010dnega re\u0161evalca \u2013 TRE<\/td>\n<td width=\"135\">Jen\u010di\u010d Sa\u0161o<\/td>\n<\/tr>\n<tr>\n<td width=\"99\">01.04. \u2013 02.04.2016<\/td>\n<td width=\"378\">Te\u010daj za motorno \u017eago<\/td>\n<td width=\"135\">Brojan Andrej<br \/>\nPirnat Domen<\/td>\n<\/tr>\n<tr>\n<td width=\"99\">03.04.2016<\/td>\n<td width=\"378\">Te\u010daj za uporabnika radijskih postaj<\/td>\n<td width=\"135\">Brojan Andrej<br \/>\nRu\u010digaj Robert<br \/>\nKocjan Marko<br \/>\nLukan Tadeja<br \/>\nBurgar Bla\u017e<br \/>\n\u010cebulj Bo\u0161tjan<br \/>\nPesrl Bo\u0161tjan<br \/>\nGorjup An\u017ee<br \/>\nJen\u010di\u010d Sa\u0161o<br \/>\nPirnat Domen<\/td>\n<\/tr>\n<tr>\n<td width=\"99\">23.03. \u2013 17.04.2016<\/td>\n<td width=\"378\">Osnovni te\u010daj za gasilca<\/td>\n<td width=\"135\">Reven Teja<br \/>\nSa\u0161ek Jan<br \/>\nPoto\u010dnik Matev\u017e<br \/>\nSlabajna Bla\u017e<br \/>\nRu\u010digaj Kaja<br \/>\nBrumec Ur\u0161ka<br \/>\nJeri\u010d Miha<\/td>\n<\/tr>\n<tr>\n<td width=\"99\">27.05.2016<\/td>\n<td width=\"378\">Obnovitveni te\u010daj za uporabnika izolirnega dihalnega aparata \u2013 OBN IDA<\/td>\n<td width=\"135\">Pesrl Bo\u0161tjan<br \/>\nGorjup An\u017ee<\/td>\n<\/tr>\n<tr>\n<td width=\"99\">29.06.2016<\/td>\n<td width=\"378\">Obnovitveni te\u010daj za delo s helikopterjem \u2013 OBN HEL<\/td>\n<td width=\"135\">Bizjak Andrej<\/td>\n<\/tr>\n<tr>\n<td width=\"99\">15.11.2016<\/td>\n<td width=\"378\">Zdravni\u0161ki pregledi za operativne gasilce<\/td>\n<td width=\"135\">Bizjak Andrej<br \/>\nBizjak David<br \/>\nBrojan Andrej<br \/>\nCimerman Stane<br \/>\n\u010cebulj Bo\u0161tjan<\/td>\n<\/tr>\n<tr>\n<td width=\"99\">18.11.2015<\/td>\n<td width=\"378\">Zdravni\u0161ki pregledi za operativne gasilce<\/td>\n<td width=\"135\">Kocjan Marko<br \/>\nLoboda Nejc<br \/>\nLukan Tadeja<br \/>\nRu\u010digaj Robert<br \/>\nUrbanc Branko<\/td>\n<\/tr>\n<tr>\n<td width=\"99\">1.10. \u2013 05.12.2016<\/td>\n<td width=\"378\">Nadaljevalni te\u010daj za gasilca<\/td>\n<td width=\"135\">Reven Teja<br \/>\nSlabajna Bla\u017e<br \/>\nRu\u010digaj Kaja<br \/>\nBrumec Ur\u0161ka<br \/>\nJeri\u010d Miha<\/td>\n<\/tr>\n<\/tbody>\n<\/table>\n<p>&nbsp;<\/p>\n<p>&nbsp;<\/p>\n","protected":false},"excerpt":{"rendered":"<p>V na\u0161em dru\u0161tvu posve\u010damo veliko pozornosti izobra\u017eevanju gasilcev, saj lahko samo strokovno usposobljeni gasilci, ki nevarnost poznajo in vedo kako pravilno ukrepati, izvajajo razne intervencije kvalitetno, hitro in u\u010dinkovito. V letu 2016 sta dva (2) operativna gasilca uspe\u0161no opravila te\u010daj &hellip; <a href=\"https:\/\/www.pgd-loka.si\/?page_id=6465\">Beri naprej <span class=\"meta-nav\">&rarr;<\/span><\/a><\/p>\n","protected":false},"author":3,"featured_media":0,"parent":0,"menu_order":0,"comment_status":"closed","ping_status":"closed","template":"","meta":{"footnotes":""},"class_list":["post-6465","page","type-page","status-publish","hentry"],"_links":{"self":[{"href":"https:\/\/www.pgd-loka.si\/index.php?rest_route=\/wp\/v2\/pages\/6465","targetHints":{"allow":["GET"]}}],"collection":[{"href":"https:\/\/www.pgd-loka.si\/index.php?rest_route=\/wp\/v2\/pages"}],"about":[{"href":"https:\/\/www.pgd-loka.si\/index.php?rest_route=\/wp\/v2\/types\/page"}],"author":[{"embeddable":true,"href":"https:\/\/www.pgd-loka.si\/index.php?rest_route=\/wp\/v2\/users\/3"}],"replies":[{"embeddable":true,"href":"https:\/\/www.pgd-loka.si\/index.php?rest_route=%2Fwp%2Fv2%2Fcomments&post=6465"}],"version-history":[{"count":5,"href":"https:\/\/www.pgd-loka.si\/index.php?rest_route=\/wp\/v2\/pages\/6465\/revisions"}],"predecessor-version":[{"id":6480,"href":"https:\/\/www.pgd-loka.si\/index.php?rest_route=\/wp\/v2\/pages\/6465\/revisions\/6480"}],"wp:attachment":[{"href":"https:\/\/www.pgd-loka.si\/index.php?rest_route=%2Fwp%2Fv2%2Fmedia&parent=6465"}],"curies":[{"name":"wp","href":"https:\/\/api.w.org\/{rel}","templated":true}]}}