{"id":6463,"date":"2017-03-06T12:19:39","date_gmt":"2017-03-06T11:19:39","guid":{"rendered":"https:\/\/www.pgd-loka.si\/?page_id=6463"},"modified":"2018-03-11T16:34:20","modified_gmt":"2018-03-11T15:34:20","slug":"tekmovanja-v-letu-2017","status":"publish","type":"page","link":"https:\/\/www.pgd-loka.si\/?page_id=6463","title":{"rendered":"Tekmovanja v letu 2017"},"content":{"rendered":"<p><strong>POKAL \u00bbLOKA\u00ab<\/strong><\/p>\n<p>V soboto, 27. 5. 2017, je na lo\u0161kem \u0161portnem igri\u0161\u010du potekalo \u017ee 30. meddru\u0161tveno \u010dlansko tekmovanje za pokal Loke ter ob\u010dinsko tekmovanje GZ Menge\u0161 za \u010dlane in \u010dlanice. Na tekmovanju za pokal Loke in GZ Menge\u0161 so se \u010dlanice in \u010dlani pomerili v vaji z motorno brizgalno in \u0161tafetnem teku brez ovir. Tekmovanja se je v \u010dlanski konkurenci udele\u017eila 1 \u017eenska in 7 mo\u0161kih ekip. V konkurenci \u010dlanov za pokal Loke smo doma\u010di gasilci ekipa \u010dlanov A zasedli 7. mesto, ekipa \u010dlanov B pa 5. mesto. Na ob\u010dinskem tekmovanju smo doma\u010di gasilci v kategoriji \u010dlanov A zasedli 2. mesto, v kategoriji \u010dlanov B pa 3. mesto.<\/p>\n<p><strong>TEKMOVANJA<\/strong><\/p>\n<p>Tudi na podro\u010dju tekmovanj smo bili v preteklem letu zelo dejavni, kar je \u017ee stalnica na\u0161ega dru\u0161tva.<\/p>\n<p>Na\u0161e tekmovalne enote so opravile 30 nastopov na razli\u010dnih tekmovanjih in nivojih. V letu 2017 smo se poleg gasilsko-\u0161portnih disciplin udele\u017eili \u0161e\u00a0 tekmovanj za memorial Matev\u017ea Haceta, v orientaciji, DMG in kvizov na nivoju GZ Menge\u0161, regije Ljubljane III in dr\u017eavnih tekmovanj. Na nivoju GZ Menge\u0161 smo opravili 14 nastopov, na nivoju regije LJ III 10 nastopov, na dr\u017eavnem nivoju 2 nastopa ter na meddru\u0161tvenih tekmovanjih 4 nastope. Na vseh nivojih smo zasedli skupaj dvanajst 1. mest, \u0161tiri 2. mesta in tri 3. mesta. V letu 2017 pa se lahko pohvalimo z dr\u017eavnimi prvaki na gasilski orientaciji s pionirji Maticem Lipov\u0161kom, Majem Purnatom in Markom Malijem ter mentorjema Robertom Ru\u010digajem in Branetom Malusom.<\/p>\n<table border=\"1\">\n<tbody>\n<tr>\n<td width=\"90\"><strong>DATUM<\/strong><\/td>\n<td width=\"123\"><strong>EKIPA<\/strong><\/td>\n<td width=\"302\"><strong>VRSTA TEKMOVANJA<\/strong><\/td>\n<td width=\"104\"><strong>UVRSTITEV<\/strong><\/td>\n<\/tr>\n<tr>\n<td>10.02.2017<\/td>\n<td>Pripravniki<\/td>\n<td>Ob\u010dinsko tekmovanje \u2013 kviz<\/td>\n<td>1. mesto<\/td>\n<\/tr>\n<tr>\n<td>11.02.2017<\/td>\n<td>Mladinci<\/td>\n<td>Ob\u010dinsko tekmovanje \u2013 kviz<\/td>\n<td>1. mesto<\/td>\n<\/tr>\n<tr>\n<td>11.02.2017<\/td>\n<td>Pionirji<\/td>\n<td>Ob\u010dinsko tekmovanje \u2013 kviz<\/td>\n<td>1. mesto<\/td>\n<\/tr>\n<tr>\n<td>11.03.2017<\/td>\n<td>Pionirji<\/td>\n<td>Regijsko tekmovanje \u2013 kviz<\/td>\n<td>1. mesto<\/td>\n<\/tr>\n<tr>\n<td>11.03.2017<\/td>\n<td>Mladinci<\/td>\n<td>Regijsko tekmovanje \u2013 kviz<\/td>\n<td>7.\u00a0 mesto<\/td>\n<\/tr>\n<tr>\n<td>11.03.2017<\/td>\n<td>Pripravniki<\/td>\n<td>Regijsko tekmovanje \u2013 kviz<\/td>\n<td>4. mesto<\/td>\n<\/tr>\n<tr>\n<td>01.04.2017<\/td>\n<td>Pionirji<\/td>\n<td>Dr\u017eavno tekmovanje \u2013 kviz<\/td>\n<td>11. mesto<\/td>\n<\/tr>\n<tr>\n<td>06.05.2017<\/td>\n<td>Pionirji<br \/>\n1. ekipa<\/td>\n<td>Ob\u010dinsko tekmovanje \u2013 orientacija<\/td>\n<td>1. mesto<\/td>\n<\/tr>\n<tr>\n<td>06.05.2017<\/td>\n<td>Pionirji<br \/>\n2. ekipa<\/td>\n<td>Ob\u010dinsko tekmovanje \u2013 orientacija<\/td>\n<td>2. mesto<\/td>\n<\/tr>\n<tr>\n<td>06.05.2017<\/td>\n<td>Pionirji<br \/>\n3. ekipa<\/td>\n<td>Ob\u010dinsko tekmovanje \u2013 orientacija<\/td>\n<td>6. mesto<\/td>\n<\/tr>\n<tr>\n<td>06.05.2017<\/td>\n<td>Mladinci<\/td>\n<td>Ob\u010dinsko tekmovanje \u2013 orientacija<\/td>\n<td>1. mesto<\/td>\n<\/tr>\n<tr>\n<td>06.05.2017<\/td>\n<td>Mladinci<\/td>\n<td>Ob\u010dinsko tekmovanje \u2013 orientacija<\/td>\n<td>3. mesto<\/td>\n<\/tr>\n<tr>\n<td>06.05.2017<\/td>\n<td>Pripravnice<\/td>\n<td>Ob\u010dinsko tekmovanje \u2013 orientacija<\/td>\n<td>1. mesto<\/td>\n<\/tr>\n<tr>\n<td>27.05.2017<\/td>\n<td>\u010clani A<\/td>\n<td>Tekmovanje \u2013 za pokal LOKE<\/td>\n<td>7. mesto<\/td>\n<\/tr>\n<tr>\n<td>27.05.2017<\/td>\n<td>\u010clani B<\/td>\n<td>Tekmovanje \u2013 za pokal LOKE<\/td>\n<td>5. mesto<\/td>\n<\/tr>\n<tr>\n<td>27.05.2017<\/td>\n<td>\u010clani A<\/td>\n<td>Ob\u010dinsko tekmovanje \u2013 \u010dlani \u2013 Loka<\/td>\n<td>2. mesto<\/td>\n<\/tr>\n<tr>\n<td>27.05.2017<\/td>\n<td>\u010clani B<\/td>\n<td>Ob\u010dinsko tekmovanje \u2013 \u010dlani \u2013 Loka<\/td>\n<td>3. mesto<\/td>\n<\/tr>\n<tr>\n<td>10.06.2017<\/td>\n<td>Pionirji<br \/>\n1. ekipa<\/td>\n<td>Regijsko tekmovanje \u2013 orientacija<\/td>\n<td>2. mesto<\/td>\n<\/tr>\n<tr>\n<td>10.06.2017<\/td>\n<td>Pionirji<br \/>\n2. ekipa<\/td>\n<td>Regijsko tekmovanje \u2013 orientacija<\/td>\n<td>18. mesto<\/td>\n<\/tr>\n<tr>\n<td>10.06.2017<\/td>\n<td>Mladinci<\/td>\n<td>Regijsko tekmovanje \u2013 orientacija<\/td>\n<td>5. mesto<\/td>\n<\/tr>\n<tr>\n<td>10.06.2017<\/td>\n<td>Pripravnice<\/td>\n<td>Regijsko tekmovanje \u2013 orientacija<\/td>\n<td>4. mesto<\/td>\n<\/tr>\n<tr>\n<td>17.06.2017<\/td>\n<td>Starej\u0161e gasilke<\/td>\n<td>Ob\u010dinsko tekmovanje<\/td>\n<td>1. mesto<\/td>\n<\/tr>\n<tr>\n<td>17.06.2017<\/td>\n<td>Pionirji<\/td>\n<td>Ob\u010dinsko tekmovanje &#8211; MH<\/td>\n<td>1. mesto<\/td>\n<\/tr>\n<tr>\n<td>17.06.2017<\/td>\n<td>Mladinci<\/td>\n<td>Ob\u010dinsko tekmovanje &#8211; MH<\/td>\n<td>1. mesto<\/td>\n<\/tr>\n<tr>\n<td>09.09.2017<\/td>\n<td>Starej\u0161e gasilke<\/td>\n<td>Regijsko tekmovanje<\/td>\n<td>4. mesto<\/td>\n<\/tr>\n<tr>\n<td>16.09.2017<\/td>\n<td>Pionirji<br \/>\n1. ekipa<\/td>\n<td>Dr\u017eavno tekmovanje \u2013 orientacija<\/td>\n<td>1. mesto<\/td>\n<\/tr>\n<tr>\n<td>23.09.2017<\/td>\n<td>Pionirji<\/td>\n<td>Regijsko tekmovanje &#8211; MH<\/td>\n<td>2. mesto<\/td>\n<\/tr>\n<tr>\n<td>23.09.2017<\/td>\n<td>Mladinci<\/td>\n<td>Regijsko tekmovanje &#8211; MH<\/td>\n<td>14. mesto<\/td>\n<\/tr>\n<tr>\n<td>21.10.2017<\/td>\n<td>Pionirji<\/td>\n<td>Meddru\u0161tveno tekmovanje v kvizu-\u0160tuda<\/td>\n<td>1. mesto<\/td>\n<\/tr>\n<tr>\n<td>21.10.2017<\/td>\n<td>Mladinci<\/td>\n<td>Meddru\u0161tveno tekmovanje v kvizu-\u0160tuda<\/td>\n<td>3. mesto<\/td>\n<\/tr>\n<\/tbody>\n<\/table>\n","protected":false},"excerpt":{"rendered":"<p>POKAL \u00bbLOKA\u00ab V soboto, 27. 5. 2017, je na lo\u0161kem \u0161portnem igri\u0161\u010du potekalo \u017ee 30. meddru\u0161tveno \u010dlansko tekmovanje za pokal Loke ter ob\u010dinsko tekmovanje GZ Menge\u0161 za \u010dlane in \u010dlanice. Na tekmovanju za pokal Loke in GZ Menge\u0161 so se &hellip; <a href=\"https:\/\/www.pgd-loka.si\/?page_id=6463\">Beri naprej <span class=\"meta-nav\">&rarr;<\/span><\/a><\/p>\n","protected":false},"author":3,"featured_media":0,"parent":0,"menu_order":0,"comment_status":"closed","ping_status":"closed","template":"","meta":{"footnotes":""},"class_list":["post-6463","page","type-page","status-publish","hentry"],"_links":{"self":[{"href":"https:\/\/www.pgd-loka.si\/index.php?rest_route=\/wp\/v2\/pages\/6463","targetHints":{"allow":["GET"]}}],"collection":[{"href":"https:\/\/www.pgd-loka.si\/index.php?rest_route=\/wp\/v2\/pages"}],"about":[{"href":"https:\/\/www.pgd-loka.si\/index.php?rest_route=\/wp\/v2\/types\/page"}],"author":[{"embeddable":true,"href":"https:\/\/www.pgd-loka.si\/index.php?rest_route=\/wp\/v2\/users\/3"}],"replies":[{"embeddable":true,"href":"https:\/\/www.pgd-loka.si\/index.php?rest_route=%2Fwp%2Fv2%2Fcomments&post=6463"}],"version-history":[{"count":7,"href":"https:\/\/www.pgd-loka.si\/index.php?rest_route=\/wp\/v2\/pages\/6463\/revisions"}],"predecessor-version":[{"id":7530,"href":"https:\/\/www.pgd-loka.si\/index.php?rest_route=\/wp\/v2\/pages\/6463\/revisions\/7530"}],"wp:attachment":[{"href":"https:\/\/www.pgd-loka.si\/index.php?rest_route=%2Fwp%2Fv2%2Fmedia&parent=6463"}],"curies":[{"name":"wp","href":"https:\/\/api.w.org\/{rel}","templated":true}]}}