{"id":6461,"date":"2017-03-06T12:19:19","date_gmt":"2017-03-06T11:19:19","guid":{"rendered":"https:\/\/www.pgd-loka.si\/?page_id=6461"},"modified":"2017-03-06T12:55:29","modified_gmt":"2017-03-06T11:55:29","slug":"tekmovanja-v-letu-2016","status":"publish","type":"page","link":"https:\/\/www.pgd-loka.si\/?page_id=6461","title":{"rendered":"Tekmovanja v letu 2016"},"content":{"rendered":"<p><strong>POKAL \u00bbLOKA\u00ab<\/strong><\/p>\n<p>V soboto, 28. 5. 2016, je na lo\u0161kem \u0161portnem igri\u0161\u010du potekalo \u017ee 29. meddru\u0161tveno \u010dlansko tekmovanje za pokal Loke ter ob\u010dinsko tekmovanje GZ Menge\u0161 za \u010dlane in \u010dlanice ter starej\u0161e gasilke in gasilce. Na tekmovanju za pokal Loke in GZ Menge\u0161 so se \u010dlanice in \u010dlani pomerili v vaji z motorno brizgalno in \u0161tafetnem teku brez ovir, starej\u0161e gasilke in gasilci pa v vaji s hidrantom in vaji raznoterosti. Tekmovanja se je udele\u017eilo v \u010dlanski konkurenci 3 \u017eenske in 8 mo\u0161kih ekip, pri starej\u0161ih gasilcih pa 1 \u017eenska in 3 mo\u0161ke ekipe. V konkurenci \u010dlanov za pokal Loke smo doma\u010di gasilci ekipa \u010dlanov A zasedli 8. mesto, ekipa \u010dlanov B pa 6. mesto. Na ob\u010dinskem tekmovanju smo doma\u010di gasilci v kategoriji \u010dlanov A zasedli 3. Mesto, v kategoriji \u010dlanov B 2. mesto, starej\u0161e gasilke 1. mesto in starej\u0161i gasilci 3. mesto.. <\/p>\n<p><strong>Tekmovanja<\/strong><\/p>\n<p>Na\u0161e tekmovalne enote so opravile 30 nastopov na razli\u010dnih tekmovanjih in nivojih. V letu 2016 smo se poleg gasilsko-\u0161portnih disciplin udele\u017eili \u0161e\u00a0 tekmovanj v orientaciji, DMG in kvizov na nivoju GZ Menge\u0161, regije Ljubljane III in dr\u017eavnih tekmovanj. Na nivoju GZ Menge\u0161 smo opravili 12 nastopov, na nivoju regije LJ III 10 nastopov, na dr\u017eavnem nivoju 6 nastope ter za pokal Loke 2 nastopa. Na vseh nivojih smo zasedli skupaj sedem 1. mest, sedem 2. mest in pet 3. mest. Pohvalimo pa se lahko tudi s \u0161estimi ekipami, ki so nas zastopale na dr\u017eavnih tekmovanjih. Starej\u0161e gasilke so zasedle 9. mesto, pionirji na tekmovanju gasilsko-\u0161portnih disciplin 3. mesto, ter na tekmovanju DMG mlaj\u0161i 5. mesto in starej\u0161i 2. mesto.<\/p>\n<table border=\"1\">\n<tbody>\n<tr>\n<td width=\"90\"><strong>DATUM<\/strong><\/td>\n<td width=\"123\"><strong>EKIPA<\/strong><\/td>\n<td width=\"302\"><strong>VRSTA TEKMOVANJA<\/strong><\/td>\n<td width=\"104\"><strong>UVRSTITEV<\/strong><\/td>\n<\/tr>\n<tr>\n<td width=\"90\">04.03.2016<\/td>\n<td width=\"123\">Pripravniki<\/td>\n<td width=\"302\">Ob\u010dinsko tekmovanje \u2013 kviz<\/td>\n<td width=\"104\">1. mesto<\/td>\n<\/tr>\n<tr>\n<td width=\"90\">05.03.2016<\/td>\n<td width=\"123\">Mladinci<\/td>\n<td width=\"302\">Ob\u010dinsko tekmovanje \u2013 kviz<\/td>\n<td width=\"104\">1. mesto<\/td>\n<\/tr>\n<tr>\n<td width=\"90\">05.03.2016<\/td>\n<td width=\"123\">Pionirji<\/td>\n<td width=\"302\">Ob\u010dinsko tekmovanje \u2013 kviz<\/td>\n<td width=\"104\">2. mesto<\/td>\n<\/tr>\n<tr>\n<td width=\"90\">12.03.2016<\/td>\n<td width=\"123\">Pionirji<\/td>\n<td width=\"302\">Regijsko tekmovanje \u2013 kviz<\/td>\n<td width=\"104\">2. mesto<\/td>\n<\/tr>\n<tr>\n<td width=\"90\">12.03.2016<\/td>\n<td width=\"123\">Mladinci<\/td>\n<td width=\"302\">Regijsko tekmovanje \u2013 kviz<\/td>\n<td width=\"104\">4.\u00a0 mesto<\/td>\n<\/tr>\n<tr>\n<td width=\"90\">12.03.2016<\/td>\n<td width=\"123\">Pripravniki<\/td>\n<td width=\"302\">Regijsko tekmovanje \u2013 kviz<\/td>\n<td width=\"104\">2. mesto<\/td>\n<\/tr>\n<tr>\n<td width=\"90\">02.04.2016<\/td>\n<td width=\"123\">Pionirji<\/td>\n<td width=\"302\">Dr\u017eavno tekmovanje \u2013 kviz<\/td>\n<td width=\"104\">24. mesto<\/td>\n<\/tr>\n<tr>\n<td width=\"90\">02.04.2016<\/td>\n<td width=\"123\">Pripravniki<\/td>\n<td width=\"302\">Dr\u017eavno tekmovanje \u2013 kviz<\/td>\n<td width=\"104\">12. mesto<\/td>\n<\/tr>\n<tr>\n<td width=\"90\">23.04.2016<\/td>\n<td width=\"123\">Pionirji 1. ekipa<\/td>\n<td width=\"302\">Ob\u010dinsko tekmovanje \u2013 orientacija<\/td>\n<td width=\"104\">1. mesto<\/td>\n<\/tr>\n<tr>\n<td width=\"90\">23.04.2016<\/td>\n<td width=\"123\">Pionirji 2. ekipa<\/td>\n<td width=\"302\">Ob\u010dinsko tekmovanje \u2013 orientacija<\/td>\n<td width=\"104\">Izven konkurence<\/td>\n<\/tr>\n<tr>\n<td width=\"90\">23.04.2016<\/td>\n<td width=\"123\">Mladinke<\/td>\n<td width=\"302\">Ob\u010dinsko tekmovanje \u2013 orientacija<\/td>\n<td width=\"104\">1. mesto<\/td>\n<\/tr>\n<tr>\n<td width=\"90\">23.04.2016<\/td>\n<td width=\"123\">Mladinci<\/td>\n<td width=\"302\">Ob\u010dinsko tekmovanje \u2013 orientacija<\/td>\n<td width=\"104\">1. mesto<\/td>\n<\/tr>\n<tr>\n<td width=\"90\">28.05.2016<\/td>\n<td width=\"123\">Pionirji<\/td>\n<td width=\"302\">Regijsko tekmovanje \u2013 orientacija<\/td>\n<td width=\"104\">12. mesto<\/td>\n<\/tr>\n<tr>\n<td width=\"90\">28.05.2016<\/td>\n<td width=\"123\">Mladinci<\/td>\n<td width=\"302\">Regijsko tekmovanje \u2013 orientacija<\/td>\n<td width=\"104\">7. mesto<\/td>\n<\/tr>\n<tr>\n<td width=\"90\">28.05.2016<\/td>\n<td width=\"123\">Pripravniki<\/td>\n<td width=\"302\">Regijsko tekmovanje \u2013 orientacija<\/td>\n<td width=\"104\">3. mesto<\/td>\n<\/tr>\n<tr>\n<td width=\"90\">28.05.2016<\/td>\n<td width=\"123\">Starej\u0161e gasilke<\/td>\n<td width=\"302\">Ob\u010dinsko tekmovanje<\/td>\n<td width=\"104\">1. mesto<\/td>\n<\/tr>\n<tr>\n<td width=\"90\">28.05.2016<\/td>\n<td width=\"123\">Starej\u0161i gasilci<\/td>\n<td width=\"302\">Ob\u010dinsko tekmovanje<\/td>\n<td width=\"104\">3. mesto<\/td>\n<\/tr>\n<tr>\n<td width=\"90\">28.05.2016<\/td>\n<td width=\"123\">\u010clani A<\/td>\n<td width=\"302\">Tekmovanje \u2013 za pokal LOKE<\/td>\n<td width=\"104\">8. mesto<\/td>\n<\/tr>\n<tr>\n<td width=\"90\">28.05.2016<\/td>\n<td width=\"123\">\u010clani B<\/td>\n<td width=\"302\">Tekmovanje \u2013 za pokal LOKE<\/td>\n<td width=\"104\">6. mesto<\/td>\n<\/tr>\n<tr>\n<td width=\"90\">28.05.2016<\/td>\n<td width=\"123\">\u010clani A<\/td>\n<td width=\"302\">Ob\u010dinsko tekmovanje \u2013 \u010dlani \u2013 Loka<\/td>\n<td width=\"104\">3. mesto<\/td>\n<\/tr>\n<tr>\n<td width=\"90\">28.05.2016<\/td>\n<td width=\"123\">\u010clani B<\/td>\n<td width=\"302\">Ob\u010dinsko tekmovanje \u2013 \u010dlani \u2013 Loka<\/td>\n<td width=\"104\">2. mesto<\/td>\n<\/tr>\n<tr>\n<td width=\"90\">04.06.2016<\/td>\n<td width=\"123\">Pionirji<\/td>\n<td width=\"302\">Ob\u010dinsko tekmovanje &#8211; G\u0160D<\/td>\n<td width=\"104\">1. mesto<\/td>\n<\/tr>\n<tr>\n<td width=\"90\">11.06.2016<\/td>\n<td width=\"123\">Starej\u0161e gasilke<\/td>\n<td width=\"302\">Dr\u017eavno tekmovanje &#8211; G\u0160D<\/td>\n<td width=\"104\">9. mesto<\/td>\n<\/tr>\n<tr>\n<td width=\"90\">11.06.2016<\/td>\n<td width=\"123\">Pionirji<\/td>\n<td width=\"302\">Dr\u017eavno tekmovanje &#8211; G\u0160D<\/td>\n<td width=\"104\">3. mesto<\/td>\n<\/tr>\n<tr>\n<td width=\"90\">01.10.2016<\/td>\n<td width=\"123\">Mlaj\u0161i 1. ekipa<\/td>\n<td width=\"302\">Regijsko tekmovanje \u2013 DMG<\/td>\n<td width=\"104\">2. mesto<\/td>\n<\/tr>\n<tr>\n<td width=\"90\">01.10.2016<\/td>\n<td width=\"123\">Mlaj\u0161i 2. ekipa<\/td>\n<td width=\"302\">Regijsko tekmovanje \u2013 DMG<\/td>\n<td width=\"104\">3. mesto<\/td>\n<\/tr>\n<tr>\n<td width=\"90\">01.10.2016<\/td>\n<td width=\"123\">Mlaj\u0161i 3. ekipa<\/td>\n<td width=\"302\">Regijsko tekmovanje \u2013 DMG<\/td>\n<td width=\"104\">6. mesto<\/td>\n<\/tr>\n<tr>\n<td width=\"90\">01.10.2016<\/td>\n<td width=\"123\">Starej\u0161i<\/td>\n<td width=\"302\">Regijsko tekmovanje \u2013 DMG<\/td>\n<td width=\"104\">2. mesto<\/td>\n<\/tr>\n<tr>\n<td width=\"90\">19.11.2016<\/td>\n<td width=\"123\">Mlaj\u0161i 1. ekipa<\/td>\n<td width=\"302\">Dr\u017eavno tekmovanje &#8211; DMG<\/td>\n<td width=\"104\">5. mesto<\/td>\n<\/tr>\n<tr>\n<td width=\"90\">19.11.2016<\/td>\n<td width=\"123\">Starej\u0161i<\/td>\n<td width=\"302\">Dr\u017eavno tekmovanje &#8211; DMG<\/td>\n<td width=\"104\">2. mesto<\/td>\n<\/tr>\n<\/tbody>\n<\/table>\n<p>&nbsp;<\/p>\n","protected":false},"excerpt":{"rendered":"<p>POKAL \u00bbLOKA\u00ab V soboto, 28. 5. 2016, je na lo\u0161kem \u0161portnem igri\u0161\u010du potekalo \u017ee 29. meddru\u0161tveno \u010dlansko tekmovanje za pokal Loke ter ob\u010dinsko tekmovanje GZ Menge\u0161 za \u010dlane in \u010dlanice ter starej\u0161e gasilke in gasilce. Na tekmovanju za pokal Loke &hellip; <a href=\"https:\/\/www.pgd-loka.si\/?page_id=6461\">Beri naprej <span class=\"meta-nav\">&rarr;<\/span><\/a><\/p>\n","protected":false},"author":3,"featured_media":0,"parent":0,"menu_order":0,"comment_status":"closed","ping_status":"closed","template":"","meta":{"footnotes":""},"class_list":["post-6461","page","type-page","status-publish","hentry"],"_links":{"self":[{"href":"https:\/\/www.pgd-loka.si\/index.php?rest_route=\/wp\/v2\/pages\/6461","targetHints":{"allow":["GET"]}}],"collection":[{"href":"https:\/\/www.pgd-loka.si\/index.php?rest_route=\/wp\/v2\/pages"}],"about":[{"href":"https:\/\/www.pgd-loka.si\/index.php?rest_route=\/wp\/v2\/types\/page"}],"author":[{"embeddable":true,"href":"https:\/\/www.pgd-loka.si\/index.php?rest_route=\/wp\/v2\/users\/3"}],"replies":[{"embeddable":true,"href":"https:\/\/www.pgd-loka.si\/index.php?rest_route=%2Fwp%2Fv2%2Fcomments&post=6461"}],"version-history":[{"count":4,"href":"https:\/\/www.pgd-loka.si\/index.php?rest_route=\/wp\/v2\/pages\/6461\/revisions"}],"predecessor-version":[{"id":6487,"href":"https:\/\/www.pgd-loka.si\/index.php?rest_route=\/wp\/v2\/pages\/6461\/revisions\/6487"}],"wp:attachment":[{"href":"https:\/\/www.pgd-loka.si\/index.php?rest_route=%2Fwp%2Fv2%2Fmedia&parent=6461"}],"curies":[{"name":"wp","href":"https:\/\/api.w.org\/{rel}","templated":true}]}}