{"id":6459,"date":"2017-03-06T12:18:48","date_gmt":"2017-03-06T11:18:48","guid":{"rendered":"https:\/\/www.pgd-loka.si\/?page_id=6459"},"modified":"2018-03-11T16:37:44","modified_gmt":"2018-03-11T15:37:44","slug":"svecanosti-in-druge-prireditve-v-letu-2017","status":"publish","type":"page","link":"https:\/\/www.pgd-loka.si\/?page_id=6459","title":{"rendered":"Sve\u010danosti in druge prireditve v letu 2017"},"content":{"rendered":"<p><strong>AKTIVNOSTI V OKTOBRU \u00bbMesecu varstva pred po\u017eari\u00ab<\/strong><\/p>\n<p>V oktobru, mesecu varstva pred po\u017eari, smo organizirali tretji gasilski dan v Loki, ki je potekal na \u0161portni plo\u0161\u010dadi. Program je zajemal prikaz ma\u0161\u010dobne in plinske eksplozije, preizkus razli\u010dnih ro\u010dnikov,\u00a0 predstavitev gasilskih vozil in opreme, predstavitev policijskega motorja in opreme ter prikaz temeljnih postopkov o\u017eivljanja ter prikaz defibrilatorja. Tu gre zahvala Prometni policijski postaji Ljubljana Brdo in policistu, na\u0161emu va\u0161\u010danu, Sandiju Sheikhi in gasilcu bolni\u010darju PGD Menge\u0161 Sandiju Zajcu za njun doprinos k zanimivosti programa. Na 6. Kolesarski dirki za pokal ob\u010dine Menge\u0161 smo nudili pomo\u010d pri redarski slu\u017ebi ter pregledali hidrante na obmo\u010dju Dobena, Jabelj in Loke. Sodelovali smo na tradicionalni prireditvi \u017div \u017dav pred Osnovno \u0161olo Menge\u0161 in na povabilo u\u010diteljev vseh petih razredov predstavili delo gasilcev in opremo. Sodelovali smo tudi na gasilski vaji v Filcu ob 20-letnici GZ Menge\u0161.<\/p>\n<p>V doma\u010di cerkvi Sv. Primo\u017ea in Felicijana smo v soboto, 21.10.2017, pripravili \u017ee tradicionalno sveto ma\u0161o za pokojne gasilce iz menge\u0161ke \u017eupnije, ki jo je daroval menge\u0161ki \u017eupnik Marko Ko\u0161ir in katere so se poleg nas udele\u017eili \u0161e gasilci iz Meng\u0161a, Topol in Trzina ter svojci in znanci pokojnih. Ob tej priliki bi se zahvalil pevski skupini R\u017e za petje pri ma\u0161i ter lo\u0161kim gospodinjam za vse nape\u010dene dobrote.<\/p>\n<p>Ob koncu meseca oktobra smo sodelovali tudi pri komemoraciji v Loki ob dnevu spomina na mrtve, ki so umrli v vojni.<\/p>\n<table border=\"1\">\n<tbody>\n<tr>\n<td width=\"124\">DATUM<\/td>\n<td width=\"602\">VRSTA AKTIVNOSTI<\/td>\n<\/tr>\n<tr>\n<td width=\"124\">01.10.2017<\/td>\n<td width=\"602\">Redarstvo na kolesarski dirki v Meng\u0161u<\/td>\n<\/tr>\n<tr>\n<td width=\"124\">05.10.2017<\/td>\n<td width=\"602\">Predstavitev gasilskega vozila in opreme v O\u0160 Menge\u0161<\/td>\n<\/tr>\n<tr>\n<td width=\"124\">05.10.2017<\/td>\n<td width=\"602\">\u017div \u017eav pri O\u0160 Menge\u0161<\/td>\n<\/tr>\n<tr>\n<td width=\"124\">07.10.2017<\/td>\n<td width=\"602\">Pregled hidrantov na Dobenu, Loki in Jabljah<\/td>\n<\/tr>\n<tr>\n<td width=\"124\">10.10.2017<\/td>\n<td width=\"602\">Predstavitev gasilcev in osebne opreme v O\u0160 Menge\u0161<\/td>\n<\/tr>\n<tr>\n<td width=\"124\">20.10.2017<\/td>\n<td width=\"602\">3. gasilski dan v Loki<\/td>\n<\/tr>\n<tr>\n<td width=\"124\">21.10.2017<\/td>\n<td width=\"602\">Gasilska ma\u0161a v Loki<\/td>\n<\/tr>\n<tr>\n<td width=\"124\">30.10.2017<\/td>\n<td width=\"602\">Mladinska delavnica \u2013 izrezovanje bu\u010d<\/td>\n<\/tr>\n<tr>\n<td width=\"124\">31.10.2017<\/td>\n<td width=\"602\">Komemoracija v Loki<\/td>\n<\/tr>\n<tr>\n<td width=\"124\">07.11.2017<\/td>\n<td width=\"602\">Gasilska vaja ob 20-letnici GZ Menge\u0161<\/td>\n<\/tr>\n<\/tbody>\n<\/table>\n<p><strong><br \/>\nOSTALE AKTIVNOSTI<\/strong><\/p>\n<p>V letu 2017 smo se udele\u017eili vseh ob\u010dnih zborov lo\u0161kih dru\u0161tev in sosednjih gasilskih dru\u0161tev, na petih (5) prireditvah smo nudili redarsko pomo\u010d ter organizirali nekaj \u010distilnih akcij predvsem v gasilskem domu in okolici. Ob tem gre \u0161e posebna zahvala \u010dlanicam, ki vsako leto temeljito o\u010distijo gasilski dom ter Slavcu in Brigiti, ki \u010dez celo leto skrbita za urejenost v domu in lep zunanji izgled doma z ro\u017eami. Poleg na\u0161tetega smo posekali in postavljali prvomajski mlaj v Meng\u0161u, se odzvali na povabila praznovanj jubilejev na\u0161ih \u010dlanov, predsednika  Roberta Ru\u010digaja (50 let), \u010dlanice Jelke Purnat (60 let), \u010dlana Mira Lobode (80 let), \u010dlana Janeza Stoparja (70 let), \u010dlana Jo\u017eeta Lapa (80 let), \u010dlana Janeza Galjota (80 let), \u010dlana Staneta Cimermana (50 let) ter na praznovanji okroglega jubileja 70-letnice PIGD Lek Menge\u0161 in 20-letnici GZ Menge\u0161. Odzvali smo se tudi povabilu na poroko na\u0161e aktivne operativne gasilke Tadeje Lukan in gasilca PGD Topole Toneta Kunstlja. V mesecu aprilu smo se udele\u017eili velike za\u0161\u010ditno re\u0161evalne vaje \u00bbDom\u017eale 2017\u00ab ter se udele\u017eili poslovilne ma\u0161e v gasilskih uniformah \u017eupnika Janeza Avsenika.<br \/>\nStarej\u0161i gasilci in gasilke so pomagali pri \u010distilnih akcijah, pri postavljanju mlajev in pomagali pri izvedbi tradicionalnega tekmovanja za pokal Loke. Prav lepo pa se jim zahvaljujem za vso udele\u017ebo na tekmovalnem podro\u010dju  in da se v lepem \u0161tevilu udele\u017eujejo raznih prireditev in slovesnosti v gasilski uniformi.<br \/>\nPrisotni smo bili na Florjanovi ma\u0161i v Trzinu in gasilski ma\u0161i v Meng\u0161u in Loki, starej\u0161i gasilci pa so se udele\u017eili sre\u010danj na nivoju GZ Menge\u0161 in regije Ljubljana III, mladina pa je letos letovala na morju v Novem Gradu na Hrva\u0161kem.<br \/>\nLani so v sodelovanju z dru\u0161tvi KD Antona Lobode in \u0160portnega dru\u0161tva  potekale tudi 2. Va\u0161ke igre in zelo lepo uspele. Udele\u017eenci smo se zelo zabavali ob igrah in tudi  hrane in pija\u010de ni manjkalo, zato je lahko vsakemu, ki se iger ni udele\u017eil, zelo \u017eal. Upam, da bo letos  ve\u010d obiska \u010dlanov na\u0161ega dru\u0161tva-da se vsaj odzovete povabilu in sodelujete v ekipi gasilcev.<\/p>\n","protected":false},"excerpt":{"rendered":"<p>AKTIVNOSTI V OKTOBRU \u00bbMesecu varstva pred po\u017eari\u00ab V oktobru, mesecu varstva pred po\u017eari, smo organizirali tretji gasilski dan v Loki, ki je potekal na \u0161portni plo\u0161\u010dadi. Program je zajemal prikaz ma\u0161\u010dobne in plinske eksplozije, preizkus razli\u010dnih ro\u010dnikov,\u00a0 predstavitev gasilskih vozil &hellip; <a href=\"https:\/\/www.pgd-loka.si\/?page_id=6459\">Beri naprej <span class=\"meta-nav\">&rarr;<\/span><\/a><\/p>\n","protected":false},"author":3,"featured_media":0,"parent":0,"menu_order":0,"comment_status":"closed","ping_status":"closed","template":"","meta":{"footnotes":""},"class_list":["post-6459","page","type-page","status-publish","hentry"],"_links":{"self":[{"href":"https:\/\/www.pgd-loka.si\/index.php?rest_route=\/wp\/v2\/pages\/6459","targetHints":{"allow":["GET"]}}],"collection":[{"href":"https:\/\/www.pgd-loka.si\/index.php?rest_route=\/wp\/v2\/pages"}],"about":[{"href":"https:\/\/www.pgd-loka.si\/index.php?rest_route=\/wp\/v2\/types\/page"}],"author":[{"embeddable":true,"href":"https:\/\/www.pgd-loka.si\/index.php?rest_route=\/wp\/v2\/users\/3"}],"replies":[{"embeddable":true,"href":"https:\/\/www.pgd-loka.si\/index.php?rest_route=%2Fwp%2Fv2%2Fcomments&post=6459"}],"version-history":[{"count":4,"href":"https:\/\/www.pgd-loka.si\/index.php?rest_route=\/wp\/v2\/pages\/6459\/revisions"}],"predecessor-version":[{"id":7533,"href":"https:\/\/www.pgd-loka.si\/index.php?rest_route=\/wp\/v2\/pages\/6459\/revisions\/7533"}],"wp:attachment":[{"href":"https:\/\/www.pgd-loka.si\/index.php?rest_route=%2Fwp%2Fv2%2Fmedia&parent=6459"}],"curies":[{"name":"wp","href":"https:\/\/api.w.org\/{rel}","templated":true}]}}