{"id":6457,"date":"2017-03-06T12:18:28","date_gmt":"2017-03-06T11:18:28","guid":{"rendered":"https:\/\/www.pgd-loka.si\/?page_id=6457"},"modified":"2017-03-06T12:52:53","modified_gmt":"2017-03-06T11:52:53","slug":"svecanosti-in-druge-prireditve-v-letu-2016","status":"publish","type":"page","link":"https:\/\/www.pgd-loka.si\/?page_id=6457","title":{"rendered":"Sve\u010danosti in druge prireditve v letu 2016"},"content":{"rendered":"<p><strong>AKTIVNOSTI V OKTOBRU \u00bbMesecu varstva pred po\u017eari\u00ab.<\/strong><\/p>\n<p>V oktobru, mesecu varstva pred po\u017eari, smo organizirali Drugi gasilski dan v Loki, ki je potekal na \u0161portni plo\u0161\u010dadi. Program je zajemal ga\u0161enje z ro\u010dnimi gasilniki, preizkus razli\u010dnih ro\u010dnikov,\u00a0 predstavitev gasilskih vozil in opreme ter predstavitev policijskega motorja in opreme. Tu gre zahvala Prometni policijski postaji Ljubljana Brdo in policistu, na\u0161emu va\u0161\u010danu, Sandiju Sheikhi za njegov doprinos k zanimivosti programa. Na 5. Kolesarski dirki za pokal ob\u010dine Menge\u0161 smo nudili pomo\u010d pri redarski slu\u017ebi ter pregledali hidrante na obmo\u010dju Dobena, Jabelj in Loke ter sodelovali na tradicionalni prireditvi \u017div \u017dav pred Osnovno \u0161olo Menge\u0161.<\/p>\n<p>V doma\u010di cerkvi Sv. Primo\u017ea in Felicijana smo v soboto, 22.10.2016, pripravili \u017ee tradicionalno sveto ma\u0161o za pokojne gasilce iz menge\u0161ke \u017eupnije, ki jo je daroval menge\u0161ki \u017eupnik Janez Avsenik in katere so se poleg nas udele\u017eili \u0161e gasilci iz Meng\u0161a, Topol, Trzina, in Jar\u0161-Rodice ter svojci in znanci pokojnih. Ob tej priliki bi se zahvalil pevski skupini R\u017e za petje pri ma\u0161i ter lo\u0161kim gospodinjam za vse nape\u010dene dobrote.<\/p>\n<p>Ob koncu meseca oktobra smo sodelovali tudi pri komemoraciji v Loki ob dnevu spomina na mrtve, ki so umrli v vojni.<\/p>\n<table border=\"1\">\n<tbody>\n<tr>\n<td width=\"99\"><strong>DATUM<\/strong><\/td>\n<td width=\"482\"><strong>VRSTA AKTIVNOSTI<\/strong><\/td>\n<\/tr>\n<tr>\n<td width=\"99\">02.10.2016<\/td>\n<td width=\"482\">Redarstvo na kolesarski dirki v Meng\u0161u<\/td>\n<\/tr>\n<tr>\n<td width=\"99\">04.10.2016<\/td>\n<td width=\"482\">\u017div \u017dav pred O\u0160 Menge\u0161<\/td>\n<\/tr>\n<tr>\n<td width=\"99\">08.10.2015<\/td>\n<td width=\"482\">Pregled hidrantov na Dobenu, Loki in Jabljah<\/td>\n<\/tr>\n<tr>\n<td width=\"99\">14.10.2016<\/td>\n<td width=\"482\">2. gasilski dan v Loki<\/td>\n<\/tr>\n<tr>\n<td width=\"99\">22.10.2016<\/td>\n<td width=\"482\">Gasilska ma\u0161a v Loki<\/td>\n<\/tr>\n<tr>\n<td width=\"99\">29.10.2016<\/td>\n<td width=\"482\">Temeljito \u010di\u0161\u010denje in priprava na zimo gasilskih vozil<\/td>\n<\/tr>\n<tr>\n<td width=\"99\">31.10.2016<\/td>\n<td width=\"482\">Komemoracija v Loki<\/td>\n<\/tr>\n<\/tbody>\n<\/table>\n<p><strong><br \/>\nOSTALE AKTIVNOSTI<\/strong><\/p>\n<p>V letu 2016 smo se udele\u017eili vseh ob\u010dnih zborov lo\u0161kih dru\u0161tev in sosednjih gasilskih dru\u0161tev, na petih (5) prireditvah smo nudili redarsko pomo\u010d, izvajali po\u017earno stra\u017eo na koncertu Menge\u0161ke godbe, organizirali nekaj \u010distilnih akcij predvsem v gasilskem domu in okolici. Ob tem gre \u0161e posebns zahvala \u010dlanicam, ki vsako leto temeljito o\u010distijo gasilski dom ter Slavcu in Brigiti, ki skrbita \u010dez celo leto za urejenost v domu in lep zunanji izgled doma z ro\u017eami. Poleg na\u0161tetega smo postavljali prvomajski mlaj v Meng\u0161u in mlaj ob praznovanju dveh zlatih ma\u0161 v Meng\u0161u, se odzvali na povabilo praznovanja jubileja na\u0161ega blagajnika Mira Dimca (50 let) ter na praznovanje okroglega jubileja 110-letnice PGD Trzin.<br \/>\nStarej\u0161i gasilci in gasilke so pomagali pri \u010distilnih akcijah, pri postavljanju mlajev in pomagali pri izvedbi tradicionalnega tekmovanja za pokal Loke. Prav lepo pa se jim zahvaljujem za vso udele\u017ebo na tekmovalnem podro\u010dju in da se v lepem \u0161tevilu udele\u017eujejo raznih prireditev v gasilski uniformi.<br \/>\nPrisotni smo bili na Florjanovi ma\u0161i v Trzinu in gasilski ma\u0161i v Meng\u0161u in Loki, starej\u0161i gasilci pa so se udele\u017eili sre\u010danj na nivoju GZ Menge\u0161 in regije Ljubljana III, mladina pa je letos letovala na morju v Novem Gradu na Hrva\u0161kem.<br \/>\nLani so v sodelovanju z dru\u0161tvi KD Antona Lobode in \u0160portnega dru\u0161tva potekale tudi 1. Va\u0161ke igre in zelo lepo uspele. Udele\u017eenci smo se zelo zabavali ob igrah in tudi hrane in pija\u010de ni manjkalo, zato je lahko vsakemu, ki se igre ni udele\u017eil zelo \u017eal. Upam, da bo letos \u0161e ve\u010d obiska va\u0161\u010danov in \u010dlanov vseh dru\u0161tev.<\/p>\n","protected":false},"excerpt":{"rendered":"<p>AKTIVNOSTI V OKTOBRU \u00bbMesecu varstva pred po\u017eari\u00ab. V oktobru, mesecu varstva pred po\u017eari, smo organizirali Drugi gasilski dan v Loki, ki je potekal na \u0161portni plo\u0161\u010dadi. Program je zajemal ga\u0161enje z ro\u010dnimi gasilniki, preizkus razli\u010dnih ro\u010dnikov,\u00a0 predstavitev gasilskih vozil in &hellip; <a href=\"https:\/\/www.pgd-loka.si\/?page_id=6457\">Beri naprej <span class=\"meta-nav\">&rarr;<\/span><\/a><\/p>\n","protected":false},"author":3,"featured_media":0,"parent":0,"menu_order":0,"comment_status":"closed","ping_status":"closed","template":"","meta":{"footnotes":""},"class_list":["post-6457","page","type-page","status-publish","hentry"],"_links":{"self":[{"href":"https:\/\/www.pgd-loka.si\/index.php?rest_route=\/wp\/v2\/pages\/6457","targetHints":{"allow":["GET"]}}],"collection":[{"href":"https:\/\/www.pgd-loka.si\/index.php?rest_route=\/wp\/v2\/pages"}],"about":[{"href":"https:\/\/www.pgd-loka.si\/index.php?rest_route=\/wp\/v2\/types\/page"}],"author":[{"embeddable":true,"href":"https:\/\/www.pgd-loka.si\/index.php?rest_route=\/wp\/v2\/users\/3"}],"replies":[{"embeddable":true,"href":"https:\/\/www.pgd-loka.si\/index.php?rest_route=%2Fwp%2Fv2%2Fcomments&post=6457"}],"version-history":[{"count":4,"href":"https:\/\/www.pgd-loka.si\/index.php?rest_route=\/wp\/v2\/pages\/6457\/revisions"}],"predecessor-version":[{"id":6485,"href":"https:\/\/www.pgd-loka.si\/index.php?rest_route=\/wp\/v2\/pages\/6457\/revisions\/6485"}],"wp:attachment":[{"href":"https:\/\/www.pgd-loka.si\/index.php?rest_route=%2Fwp%2Fv2%2Fmedia&parent=6457"}],"curies":[{"name":"wp","href":"https:\/\/api.w.org\/{rel}","templated":true}]}}