{"id":60,"date":"2012-03-01T18:53:05","date_gmt":"2012-03-01T18:53:05","guid":{"rendered":"http:\/\/localhost\/PGD%20Loka%204\/?page_id=60"},"modified":"2026-02-25T21:40:34","modified_gmt":"2026-02-25T20:40:34","slug":"intervencije","status":"publish","type":"page","link":"https:\/\/www.pgd-loka.si\/?page_id=60","title":{"rendered":"Intervencije"},"content":{"rendered":"<p>Operativne naloge gasilstva, kot obvezne lokalne javne slu\u017ebe, ki nam jih nalaga zakon o gasilstvu so:<\/p>\n<ul>\n<li>ga\u0161enje in re\u0161evanje ob po\u017earih,<\/li>\n<li>za\u0161\u010dita in re\u0161evanje oseb, \u017eivali, premo\u017eenja in okolja ob naravnih in drugih nesre\u010dah,<\/li>\n<li>tehni\u010dna in druga pomo\u010d ob po\u017earih, tehni\u010dnih in tehnolo\u0161kih nesre\u010dah ter<\/li>\n<li>druge splo\u0161ne re\u0161evalne naloge.<\/li>\n<\/ul>\n<p>Pregled intervencij po letih:<\/p>\n<ul class=\"povezave\">\n<li><a href=\"https:\/\/www.pgd-loka.si\/?page_id=12730\">Intervencije v letu 2026<\/a><\/li>\n<li><a href=\"https:\/\/www.pgd-loka.si\/?page_id=12144\">Intervencije v letu 2025<\/a><\/li>\n<li><a href=\"https:\/\/www.pgd-loka.si\/?page_id=11614\">Intervencije v letu 2024<\/a><\/li>\n<li><a href=\"https:\/\/www.pgd-loka.si\/index.php?page_id=11452\">Intervencije v letu 2023<\/a><\/li>\n<li><a href=\"https:\/\/www.pgd-loka.si\/index.php?page_id=10003\">Intervencije v letu 2022<\/a><\/li>\n<li><a href=\"https:\/\/www.pgd-loka.si\/index.php?page_id=9582\">Intervencije v letu 2021<\/a><\/li>\n<li><a href=\"https:\/\/www.pgd-loka.si\/index.php?page_id=9001\">Intervencije v letu 2020<\/a><\/li>\n<li><a href=\"https:\/\/www.pgd-loka.si\/index.php?page_id=8128\">Intervencije v letu 2019<\/a><\/li>\n<li><a href=\"https:\/\/www.pgd-loka.si\/index.php?page_id=7335\">Intervencije v letu 2018<\/a><\/li>\n<li><a href=\"https:\/\/www.pgd-loka.si\/index.php?page_id=6380\">Intervencije v letu 2017<\/a><\/li>\n<li><a href=\"https:\/\/www.pgd-loka.si\/index.php?page_id=5673\">Intervencije v letu 2016<\/a><\/li>\n<li><a href=\"https:\/\/www.pgd-loka.si\/index.php?page_id=4998\">Intervencije v letu 2015<\/a><\/li>\n<li><a href=\"https:\/\/www.pgd-loka.si\/index.php?page_id=4451\">Intervencije v letu 2014<\/a><\/li>\n<li><a href=\"https:\/\/www.pgd-loka.si\/index.php?page_id=3719\">Intervencije v letu 2013<\/a><\/li>\n<li><a href=\"https:\/\/www.pgd-loka.si\/index.php?page_id=2254\">Intervencije v letu 2012<\/a><\/li>\n<li><a href=\"https:\/\/www.pgd-loka.si\/index.php?page_id=769\">Intervencije v letu 2011<\/a><\/li>\n<li><a href=\"https:\/\/www.pgd-loka.si\/index.php?page_id=776\">Intervencije v letu 2010<\/a><\/li>\n<li><a href=\"https:\/\/www.pgd-loka.si\/index.php?page_id=786\">Intervencije v letu 2009<\/a><\/li>\n<li><a href=\"https:\/\/www.pgd-loka.si\/index.php?page_id=807\">Intervencije v letu 2008<\/a><\/li>\n<li><a href=\"https:\/\/www.pgd-loka.si\/index.php?page_id=814\">Intervencije v letu 2007<\/a><\/li>\n<\/ul>\n","protected":false},"excerpt":{"rendered":"<p>Operativne naloge gasilstva, kot obvezne lokalne javne slu\u017ebe, ki nam jih nalaga zakon o gasilstvu so: ga\u0161enje in re\u0161evanje ob po\u017earih, za\u0161\u010dita in re\u0161evanje oseb, \u017eivali, premo\u017eenja in okolja ob naravnih in drugih nesre\u010dah, tehni\u010dna in druga pomo\u010d ob po\u017earih, &hellip; <a href=\"https:\/\/www.pgd-loka.si\/?page_id=60\">Beri naprej <span class=\"meta-nav\">&rarr;<\/span><\/a><\/p>\n","protected":false},"author":3,"featured_media":0,"parent":0,"menu_order":0,"comment_status":"open","ping_status":"open","template":"","meta":{"footnotes":""},"class_list":["post-60","page","type-page","status-publish","hentry"],"_links":{"self":[{"href":"https:\/\/www.pgd-loka.si\/index.php?rest_route=\/wp\/v2\/pages\/60","targetHints":{"allow":["GET"]}}],"collection":[{"href":"https:\/\/www.pgd-loka.si\/index.php?rest_route=\/wp\/v2\/pages"}],"about":[{"href":"https:\/\/www.pgd-loka.si\/index.php?rest_route=\/wp\/v2\/types\/page"}],"author":[{"embeddable":true,"href":"https:\/\/www.pgd-loka.si\/index.php?rest_route=\/wp\/v2\/users\/3"}],"replies":[{"embeddable":true,"href":"https:\/\/www.pgd-loka.si\/index.php?rest_route=%2Fwp%2Fv2%2Fcomments&post=60"}],"version-history":[{"count":28,"href":"https:\/\/www.pgd-loka.si\/index.php?rest_route=\/wp\/v2\/pages\/60\/revisions"}],"predecessor-version":[{"id":12732,"href":"https:\/\/www.pgd-loka.si\/index.php?rest_route=\/wp\/v2\/pages\/60\/revisions\/12732"}],"wp:attachment":[{"href":"https:\/\/www.pgd-loka.si\/index.php?rest_route=%2Fwp%2Fv2%2Fmedia&parent=60"}],"curies":[{"name":"wp","href":"https:\/\/api.w.org\/{rel}","templated":true}]}}