{"id":58,"date":"2012-03-01T18:52:50","date_gmt":"2012-03-01T18:52:50","guid":{"rendered":"http:\/\/localhost\/PGD%20Loka%204\/?page_id=58"},"modified":"2025-02-13T17:21:42","modified_gmt":"2025-02-13T16:21:42","slug":"clani-drustva","status":"publish","type":"page","link":"https:\/\/www.pgd-loka.si\/?page_id=58","title":{"rendered":"\u010clani dru\u0161tva"},"content":{"rendered":"<table style=\"margin: 0px;\" border=\"1\" width=\"400\" cellspacing=\"0\" cellpadding=\"0\" align=\"center\">\n<tbody>\n<tr>\n<td width=\"209\"><\/td>\n<td style=\"text-align: center;\" width=\"64\"><strong>Mo\u0161ki<\/strong><\/td>\n<td style=\"text-align: center;\" width=\"64\"><strong>\u017denska<\/strong><\/td>\n<td style=\"text-align: center;\" width=\"64\"><strong>skupaj<\/strong><\/td>\n<\/tr>\n<tr>\n<td>pionir<\/td>\n<td style=\"text-align: center;\">20<\/td>\n<td style=\"text-align: center;\">8<\/td>\n<td style=\"text-align: center;\">28<\/td>\n<\/tr>\n<tr>\n<td>mladinec<\/td>\n<td style=\"text-align: center;\">9<\/td>\n<td style=\"text-align: center;\">2<\/td>\n<td style=\"text-align: center;\">11<\/td>\n<\/tr>\n<tr>\n<td>gasilec pripravnik<\/td>\n<td style=\"text-align: center;\">11<\/td>\n<td style=\"text-align: center;\">1<\/td>\n<td style=\"text-align: center;\">12<\/td>\n<\/tr>\n<tr>\n<td>operativni gasilec<\/td>\n<td style=\"text-align: center;\">24<\/td>\n<td style=\"text-align: center;\">3<\/td>\n<td style=\"text-align: center;\">27<\/td>\n<\/tr>\n<tr>\n<td>rezervni operativni gasilec<\/td>\n<td style=\"text-align: center;\">6<\/td>\n<td style=\"text-align: center;\">0<\/td>\n<td style=\"text-align: center;\">6<\/td>\n<\/tr>\n<tr>\n<td>\u010dlan gasilske organizacije<\/td>\n<td style=\"text-align: center;\">33<\/td>\n<td style=\"text-align: center;\">18<\/td>\n<td style=\"text-align: center;\">51<\/td>\n<\/tr>\n<tr>\n<td>veteran<\/td>\n<td style=\"text-align: center;\">16<\/td>\n<td style=\"text-align: center;\">15<\/td>\n<td style=\"text-align: center;\">31<\/td>\n<\/tr>\n<tr>\n<td><strong>skupaj<\/strong><\/td>\n<td style=\"text-align: center;\"><strong>119<\/strong><\/td>\n<td style=\"text-align: center;\"><strong>47<\/strong><\/td>\n<td style=\"text-align: center;\"><strong>166<\/strong><\/td>\n<\/tr>\n<\/tbody>\n<\/table>\n<p><em>* stanje \u010dlanstva na 31.12.2024<\/em><\/p>\n<p><strong>Priznanja iz ve\u010djih tekmovanj:<\/strong><\/p>\n<ul>\n<li>\u010clanice A so na Olimpijadi 1993 v Berlinu osvojile zlato medaljo<\/li>\n<li>Mladinci so na izbirnem dr\u017eavnem tekmovanju v letu 1995 v Postojni osvojili 2. mesto<\/li>\n<li>\u010clanice A so v tekmovanju za Pokal GZS v letu 1999 osvojile 2. mesto<\/li>\n<li>\u010clanice A so na dr\u017eavnem tekmovanju 2000 v Mariboru osvojile 2. mesto<\/li>\n<li>\u010clanice A so v tekmovanju za Pokal GZS v letu 2000 osvojile 2. mesto<\/li>\n<li>Pionirji so na dr\u017eavnem tekmovanju 2016 v Kopru osvojili 3. mesto<\/li>\n<\/ul>\n<p><strong>\u0160e nekaj vidnej\u0161ih rezultatov in podrobnej\u0161ih podatkov:<\/strong><\/p>\n<ul>\n<li>Dr\u017eavno tekmovanje Celje 1996 \/ \u010dlanice A &#8211; 9. mesto med 40 ekipami \/ mentor Robert Ru\u010digaj<\/li>\n<li>\u010clanice B &#8211; 9. mesto med 27 ekipami \/ mentor Jo\u017ee Brojan<\/li>\n<li>Dr\u017eavno tekmovanje Maribor 2000 \/ \u010dlanice A &#8211; 2. mesto \/ mentor Sebastjan Juhant<\/li>\n<li>\u010clanice B &#8211; 10. mesto \/ mentor Jo\u017ee Brojan<\/li>\n<li>Dr\u017eavno tekmovanje Ko\u010devje 2004 \/ starej\u0161e \u010dlanice &#8211; 14. mesto \/ mentor Robert Ru\u010digaj<\/li>\n<li>Dr\u017eavno orientacijsko tekmovanje \u010crni vrh nad Cerknim 2011 \/ mlaj\u0161e pionirke &#8211; 3. mesto \/ mentor Matic Sa\u0161ek<\/li>\n<li>Dr\u017eavno tekmovanje v kvizu Cerknica 2012 \/ pionirji &#8211; 2. mesto \/ mentor Bo\u0161tjan \u010cebulj<\/li>\n<li>Dr\u017eavno tekmovanje Dru\u0161tvo mladi gasilec \u010crnomelj 2013 \/ starej\u0161i u\u010denci &#8211; 3. mesto \/ mentor Robert Ru\u010digaj<\/li>\n<li>Dr\u017eavno orientacijsko tekmovanje Sv. Jurij ob \u0160\u010davnici 2013 \/ pionirji &#8211; 3. mesto \/ mentor Franc Malus<\/li>\n<li>Dr\u017eavno tekmovanje Dru\u0161tvo mladi gasilec \u0160entjernej 2015 \/ starej\u0161i u\u010denci &#8211; 1. mesto \/ mentor Robert Ru\u010digaj<\/li>\n<li>Dr\u017eavno tekmovanje Dru\u0161tvo mladi gasilec Kidri\u010devo 2016 \/ starej\u0161i u\u010denci &#8211; 2. mesto \/ mentor Domen Pirnat<\/li>\n<li>Dr\u017eavno tekmovanje Koper 2016 \/ starej\u0161e gasilke &#8211; 9. mesto \/ mentor Robert Ru\u010digaj<\/li>\n<li>Dr\u017eavno tekmovanje Koper 2016 \/ pionirji &#8211; 3. mesto \/ mentorji Robert Ru\u010digaj, Domen Pirnat in Bo\u0161tjan \u010cebulj<\/li>\n<li>Dr\u017eavno orientacijsko tekmovanje Gorica pri Slivnici 2017 \/ pionirji &#8211; 1. mesto \/ mentorja Robert Ru\u010digaj in Franc Malus<\/li>\n<li>Dr\u017eavno orientacijsko tekmovanje I\u0161ka vas 2022 \/ pionirji &#8211; 3. mesto \/ mentor Franc Malus<\/li>\n<li>Dr\u017eavno tekmovanje Gornja Radgona 2023 \/ starej\u0161e gasilke &#8211; 7. mesto \/ mentor Robert Ru\u010digaj<\/li>\n<li>Dr\u017eavno orientacijsko tekmovanje Medvedje Brdo 2024 \/ pripravniki &#8211; 3. mesto \/ mentor Miha Jeri\u010d<\/li>\n<\/ul>\n","protected":false},"excerpt":{"rendered":"<p>Mo\u0161ki \u017denska skupaj pionir 20 8 28 mladinec 9 2 11 gasilec pripravnik 11 1 12 operativni gasilec 24 3 27 rezervni operativni gasilec 6 0 6 \u010dlan gasilske organizacije 33 18 51 veteran 16 15 31 skupaj 119 47 &hellip; <a href=\"https:\/\/www.pgd-loka.si\/?page_id=58\">Beri naprej <span class=\"meta-nav\">&rarr;<\/span><\/a><\/p>\n","protected":false},"author":3,"featured_media":0,"parent":0,"menu_order":0,"comment_status":"open","ping_status":"open","template":"","meta":{"footnotes":""},"class_list":["post-58","page","type-page","status-publish","hentry"],"_links":{"self":[{"href":"https:\/\/www.pgd-loka.si\/index.php?rest_route=\/wp\/v2\/pages\/58","targetHints":{"allow":["GET"]}}],"collection":[{"href":"https:\/\/www.pgd-loka.si\/index.php?rest_route=\/wp\/v2\/pages"}],"about":[{"href":"https:\/\/www.pgd-loka.si\/index.php?rest_route=\/wp\/v2\/types\/page"}],"author":[{"embeddable":true,"href":"https:\/\/www.pgd-loka.si\/index.php?rest_route=\/wp\/v2\/users\/3"}],"replies":[{"embeddable":true,"href":"https:\/\/www.pgd-loka.si\/index.php?rest_route=%2Fwp%2Fv2%2Fcomments&post=58"}],"version-history":[{"count":74,"href":"https:\/\/www.pgd-loka.si\/index.php?rest_route=\/wp\/v2\/pages\/58\/revisions"}],"predecessor-version":[{"id":12198,"href":"https:\/\/www.pgd-loka.si\/index.php?rest_route=\/wp\/v2\/pages\/58\/revisions\/12198"}],"wp:attachment":[{"href":"https:\/\/www.pgd-loka.si\/index.php?rest_route=%2Fwp%2Fv2%2Fmedia&parent=58"}],"curies":[{"name":"wp","href":"https:\/\/api.w.org\/{rel}","templated":true}]}}