{"id":5680,"date":"2016-01-26T16:42:50","date_gmt":"2016-01-26T15:42:50","guid":{"rendered":"https:\/\/www.pgd-loka.si\/?page_id=5680"},"modified":"2016-03-06T12:36:44","modified_gmt":"2016-03-06T11:36:44","slug":"svecanosti-in-druge-prireditve-v-letu-2015","status":"publish","type":"page","link":"https:\/\/www.pgd-loka.si\/?page_id=5680","title":{"rendered":"Sve\u010danosti in druge prireditve v letu 2015"},"content":{"rendered":"<p><strong>AKTIVNOSTI V OKTOBRU \u00bbMesecu varstva pred po\u017eari\u00ab<\/strong><\/p>\n<p>V oktobru, mesecu varstva pred po\u017eari, smo organizirali prvi\u010d gasilski dan v Loki, ki je potekal na \u0161portni plo\u0161\u010dadi. Za ob\u010dane smo izvedli prikaz ma\u0161\u010dobne in plinske eksplozije ter ga\u0161enje z gasilniki. Operativni gasilci smo na koncu izvedli \u0161e gasilsko re\u0161evalno vajo na objekt-brunarico. Ker se je na gasilskem dnevu zbralo kar lepo \u0161tevilo ljudi (a malo manj na\u0161ih \u010dlanov), imamo v na\u010drtu naslednje leto ta dan \u0161e bolj popestriti z novimi sodelujo\u010dimi enotami. Udele\u017eili smo se dveh gasilsko re\u0161evalnih vaj dru\u0161tev PGD Trzin in PGD Moste. Na 4. Kolesarski dirki za pokal ob\u010dine Menge\u0161 smo nudili pomo\u010d pri redarski slu\u017ebi ter pregledali hidrante na obmo\u010dju Dobena, Jabelj in Loke.<\/p>\n<p>V doma\u010di cerkvi Sv. Primo\u017ea in Felicijana smo v soboto, 17.10.2015, pripravili \u017ee tradicionalno sveto ma\u0161o za pokojne gasilce iz menge\u0161ke \u017eupnije, ki jo je daroval duhovni pomo\u010dnik v Meng\u0161u \u0160tefan Babi\u010d in katere so se poleg nas udele\u017eili \u0161e gasilci iz Meng\u0161a, Topol, Trzina, Leka in Jar\u0161-Rodice ter svojci in znanci pokojnih. Ob tej priliki bi se zahvalil pevski skupini R\u017e za petje pri ma\u0161i ter lo\u0161kim gospodinjam za vse nape\u010dene dobrote.<\/p>\n<p>Ob koncu meseca oktobra smo sodelovali tudi pri komemoraciji v Loki ob dnevu spomina na mrtve, ki so umrli v vojni. V mesecu oktobru pa smo bili tudi gasilci iz Loke dobrodelni in prisko\u010dili na pomo\u010d Prostovoljnemu gasilskemu dru\u0161tvu Donji Mosti (Republika Hrva\u0161ka), ki je slovenske gasilce prosil za donacijo kakr\u0161nekoli opreme. Na\u0161e dru\u0161tvo je podarilo 5 kompletov za\u0161\u010ditnih intervencijskih oblek.<\/p>\n<table border=\"1\">\n<tbody>\n<tr>\n<td width=\"99\"><strong>DATUM<\/strong><\/td>\n<td width=\"482\"><strong>VRSTA AKTIVNOSTI<\/strong><\/td>\n<\/tr>\n<tr>\n<td width=\"99\">03.10.2015<\/td>\n<td width=\"482\">Pregled hidrantov po Loki in Jabljah<\/td>\n<\/tr>\n<tr>\n<td width=\"99\">04.10.2015<\/td>\n<td width=\"482\">Redarstvo na kolesarski dirki v Meng\u0161u<\/td>\n<\/tr>\n<tr>\n<td width=\"99\">09.10.2015<\/td>\n<td width=\"482\">Gasilski dan v Loki<\/td>\n<\/tr>\n<tr>\n<td width=\"99\">10.10.2015<\/td>\n<td width=\"482\">Gasilsko re\u0161evalna vaja Trzin 2015<\/td>\n<\/tr>\n<tr>\n<td width=\"99\">17.10.2015<\/td>\n<td width=\"482\">Gasilska ma\u0161a v Loki<\/td>\n<\/tr>\n<tr>\n<td width=\"99\">20.10.2015<\/td>\n<td width=\"482\">Pregled hidrantov na Dobenu<\/td>\n<\/tr>\n<tr>\n<td width=\"99\">30.10.2015<\/td>\n<td width=\"482\">Mladinska delavnica- izrezovanje bu\u010d<\/td>\n<\/tr>\n<tr>\n<td width=\"99\">31.10.2015<\/td>\n<td width=\"482\">Komemoracija v Loki<\/td>\n<\/tr>\n<tr>\n<td width=\"99\">25.11.2015<\/td>\n<td width=\"482\">Gasilsko re\u0161evalna vaja Lidl 2015<\/td>\n<\/tr>\n<\/tbody>\n<\/table>\n<p><strong><br \/>\nOSTALE AKTIVNOSTI<\/strong><\/p>\n<p>V letu 2015 smo se udele\u017eili vseh ob\u010dnih zborov lo\u0161kih dru\u0161tev in sosednjih gasilskih dru\u0161tev, na osmih (8) prireditvah smo nudili redarsko pomo\u010d, organizirali nekaj \u010distilnih akcij predvsem v gasilskem domu in okolici &#8211; \u0161e posebej zahvala \u010dlanicam, ki vsako leto temeljito o\u010distijo gasilski dom (okna, vrata, tla, itd) ter Slavcu in Brigiti, ki skrbita \u010dez celo leto za urejenost v domu in lep zunanji izgled doma z ro\u017eami, postavljali prvomajski mlaj v Meng\u0161u, se odzvali na povabilo praznovanja jubileja na\u0161ega \u010dlana Marka Jeri\u010da (70 let Marka Jeri\u010da) ter na praznovanje okroglega jubileja 90-letnice PGD \u0160inkov Turn (GZ Vodice).<br \/>\nStarej\u0161i gasilci in gasilke so pomagali pri \u010distilnih akcijah, pri postavljanju prvomajskega mlaja in pomagali pri izvedbi tradicionalnega tekmovanja za pokal Loke. Prav lepo pa se jim zahvaljujem za vso udele\u017ebo na tekmovalnem podro\u010dju in da se v lepem \u0161tevilu udele\u017eujejo raznih prireditev v gasilski uniformi.<br \/>\nPrisotni smo bili na Florjanovi ma\u0161i v Trzinu in gasilski ma\u0161i v Meng\u0161u in Loki, starej\u0161i gasilci pa so se udele\u017eili sre\u010danj na nivoju GZ Menge\u0161 in regije Ljubljana III v Gabrovki, mladina pa je letos letovala na morju na Debelem rti\u010du.<br \/>\nZa nekaj sprememb na voznem parku smo poskrbeli \u010dlani sami, saj smo tovorno vozilo malo olep\u0161ali in ga posodobili z novo LED razsvetljavo v orodnem delu vozila, namestili nove vzdr\u017eevalce akumulatorjev in uredili novo elektri\u010dno napeljavo ter montirali novo kamero skupaj z ekranov v kabini za vzvratno vo\u017enjo. Nadgradili smo tudi terensko vozilo z novo LED signalizacijo, da smo na intervencijskih vo\u017enjah bolj vidni na cesti.<br \/>\nV letu 2016 pa imamo tudi \u017ee na\u010drte za nove podvige in \u0161e nekaj sprememb v sami kabini tovornega vozila. Z lastnim delom privar\u010dujemo kak\u0161en evro v gasilski blagajni, katerega raje namenimo potem za nakup bolj\u0161e za\u0161\u010ditne opreme za operativne gasilce.<\/p>\n","protected":false},"excerpt":{"rendered":"<p>AKTIVNOSTI V OKTOBRU \u00bbMesecu varstva pred po\u017eari\u00ab V oktobru, mesecu varstva pred po\u017eari, smo organizirali prvi\u010d gasilski dan v Loki, ki je potekal na \u0161portni plo\u0161\u010dadi. Za ob\u010dane smo izvedli prikaz ma\u0161\u010dobne in plinske eksplozije ter ga\u0161enje z gasilniki. Operativni &hellip; <a href=\"https:\/\/www.pgd-loka.si\/?page_id=5680\">Beri naprej <span class=\"meta-nav\">&rarr;<\/span><\/a><\/p>\n","protected":false},"author":3,"featured_media":0,"parent":0,"menu_order":0,"comment_status":"closed","ping_status":"closed","template":"","meta":{"footnotes":""},"class_list":["post-5680","page","type-page","status-publish","hentry"],"_links":{"self":[{"href":"https:\/\/www.pgd-loka.si\/index.php?rest_route=\/wp\/v2\/pages\/5680","targetHints":{"allow":["GET"]}}],"collection":[{"href":"https:\/\/www.pgd-loka.si\/index.php?rest_route=\/wp\/v2\/pages"}],"about":[{"href":"https:\/\/www.pgd-loka.si\/index.php?rest_route=\/wp\/v2\/types\/page"}],"author":[{"embeddable":true,"href":"https:\/\/www.pgd-loka.si\/index.php?rest_route=\/wp\/v2\/users\/3"}],"replies":[{"embeddable":true,"href":"https:\/\/www.pgd-loka.si\/index.php?rest_route=%2Fwp%2Fv2%2Fcomments&post=5680"}],"version-history":[{"count":4,"href":"https:\/\/www.pgd-loka.si\/index.php?rest_route=\/wp\/v2\/pages\/5680\/revisions"}],"predecessor-version":[{"id":5757,"href":"https:\/\/www.pgd-loka.si\/index.php?rest_route=\/wp\/v2\/pages\/5680\/revisions\/5757"}],"wp:attachment":[{"href":"https:\/\/www.pgd-loka.si\/index.php?rest_route=%2Fwp%2Fv2%2Fmedia&parent=5680"}],"curies":[{"name":"wp","href":"https:\/\/api.w.org\/{rel}","templated":true}]}}