{"id":5677,"date":"2016-01-26T16:41:06","date_gmt":"2016-01-26T15:41:06","guid":{"rendered":"https:\/\/www.pgd-loka.si\/?page_id=5677"},"modified":"2017-03-06T12:57:06","modified_gmt":"2017-03-06T11:57:06","slug":"tekmovanja-v-letu-2015","status":"publish","type":"page","link":"https:\/\/www.pgd-loka.si\/?page_id=5677","title":{"rendered":"Tekmovanja v letu 2015"},"content":{"rendered":"<p><strong>POKAL \u00bbLOKA\u00ab<\/strong><\/p>\n<p>V soboto, 06.06.2015, smo organizirali \u017ee 28. gasilsko tekmovanje za pokal Loke in ob\u010dinsko tekmovanje GZ Menge\u0161, na katerem so se gasilci in gasilke pomerili v vaji z motorno brizgalno po pravilih CTIF in \u0161tafeti z ovirami. Tekmovanja sta se udele\u017eili 2 \u017eenski in 9 mo\u0161kih ekip. V konkurenci \u010dlanov za pokal Loke smo doma\u010di gasilci ekipa \u010dlanov A zasedli 4. mesto, ekipa \u010dlanov B pa 8. mesto. Na ob\u010dinskem tekmovanju smo doma\u010di gasilci v kategoriji \u010dlanov A zasedli 1. mesto in v kategoriji \u010dlanov B 2. mesto. <\/p>\n<p><strong>Tekmovanja<\/strong><\/p>\n<p>Na\u010din, kako ohranjati psihofizi\u010dno kondicijo in spretnosti rokovanja z gasilsko opremo, predstavljajo priprave ekip na tekmovanja in tekmovanja sama. Tudi na tem podro\u010dju smo bili v preteklem letu, zelo dejavni, kar je \u017ee stalnica na\u0161ega dru\u0161tva.<\/p>\n<p>Na\u0161e tekmovalne enote so opravile <strong>33<\/strong> nastopov na razli\u010dnih tekmovanjih in nivojih. V letu 2015 smo se poleg gasilsko-\u0161portnih disciplin udele\u017eili \u0161e tekmovanj v orientaciji, DMG in kvizov na nivoju GZ Menge\u0161, regije Ljubljane III in dr\u017eavnih tekmovanj. Na nivoju GZ Menge\u0161 smo opravili <strong>13<\/strong> nastopov, na nivoju regije LJ III <strong>15<\/strong> nastopov, na dr\u017eavnem nivoju <strong>3<\/strong> nastope ter za pokal Loke <strong>2<\/strong> nastopa. Na vseh nivojih smo zasedli skupaj kar <strong>\u0161tirinajst<\/strong> 1. mest, <strong>\u0161tiri<\/strong> 2. mesta in <strong>dve<\/strong> 3. mesti. Pohvalimo pa se lahko z dr\u017eavnimi prvaki v tekmovanju DMG (Dru\u0161tvo mladi gasilec) s tekmovalci starej\u0161e ekipe: Kajo Slabanja, Urbanom Ru\u010digajem in Matejem Mitrovi\u010dem, kateri so na zboru mladih prejeli tudi mladinska prizanja.<\/p>\n<table border=\"1\">\n<tbody>\n<tr>\n<td width=\"109\"><strong>DATUM<\/strong><\/td>\n<td width=\"113\"><strong>EKIPA<\/strong><\/td>\n<td width=\"274\"><strong>VRSTA TEKMOVANJA<\/strong><\/td>\n<td width=\"123\"><strong>UVRSTITEV<\/strong><\/td>\n<\/tr>\n<tr>\n<td width=\"109\">06.03.2015<\/td>\n<td width=\"113\">Pripravniki<\/td>\n<td width=\"274\">Ob\u010dinsko tekmovanje \u2013 kviz<\/td>\n<td width=\"123\">1. mesto<\/td>\n<\/tr>\n<tr>\n<td width=\"109\">07.03.2015<\/td>\n<td width=\"113\">Mladinci<\/td>\n<td width=\"274\">Ob\u010dinsko tekmovanje \u2013 kviz<\/td>\n<td width=\"123\">1. mesto<\/td>\n<\/tr>\n<tr>\n<td width=\"109\">07.03.2015<\/td>\n<td width=\"113\">Pionirji<\/td>\n<td width=\"274\">Ob\u010dinsko tekmovanje \u2013 kviz<\/td>\n<td width=\"123\">1. mesto<\/td>\n<\/tr>\n<tr>\n<td width=\"109\">21.03.2015<\/td>\n<td width=\"113\">Pionirji<\/td>\n<td width=\"274\">Regijsko tekmovanje \u2013 kviz<\/td>\n<td width=\"123\">5. mesto<\/td>\n<\/tr>\n<tr>\n<td width=\"109\">21.03.2015<\/td>\n<td width=\"113\">Mladinci<\/td>\n<td width=\"274\">Regijsko tekmovanje \u2013 kviz<\/td>\n<td width=\"123\">2. \u00a0 mesto<\/td>\n<\/tr>\n<tr>\n<td width=\"109\">21.03.2015<\/td>\n<td width=\"113\">Pripravniki<\/td>\n<td width=\"274\">Regijsko tekmovanje \u2013 kviz<\/td>\n<td width=\"123\">3. mesto<\/td>\n<\/tr>\n<tr>\n<td width=\"109\">28.03.2015<\/td>\n<td width=\"113\">Mladinci<\/td>\n<td width=\"274\">Dr\u017eavno tekmovanje \u2013 kviz<\/td>\n<td width=\"123\">15. mesto<\/td>\n<\/tr>\n<tr>\n<td width=\"109\">11.04.2015<\/td>\n<td width=\"113\">Mlaj\u0161i 1. ekipa<\/td>\n<td width=\"274\">Regijsko tekmovanje &#8211; DMG<\/td>\n<td width=\"123\">1. mesto<\/td>\n<\/tr>\n<tr>\n<td width=\"109\">11.04.2015<\/td>\n<td width=\"113\">Mlaj\u0161i 2. ekipa<\/td>\n<td width=\"274\">Regijsko tekmovanje &#8211; DMG<\/td>\n<td width=\"123\">12. mesto<\/td>\n<\/tr>\n<tr>\n<td width=\"109\">11.04.2015<\/td>\n<td width=\"113\">Starej\u0161i<\/td>\n<td width=\"274\">Regijsko tekmovanje &#8211; DMG<\/td>\n<td width=\"123\">1. mesto<\/td>\n<\/tr>\n<tr>\n<td width=\"109\">09.05.2015<\/td>\n<td width=\"113\">Pionirji 1. ekipa<\/td>\n<td width=\"274\">Ob\u010dinsko tekmovanje \u2013 orientacija<\/td>\n<td width=\"123\">1. mesto<\/td>\n<\/tr>\n<tr>\n<td width=\"109\">09.05.2015<\/td>\n<td width=\"113\">Pionirji 2. ekipa<\/td>\n<td width=\"274\">Ob\u010dinsko tekmovanje \u2013 orientacija<\/td>\n<td width=\"123\">2. mesto<\/td>\n<\/tr>\n<tr>\n<td width=\"109\">09.05.2015<\/td>\n<td width=\"113\">Mladinke<\/td>\n<td width=\"274\">Ob\u010dinsko tekmovanje \u2013 orientacija<\/td>\n<td width=\"123\">1. mesto<\/td>\n<\/tr>\n<tr>\n<td width=\"109\">09.05.2015<\/td>\n<td width=\"113\">Mladinci<\/td>\n<td width=\"274\">Ob\u010dinsko tekmovanje \u2013 orientacija<\/td>\n<td width=\"123\">1. mesto<\/td>\n<\/tr>\n<tr>\n<td width=\"109\">29.05.2015<\/td>\n<td width=\"113\">Starej\u0161e gasilke<\/td>\n<td width=\"274\">Ob\u010dinsko tekmovanje<\/td>\n<td width=\"123\">1. mesto<\/td>\n<\/tr>\n<tr>\n<td width=\"109\">29.05.2015<\/td>\n<td width=\"113\">Starej\u0161i gasilci<\/td>\n<td width=\"274\">Ob\u010dinsko tekmovanje<\/td>\n<td width=\"123\">3. mesto<\/td>\n<\/tr>\n<tr>\n<td width=\"109\">29.05.2015<\/td>\n<td width=\"113\">Pionirji<\/td>\n<td width=\"274\">Ob\u010dinsko tekmovanje<\/td>\n<td width=\"123\">1. mesto<\/td>\n<\/tr>\n<tr>\n<td width=\"109\">29.05.2015<\/td>\n<td width=\"113\">Mladinci<\/td>\n<td width=\"274\">Ob\u010dinsko tekmovanje<\/td>\n<td width=\"123\">1. mesto<\/td>\n<\/tr>\n<tr>\n<td width=\"109\">30.05.2015<\/td>\n<td width=\"113\">\u010clani<\/td>\n<td width=\"274\">Regijsko preverjanje PP<\/td>\n<td width=\"123\">9. mesto<\/td>\n<\/tr>\n<tr>\n<td width=\"109\">06.06.2015<\/td>\n<td width=\"113\">\u010clani A<\/td>\n<td width=\"274\">Tekmovanje \u2013 za pokal LOKE<\/td>\n<td width=\"123\">4. mesto<\/td>\n<\/tr>\n<tr>\n<td width=\"109\">06.06.2015<\/td>\n<td width=\"113\">\u010clani B<\/td>\n<td width=\"274\">Tekmovanje \u2013 za pokal LOKE<\/td>\n<td width=\"123\">8. mesto<\/td>\n<\/tr>\n<tr>\n<td width=\"109\">06.06.2015<\/td>\n<td width=\"113\">\u010clani A<\/td>\n<td width=\"274\">Ob\u010dinsko tekmovanje \u2013 \u010dlani \u2013 Loka<\/td>\n<td width=\"123\">1. mesto<\/td>\n<\/tr>\n<tr>\n<td width=\"109\">06.06.2015<\/td>\n<td width=\"113\">\u010clani B<\/td>\n<td width=\"274\">Ob\u010dinsko tekmovanje \u2013 \u010dlani \u2013 Loka<\/td>\n<td width=\"123\">2. mesto<\/td>\n<\/tr>\n<tr>\n<td width=\"109\">13.06.2015<\/td>\n<td width=\"113\">Pionirji 1. ekipa<\/td>\n<td width=\"274\">Regijsko tekmovanje \u2013 orientacija<\/td>\n<td width=\"123\">6. mesto<\/td>\n<\/tr>\n<tr>\n<td width=\"109\">13.06.2015<\/td>\n<td width=\"113\">Pionirji 2. ekipa<\/td>\n<td width=\"274\">Regijsko tekmovanje \u2013 orientacija<\/td>\n<td width=\"123\">12. mesto<\/td>\n<\/tr>\n<tr>\n<td width=\"109\">13.06.2015<\/td>\n<td width=\"113\">Mladinke<\/td>\n<td width=\"274\">Regijsko tekmovanje \u2013 orientacija<\/td>\n<td width=\"123\">16. mesto<\/td>\n<\/tr>\n<tr>\n<td width=\"109\">13.06.2015<\/td>\n<td width=\"113\">Mladinci<\/td>\n<td width=\"274\">Regijsko tekmovanje \u2013 orientacija<\/td>\n<td width=\"123\">5. mesto<\/td>\n<\/tr>\n<tr>\n<td width=\"109\">12.09.2015<\/td>\n<td width=\"113\">Starej\u0161e gasilke<\/td>\n<td width=\"274\">Regijsko tekmovanje<\/td>\n<td width=\"123\">2. mesto<\/td>\n<\/tr>\n<tr>\n<td width=\"109\">12.09.2015<\/td>\n<td width=\"113\">Starej\u0161i gasilci<\/td>\n<td width=\"274\">Regijsko tekmovanje<\/td>\n<td width=\"123\">21. mesto<\/td>\n<\/tr>\n<tr>\n<td width=\"109\">9.\u2013 10.10.2015<\/td>\n<td width=\"113\">Mlaj\u0161i<\/td>\n<td width=\"274\">Dr\u017eavno tekmovanje &#8211; DMG<\/td>\n<td width=\"123\">14. mesto<\/td>\n<\/tr>\n<tr>\n<td width=\"109\">9.\u2013 10.10.2015<\/td>\n<td width=\"113\">Starej\u0161i<\/td>\n<td width=\"274\">Dr\u017eavno tekmovanje &#8211; DMG<\/td>\n<td width=\"123\">1. mesto<\/td>\n<\/tr>\n<tr>\n<td width=\"109\">11.10.2015<\/td>\n<td width=\"113\">\u010clani B<\/td>\n<td width=\"274\">Regijsko tekmovanje<\/td>\n<td width=\"123\">8. mesto<\/td>\n<\/tr>\n<tr>\n<td width=\"109\">17.10.2015<\/td>\n<td width=\"113\">Pionirji<\/td>\n<td width=\"274\">Regijsko tekmovanje<\/td>\n<td width=\"123\">1. mesto<\/td>\n<\/tr>\n<\/tbody>\n<\/table>\n","protected":false},"excerpt":{"rendered":"<p>POKAL \u00bbLOKA\u00ab V soboto, 06.06.2015, smo organizirali \u017ee 28. gasilsko tekmovanje za pokal Loke in ob\u010dinsko tekmovanje GZ Menge\u0161, na katerem so se gasilci in gasilke pomerili v vaji z motorno brizgalno po pravilih CTIF in \u0161tafeti z ovirami. Tekmovanja &hellip; <a href=\"https:\/\/www.pgd-loka.si\/?page_id=5677\">Beri naprej <span class=\"meta-nav\">&rarr;<\/span><\/a><\/p>\n","protected":false},"author":3,"featured_media":0,"parent":0,"menu_order":0,"comment_status":"closed","ping_status":"closed","template":"","meta":{"footnotes":""},"class_list":["post-5677","page","type-page","status-publish","hentry"],"_links":{"self":[{"href":"https:\/\/www.pgd-loka.si\/index.php?rest_route=\/wp\/v2\/pages\/5677","targetHints":{"allow":["GET"]}}],"collection":[{"href":"https:\/\/www.pgd-loka.si\/index.php?rest_route=\/wp\/v2\/pages"}],"about":[{"href":"https:\/\/www.pgd-loka.si\/index.php?rest_route=\/wp\/v2\/types\/page"}],"author":[{"embeddable":true,"href":"https:\/\/www.pgd-loka.si\/index.php?rest_route=\/wp\/v2\/users\/3"}],"replies":[{"embeddable":true,"href":"https:\/\/www.pgd-loka.si\/index.php?rest_route=%2Fwp%2Fv2%2Fcomments&post=5677"}],"version-history":[{"count":3,"href":"https:\/\/www.pgd-loka.si\/index.php?rest_route=\/wp\/v2\/pages\/5677\/revisions"}],"predecessor-version":[{"id":6488,"href":"https:\/\/www.pgd-loka.si\/index.php?rest_route=\/wp\/v2\/pages\/5677\/revisions\/6488"}],"wp:attachment":[{"href":"https:\/\/www.pgd-loka.si\/index.php?rest_route=%2Fwp%2Fv2%2Fmedia&parent=5677"}],"curies":[{"name":"wp","href":"https:\/\/api.w.org\/{rel}","templated":true}]}}