{"id":51,"date":"2012-03-01T18:51:41","date_gmt":"2012-03-01T18:51:41","guid":{"rendered":"http:\/\/localhost\/PGD%20Loka%204\/?page_id=51"},"modified":"2025-02-05T18:05:03","modified_gmt":"2025-02-05T17:05:03","slug":"organiziranost","status":"publish","type":"page","link":"https:\/\/www.pgd-loka.si\/?page_id=51","title":{"rendered":"Organiziranost"},"content":{"rendered":"<div>\n<h4>Organi dru\u0161tva:<\/h4>\n<ul>\n<li>upravni odbor<\/li>\n<li>poveljstvo<\/li>\n<li>nadzorni odbor<\/li>\n<li>disciplinska komisija<\/li>\n<li>komisija za mladino<\/li>\n<li>komisija za \u010dlanice<\/li>\n<li>komisija za veterane<\/li>\n<\/ul>\n<h4>Prostor delovanja:<\/h4>\n<p>PGD Loka pri Meng\u0161u je gasilsko dru\u0161tvo I. kategorije, vklju\u010deno v Gasilsko zvezo Menge\u0161, regijo Ljubljana III, ter GZ Slovenije.<br \/>\nPGD Loka pri Meng\u0161u pokriva naselji Loka pri Meng\u0161u in Dobeno, deluje pa na\u00a0celotnem obmo\u010dju Ob\u010dine Menge\u0161 in \u0161ir\u0161e.<\/p>\n<h4 style=\"margin-bottom: 10px;\">Vodstvo danes:<\/h4>\n<table border=\"0\" cellspacing=\"0\" cellpadding=\"0\">\n<tbody>\n<tr>\n<td valign=\"top\" width=\"230\">\n<table border=\"0\" width=\"98%\" cellspacing=\"0\" cellpadding=\"0\">\n<tbody>\n<tr>\n<td><b>Upravni odbor:<\/b><\/p>\n<ul>\n<li><i>predsednik:<\/i><br \/>\nRobert RU\u010cIGAJ<\/li>\n<li><i>namestnica predsednika:<\/i><br \/>\nMarjana BROJAN<\/li>\n<li><i>poveljnik:<\/i><br \/>\nDomen PIRNAT<\/li>\n<li><i>tajnik:<\/i><br \/>\nUr\u0161a BRUMEC<\/li>\n<li><i>blagajnik: <\/i><br \/>\nMarjana BROJAN<\/li>\n<li><i>predsednica komisije za \u010dlanice:<\/i><br \/>\nKaja RU\u010cIGAJ<\/li>\n<li><i>predsednik komisije za veterane: <\/i><br \/>\nFranci URBANC<\/li>\n<li><i>predsednik komisije za mladino:<\/i><br \/>\nSa\u0161o JEN\u010cI\u010c<\/li>\n<li><i>predstavnik mladih:<\/i><br \/>\nMiha JERI\u010c<\/li>\n<\/ul>\n<p><strong>Poveljstvo:<\/strong><\/p>\n<ul>\n<li><i>poveljnik:<\/i><br \/>\nDomen PIRNAT<\/li>\n<li><i>namestnik poveljnika:<\/i><br \/>\nAndrej BROJAN<\/li>\n<li><i>podpoveljnik:<\/i><br \/>\nMiha JERI\u010c<\/li>\n<li><i>podpoveljnik:<\/i><br \/>\nAndrej BIZJAK<\/li>\n<li><i>\u010dlani poveljstva:<\/i><br \/>\nAn\u017ee KVEDER<br \/>\nBo\u0161tjan \u010cEBULJ<br \/>\nBranko URBANC<br \/>\nDavid BIZJAK<br \/>\nFranci SKOK<br \/>\nKaja RU\u010cIGAJ<br \/>\nSa\u0161o JEN\u010cI\u010c<\/li>\n<li><i>strojnik:<\/i><br \/>\nUrban RU\u010cIGAJ<\/li>\n<li><i>gospodar:<\/i><br \/>\nSlavko SEDELJ\u0160AK<\/li>\n<li><i>pomo\u010dnik gospodarja:<\/i><br \/>\nBo\u0161tjan PESRL<\/li>\n<\/ul>\n<\/td>\n<\/tr>\n<\/tbody>\n<\/table>\n<\/td>\n<td valign=\"top\" width=\"190\">\n<table border=\"0\" width=\"98%\" cellspacing=\"0\" cellpadding=\"0\">\n<tbody>\n<tr>\n<td><b>Nadzorni odbor:<\/b><\/p>\n<ul>\n<li>Miro URBANC<\/li>\n<li>Marija REPAN\u0160EK<\/li>\n<li>Franc LAGOJA (od leta 2023 do 2024)<\/li>\n<li>Betka STOPAR (od leta 2024)<\/li>\n<\/ul>\n<\/td>\n<\/tr>\n<\/tbody>\n<\/table>\n<\/td>\n<td valign=\"top\" width=\"190\">\n<table border=\"0\" width=\"98%\" cellspacing=\"0\" cellpadding=\"0\">\n<tbody>\n<tr>\n<td><b>Disciplinska komisija:<\/b><\/p>\n<ul>\n<li>Ur\u0161a BRUMEC<\/li>\n<li>Lucijan \u0160TEMPELJ<\/li>\n<li>Stane CIMERMAN<\/li>\n<li>Marjan REPAN\u0160EK<\/li>\n<li>Bla\u017e BURGAR<\/li>\n<\/ul>\n<\/td>\n<\/tr>\n<\/tbody>\n<\/table>\n<\/td>\n<\/tr>\n<\/tbody>\n<\/table>\n<\/div>\n","protected":false},"excerpt":{"rendered":"<p>Organi dru\u0161tva: upravni odbor poveljstvo nadzorni odbor disciplinska komisija komisija za mladino komisija za \u010dlanice komisija za veterane Prostor delovanja: PGD Loka pri Meng\u0161u je gasilsko dru\u0161tvo I. kategorije, vklju\u010deno v Gasilsko zvezo Menge\u0161, regijo Ljubljana III, ter GZ Slovenije. &hellip; <a href=\"https:\/\/www.pgd-loka.si\/?page_id=51\">Beri naprej <span class=\"meta-nav\">&rarr;<\/span><\/a><\/p>\n","protected":false},"author":3,"featured_media":0,"parent":0,"menu_order":0,"comment_status":"open","ping_status":"open","template":"","meta":{"footnotes":""},"class_list":["post-51","page","type-page","status-publish","hentry"],"_links":{"self":[{"href":"https:\/\/www.pgd-loka.si\/index.php?rest_route=\/wp\/v2\/pages\/51","targetHints":{"allow":["GET"]}}],"collection":[{"href":"https:\/\/www.pgd-loka.si\/index.php?rest_route=\/wp\/v2\/pages"}],"about":[{"href":"https:\/\/www.pgd-loka.si\/index.php?rest_route=\/wp\/v2\/types\/page"}],"author":[{"embeddable":true,"href":"https:\/\/www.pgd-loka.si\/index.php?rest_route=\/wp\/v2\/users\/3"}],"replies":[{"embeddable":true,"href":"https:\/\/www.pgd-loka.si\/index.php?rest_route=%2Fwp%2Fv2%2Fcomments&post=51"}],"version-history":[{"count":46,"href":"https:\/\/www.pgd-loka.si\/index.php?rest_route=\/wp\/v2\/pages\/51\/revisions"}],"predecessor-version":[{"id":12153,"href":"https:\/\/www.pgd-loka.si\/index.php?rest_route=\/wp\/v2\/pages\/51\/revisions\/12153"}],"wp:attachment":[{"href":"https:\/\/www.pgd-loka.si\/index.php?rest_route=%2Fwp%2Fv2%2Fmedia&parent=51"}],"curies":[{"name":"wp","href":"https:\/\/api.w.org\/{rel}","templated":true}]}}