{"id":5005,"date":"2015-01-26T18:34:00","date_gmt":"2015-01-26T17:34:00","guid":{"rendered":"https:\/\/www.pgd-loka.si\/?page_id=5005"},"modified":"2015-05-24T13:15:33","modified_gmt":"2015-05-24T11:15:33","slug":"tekmovanja-v-letu-2014","status":"publish","type":"page","link":"https:\/\/www.pgd-loka.si\/?page_id=5005","title":{"rendered":"Tekmovanja v letu 2014"},"content":{"rendered":"<p>Na\u010din, kako ohranjati psihofizi\u010dno kondicijo in spretnosti rokovanja z gasilsko opremo, predstavljajo priprave ekip na tekmovanja in tekmovanja sama.<\/p>\n<p><strong>Pokal \u00bbLOKA\u00ab<\/strong><\/p>\n<p>V soboto, 07.06.2014, smo organizirali \u017ee 27. gasilsko tekmovanje za pokal Loke in ob\u010dinsko tekmovanje GZ Menge\u0161, na katerem so se gasilci in gasilke pomerili v vaji z motorno brizgalno po pravilih CTIF in \u0161tafeti brez ovir. Tekmovanja sta se udele\u017eili 2 \u017eenski in 5 mo\u0161kih ekip. V konkurenci \u010dlanov za pokal Loke smo doma\u010di gasilci ekipa \u010dlanov B zasedli 2. mesto, ekipa \u010dlanov A pa 4. Mesto. Na ob\u010dinskem tekmovanju smo doma\u010di gasilci v kategoriji \u010dlanov A zasedli 2. mesto in v kategoriji \u010dlanov B 1. mesto. <\/p>\n<p><strong>Tekmovanja<\/strong><\/p>\n<p>Na\u0161e tekmovalne enote so opravile <strong>29<\/strong> nastopov na razli\u010dnih tekmovanjih in nivojih. V letu 2014 smo se poleg gasilsko-\u0161portnih disciplin udele\u017eili \u0161e tekmovanj v orientaciji, DMG in kvizov na nivoju GZ Menge\u0161, regije Ljubljane III in dr\u017eavnih tekmovanj ter sre\u010danje mladine v organizaciji regije Ljubljana III. Na nivoju GZ Menge\u0161 smo opravili <strong>15<\/strong> nastopov, na nivoju regije LJ III <strong>8<\/strong> nastopov, na dr\u017eavnem nivoju <strong>4<\/strong> nastopi ter za pokal Loke <strong>2<\/strong> nastopa. Na vseh nivojih smo zasedli skupaj <strong>sedem<\/strong> 1. mest, <strong>sedem<\/strong> 2. mest in <strong>dve<\/strong> 3. mesti, ostala so bila ni\u017eja mesta.<\/p>\n<table border=\"1\">\n<tbody>\n<tr>\n<td width=\"90\"><strong>DATUM<\/strong><\/td>\n<td width=\"132\"><strong>EKIPA<\/strong><\/td>\n<td width=\"274\"><strong>VRSTA TEKMOVANJA<\/strong><\/td>\n<td width=\"123\"><strong>UVRSTITEV<\/strong><\/td>\n<\/tr>\n<tr>\n<td width=\"90\">29.03.2014<\/td>\n<td width=\"132\">Mlaj\u0161i<\/td>\n<td width=\"274\">Regijsko tekmovanje \u2013 DMG<\/td>\n<td width=\"123\">5. mesto<\/td>\n<\/tr>\n<tr>\n<td width=\"90\">29.03.2014<\/td>\n<td width=\"132\">Starej\u0161i<\/td>\n<td width=\"274\">Regijsko tekmovanje \u2013 DMG<\/td>\n<td width=\"123\">4. mesto<\/td>\n<\/tr>\n<tr>\n<td width=\"90\">04.04.2014<\/td>\n<td width=\"132\">Pripravniki<\/td>\n<td width=\"274\">Ob\u010dinsko tekmovanje \u2013 kviz<\/td>\n<td width=\"123\">1. mesto<\/td>\n<\/tr>\n<tr>\n<td width=\"90\">05.04.2014<\/td>\n<td width=\"132\">Mladinci<\/td>\n<td width=\"274\">Ob\u010dinsko tekmovanje \u2013 kviz<\/td>\n<td width=\"123\">1. mesto<\/td>\n<\/tr>\n<tr>\n<td width=\"90\">05.04.2014<\/td>\n<td width=\"132\">Pionirji<\/td>\n<td width=\"274\">Ob\u010dinsko tekmovanje \u2013 kviz<\/td>\n<td width=\"123\">2. mesto<\/td>\n<\/tr>\n<tr>\n<td width=\"90\">09.05.2014<\/td>\n<td width=\"132\">Starej\u0161e gasilke<\/td>\n<td width=\"274\">Ob\u010dinsko tekmovanje<\/td>\n<td width=\"123\">2. mesto<\/td>\n<\/tr>\n<tr>\n<td width=\"90\">09.05.2014<\/td>\n<td width=\"132\">Starej\u0161i gasilci<\/td>\n<td width=\"274\">Ob\u010dinsko tekmovanje<\/td>\n<td width=\"123\">3. mesto<\/td>\n<\/tr>\n<tr>\n<td width=\"90\">09.05.2014<\/td>\n<td width=\"132\">Pionirji<\/td>\n<td width=\"274\">Ob\u010dinsko tekmovanje \u2013 M. Haceta<\/td>\n<td width=\"123\">2. mesto<\/td>\n<\/tr>\n<tr>\n<td width=\"90\">09.05.2014<\/td>\n<td width=\"132\">Mladinci<\/td>\n<td width=\"274\">Ob\u010dinsko tekmovanje \u2013 M. Haceta<\/td>\n<td width=\"123\">2. mesto<\/td>\n<\/tr>\n<tr>\n<td width=\"90\">11.05.2014<\/td>\n<td width=\"132\">Pionirji<\/td>\n<td width=\"274\">Ob\u010dinsko tekmovanje \u2013 orientacija<\/td>\n<td width=\"123\">3. mesto<br \/>\n4. mesto<br \/>\n6. mesto<\/td>\n<\/tr>\n<tr>\n<td width=\"90\">11.05.2014<\/td>\n<td width=\"132\">Mladinke<\/td>\n<td width=\"274\">Ob\u010dinsko tekmovanje \u2013 orientacija<\/td>\n<td width=\"123\">2. mesto<\/td>\n<\/tr>\n<tr>\n<td width=\"90\">11.05.2014<\/td>\n<td width=\"132\">Mladinci<\/td>\n<td width=\"274\">Ob\u010dinsko tekmovanje \u2013 orientacija<\/td>\n<td width=\"123\">1. mesto<\/td>\n<\/tr>\n<tr>\n<td width=\"90\">11.05.2014<\/td>\n<td width=\"132\">Pripravniki<\/td>\n<td width=\"274\">Ob\u010dinsko tekmovanje \u2013 orientacija<\/td>\n<td width=\"123\">1. mesto<\/td>\n<\/tr>\n<tr>\n<td width=\"90\">17.05.2014<\/td>\n<td width=\"132\">Pionirji<\/td>\n<td width=\"274\">Dr\u017eavno tekmovanje \u2013 M . Haceta<\/td>\n<td width=\"123\">31. mesto<\/td>\n<\/tr>\n<tr>\n<td width=\"90\">17.05.2014<\/td>\n<td width=\"132\">Mladinci<\/td>\n<td width=\"274\">Dr\u017eavno tekmovanje \u2013 M . Haceta<\/td>\n<td width=\"123\">48. mesto<\/td>\n<\/tr>\n<tr>\n<td width=\"90\">24.05.2014<\/td>\n<td width=\"132\">Mladinke<\/td>\n<td width=\"274\">Regijsko tekmovanje &#8211; orientacija<\/td>\n<td width=\"123\">1. mesto<\/td>\n<\/tr>\n<tr>\n<td width=\"90\">24.05.2014<\/td>\n<td width=\"132\">Mladinci<\/td>\n<td width=\"274\">Regijsko tekmovanje &#8211; orientacija<\/td>\n<td width=\"123\">1. mesto<\/td>\n<\/tr>\n<tr>\n<td width=\"90\">24.05.2014<\/td>\n<td width=\"132\">Pripravniki<\/td>\n<td width=\"274\">Regijsko tekmovanje &#8211; orientacija<\/td>\n<td width=\"123\">6. mesto<\/td>\n<\/tr>\n<tr>\n<td width=\"90\">07.06.2014<\/td>\n<td width=\"132\">\u010clani A<\/td>\n<td width=\"274\">Tekmovanje \u2013 za pokal LOKE<\/td>\n<td width=\"123\">4. mesto<\/td>\n<\/tr>\n<tr>\n<td width=\"90\">07.06.2014<\/td>\n<td width=\"132\">\u010clani B<\/td>\n<td width=\"274\">Tekmovanje \u2013 za pokal LOKE<\/td>\n<td width=\"123\">2. mesto<\/td>\n<\/tr>\n<tr>\n<td width=\"90\">07.06.2014<\/td>\n<td width=\"132\">\u010clani A<\/td>\n<td width=\"274\">Ob\u010dinsko tekmovanje \u2013 \u010dlani \u2013 Loka<\/td>\n<td width=\"123\">2. mesto<\/td>\n<\/tr>\n<tr>\n<td width=\"90\">07.06.2014<\/td>\n<td width=\"132\">\u010clani B<\/td>\n<td width=\"274\">Ob\u010dinsko tekmovanje \u2013 \u010dlani \u2013 Loka<\/td>\n<td width=\"123\">1. mesto<\/td>\n<\/tr>\n<tr>\n<td width=\"90\">13.09.2014<\/td>\n<td width=\"132\">Mladinke<\/td>\n<td width=\"274\">Dr\u017eavno tekmovanje \u2013 orientacija<\/td>\n<td width=\"123\">5. mesto<\/td>\n<\/tr>\n<tr>\n<td width=\"90\">13.09.2014<\/td>\n<td width=\"132\">Mladinci<\/td>\n<td width=\"274\">Dr\u017eavno tekmovanje \u2013 orientacija<\/td>\n<td width=\"123\">8. mesto<\/td>\n<\/tr>\n<tr>\n<td width=\"90\">15.11.2014<\/td>\n<td width=\"132\">Pionirji<\/td>\n<td width=\"274\">Regijsko tekmovanje \u2013 kviz<\/td>\n<td width=\"123\">13. mesto<\/td>\n<\/tr>\n<tr>\n<td width=\"90\">15.11.2014<\/td>\n<td width=\"132\">Mladinci<\/td>\n<td width=\"274\">Regijsko tekmovanje \u2013 kviz<\/td>\n<td width=\"123\">6. mesto<\/td>\n<\/tr>\n<tr>\n<td width=\"90\">15.11.2014<\/td>\n<td width=\"132\">Pripravniki<\/td>\n<td width=\"274\">Regijsko tekmovanje \u2013 kviz<\/td>\n<td width=\"123\">4. mesto<\/td>\n<\/tr>\n<\/tbody>\n<\/table>\n","protected":false},"excerpt":{"rendered":"<p>Na\u010din, kako ohranjati psihofizi\u010dno kondicijo in spretnosti rokovanja z gasilsko opremo, predstavljajo priprave ekip na tekmovanja in tekmovanja sama. Pokal \u00bbLOKA\u00ab V soboto, 07.06.2014, smo organizirali \u017ee 27. gasilsko tekmovanje za pokal Loke in ob\u010dinsko tekmovanje GZ Menge\u0161, na katerem &hellip; <a href=\"https:\/\/www.pgd-loka.si\/?page_id=5005\">Beri naprej <span class=\"meta-nav\">&rarr;<\/span><\/a><\/p>\n","protected":false},"author":3,"featured_media":0,"parent":0,"menu_order":0,"comment_status":"closed","ping_status":"closed","template":"","meta":{"footnotes":""},"class_list":["post-5005","page","type-page","status-publish","hentry"],"_links":{"self":[{"href":"https:\/\/www.pgd-loka.si\/index.php?rest_route=\/wp\/v2\/pages\/5005","targetHints":{"allow":["GET"]}}],"collection":[{"href":"https:\/\/www.pgd-loka.si\/index.php?rest_route=\/wp\/v2\/pages"}],"about":[{"href":"https:\/\/www.pgd-loka.si\/index.php?rest_route=\/wp\/v2\/types\/page"}],"author":[{"embeddable":true,"href":"https:\/\/www.pgd-loka.si\/index.php?rest_route=\/wp\/v2\/users\/3"}],"replies":[{"embeddable":true,"href":"https:\/\/www.pgd-loka.si\/index.php?rest_route=%2Fwp%2Fv2%2Fcomments&post=5005"}],"version-history":[{"count":8,"href":"https:\/\/www.pgd-loka.si\/index.php?rest_route=\/wp\/v2\/pages\/5005\/revisions"}],"predecessor-version":[{"id":5203,"href":"https:\/\/www.pgd-loka.si\/index.php?rest_route=\/wp\/v2\/pages\/5005\/revisions\/5203"}],"wp:attachment":[{"href":"https:\/\/www.pgd-loka.si\/index.php?rest_route=%2Fwp%2Fv2%2Fmedia&parent=5005"}],"curies":[{"name":"wp","href":"https:\/\/api.w.org\/{rel}","templated":true}]}}