{"id":4998,"date":"2015-01-26T18:21:52","date_gmt":"2015-01-26T17:21:52","guid":{"rendered":"https:\/\/www.pgd-loka.si\/?page_id=4998"},"modified":"2016-03-06T12:20:06","modified_gmt":"2016-03-06T11:20:06","slug":"intervencije-v-letu-2015","status":"publish","type":"page","link":"https:\/\/www.pgd-loka.si\/?page_id=4998","title":{"rendered":"Intervencije v letu 2015"},"content":{"rendered":"<p>Po zbranih podatkih iz seznama intervencij smo gasilci v letu 2015 posredovali v  \u0161estindvajsetih (26) primerih. \u0160estnajst (16) je bilo tehni\u010dnih intervencij (1x odstranjevanje posledic neurja\/vetrolom, 1x \u010drpanje vode \u2013 stanovanjski objekt, 4x prometna nesre\u010da, 4x pomo\u010d re\u0161evalcem ali policistom, 1x re\u0161evanje \u017eivali, 2x onesna\u017eeno cesti\u0161\u010de, 1x izvlek vozila, 1x odvr\u017eena nevarna snov, 1x letalska nesre\u010da), desetkrat (10x) pa smo posredovali pri po\u017earih (2x dimni\u0161ki po\u017ear, 3x stanovanjski po\u017ear, 1x po\u017ear v industrijskem objektu, 3x po\u017ear osebnega vozila in 1x po\u017ear tovornih vozil).<\/p>\n<ul>\n<li>Datum in ura:<br \/>\n<strong>3.12.2015<\/strong>, 19:03 (do 5.12.2015)<\/li>\n<li>Opis:<br \/>\nPoziv ReCO: <b>Na obmo\u010dju Meng\u0161a strmoglavilo mamj\u0161e letalo<\/b><br \/>\nPreko ReCO smo bili obve\u0161\u010deni, da je na obmo\u010dju Meng\u0161a strmoglavilo manj\u0161e letalo. Izvozili smo s tremi vozili (GVC 16\/25, GVGP-1 in GVM-1), ter 13 \u010dlansko posadko. Skupaj s kolegi iz PGD Kamnik, Topole in Menge\u0161, GZ Vodice, GZ Komenda, policije, GRS Kamnik, vodniki psov za iskanje pogre\u0161anih oseb SIP KZS skupina-1, DVRPS Ljubljana 1 in 2, kriminalisti, preiskovalcem letalskih nesre\u010d ter NMP Dom\u017eale, smo pri\u010deli z iskalno akcijo letala in pilota. Iskanje je ote\u017eevala tema in mo\u010dna megla. Letalo in pilot, ki nesre\u010de \u017eal ni pre\u017eivel, sta bila najdena okoli 21. ure. V gasilski dom so se zadnji gasilci vrnili ob 2. uri zjutraj.<br \/>\nV petek, 4. 12. 2015 smo ob 13:03 izvozili z GVGP-1 in 4 \u010dlansko posadko. Od\u0161li smo odstranjevati ve\u010dje in te\u017eje dele letala, ki so ostala v kro\u0161njah dreves, s pomo\u010djo vrvne tehnike. V gasilski dom smo se vrnili ob 18:30.<br \/>\nV soboto, 5. 12. 2015 smo ob 8:40 izvozili z GVGP-1 in 6 \u010dlansko posadko. Pomagali smo pri pospravljanju in transportu delov letala v dolino, od koder so bili s traktorjem odpeljani do ceste, kjer so bili nalo\u017eeni na tovorno vozilo, ki je v spremstvu preiskovalcev in kriminalistov odpeljal v prostore za nadalnjo analizo in preiskavo. V gasilski dom smo se vrnili ob 14. uri.<\/li>\n<li>Sodelujo\u010de enote: PGD Loka pri Meng\u0161u, PGD Kamnik, PGD Topole, PGD Menge\u0161, GZ Vodice, GZ Komenda, policija, GRS Kamnik, vodniki psov za iskanje pogre\u0161anih oseb SIP KZS skupina-1, DVRPS Ljubljana 1 in 2, kriminalisti, preiskovalci letalskih nesre\u010d in NMP Dom\u017eale<\/li>\n<li>\u0160t. gasilcev PGD Loka in vozila:<br \/>\n15 gasilcev; GVC 16\/25, GVGP-1, GVM-1<\/li>\n<\/ul>\n<hr \/>\n<ul>\n<li>Datum in ura:<br \/>\n<strong>2.12.2015<\/strong>, 14:30<\/li>\n<li>Opis:<br \/>\nKlic ob\u010dana: <b>Voda v kleti, ob\u010dan prosi za pomo\u010d pri \u010drpanju<\/b><br \/>\nOb\u010dan nas je okrog 14:30 ure prosil za pomo\u010d pri \u010drpanju vode iz poplavljene kleti. Na kraju smo med \u010drpanjem ugotovili, da pu\u0161\u010da cev, zato smo ventil za to vejo zaprli ter iz\u010drpali okoli 10 m3 vode. Intervencija je bila zaklju\u010dena ob 15:30.<\/li>\n<li>Sodelujo\u010de enote: PGD Loka pri Meng\u0161u<\/li>\n<li>\u0160t. gasilcev PGD Loka in vozila:<br \/>\n4 gasilci; GVM-1<\/li>\n<\/ul>\n<hr \/>\n<ul>\n<li>Datum in ura:<br \/>\n<strong>21.11.2015<\/strong>, 8:58<\/li>\n<li>Opis:<br \/>\nPoziv ReCO: <strong>Prometna nesre\u010da, kri\u017ei\u0161\u010de pri Tu\u0161u v Meng\u0161u<\/strong><br \/>\nPreko ReCO LJ, smo bili obve\u0161\u010deni, da se je v kri\u017ei\u0161\u010du pri trgovskem centru Tu\u0161 v Meng\u0161u zgodila prometna nesre\u010da v kateri sta bili udele\u017eeni osebni vozili in da je ena oseba po\u0161kodovana. Ker smo se 4 gasilci nahajali v bli\u017eini gasilskega doma v Loki smo takoj izvozili z vozilom GVC 16\/25 na kraj intervencije. Ob prihodu na kraj nesre\u010de smo opazili, da v vozilu \u017ee nudi prvo pomo\u010d po\u0161kodovani osebi gasilec PGD Menge\u0161, ki se je ob \u010dasu trka nahajal v trgovskem centru. Skupaj z gasilci PGD Menge\u0161 in PGD Kamnik smo zavarovali kraj prometne nesre\u010de, odklopili akumulator, s tehni\u010dnim posegom re\u0161ili po\u0161kodovano osebo iz vozila, usmerjali promet ter pomagali nalo\u017eiti vozilo na vozilo vle\u010dne slu\u017ebe. Po\u0161kodovano osebo so prevzeli re\u0161evalci NMP Dom\u017eale. Na kraju je bila tudi policija PP Ljubljana.<\/li>\n<li>Sodelujo\u010de enote: PGD Loka pri Meng\u0161u, PGD Kamnik, PGD Menge\u0161, NMP Dom\u017eale, PP Ljubljana<\/li>\n<li>\u0160t. gasilcev PGD Loka in vozila:<br \/>\n2 gasilca; GVC 16\/25<\/li>\n<li><strong><a href=\"https:\/\/www.pgd-loka.si\/gallery\/thumbnails.php?album=467\" target=\"&quot;_blank\">SLIKE<\/a><\/strong><\/li>\n<\/ul>\n<hr \/>\n<ul>\n<li>Datum in ura:<br \/>\n<strong>6.11.2015<\/strong>, 13:28<\/li>\n<li>Opis:<br \/>\nPoziv ReCO: <strong>Menge\u0161, Gorenjska cesta 20, prometna<\/strong><br \/>\nV bli\u017eini naslova Gorenjska cesta 20, se je zgodila prometna nesre\u010da med kolesarjem in tovornim vozilom. Ker sta bila 2 na\u0161a operativna \u010dlana s specialnostjo bolni\u010dar v bli\u017eini kraja dogodka, sta se opravila nuditi prvo pomo\u010d. Ob prihodu na kraj je ponesre\u010dencu pomagal \u017ee operativni gasilec iz PGD Srednja Vas. Nato smo skupaj z gasilci PGD Menge\u0161 in PGD Kamnik, ter re\u0161evalci iz NMP Dom\u017eale po\u0161kodovanca imbolizirali. Po\u0161kodovanca so prevzeli NMP Dom\u017eale in ga prepeljali v UKC Ljubljana. Na kraju so bili prisotni tudi policisti.<\/li>\n<li>Sodelujo\u010de enote: PGD Loka pri Meng\u0161u, PGD Kamnik, PGD Menge\u0161, NMP Dom\u017eale, policisti<\/li>\n<li>\u0160t. gasilcev PGD Loka in vozila:<br \/>\n2 gasilca<\/li>\n<\/ul>\n<hr \/>\n<ul>\n<li>Datum in ura:<br \/>\n<strong>9.9.2015<\/strong>, 17:40<\/li>\n<li>Opis:<br \/>\nPoziv ASK: <strong>Prometna nesre\u010da na kri\u017ei\u0161\u010du pri Mu\u0161i\u010du<\/strong><br \/>\nOb 17:40 smo bili preko ASK sistema obve\u0161\u010deni o prometni nesre\u010di v Loki na kri\u017ei\u0161\u010du pri Mu\u0161i\u010du. Izvozili smo z GVC 16\/25, nekateri gasilci pa so na kraj od\u0161li pe\u0161, saj je bilo v neposredni bli\u017ei gasilskega doma.<br \/>\nNa kraju smo za varovali kraj nesre\u010de, odstranili akumulator, po\u017earno varovali vozila in posuli iztekle teko\u010dine z absorbentom. Intervencijo smo zaklju\u010dili ob 18:30.<\/li>\n<li>Sodelujo\u010de enote: PGD Loka pri Meng\u0161u, PGD Kamnik<\/li>\n<li>\u0160t. gasilcev PGD Loka in vozila:<br \/>\n8 gasilcev; GVC 16\/25<\/li>\n<li><strong><a href=\"http:\/\/pgd-loka.si\/gallery\/thumbnails.php?album=454\" target=\"&quot;_blank\">SLIKE<\/a><\/strong><\/li>\n<\/ul>\n<hr \/>\n<ul>\n<li>Datum in ura:<br \/>\n<strong>16.8.2015<\/strong>, 16:37<\/li>\n<li>Opis:<br \/>\nPoziv ReCO: <strong>Dobeno 102, rabijo re\u0161evalci, prenos osebe<\/strong><br \/>\nOb 16:39 smo bili preko pozivnikov obve\u0161\u010deni, da re\u0161evalci NMP Dom\u017eale potrebujejo pomo\u010d pri prenosu bolnika na Dobenu 102. Pomagali smo pri prenosu starej\u0161e obolele osebe od bivalnih prostorov do re\u0161evalnega vozila. Na terenu smo bili s 4 gasilci in vozilom GVGP-1, v gasilskem domu pa je bilo v pripravljenosti \u0161e 6 gasilcev.<\/li>\n<li>Sodelujo\u010de enote: PGD Loka pri Meng\u0161u, ZD Dom\u017eale<\/li>\n<li>\u0160t. gasilcev PGD Loka in vozila:<br \/>\n10 gasilcev; GVGP-1<\/li>\n<\/ul>\n<hr \/>\n<ul>\n<li>Datum in ura:<br \/>\n<strong>10.8.2015<\/strong>, 7:55<\/li>\n<li>Opis:<br \/>\nPoziv ReCO: <strong>Po\u017ear osebnega vozila pod Dobenom<\/strong><br \/>\nObve\u0161\u010deni smo bili, da v Loki pri Meng\u0161u proti Dobenu gori osebno vozilo. Ob prihodu na kraj smo opazili, da vozilo gori na poljski poti v bli\u017eini gozda (v bli\u017eini \u201cKe\u0161kovega gri\u010dka\u201d) pod naseljem Spodnje Dobeno. Vozilo smo skupaj z gasilci PGD Menge\u0161 in PGD Topole pogasili. Intervencijo smo zaklju\u010dili ob 10:00.<\/li>\n<li>Sodelujo\u010de enote: PGD Loka pri Meng\u0161u, PGD Menge\u0161, PGD Topole, PP Dom\u017eale<\/li>\n<li>\u0160t. gasilcev PGD Loka in vozila:<br \/>\n9 gasilcev; GVC 16\/25, GVGP-1<\/li>\n<\/ul>\n<hr \/>\n<ul>\n<li>Datum in ura:<br \/>\n<strong>25.7.2015<\/strong>, 19:10<\/li>\n<li>Opis:<br \/>\nKlic ob\u010dana: <strong>V jabljah je vozilo v obcestnem jarku<\/strong><br \/>\nPreko telefona smo bili obve\u0161\u010deni, da je v Jabljah vozilo obstalo v obcestnem jarku. Na kraju smo ugotovili, da gre za elektri\u010dno golf vozilo. Z vitljem smo vozilo potegnili iz jarka in ga postavili nazaj na kolesa.<\/li>\n<li>Sodelujo\u010de enote: PGD Loka pri Meng\u0161u, PGD Menge\u0161<\/li>\n<li>\u0160t. gasilcev PGD Loka in vozila:<br \/>\n4 gasilcev; GVGP-1<\/li>\n<\/ul>\n<hr \/>\n<ul>\n<li>Datum in ura:<br \/>\n<strong>24.7.2015<\/strong>, 19:19<\/li>\n<li>Opis:<br \/>\nPoziv ReCO: <strong>Trubarjeva 5 Menge\u0161, gori v gara\u017ei<\/strong><br \/>\nObve\u0161\u010deni smo bili, da gori v gara\u017ei na Trubarjevi 5 v Meng\u0161u. Izvozili smo z GVC 16\/25 in GVGP-1.<br \/>\nNa kraju smo ugotovili, da je po\u017ear \u017ee dodobra razvit. Skupaj s kolegi iz PGD Menge\u0161 in PGD Topole, smo po\u017ear hitro pogasili in obvarovali stanovanjski objekt. Poleg gara\u017ee je bilo po\u0161kodovano \u0161e ostre\u0161je. Preventivno smo pregledali objekt s termo kamero in prezra\u010dili prostore, po\u0161kodovani del ostre\u0161ja pa za\u0161\u010ditili z ponjavo.<\/li>\n<li>Sodelujo\u010de enote: PGD Loka pri Meng\u0161u, PGD Menge\u0161, PGD Topole, PP Dom\u017eale<\/li>\n<li>\u0160t. gasilcev PGD Loka in vozila:<br \/>\n12 gasilcev; GVC 16\/25, GVGP-1<\/li>\n<li><strong><a href=\"https:\/\/www.pgd-loka.si\/gallery\/thumbnails.php?album=452\" target=\"&quot;_blank\">SLIKE<\/a><\/strong><\/li>\n<\/ul>\n<hr \/>\n<ul>\n<li>Datum in ura:<br \/>\n<strong>23.7.2015<\/strong>, 12:33<\/li>\n<li>Opis:<br \/>\nPoziv ReCO: <strong>Gori Mizarstvo Urbanija, Trzinska 26, Loka pri Meng\u0161u<\/strong><br \/>\nObve\u0161\u010deni smo bili, da gori Mizarstvo Urbanija na Trzinski cesti 26 v Loki pri Meng\u0161u. Ob 12:34 smo izvozili z GVC 16\/25 in GVGP-1. Na kraju smo ugotovili, da je po\u017ear \u017ee kar dobro razvit, ter da gori servisni objek in lakirnica.S hitrim posredovanjem smo uspeli re\u0161iti stanovanjski objekt in delavnico v kateri so stroji, prav tako pa smo obvarovali ogromen nasad cipres, ki so nasajene v sami bli\u017eini. Po\u017ear je dodobra uni\u010dil nadstre\u0161ek in servisni objekt, lakirnico pa po\u0161kodoval.<br \/>\nOb\u010dina Menge\u0161 in CZ Menge\u0161 sta logisti\u010dno prisko\u010dili na pomo\u010d z dobavo pija\u010de in hrane, ter odvoz pogorelih in uni\u010denih odpadkov (les, salonitne plo\u0161\u010de in nevarni odpadki).<\/li>\n<li>Sodelujo\u010de enote: PGD Loka pri Meng\u0161u, PGD Menge\u0161, PGD Topole, PGD Trzin, PGD Kamnik, policija ter kriminalisti\u010dna policija PP Dom\u017eale in PU Ljubljana, NMP Dom\u017eale<\/li>\n<li>\u0160t. gasilcev PGD Loka in vozila:<br \/>\n15 gasilcev; GVC 16\/25, GVGP-1, GVM-1<\/li>\n<li><strong><a href=\"https:\/\/www.pgd-loka.si\/gallery\/thumbnails.php?album=451\" target=\"&quot;_blank\">SLIKE<\/a><\/strong><\/li>\n<\/ul>\n<hr \/>\n<ul>\n<li>Datum in ura:<br \/>\n<strong>15.7.2015<\/strong>, 23:22<\/li>\n<li>Opis:<br \/>\nPoziv ReCO: <strong>Grajska cesta 3, poizkus samomora<\/strong><br \/>\nObve\u0161\u010deni smo bili, da policisti iz Dom\u017eal potrebujejo pomo\u010d pri odpiranju vrat v stanovanje na Grajski cesti 3. Ob prihodu na lokacijo, je stanovalec \u017ee sam odprl vrata, za to tehni\u010dni poseg ni bil potreben. Na lokaciji je bila prisotna tudi ekipa NMP Dom\u017eale.<\/li>\n<li>Sodelujo\u010de enote: PGD Loka pri Meng\u0161u, PGD Menge\u0161<\/li>\n<li>\u0160t. gasilcev PGD Loka in vozila:<br \/>\n8 gasilcev; GVC 16\/25, GVGP-1<\/li>\n<\/ul>\n<hr \/>\n<ul>\n<li>Datum in ura:<br \/>\n<strong>8.7.2015<\/strong>, 17:07<\/li>\n<li>Opis:<br \/>\nKlic v PGD: <strong>Na dobenu v bli\u017eini gosti\u0161\u010da Bla\u017e je ujeta ma\u010dka na drevesu<\/strong><br \/>\nPreko telefona smo bili obve\u0161\u010deni o ujeti ma\u010dki na drevesu na Dobenu v bli\u017eini gosti\u0161\u010da Bla\u017e. Ob 17:07 smo izvozili z GVC 16\/25 in 3 \u010dlani posadke.<br \/>\nNa lokaciji se je nahajala ma\u010dka, ki je bila ujeta pribli\u017eno 8 metrov visoko v kro\u0161nji. Povzpeli smo se do \u017eivali, jo previdno polo\u017eili v platneno vre\u010do in jo varno spravili na tla.<\/li>\n<li>Sodelujo\u010de enote: PGD Loka pri Meng\u0161u<\/li>\n<li>\u0160t. gasilcev PGD Loka in vozila:<br \/>\n3 gasilci; GVC 16\/25<\/li>\n<\/ul>\n<hr \/>\n<ul>\n<li>Datum in ura:<br \/>\n<strong>29.5.2015<\/strong>, 13:24<\/li>\n<li>Opis:<br \/>\nPoziv ReCO: <strong>Lev\u010deva ulica 17. Iz stanovanja se vidi dim. Nikogar ni doma.<\/strong><br \/>\nPreko ReCO LJ smo bili obve\u0161\u010deni, da se na Lev\u010devi ulici v Meng\u0161u iz stanovanja vidi dim, ter da nikogar ni doma. Ob 13:29 smo izvozili z GVGP-1 in GVC 16\/25 ter 6 \u010dlansko posadko.<br \/>\nNa lokaciji je bilo ugotovljeno, da je lastnik sam \u017ee pred prihodom gasilcev odstranil pozabljeno hrano na \u0161tedilniku. Skupaj z gasilci iz PGD Menge\u0161 in PGD Topole smo preventivno pregledali prostor in prezra\u010dili stopni\u0161\u010de ve\u010dstanovanjskega objekta in stanovanje. Intervencija je bila zaklju\u010dena ob 14. uri.<\/li>\n<li>Sodelujo\u010de enote: PGD Loka pri Meng\u0161u, PGD Menge\u0161, PGD Topole<\/li>\n<li>\u0160t. gasilcev PGD Loka in vozila:<br \/>\n6 gasilcev; GVC 16\/25, GVGP-1<\/li>\n<\/ul>\n<hr \/>\n<ul>\n<li>Datum in ura:<br \/>\n<strong>21.5.2015<\/strong>, 15:30<\/li>\n<li>Opis:<br \/>\nPoziv ReCO: <strong>Onesna\u017eenje cesti\u0161\u010da z nafto v Meng\u0161u<\/strong><br \/>\nOb 15.30 je v Meng\u0161u na kro\u017ei\u0161\u010du pri Tu\u0161u pri\u0161lo do onesna\u017eenja cesti\u0161\u010da z nafto. Gasilci PGD Menge\u0161 in Loka pri Meng\u0161u smo posuli z vpojnim sredstvom in po\u010distili pribli\u017eno 40 metrov cesti\u0161\u010da. Na lokaciji je bila policija PP Dom\u017eale in delavci cestnega podjetja Kranj.<\/li>\n<li>Sodelujo\u010de enote: PGD Loka pri Meng\u0161u, PGD Menge\u0161<\/li>\n<li>\u0160t. gasilcev PGD Loka in vozila:<br \/>\n2 gasilca; GVM-1<\/li>\n<li><strong><a href=\"https:\/\/www.pgd-loka.si\/gallery\/thumbnails.php?album=444\" target=\"&quot;_blank\">SLIKE<\/a><\/strong><\/li>\n<\/ul>\n<hr \/>\n<ul>\n<li>Datum in ura:<br \/>\n<strong>10.5.2015<\/strong>, 13:56<\/li>\n<li>Opis:<br \/>\nPoziv ReCO: <strong>Po\u017ear osebnega vozila na Slovenski cesti 28 v Meng\u0161u<\/strong><br \/>\nPreko ReCO Ljubljana smo bili obve\u0161\u010deni, da na Slovenski cesti 28 v Meng\u0161u gori osebno vozilo. Na intervencijo smo izvozili ob 13:59 z voziloma GVC 16\/25 in GVGP-1 ter enajstimi gasilci. Ob prihodu na kraj smo ugotovili, da je lokacija napa\u010dna, saj se je vozilo nahajalo na Glasbilarski ulici 1.<br \/>\nPo prihodu na pravi kraj smo ugotovili, da so vozilo \u017ee stanovalci sami pogasili s prahom. Pogorete in pregrete dele vozila smo pregledali s termo kamero, jih ohladili z gasilnim aparatom CO2 in zaklju\u010dili intervencijo ob 14:30 uri.<\/li>\n<li>Sodelujo\u010de enote: PGD Loka pri Meng\u0161u, PGD Topole, PGD Menge\u0161<\/li>\n<li>\u0160t. gasilcev PGD Loka in vozila:<br \/>\n11 gasilcev; GVC 16\/25, GVGP-1<\/li>\n<li><strong><a href=\"https:\/\/www.pgd-loka.si\/gallery\/thumbnails.php?album=443\" target=\"&quot;_blank\">SLIKE<\/a><\/strong><\/li>\n<\/ul>\n<hr \/>\n<ul>\n<li>Datum in ura:<br \/>\n<strong>3.5.2015<\/strong>, 23:11<\/li>\n<li>Opis:<br \/>\nPoziv ReCO: <strong>Po\u017ear v ali ob objektu, Topole 51<\/strong><br \/>\nPreko ReCO obve\u0161\u010deni o po\u017earu v ali ob objektu v Topolah. Po prihodu na kraj smo ugotovili, da gre za po\u017ear ve\u010d tovornih vozil pri podjetju Leka d.o.o.<br \/>\nSkupaj z kolegi iz drugih PGD smo po\u017ear pogasili. Na koncu smo s termo kamero pregledali pogori\u0161\u010de.<br \/>\nZaradi izlitja nevarnih snovi je posredovalo tudi potjetje Kemis, ki bo poskrbelo za odvoz onesna\u017eenih pivnikov in zemljine. Prisotni so bili tudi policisti PP Dom\u017eale.<\/li>\n<li>Sodelujo\u010de enote: PGD Loka pri Meng\u0161u, PGD Topole, PGD Menge\u0161, PGD Moste, PGD Komenda, PGD Kri\u017e, PP Dom\u017eale<\/li>\n<li>\u0160t. gasilcev PGD Loka in vozila:<br \/>\n9 gasilcev; GVC 16\/25, GVGP-1<\/li>\n<li><strong><a href=\"https:\/\/www.pgd-loka.si\/gallery\/thumbnails.php?album=441\" target=\"&quot;_blank\">SLIKE<\/a><\/strong><\/li>\n<\/ul>\n<hr \/>\n<ul>\n<li>Datum in ura:<br \/>\n<strong>12.4.2015<\/strong>, 4:30<\/li>\n<li>Opis:<br \/>\nPoziv ReCO: <strong>Glavi\u010deva 19, gori avto predelan na plin<\/strong><br \/>\nPreko ReCO smo bili obve\u0161\u010deni o po\u017earu na vozilu na Glavi\u010devi ulici v Meng\u0161u. Pro\u017eena je bila celotna GZ Menge\u0161. Pred na\u0161im prihodom so gasilci PGD Menge\u0161 \u017ee omejili po\u017ear in ga pogasili. Skupaj z ostalimi gasilci smo na vozilu odstranili baterije in vozilo odmaknili od ograje, da smo lahko dokon\u010dno pogasili \u0161e druge tle\u010de dele vozila, ograjo in komunalni zabojnik. Intervencija je bila zaklju\u010dena ob 5.15 uri.<\/li>\n<li>Sodelujo\u010de enote: PGD Loka pri Meng\u0161u, PGD Topole, PGD Menge\u0161, PP Dom\u017eale<\/li>\n<li>\u0160t. gasilcev PGD Loka in vozila:<br \/>\n6 gasilcev; GVC 16\/25<\/li>\n<li><strong><a href=\"https:\/\/www.pgd-loka.si\/gallery\/thumbnails.php?album=438\" target=\"&quot;_blank\">SLIKE<\/a><\/strong><\/li>\n<\/ul>\n<hr \/>\n<ul>\n<li>Datum in ura:<br \/>\n<strong>8.3.2015<\/strong>, 8:59 (ASK), 9:02 (ReCO)<\/li>\n<li>Opis:<br \/>\nPoziv ReCO: <strong>Loka pri Meng\u0161u 13, gori streha<\/strong><br \/>\nPreko ASK sistema smo bili obve\u0161\u010deni, da na Trzinski 13 gori streha. Izvozili smo s 3 vozili in 16 \u010dlani posadke. Na kraju smo s termo kamero locirali \u017eari\u0161\u010de ter s kolegi iz Topol in Meng\u0161a odkrili ostre\u0161je. Porabili smo najmaj\u0161o mo\u017eno koli\u010dino vode in tako obvarovali strop iz mav\u010dnih plo\u0161\u010d ter spodnji prostor pred po\u017earno vodo. Preventivno smo pregledali prostore ter za\u010dasno pokrili po\u0161kodovani del ostre\u0161ja.<\/li>\n<li>Sodelujo\u010de enote: PGD Loka pri Meng\u0161u, PGD Topole, PGD Menge\u0161, PP Dom\u017eale, Elektro Ljubljana<\/li>\n<li>\u0160t. gasilcev PGD Loka in vozila:<br \/>\n16 gasilcev; GVC 16\/25, GVGP-1, GVM-1<\/li>\n<li><strong><a href=\"https:\/\/www.pgd-loka.si\/gallery\/thumbnails.php?album=433\" target=\"&quot;_blank\">SLIKE<\/a><\/strong><\/li>\n<\/ul>\n<hr \/>\n<ul>\n<li>Datum in ura:<br \/>\n<strong>17.2.2015<\/strong>, 19:20<\/li>\n<li>Opis:<br \/>\nPoziv ReCO: <strong>Slamnikarska 13a, Menge\u0161, dimni\u0161ki po\u017ear<\/strong><br \/>\nPreko ReCO-LJ smo bili obve\u0161\u010deni da so na Slamnikarski ulici v Meng\u0161u zagorele saje v dimni\u0161ki tuljavi stanovanjskega objekta. Gasilci PGD Menge\u0161, Topole in Loka pri Meng\u0161u smo objekt pregledali s termo kamero in ugotovili, da zaradi v\u017eiga saj v dimni\u0161ki tuljavi ni nevarnosti pregrevanja ostalih delov ostre\u0161ja in stavbe. Po\u010dakali smo da so saje v ve\u010dji meri pogorele, o\u010distili dimnik, iznosili tle\u010de ostanke in jih sproti pogasili.<\/li>\n<li>Sodelujo\u010de enote: PGD Loka pri Meng\u0161u, PGD Topole, PGD Menge\u0161, PP Dom\u017eale<\/li>\n<li>\u0160t. gasilcev PGD Loka in vozila:<br \/>\n7 gasilcev; GVC 16\/25<\/li>\n<\/ul>\n<hr \/>\n","protected":false},"excerpt":{"rendered":"<p>Po zbranih podatkih iz seznama intervencij smo gasilci v letu 2015 posredovali v \u0161estindvajsetih (26) primerih. \u0160estnajst (16) je bilo tehni\u010dnih intervencij (1x odstranjevanje posledic neurja\/vetrolom, 1x \u010drpanje vode \u2013 stanovanjski objekt, 4x prometna nesre\u010da, 4x pomo\u010d re\u0161evalcem ali policistom, &hellip; <a href=\"https:\/\/www.pgd-loka.si\/?page_id=4998\">Beri naprej <span class=\"meta-nav\">&rarr;<\/span><\/a><\/p>\n","protected":false},"author":3,"featured_media":0,"parent":0,"menu_order":0,"comment_status":"closed","ping_status":"closed","template":"","meta":{"footnotes":""},"class_list":["post-4998","page","type-page","status-publish","hentry"],"_links":{"self":[{"href":"https:\/\/www.pgd-loka.si\/index.php?rest_route=\/wp\/v2\/pages\/4998","targetHints":{"allow":["GET"]}}],"collection":[{"href":"https:\/\/www.pgd-loka.si\/index.php?rest_route=\/wp\/v2\/pages"}],"about":[{"href":"https:\/\/www.pgd-loka.si\/index.php?rest_route=\/wp\/v2\/types\/page"}],"author":[{"embeddable":true,"href":"https:\/\/www.pgd-loka.si\/index.php?rest_route=\/wp\/v2\/users\/3"}],"replies":[{"embeddable":true,"href":"https:\/\/www.pgd-loka.si\/index.php?rest_route=%2Fwp%2Fv2%2Fcomments&post=4998"}],"version-history":[{"count":35,"href":"https:\/\/www.pgd-loka.si\/index.php?rest_route=\/wp\/v2\/pages\/4998\/revisions"}],"predecessor-version":[{"id":5745,"href":"https:\/\/www.pgd-loka.si\/index.php?rest_route=\/wp\/v2\/pages\/4998\/revisions\/5745"}],"wp:attachment":[{"href":"https:\/\/www.pgd-loka.si\/index.php?rest_route=%2Fwp%2Fv2%2Fmedia&parent=4998"}],"curies":[{"name":"wp","href":"https:\/\/api.w.org\/{rel}","templated":true}]}}