{"id":47,"date":"2012-03-01T18:51:17","date_gmt":"2012-03-01T18:51:17","guid":{"rendered":"http:\/\/localhost\/PGD%20Loka%204\/?page_id=47"},"modified":"2024-07-23T16:43:21","modified_gmt":"2024-07-23T14:43:21","slug":"kontakti","status":"publish","type":"page","link":"https:\/\/www.pgd-loka.si\/?page_id=47","title":{"rendered":"Kontakti"},"content":{"rendered":"<p><strong>Prostovoljno gasilsko dru\u0161tvo Loka pri Meng\u0161u<br \/>\n<\/strong>Gasilska cesta 46<br \/>\n1234 Menge\u0161<\/p>\n<p><strong>Telefonska \u0161tevilka:<\/strong> <span style=\"color: #cc0000;\"><strong>017230422<\/strong><\/span><\/p>\n<p><a href=\"http:\/\/www.facebook.com\/pgdloka.si\" target=\"_blank\" rel=\"noopener\">Facebook stran<\/a><br \/>\n<a href=\"https:\/\/www.instagram.com\/pgdlokaprimengsu\" target=\"_blank\" rel=\"noopener\">Instagram stran<\/a><\/p>\n<p><strong>E-mail:<\/strong><br \/>\n&#8211; Dru\u0161tven e-mail:\u00a0<a href=\"mailto:pgdlokaprimengsu@gmail.com\">pgdlokaprimengsu@gmail.com<\/a> ali <a href=\"mailto:info@pgd-loka.si\">info@pgd-loka.si<\/a><br \/>\n&#8211; Poveljnik: DOMEN PIRNAT (<a href=\"mailto:domen.pirnat@gmail.com\">domen.pirnat@gmail.com<\/a>)<br \/>\n&#8211; Predsednik: ROBERT RU\u010cIGAJ (<a href=\"mailto:robert@glaso.si\">robert@glaso.si<\/a>)<br \/>\n&#8211; Tajni\u0161tvo: UR\u0160A BRUMEC (<a href=\"mailto:tajnistvo@pgd-loka.si\">tajnistvo@pgd-loka.si<\/a>)<\/p>\n<p><strong>Dav\u010dna \u0161tevilka:<\/strong> 51946688<br \/>\n<strong>TRR:<\/strong> SI56 6100 0001 5465 251, odprt pri Delavski hranilnici d.d.<\/p>\n","protected":false},"excerpt":{"rendered":"<p>Prostovoljno gasilsko dru\u0161tvo Loka pri Meng\u0161u Gasilska cesta 46 1234 Menge\u0161 Telefonska \u0161tevilka: 017230422 Facebook stran Instagram stran E-mail: &#8211; Dru\u0161tven e-mail:\u00a0pgdlokaprimengsu@gmail.com ali info@pgd-loka.si &#8211; Poveljnik: DOMEN PIRNAT (domen.pirnat@gmail.com) &#8211; Predsednik: ROBERT RU\u010cIGAJ (robert@glaso.si) &#8211; Tajni\u0161tvo: UR\u0160A BRUMEC (tajnistvo@pgd-loka.si) Dav\u010dna &hellip; <a href=\"https:\/\/www.pgd-loka.si\/?page_id=47\">Beri naprej <span class=\"meta-nav\">&rarr;<\/span><\/a><\/p>\n","protected":false},"author":3,"featured_media":0,"parent":0,"menu_order":0,"comment_status":"open","ping_status":"open","template":"","meta":{"footnotes":""},"class_list":["post-47","page","type-page","status-publish","hentry"],"_links":{"self":[{"href":"https:\/\/www.pgd-loka.si\/index.php?rest_route=\/wp\/v2\/pages\/47","targetHints":{"allow":["GET"]}}],"collection":[{"href":"https:\/\/www.pgd-loka.si\/index.php?rest_route=\/wp\/v2\/pages"}],"about":[{"href":"https:\/\/www.pgd-loka.si\/index.php?rest_route=\/wp\/v2\/types\/page"}],"author":[{"embeddable":true,"href":"https:\/\/www.pgd-loka.si\/index.php?rest_route=\/wp\/v2\/users\/3"}],"replies":[{"embeddable":true,"href":"https:\/\/www.pgd-loka.si\/index.php?rest_route=%2Fwp%2Fv2%2Fcomments&post=47"}],"version-history":[{"count":17,"href":"https:\/\/www.pgd-loka.si\/index.php?rest_route=\/wp\/v2\/pages\/47\/revisions"}],"predecessor-version":[{"id":11833,"href":"https:\/\/www.pgd-loka.si\/index.php?rest_route=\/wp\/v2\/pages\/47\/revisions\/11833"}],"wp:attachment":[{"href":"https:\/\/www.pgd-loka.si\/index.php?rest_route=%2Fwp%2Fv2%2Fmedia&parent=47"}],"curies":[{"name":"wp","href":"https:\/\/api.w.org\/{rel}","templated":true}]}}