{"id":4430,"date":"2014-01-10T12:25:21","date_gmt":"2014-01-10T11:25:21","guid":{"rendered":"https:\/\/www.pgd-loka.si\/?page_id=4430"},"modified":"2014-02-26T16:15:01","modified_gmt":"2014-02-26T15:15:01","slug":"tekmovanja-v-letu-2013","status":"publish","type":"page","link":"https:\/\/www.pgd-loka.si\/?page_id=4430","title":{"rendered":"Tekmovanja v letu 2013"},"content":{"rendered":"<p>Na\u010din, kako ohranjati psihofizi\u010dno kondicijo in spretnosti rokovanja z gasilsko opremo, predstavljajo priprave ekip na tekmovanja in tekmovanja sama.<\/p>\n<p><strong>POKAL \u00bbLOKA\u00ab<\/strong><\/p>\n<p>V soboto, 15.06.2013, smo organizirali \u017ee 26. gasilsko tekmovanje za pokal Loke in ob\u010dinsko tekmovanje GZ Menge\u0161, na katerem so se gasilci in gasilke pomerili v vaji z motorno brizgalno po pravilih CTIF in \u0161tafeti brez ovir. Tekmovanja se je udele\u017eilo 3 \u017eenske in 8 mo\u0161kih ekip. V konkurenci \u010dlanov za pokal Loke smo doma\u010di gasilci ekipa \u010dlanov B zasedli 4. mesto, ekipa \u010dlanov A pa 5. mesto, na ob\u010dinskem tekmovanju pa smo doma\u010di gasilci v kategoriji \u010dlanov A in \u010dlanov B zasedli 2. mesto.<\/p>\n<p><strong>Tekmovanja<\/strong><\/p>\n<p>Na\u0161e tekmovalne enote so opravile <b>39<\/b> nastopov na razli\u010dnih tekmovanjih in nivojih. V letu 2013 smo se poleg gasilsko-\u0161portnih disciplin udele\u017eili \u0161e\u00a0 tekmovanj v orientaciji, DMG in kvizov na nivoju GZ Menge\u0161, regije Ljubljane III in dr\u017eavnih tekmovanj ter smu\u010darskega tekmovanja za mladino v organizaciji regije Ljubljana III. Na nivoju GZ Menge\u0161 smo opravili <b>13<\/b> nastopov, na nivoju regije LJ III <b>22<\/b> nastopov, na dr\u017eavnem nivoju <b>2<\/b> nastopa ter za pokal Loke <b>2<\/b> nastopa. Na vseh nivojih smo zasedli skupaj <b>11<\/b> 1. mest, <b>9<\/b> 2. mest in <b>7<\/b> 3. mest ostala so bila ni\u017eja mesta, a vse v prvi polovici rezultatov. Posebno pa je potrebno omeniti ekipi starej\u0161ih u\u010dencev O\u0160 Menge\u0161 in pionirjev, ki sta na dr\u017eavnem tekmovanju v DMG (dru\u0161tvo mladi gasilec) in orientaciji zasedli odli\u010dno 3. mesto.<\/p>\n<div align=\"center\">\n<table width=\"572\" border=\"1\" cellspacing=\"0\" cellpadding=\"0\">\n<tbody>\n<tr>\n<td valign=\"top\" width=\"90\"><b>DATUM<\/b><\/td>\n<td valign=\"top\" width=\"132\"><b>EKIPA<\/b><\/td>\n<td valign=\"top\" width=\"246\"><b>VRSTA TEKMOVANJA<\/b><\/td>\n<td valign=\"top\" width=\"104\"><b>UVRSTITEV<\/b><\/td>\n<\/tr>\n<tr>\n<td valign=\"top\" width=\"90\">08.02.2013<\/td>\n<td valign=\"top\" width=\"132\">Starej\u0161i de\u010dki \u2013<br \/>\nl. 2001\/2002<\/td>\n<td valign=\"top\" width=\"246\">Regijsko tekmovanje \u2013 smu\u010danje<\/td>\n<td valign=\"top\" width=\"104\">1. mesto<br \/>\n6. mesto<\/td>\n<\/tr>\n<tr>\n<td valign=\"top\" width=\"90\">08.02.2013<\/td>\n<td valign=\"top\" width=\"132\">Starej\u0161e deklice \u2013<br \/>\nl. 1999\/2000<\/td>\n<td valign=\"top\" width=\"246\">Regijsko tekmovanje \u2013 smu\u010danje<\/td>\n<td valign=\"top\" width=\"104\">2. mesto<br \/>\n3. mesto<\/td>\n<\/tr>\n<tr>\n<td valign=\"top\" width=\"90\">08.02.2013<\/td>\n<td valign=\"top\" width=\"132\">Starej\u0161i de\u010dki \u2013<br \/>\nl. 1999\/2000<\/td>\n<td valign=\"top\" width=\"246\">Regijsko tekmovanje \u2013 smu\u010danje<\/td>\n<td valign=\"top\" width=\"104\">16. mesto<br \/>\n22. mesto<\/td>\n<\/tr>\n<tr>\n<td valign=\"top\" width=\"90\">08.02.2013<\/td>\n<td valign=\"top\" width=\"132\">Mladinci \u2013<br \/>\nl. 1997\/1998<\/td>\n<td valign=\"top\" width=\"246\">Regijsko tekmovanje \u2013 smu\u010danje<\/td>\n<td valign=\"top\" width=\"104\">12. mesto<\/td>\n<\/tr>\n<tr>\n<td valign=\"top\" width=\"90\">08.02.2013<\/td>\n<td valign=\"top\" width=\"132\">Mentorji \u2013 do 35 let<\/td>\n<td valign=\"top\" width=\"246\">Regijsko tekmovanje \u2013 smu\u010danje<\/td>\n<td valign=\"top\" width=\"104\">2. mesto<\/td>\n<\/tr>\n<tr>\n<td valign=\"top\" width=\"90\">08.02.2013<\/td>\n<td valign=\"top\" width=\"132\">Mentorji \u2013 nad 35 let<\/td>\n<td valign=\"top\" width=\"246\">Regijsko tekmovanje \u2013 smu\u010danje<\/td>\n<td valign=\"top\" width=\"104\">5. mesto<\/td>\n<\/tr>\n<tr>\n<td valign=\"top\" width=\"90\">05.04.2013<\/td>\n<td valign=\"top\" width=\"132\">Pripravniki<\/td>\n<td valign=\"top\" width=\"246\">Ob\u010dinsko tekmovanje \u2013 kviz<\/td>\n<td valign=\"top\" width=\"104\">1. mesto<\/td>\n<\/tr>\n<tr>\n<td valign=\"top\" width=\"90\">06.04.2013<\/td>\n<td valign=\"top\" width=\"132\">Mladinci<\/td>\n<td valign=\"top\" width=\"246\">Ob\u010dinsko tekmovanje \u2013 kviz<\/td>\n<td valign=\"top\" width=\"104\">1. mesto<\/td>\n<\/tr>\n<tr>\n<td valign=\"top\" width=\"90\">06.04.2013<\/td>\n<td valign=\"top\" width=\"132\">Pionirji<\/td>\n<td valign=\"top\" width=\"246\">Ob\u010dinsko tekmovanje \u2013 kviz<\/td>\n<td valign=\"top\" width=\"104\">1. mesto<\/td>\n<\/tr>\n<tr>\n<td valign=\"top\" width=\"90\">13.04.2013<\/td>\n<td valign=\"top\" width=\"132\">Starej\u0161i<\/td>\n<td valign=\"top\" width=\"246\">Regijsko tekmovanje \u2013 DMG<\/td>\n<td valign=\"top\" width=\"104\">2. mesto<\/td>\n<\/tr>\n<tr>\n<td valign=\"top\" width=\"90\">18.05.2013<\/td>\n<td valign=\"top\" width=\"132\">Pionirji<\/td>\n<td valign=\"top\" width=\"246\">Ob\u010dinsko tekmovanje \u2013 orientacija<\/td>\n<td valign=\"top\" width=\"104\">1. mesto<br \/>\n2. mesto<\/td>\n<\/tr>\n<tr>\n<td valign=\"top\" width=\"90\">18.05.2013<\/td>\n<td valign=\"top\" width=\"132\">Mladinke<\/td>\n<td valign=\"top\" width=\"246\">Ob\u010dinsko tekmovanje \u2013 orientacija<\/td>\n<td valign=\"top\" width=\"104\">1. mesto<\/td>\n<\/tr>\n<tr>\n<td valign=\"top\" width=\"90\">18.05.2013<\/td>\n<td valign=\"top\" width=\"132\">Mladinci<\/td>\n<td valign=\"top\" width=\"246\">Ob\u010dinsko tekmovanje \u2013 orientacija<\/td>\n<td valign=\"top\" width=\"104\">1. mesto<\/td>\n<\/tr>\n<tr>\n<td valign=\"top\" width=\"90\">18.05.2013<\/td>\n<td valign=\"top\" width=\"132\">Pripravniki<\/td>\n<td valign=\"top\" width=\"246\">Ob\u010dinsko tekmovanje \u2013 orientacija<\/td>\n<td valign=\"top\" width=\"104\">1. mesto<\/td>\n<\/tr>\n<tr>\n<td valign=\"top\" width=\"90\">31.05.2013<\/td>\n<td valign=\"top\" width=\"132\">Starej\u0161e gasilke<\/td>\n<td valign=\"top\" width=\"246\">Ob\u010dinsko tekmovanje \u2013 Topole<\/td>\n<td valign=\"top\" width=\"104\">2. mesto<\/td>\n<\/tr>\n<tr>\n<td valign=\"top\" width=\"90\">31.05.2013<\/td>\n<td valign=\"top\" width=\"132\">Starej\u0161i gasilci<\/td>\n<td valign=\"top\" width=\"246\">Ob\u010dinsko tekmovanje \u2013 Topole<\/td>\n<td valign=\"top\" width=\"104\">3. mesto<\/td>\n<\/tr>\n<tr>\n<td valign=\"top\" width=\"90\">31.05.2013<\/td>\n<td valign=\"top\" width=\"132\">Pionirji<\/td>\n<td valign=\"top\" width=\"246\">Ob\u010dinsko tekmovanje \u2013 Topole<\/td>\n<td valign=\"top\" width=\"104\">1. mesto<\/td>\n<\/tr>\n<tr>\n<td valign=\"top\" width=\"90\">31.05.2013<\/td>\n<td valign=\"top\" width=\"132\">Mladinci<\/td>\n<td valign=\"top\" width=\"246\">Ob\u010dinsko tekmovanje \u2013 Topole<\/td>\n<td valign=\"top\" width=\"104\">1. mesto<\/td>\n<\/tr>\n<tr>\n<td valign=\"top\" width=\"90\">15.06.2013<\/td>\n<td valign=\"top\" width=\"132\">\u010clani A<\/td>\n<td valign=\"top\" width=\"246\">Tekmovanje \u2013 za pokal LOKE<\/td>\n<td valign=\"top\" width=\"104\">5. mesto<\/td>\n<\/tr>\n<tr>\n<td valign=\"top\" width=\"90\">15.06.2013<\/td>\n<td valign=\"top\" width=\"132\">\u010clani B<\/td>\n<td valign=\"top\" width=\"246\">Tekmovanje \u2013 za pokal LOKE<\/td>\n<td valign=\"top\" width=\"104\">4. mesto<\/td>\n<\/tr>\n<tr>\n<td valign=\"top\" width=\"90\">15.06.2013<\/td>\n<td valign=\"top\" width=\"132\">\u010clani A<\/td>\n<td valign=\"top\" width=\"246\">Ob\u010dinsko tekmovanje \u2013 \u010dlani \u2013 Loka<\/td>\n<td valign=\"top\" width=\"104\">2. mesto<\/td>\n<\/tr>\n<tr>\n<td valign=\"top\" width=\"90\">15.06.2013<\/td>\n<td valign=\"top\" width=\"132\">\u010clani B<\/td>\n<td valign=\"top\" width=\"246\">Ob\u010dinsko tekmovanje \u2013 \u010dlani \u2013 Loka<\/td>\n<td valign=\"top\" width=\"104\">2. mesto<\/td>\n<\/tr>\n<tr>\n<td valign=\"top\" width=\"90\">16.06.2013<\/td>\n<td valign=\"top\" width=\"132\">Pionirji<\/td>\n<td valign=\"top\" width=\"246\">Regijsko tekmovanje \u2013 orientacija<\/td>\n<td valign=\"top\" width=\"104\">2. mesto<br \/>\n6. mesto<\/td>\n<\/tr>\n<tr>\n<td valign=\"top\" width=\"90\">16.06.2013<\/td>\n<td valign=\"top\" width=\"132\">Mladinke<\/td>\n<td valign=\"top\" width=\"246\">Regijsko tekmovanje \u2013 orientacija<\/td>\n<td valign=\"top\" width=\"104\">3. mesto<\/td>\n<\/tr>\n<tr>\n<td valign=\"top\" width=\"90\">16.06.2013<\/td>\n<td valign=\"top\" width=\"132\">Mladinci<\/td>\n<td valign=\"top\" width=\"246\">Regijsko tekmovanje \u2013 orientacija<\/td>\n<td valign=\"top\" width=\"104\">6. mesto<\/td>\n<\/tr>\n<tr>\n<td valign=\"top\" width=\"90\">16.06.2013<\/td>\n<td valign=\"top\" width=\"132\">Pripravniki<\/td>\n<td valign=\"top\" width=\"246\">Regijsko tekmovanje \u2013 orientacija<\/td>\n<td valign=\"top\" width=\"104\">4. mesto<\/td>\n<\/tr>\n<tr>\n<td valign=\"top\" width=\"90\">14.09.2013<\/td>\n<td valign=\"top\" width=\"132\">Pionirji<\/td>\n<td valign=\"top\" width=\"246\">Dr\u017eavno tekmovanje &#8211; orientacija<\/td>\n<td valign=\"top\" width=\"104\">3. mesto<\/td>\n<\/tr>\n<tr>\n<td valign=\"top\" width=\"90\">28.09.2013<\/td>\n<td valign=\"top\" width=\"132\">Starej\u0161i<\/td>\n<td valign=\"top\" width=\"246\">Dr\u017eavno tekmovanje \u2013 DMG \u2013 \u010crnomelj<\/td>\n<td valign=\"top\" width=\"104\">3. mesto<\/td>\n<\/tr>\n<tr>\n<td valign=\"top\" width=\"90\">05.10.2013<\/td>\n<td valign=\"top\" width=\"132\">Starej\u0161e gasilke<\/td>\n<td valign=\"top\" width=\"246\">Regijsko tekmovanje<\/td>\n<td valign=\"top\" width=\"104\">6. mesto<\/td>\n<\/tr>\n<tr>\n<td valign=\"top\" width=\"90\">05.10.2013<\/td>\n<td valign=\"top\" width=\"132\">Starej\u0161i gasilci<\/td>\n<td valign=\"top\" width=\"246\">Regijsko tekmovanje<\/td>\n<td valign=\"top\" width=\"104\">15. mesto<\/td>\n<\/tr>\n<tr>\n<td valign=\"top\" width=\"90\">12.10.2013<\/td>\n<td valign=\"top\" width=\"132\">Pionirji<\/td>\n<td valign=\"top\" width=\"246\">Regijsko mladinsko tekmovanje<\/td>\n<td valign=\"top\" width=\"104\">1. mesto<\/td>\n<\/tr>\n<tr>\n<td valign=\"top\" width=\"90\">12.10.2013<\/td>\n<td valign=\"top\" width=\"132\">Mladinci<\/td>\n<td valign=\"top\" width=\"246\">Regijsko mladinsko tekmovanje<\/td>\n<td valign=\"top\" width=\"104\">2. mesto<\/td>\n<\/tr>\n<tr>\n<td valign=\"top\" width=\"90\">16.11.2013<\/td>\n<td valign=\"top\" width=\"132\">Pionirji<\/td>\n<td valign=\"top\" width=\"246\">Regijsko tekmovanje \u2013 kviz<\/td>\n<td valign=\"top\" width=\"104\">3. mesto<\/td>\n<\/tr>\n<tr>\n<td valign=\"top\" width=\"90\">16.11.2013<\/td>\n<td valign=\"top\" width=\"132\">Mladinci<\/td>\n<td valign=\"top\" width=\"246\">Regijsko tekmovanje \u2013 kviz<\/td>\n<td valign=\"top\" width=\"104\">4. mesto<\/td>\n<\/tr>\n<tr>\n<td valign=\"top\" width=\"90\">16.11.2013<\/td>\n<td valign=\"top\" width=\"132\">Pripravniki<\/td>\n<td valign=\"top\" width=\"246\">Regijsko tekmovanje \u2013 kviz<\/td>\n<td valign=\"top\" width=\"104\">3. mesto<\/td>\n<\/tr>\n<\/tbody>\n<\/table>\n<\/div>\n","protected":false},"excerpt":{"rendered":"<p>Na\u010din, kako ohranjati psihofizi\u010dno kondicijo in spretnosti rokovanja z gasilsko opremo, predstavljajo priprave ekip na tekmovanja in tekmovanja sama. POKAL \u00bbLOKA\u00ab V soboto, 15.06.2013, smo organizirali \u017ee 26. gasilsko tekmovanje za pokal Loke in ob\u010dinsko tekmovanje GZ Menge\u0161, na katerem &hellip; <a href=\"https:\/\/www.pgd-loka.si\/?page_id=4430\">Beri naprej <span class=\"meta-nav\">&rarr;<\/span><\/a><\/p>\n","protected":false},"author":3,"featured_media":0,"parent":0,"menu_order":0,"comment_status":"open","ping_status":"open","template":"","meta":{"footnotes":""},"class_list":["post-4430","page","type-page","status-publish","hentry"],"_links":{"self":[{"href":"https:\/\/www.pgd-loka.si\/index.php?rest_route=\/wp\/v2\/pages\/4430","targetHints":{"allow":["GET"]}}],"collection":[{"href":"https:\/\/www.pgd-loka.si\/index.php?rest_route=\/wp\/v2\/pages"}],"about":[{"href":"https:\/\/www.pgd-loka.si\/index.php?rest_route=\/wp\/v2\/types\/page"}],"author":[{"embeddable":true,"href":"https:\/\/www.pgd-loka.si\/index.php?rest_route=\/wp\/v2\/users\/3"}],"replies":[{"embeddable":true,"href":"https:\/\/www.pgd-loka.si\/index.php?rest_route=%2Fwp%2Fv2%2Fcomments&post=4430"}],"version-history":[{"count":7,"href":"https:\/\/www.pgd-loka.si\/index.php?rest_route=\/wp\/v2\/pages\/4430\/revisions"}],"predecessor-version":[{"id":4542,"href":"https:\/\/www.pgd-loka.si\/index.php?rest_route=\/wp\/v2\/pages\/4430\/revisions\/4542"}],"wp:attachment":[{"href":"https:\/\/www.pgd-loka.si\/index.php?rest_route=%2Fwp%2Fv2%2Fmedia&parent=4430"}],"curies":[{"name":"wp","href":"https:\/\/api.w.org\/{rel}","templated":true}]}}