{"id":4190,"date":"2013-09-22T13:23:10","date_gmt":"2013-09-22T11:23:10","guid":{"rendered":"https:\/\/www.pgd-loka.si\/?page_id=4190"},"modified":"2025-02-05T19:01:36","modified_gmt":"2025-02-05T18:01:36","slug":"varna-tocka","status":"publish","type":"page","link":"https:\/\/www.pgd-loka.si\/?page_id=4190","title":{"rendered":"Gasilski dom Loka pri Meng\u0161u &#8211; Varna to\u010dka"},"content":{"rendered":"<p><em><strong><a href=\"https:\/\/www.pgd-loka.si\/wp-content\/uploads\/2013\/09\/Logo_VarnaTocka.jpg\" rel=\"lightbox[4190]\"><img loading=\"lazy\" decoding=\"async\" class=\"alignleft size-full wp-image-4210\" src=\"https:\/\/www.pgd-loka.si\/wp-content\/uploads\/2013\/09\/Logo_VarnaTocka.jpg\" alt=\"Logo_VarnaTocka\" width=\"200\" height=\"200\" \/><\/a>Ob\u010dina Menge\u0161 se pridru\u017euje UNICEF-ovi mre\u017ei Varnih to\u010dk<\/strong><\/em><\/p>\n<p>Ob\u010dina Menge\u0161 se bo s prvim \u0161olskim dnem pridru\u017eila UNICEF-ovi mre\u017ei Varnih to\u010dk. V Sloveniji bo odslej \u017ee ve\u010d kot 459 Varnih to\u010dk, v Ob\u010dini Menge\u0161 pa 16. Namen in cilj projekta je ustvariti ve\u010dje ozra\u010dje varnosti za otroke, s tem pa ob\u010dina prevezama dru\u017ebeno moralno odgovornost in skrb za otroke in mladostnike v Meng\u0161u. Pomembno je, da vsi v lokalni skupnosti skupaj pripomoremo k uspe\u0161nemu delovanju projekta.<\/p>\n<p>Ob koncu julija se je na Ob\u010dini Menge\u0161 zbrala o\u017eja strokovna delovna skupina v sestavi O\u0160 Menge\u0161, Javni Zavod vrtec Menge\u0161, Zdravstvena postaja Menge\u0161, Policija in Center za socialno delo Dom\u017eale, ki je vzpostavila mre\u017eo Varnih to\u010dk. Pomembno vlogo pri sami vzpostavitvi Varnih to\u010dk je imela O\u0160 Menge\u0161, ki ima zagotovljene vse lastnosti in prakso, kako pomagati otrokom v stiski v \u0161oli ali izven nje. Zato bo pridobitev Varne to\u010dke na O\u0160 Menge\u0161, samo \u0161e nadgradnja v smislu osve\u0161\u010danja otrok in star\u0161ev, s \u010dimer bo pomembno pripomogla k prepoznavnosti Varne to\u010dke v doma\u010dem okolju. Tudi v vrtcu Menge\u0161 bodo mal\u010dke in star\u0161e seznanili s projektom v pred\u0161olski vzgoji.<br \/>\nIn kaj Varna to\u010dka pravzaprav je?<br \/>\nUNICEF-ova Varna to\u010dka je z nalepko ozna\u010den javni prostor, namenjen otrokom in mladostnikom, da se vanj zate\u010dejo v primeru kakr\u0161nekoli stiske ( grozijo jim sovrstniki, ne morejo priti domov ali v stik s star\u0161i, izgubili so klju\u010de, bodisi da potrebuje le prijazen nasvet, informacijo ali pa je celo \u017ertev kaznivega dejanja). Otroku, ki je v trenutni stiski bodo uslu\u017ebenci, ki so usposobljeni za pomo\u010d otroku v Varnih to\u010dkah, vedno nudili pomo\u010d. V ta namen je ob koncu po\u010ditnic na O\u0160 Menge\u0161 potekalo izobra\u017eevanje za vse, ki sodelujejo pri samem projektu pod naslovom \u201eDA BI RAZUMELI IN ZNALI POMAGATI\u201c, ki ga je izvedel UNICEF Slovenija.<br \/>\nVarne to\u010dke so vzpostavljene predvsem ob poteh v \u0161olo ali mestih, kjer se zbirajo otroci in mladostniki ter omogo\u010dajo varne prehode dom-\u0161ola, \u0161ola-dom. Otroci lahko UNICEF-ovo Varno to\u010dko prepoznajo po posebni nalepki \u2013 smejo\u010di se hi\u0161ici, ki je name\u0161\u010dena na vidno mesto pred vhodom v poslopje.<\/p>\n<p>Seznam varnih to\u010dk: <a href=\"http:\/\/www.varnetocke.si\/\" target=\"_blank\" rel=\"noopener\">http:\/\/www.varnetocke.si\/<\/a><\/p>\n<p>Ve\u010d na <a href=\"http:\/\/www.unicef.si\" target=\"_blank\" rel=\"noopener\">www.unicef.si<\/a><\/p>\n","protected":false},"excerpt":{"rendered":"<p>Ob\u010dina Menge\u0161 se pridru\u017euje UNICEF-ovi mre\u017ei Varnih to\u010dk Ob\u010dina Menge\u0161 se bo s prvim \u0161olskim dnem pridru\u017eila UNICEF-ovi mre\u017ei Varnih to\u010dk. V Sloveniji bo odslej \u017ee ve\u010d kot 459 Varnih to\u010dk, v Ob\u010dini Menge\u0161 pa 16. Namen in cilj projekta &hellip; <a href=\"https:\/\/www.pgd-loka.si\/?page_id=4190\">Beri naprej <span class=\"meta-nav\">&rarr;<\/span><\/a><\/p>\n","protected":false},"author":3,"featured_media":0,"parent":0,"menu_order":0,"comment_status":"open","ping_status":"open","template":"","meta":{"footnotes":""},"class_list":["post-4190","page","type-page","status-publish","hentry"],"_links":{"self":[{"href":"https:\/\/www.pgd-loka.si\/index.php?rest_route=\/wp\/v2\/pages\/4190","targetHints":{"allow":["GET"]}}],"collection":[{"href":"https:\/\/www.pgd-loka.si\/index.php?rest_route=\/wp\/v2\/pages"}],"about":[{"href":"https:\/\/www.pgd-loka.si\/index.php?rest_route=\/wp\/v2\/types\/page"}],"author":[{"embeddable":true,"href":"https:\/\/www.pgd-loka.si\/index.php?rest_route=\/wp\/v2\/users\/3"}],"replies":[{"embeddable":true,"href":"https:\/\/www.pgd-loka.si\/index.php?rest_route=%2Fwp%2Fv2%2Fcomments&post=4190"}],"version-history":[{"count":10,"href":"https:\/\/www.pgd-loka.si\/index.php?rest_route=\/wp\/v2\/pages\/4190\/revisions"}],"predecessor-version":[{"id":12186,"href":"https:\/\/www.pgd-loka.si\/index.php?rest_route=\/wp\/v2\/pages\/4190\/revisions\/12186"}],"wp:attachment":[{"href":"https:\/\/www.pgd-loka.si\/index.php?rest_route=%2Fwp%2Fv2%2Fmedia&parent=4190"}],"curies":[{"name":"wp","href":"https:\/\/api.w.org\/{rel}","templated":true}]}}