{"id":3409,"date":"2013-02-14T11:16:52","date_gmt":"2013-02-14T10:16:52","guid":{"rendered":"https:\/\/www.pgd-loka.si\/?page_id=3409"},"modified":"2013-05-10T20:43:44","modified_gmt":"2013-05-10T18:43:44","slug":"svecanosti-in-druge-prireditve-v-letu-2012","status":"publish","type":"page","link":"https:\/\/www.pgd-loka.si\/?page_id=3409","title":{"rendered":"Sve\u010danosti in druge prireditve v letu 2012"},"content":{"rendered":"<p><strong><span style=\"text-decoration: underline;\">AKTIVNOSTI V OKTOBRU \u00bbMesecu varstva pred po\u017eari\u00ab<\/span><\/strong><\/p>\n<p>V oktobru, mesecu varstva pred po\u017eari, smo sodelovali na otro\u0161ki prireditvi \u017div \u017dav v Osnovni \u0161oli Menge\u0161. Organizirali smo gasilsko-re\u0161evalno vajo za na\u0161e operativne \u010dlane, se udele\u017eili dveh gasilsko re\u0161evalnih vaj dru\u0161tev PGD Homec in PIGD Lek. Na 1. Kolesarski dirki za pokal ob\u010dine Menge\u0161 smo nudili pomo\u010d pri redarski slu\u017ebi. Gasilska mladina pa je konec meseca izdelovala strahove iz bu\u010d.<\/p>\n<p>V doma\u010di cerkvi Sv. Primo\u017ea in Felicijana smo v soboto, 06.10.2012, pripravili sveto ma\u0161o za pokojne gasilce iz menge\u0161ke \u017eupnije, ki jo je daroval \u017eupnik Janez Avsenik in katere so se poleg nas udele\u017eili \u0161e gasilci iz Meng\u0161a, Topol in Jar\u0161 ter svojci in znanci pokojnih. Ob tej priliki bi se zahvalil pevski skupini R\u017e za petje pri ma\u0161i ter lo\u0161kim gospodinjam za vse nape\u010dene dobrote.<\/p>\n<p>Ob koncu meseca oktobra smo sodelovali tudi pri sve\u010danosti ob dnevu spomina na mrtve, ki so umrli v vojni.<\/p>\n<table border=\"1\" cellspacing=\"0\" cellpadding=\"0\">\n<tbody>\n<tr>\n<td valign=\"top\" width=\"99\"><b>DATUM<\/b><\/td>\n<td valign=\"top\" width=\"482\"><b>VRSTA AKTIVNOSTI<\/b><\/td>\n<\/tr>\n<tr>\n<td valign=\"top\" width=\"99\">04.10.2012<\/td>\n<td valign=\"top\" width=\"482\">\u017div \u017dav pri O\u0160 Menge\u0161<\/td>\n<\/tr>\n<tr>\n<td valign=\"top\" width=\"99\">06.10.2012<\/td>\n<td valign=\"top\" width=\"482\">Ma\u0161a za pokojne gasilce \u2013 preko 40 uniformiranih gasilcev (18 doma\u010dih uniformiranih gasilcev)<\/td>\n<\/tr>\n<tr>\n<td valign=\"top\" width=\"99\">13.10.2012<\/td>\n<td valign=\"top\" width=\"482\">Gasilsko re\u0161evalna vaja Preserje 2012<\/td>\n<\/tr>\n<tr>\n<td valign=\"top\" width=\"99\">14.10.2012<\/td>\n<td valign=\"top\" width=\"482\">Redarska slu\u017eba \u2013 kolesarska dirka v Meng\u0161u<\/td>\n<\/tr>\n<tr>\n<td valign=\"top\" width=\"99\">28.10.2012<\/td>\n<td valign=\"top\" width=\"482\">Intervencija \u2013 PGD Loka<\/td>\n<\/tr>\n<tr>\n<td valign=\"top\" width=\"99\">31.10.2012<\/td>\n<td valign=\"top\" width=\"482\">Izdelava strahov iz bu\u010d<\/td>\n<\/tr>\n<tr>\n<td valign=\"top\" width=\"99\">31.10.2012<\/td>\n<td valign=\"top\" width=\"482\">Komemoracija pri kamnitem mostu v Loki<\/td>\n<\/tr>\n<tr>\n<td valign=\"top\" width=\"99\">31.10.2012<\/td>\n<td valign=\"top\" width=\"482\">Gasilsko re\u0161evalna vaja Loka 2012<\/td>\n<\/tr>\n<tr>\n<td valign=\"top\" width=\"99\">14.11.2012<\/td>\n<td valign=\"top\" width=\"482\">Gasilsko re\u0161evalna vaja Lek 2012<\/td>\n<\/tr>\n<\/tbody>\n<\/table>\n<p>&nbsp;<\/p>\n<p><strong>OSTALE AKTIVNOSTI<\/strong><\/p>\n<p>Med ostalimi aktivnostmi prevladuje delo z mladimi, na \u0161tirih (4) prireditvah smo nudili redarsko pomo\u010d, organizirali nekaj \u010distilnih akcij, predvsem v gasilskem domu in okolici, postavljali prvomajski mlaj v Meng\u0161u in mlaj za novoma\u0161nika Matev\u017ea Mehleta, odzvali smo se na povabila okroglih slovesnostih na\u0161ih \u010dlanov (50 let Lidije in Damjana Muzga, 60 let Mira Urbanca, 70 let Feliksa \u0160egatina, 80 let Zofije in Franca Bergant) ter okroglih jubilejev okoli\u0161kih gasilskih dru\u0161tev (80 let PGD \u0160tuda).<br \/>\nStarej\u0161i gasilci so pomagali pri \u010distilnih akcijah, pri postavljanju mlajev, postavljanju in podiranju prireditvenega prostora tradicionalnega tekmovanja za pokal Loke in drugih opravilih pri domu ter se vestno udele\u017eujejo vseh slovesnosti- za kar se jim prav lepo zahvaljujem. Udele\u017eili smo se tudi posveta \u010dlanic regije LJ III in posvetov mentorjev mladine v Zre\u010dah in Logatcu.<br \/>\nPrisotni smo bili na Florjanovi ma\u0161i v Trzinu in gasilski ma\u0161i v Meng\u0161u in Loki, starej\u0161i gasilci pa so se udele\u017eili sre\u010danj na nivoju GZ Menge\u0161 in regije Ljubljana III.<br \/>\nV letu 2012 smo prenovili na\u0161o internetno stran za kar se zahvaljujem Bo\u0161tjanu in Davidu. Bo\u0161tjan in Domen pa sedaj pridno in a\u017eurno skrbita za novosti in novice ter skrbita za lep izgled strani. Od avgusta naprej fasado gasilskega doma krasi nov napis, septembra pa smo imeli \u010dlani skupinsko slikanje za stanski koledar za leto 2013. V leto\u0161njem letu namre\u010d praznujemo 80-letnico dru\u0161tva.<br \/>\nTudi na zabavo otrok nismo pozabili in smo junija sodelovali na vodnih igrah na Oratoriju 2012 v Meng\u0161u.<br \/>\nV mesecu septembru smo pospremili v zakonski stan \u0161tiri (4) na\u0161e \u010dlane (Tino Gorjup in Simona Cerarja, Jureta Frantarja in Eriko Gri\u010dar ter Andreja Brojana in Tino Su\u0161nik).<\/p>\n","protected":false},"excerpt":{"rendered":"<p>AKTIVNOSTI V OKTOBRU \u00bbMesecu varstva pred po\u017eari\u00ab V oktobru, mesecu varstva pred po\u017eari, smo sodelovali na otro\u0161ki prireditvi \u017div \u017dav v Osnovni \u0161oli Menge\u0161. Organizirali smo gasilsko-re\u0161evalno vajo za na\u0161e operativne \u010dlane, se udele\u017eili dveh gasilsko re\u0161evalnih vaj dru\u0161tev PGD &hellip; <a href=\"https:\/\/www.pgd-loka.si\/?page_id=3409\">Beri naprej <span class=\"meta-nav\">&rarr;<\/span><\/a><\/p>\n","protected":false},"author":3,"featured_media":0,"parent":0,"menu_order":0,"comment_status":"open","ping_status":"open","template":"","meta":{"footnotes":""},"class_list":["post-3409","page","type-page","status-publish","hentry"],"_links":{"self":[{"href":"https:\/\/www.pgd-loka.si\/index.php?rest_route=\/wp\/v2\/pages\/3409","targetHints":{"allow":["GET"]}}],"collection":[{"href":"https:\/\/www.pgd-loka.si\/index.php?rest_route=\/wp\/v2\/pages"}],"about":[{"href":"https:\/\/www.pgd-loka.si\/index.php?rest_route=\/wp\/v2\/types\/page"}],"author":[{"embeddable":true,"href":"https:\/\/www.pgd-loka.si\/index.php?rest_route=\/wp\/v2\/users\/3"}],"replies":[{"embeddable":true,"href":"https:\/\/www.pgd-loka.si\/index.php?rest_route=%2Fwp%2Fv2%2Fcomments&post=3409"}],"version-history":[{"count":9,"href":"https:\/\/www.pgd-loka.si\/index.php?rest_route=\/wp\/v2\/pages\/3409\/revisions"}],"predecessor-version":[{"id":3412,"href":"https:\/\/www.pgd-loka.si\/index.php?rest_route=\/wp\/v2\/pages\/3409\/revisions\/3412"}],"wp:attachment":[{"href":"https:\/\/www.pgd-loka.si\/index.php?rest_route=%2Fwp%2Fv2%2Fmedia&parent=3409"}],"curies":[{"name":"wp","href":"https:\/\/api.w.org\/{rel}","templated":true}]}}