{"id":31,"date":"2012-03-01T18:42:59","date_gmt":"2012-03-01T18:42:59","guid":{"rendered":"http:\/\/localhost\/PGD%20Loka%204\/?page_id=31"},"modified":"2013-12-27T19:02:26","modified_gmt":"2013-12-27T18:02:26","slug":"preventiva","status":"publish","type":"page","link":"https:\/\/www.pgd-loka.si\/?page_id=31","title":{"rendered":"Preventiva"},"content":{"rendered":"<ul>\n<li><a title=\"Klic v sili na \u0161tevilko 112\" href=\"index.php?page_id=1066\">Klic v sili na \u0161tevilko 112<\/a><\/li>\n<li><a title=\"Tipi siren \u2013 Sistem javnega alarmiranja\" href=\"index.php?page_id=1070\">Tipi siren &#8211; Sistem javnega alarmiranja<\/a><\/li>\n<li><a title=\"Varno rokovanje s plinom\" href=\"index.php?page_id=1079\">Varno rokovanje s plinom<\/a><\/li>\n<li><a title=\"Kako ravnamo ob po\u017earu na objektu\" href=\"index.php?page_id=1086\">Kako ravnamo ob po\u017earu na objektu<\/a><\/li>\n<li><a title=\"Kaj narediti \u010de zagori olje na \u0161tedilniku\" href=\"index.php?page_id=1092\">Kaj narediti \u010de zagori olje na \u0161tedilniku<\/a><\/li>\n<li><a title=\"Kaj narediti \u010de zagori televizor, pralni stroj in ostala elektronika\" href=\"index.php?page_id=1099\">Kaj narediti \u010de zagori televizor, pralni stroj in ostala elektronika<\/a><\/li>\n<li><a title=\"Uporaba nadtla\u010dnega prezra\u010devalnika\" href=\"index.php?page_id=1105\">Uporaba nadtla\u010dnega prezra\u010devalnika<\/a><\/li>\n<li><a href=\"https:\/\/www.pgd-loka.si\/clanki\/Vloga%20polavtomatskega%20defibrilatorja%20in%20ali%20ga%20res%20potrebujemo.pdf\">Vloga polavtomatskega defibrilatorja in ali ga zares potrebujemo<\/a><\/li>\n<li>Obna\u0161anje in re\u0161evanje na ledu &#8211;\u00a0<a href=\"https:\/\/www.pgd-loka.si\/clanki\/%C5%A0tudija%20o%20ledu.pdf\">\u010clanek<\/a> (klikni!); <a href=\"https:\/\/www.pgd-loka.si\/clanki\/Led_(ne)varnost_martin_budna.ppt\">Predstavitev<\/a> (klikni!)<\/li>\n<li><a title=\"Kaj storiti ob zastrupitvi?\" href=\"index.php?page_id=1116\">Kaj storiti ob zastrupitvi?<\/a><\/li>\n<li>Kako ravnamo ob po\u017earu v predoru: &#8211; <a title=\"Manj\u0161i po\u017ear\" href=\"http:\/\/www.youtube.com\/watch?v=uW97H94TnnE\" target=\"_blank\">manj\u0161i po\u017ear<\/a> (klikni!) &#8211; <a title=\"Ve\u010dji po\u017ear\" href=\"http:\/\/www.youtube.com\/watch?v=iLVJXSjBM1w\" target=\"_blank\">ve\u010dji po\u017ear<\/a> (klikni!)<\/li>\n<li><a href=\"https:\/\/www.pgd-loka.si\/?page_id=3079\">Navodila in nasveti ob poplavi<\/a><\/li>\n<\/ul>\n","protected":false},"excerpt":{"rendered":"<p>Klic v sili na \u0161tevilko 112 Tipi siren &#8211; Sistem javnega alarmiranja Varno rokovanje s plinom Kako ravnamo ob po\u017earu na objektu Kaj narediti \u010de zagori olje na \u0161tedilniku Kaj narediti \u010de zagori televizor, pralni stroj in ostala elektronika Uporaba &hellip; <a href=\"https:\/\/www.pgd-loka.si\/?page_id=31\">Beri naprej <span class=\"meta-nav\">&rarr;<\/span><\/a><\/p>\n","protected":false},"author":3,"featured_media":0,"parent":0,"menu_order":0,"comment_status":"open","ping_status":"open","template":"","meta":{"footnotes":""},"class_list":["post-31","page","type-page","status-publish","hentry"],"_links":{"self":[{"href":"https:\/\/www.pgd-loka.si\/index.php?rest_route=\/wp\/v2\/pages\/31","targetHints":{"allow":["GET"]}}],"collection":[{"href":"https:\/\/www.pgd-loka.si\/index.php?rest_route=\/wp\/v2\/pages"}],"about":[{"href":"https:\/\/www.pgd-loka.si\/index.php?rest_route=\/wp\/v2\/types\/page"}],"author":[{"embeddable":true,"href":"https:\/\/www.pgd-loka.si\/index.php?rest_route=\/wp\/v2\/users\/3"}],"replies":[{"embeddable":true,"href":"https:\/\/www.pgd-loka.si\/index.php?rest_route=%2Fwp%2Fv2%2Fcomments&post=31"}],"version-history":[{"count":18,"href":"https:\/\/www.pgd-loka.si\/index.php?rest_route=\/wp\/v2\/pages\/31\/revisions"}],"predecessor-version":[{"id":4407,"href":"https:\/\/www.pgd-loka.si\/index.php?rest_route=\/wp\/v2\/pages\/31\/revisions\/4407"}],"wp:attachment":[{"href":"https:\/\/www.pgd-loka.si\/index.php?rest_route=%2Fwp%2Fv2%2Fmedia&parent=31"}],"curies":[{"name":"wp","href":"https:\/\/api.w.org\/{rel}","templated":true}]}}