{"id":3079,"date":"2012-11-06T09:34:21","date_gmt":"2012-11-06T08:34:21","guid":{"rendered":"https:\/\/www.pgd-loka.si\/?page_id=3079"},"modified":"2017-03-07T10:30:16","modified_gmt":"2017-03-07T09:30:16","slug":"navodila-in-nasveti-prebivalstvu-ob-poplavi","status":"publish","type":"page","link":"https:\/\/www.pgd-loka.si\/?page_id=3079","title":{"rendered":"Navodila in nasveti ob poplavi"},"content":{"rendered":"<p>Pri obilnih padavinah in visokega vodostaja rek se pove\u010da nevarnost poplav.<\/p>\n<p>V nadaljevanju se nahaja nekaj uporabnih povezav, ki vam nudijo nekaj nasvetov.<\/p>\n<p>V primeru, da je ogro\u017eeno \u010dlove\u0161ko \u017eivljenje oz. potrebujete pomo\u010d re\u0161evalnih slu\u017eb ZiR pa se dr\u017eite slede\u010dih navodil:<\/p>\n<p>KO KLI\u010cETE NA \u0160TEVILKO<strong> 112<\/strong>, OPERATERJU POVEJTE:<br \/>\n\u2022 <strong>KDO<\/strong> kli\u010de<br \/>\n\u2022 <strong>KAJ<\/strong> se je zgodilo<br \/>\n\u2022 <strong>KJE<\/strong> se je zgodilo<br \/>\n\u2022 <strong>KDAJ<\/strong> se je zgodilo<br \/>\n\u2022 <strong>KOLIKO<\/strong> je ponesre\u010dencev<br \/>\n\u2022 kak\u0161ne so <strong>PO\u0160KODBE<\/strong><br \/>\n\u2022 kak\u0161ne so <strong>OKOLI\u0160\u010cINE<\/strong> na kraju nesre\u010de (po\u017ear, poplava, nevarne snovi, po\u0161kodovane plinovodne ali druge napeljave\u2026 )<br \/>\n\u2022 kak\u0161no <strong>POMO\u010c<\/strong> potrebujete.<\/p>\n<p><strong>Ne pozabite! Pri ve\u010dini nesre\u010d je \u010das najpomembnej\u0161i dejavnik, zato sami takoj storite vse, kar znate in zmorete.<\/strong><\/p>\n<p><strong>Dr\u017eavna meteorolo\u0161ka in hidrolo\u0161ka slu\u017eba<\/strong> <strong>&#8211;<\/strong> <a href=\"http:\/\/www.arso.gov.si\/vode\/opozorila\/\" target=\"_blank\">http:\/\/www.arso.gov.si\/vode\/opozorila\/<\/a><\/p>\n<p><strong>Ukrepi pred poplavo:<\/strong><br \/>\n<a href=\"http:\/\/poplavljen.si\/index.php\/kaj-lahko-sami-naredite-v-poplav\/sami-naredite-pred-poplavo\" target=\"_blank\">http:\/\/poplavljen.si\/index.php\/kaj-lahko-sami-naredite-v-poplav\/sami-naredite-pred-poplavo<\/a><\/p>\n<p><strong>Ukrepi med poplavo:<\/strong><br \/>\n<a href=\"http:\/\/poplavljen.si\/index.php\/kaj-lahko-sami-naredite-v-poplav\/sami-naredite-med-poplavo\" target=\"_blank\">http:\/\/poplavljen.si\/index.php\/kaj-lahko-sami-naredite-v-poplav\/sami-naredite-med-poplavo<\/a><\/p>\n<p><iframe loading=\"lazy\" width=\"560\" height=\"315\" src=\"https:\/\/www.youtube.com\/embed\/xJIwrZ7iby8\" frameborder=\"0\" allowfullscreen><\/iframe><\/p>\n","protected":false},"excerpt":{"rendered":"<p>Pri obilnih padavinah in visokega vodostaja rek se pove\u010da nevarnost poplav. V nadaljevanju se nahaja nekaj uporabnih povezav, ki vam nudijo nekaj nasvetov. V primeru, da je ogro\u017eeno \u010dlove\u0161ko \u017eivljenje oz. potrebujete pomo\u010d re\u0161evalnih slu\u017eb ZiR pa se dr\u017eite slede\u010dih &hellip; <a href=\"https:\/\/www.pgd-loka.si\/?page_id=3079\">Beri naprej <span class=\"meta-nav\">&rarr;<\/span><\/a><\/p>\n","protected":false},"author":3,"featured_media":0,"parent":0,"menu_order":0,"comment_status":"open","ping_status":"open","template":"","meta":{"footnotes":""},"class_list":["post-3079","page","type-page","status-publish","hentry"],"_links":{"self":[{"href":"https:\/\/www.pgd-loka.si\/index.php?rest_route=\/wp\/v2\/pages\/3079","targetHints":{"allow":["GET"]}}],"collection":[{"href":"https:\/\/www.pgd-loka.si\/index.php?rest_route=\/wp\/v2\/pages"}],"about":[{"href":"https:\/\/www.pgd-loka.si\/index.php?rest_route=\/wp\/v2\/types\/page"}],"author":[{"embeddable":true,"href":"https:\/\/www.pgd-loka.si\/index.php?rest_route=\/wp\/v2\/users\/3"}],"replies":[{"embeddable":true,"href":"https:\/\/www.pgd-loka.si\/index.php?rest_route=%2Fwp%2Fv2%2Fcomments&post=3079"}],"version-history":[{"count":13,"href":"https:\/\/www.pgd-loka.si\/index.php?rest_route=\/wp\/v2\/pages\/3079\/revisions"}],"predecessor-version":[{"id":6489,"href":"https:\/\/www.pgd-loka.si\/index.php?rest_route=\/wp\/v2\/pages\/3079\/revisions\/6489"}],"wp:attachment":[{"href":"https:\/\/www.pgd-loka.si\/index.php?rest_route=%2Fwp%2Fv2%2Fmedia&parent=3079"}],"curies":[{"name":"wp","href":"https:\/\/api.w.org\/{rel}","templated":true}]}}