{"id":25,"date":"2012-03-01T18:41:53","date_gmt":"2012-03-01T18:41:53","guid":{"rendered":"http:\/\/localhost\/PGD%20Loka%204\/?page_id=25"},"modified":"2018-08-10T12:16:09","modified_gmt":"2018-08-10T10:16:09","slug":"operativa","status":"publish","type":"page","link":"https:\/\/www.pgd-loka.si\/?page_id=25","title":{"rendered":"Operativa"},"content":{"rendered":"<div id=\"attachment_7789\" style=\"width: 258px\" class=\"wp-caption alignleft\"><img loading=\"lazy\" decoding=\"async\" aria-describedby=\"caption-attachment-7789\" class=\"wp-image-7789 size-medium\" src=\"https:\/\/www.pgd-loka.si\/wp-content\/uploads\/2018\/08\/znak-operativne-enote-2018-248x300.jpg\" alt=\"\" width=\"248\" height=\"300\" \/><p id=\"caption-attachment-7789\" class=\"wp-caption-text\">Znak operativne enote &#8211; predstavljen v letu 2018<\/p><\/div>\n<p>Prostovoljni gasilec se mora za opravljanje nalog redno izobra\u017eevati, strokovno usposabljati in izpopolnjevati, \u0161iriti splo\u0161no razgledanost in razvijati tista znanja in ve\u0161\u010dine, ki so potrebna za u\u010dinkovito in strokovno opravljanje nalog. S strokovnim pristopom na intervencijah si pove\u010dujemo ugled in zaupanje javnosti.<\/p>\n<p>Operativne naloge gasilstva, kot obvezne lokalne javne slu\u017ebe, ki nam jih nalaga zakon o gasilstvu so:<\/p>\n<ul>\n<li>ga\u0161enje in re\u0161evanje ob po\u017earih,<\/li>\n<li>za\u0161\u010dita in re\u0161evanje oseb, \u017eivali, premo\u017eenja in okolja ob naravnih in drugih nesre\u010dah,<\/li>\n<li>tehni\u010dna in druga pomo\u010d ob po\u017earih, tehni\u010dnih in tehnolo\u0161kih nesre\u010dah ter<\/li>\n<li>druge splo\u0161ne re\u0161evalne naloge.<\/li>\n<\/ul>\n<p>Oglejte si \u0161e:<br \/>\n&#8211; <a href=\"https:\/\/www.pgd-loka.si\/?page_id=60\">Intervencije<\/a><br \/>\n&#8211; <a href=\"https:\/\/www.pgd-loka.si\/?page_id=62\">Usposabljanja<\/a><br \/>\n&#8211; <a href=\"https:\/\/www.pgd-loka.si\/?page_id=64\">Gasilske vaje<\/a><br \/>\n&#8211; <a href=\"https:\/\/www.pgd-loka.si\/?page_id=66\">Tekmovanja<\/a><br \/>\n&#8211; <a href=\"https:\/\/www.pgd-loka.si\/?page_id=4972\">Operativni \u010dlani<\/a><\/p>\n","protected":false},"excerpt":{"rendered":"<p>Prostovoljni gasilec se mora za opravljanje nalog redno izobra\u017eevati, strokovno usposabljati in izpopolnjevati, \u0161iriti splo\u0161no razgledanost in razvijati tista znanja in ve\u0161\u010dine, ki so potrebna za u\u010dinkovito in strokovno opravljanje nalog. S strokovnim pristopom na intervencijah si pove\u010dujemo ugled in &hellip; <a href=\"https:\/\/www.pgd-loka.si\/?page_id=25\">Beri naprej <span class=\"meta-nav\">&rarr;<\/span><\/a><\/p>\n","protected":false},"author":3,"featured_media":0,"parent":0,"menu_order":0,"comment_status":"open","ping_status":"open","template":"","meta":{"footnotes":""},"class_list":["post-25","page","type-page","status-publish","hentry"],"_links":{"self":[{"href":"https:\/\/www.pgd-loka.si\/index.php?rest_route=\/wp\/v2\/pages\/25","targetHints":{"allow":["GET"]}}],"collection":[{"href":"https:\/\/www.pgd-loka.si\/index.php?rest_route=\/wp\/v2\/pages"}],"about":[{"href":"https:\/\/www.pgd-loka.si\/index.php?rest_route=\/wp\/v2\/types\/page"}],"author":[{"embeddable":true,"href":"https:\/\/www.pgd-loka.si\/index.php?rest_route=\/wp\/v2\/users\/3"}],"replies":[{"embeddable":true,"href":"https:\/\/www.pgd-loka.si\/index.php?rest_route=%2Fwp%2Fv2%2Fcomments&post=25"}],"version-history":[{"count":16,"href":"https:\/\/www.pgd-loka.si\/index.php?rest_route=\/wp\/v2\/pages\/25\/revisions"}],"predecessor-version":[{"id":7804,"href":"https:\/\/www.pgd-loka.si\/index.php?rest_route=\/wp\/v2\/pages\/25\/revisions\/7804"}],"wp:attachment":[{"href":"https:\/\/www.pgd-loka.si\/index.php?rest_route=%2Fwp%2Fv2%2Fmedia&parent=25"}],"curies":[{"name":"wp","href":"https:\/\/api.w.org\/{rel}","templated":true}]}}