{"id":2265,"date":"2012-03-25T09:07:16","date_gmt":"2012-03-25T09:07:16","guid":{"rendered":"https:\/\/www.pgd-loka.si\/?page_id=2265"},"modified":"2012-03-25T09:14:03","modified_gmt":"2012-03-25T09:14:03","slug":"tekmovanja-v-letu-2011","status":"publish","type":"page","link":"https:\/\/www.pgd-loka.si\/?page_id=2265","title":{"rendered":"Tekmovanja v letu 2011"},"content":{"rendered":"<p>Na\u010din, kako ohranjati psihofizi\u010dno kondicijo in spretnosti rokovanja z gasilsko opremo, predstavljajo priprave ekip na tekmovanja in tekmovanja sama.<\/p>\n<p>Na\u0161e tekmovalne enote so opravile 54 nastopov na razli\u010dnih tekmovanjih in nivojih. V letu 2011 smo se poleg gasilsko-\u0161portnih disciplin udele\u017eili \u0161e\u00a0 tekmovanj v orientaciji in kvizih na nivoju GZ Menge\u0161, regije Ljubljane III in dr\u017eavnih tekmovanjih ter smu\u010darskem tekmovanju za mladino v organizaciji regije Ljubljana III. Na nivoju GZ Menge\u0161 smo opravili 17 nastopov, na nivoju regije LJ III 27 nastopov, na dr\u017eavnem nivoju 7 nastopov ter za pokal Loke 3 nastopi. Na vseh nivojih smo zasedli skupaj 15 1. mest, 7 2. mest in 7 3. mest ostala so bila ni\u017eja mesta, a vse v prvi polovici rezultatov.<\/p>\n<table border=\"1\" cellspacing=\"0\" cellpadding=\"0\">\n<tbody>\n<tr>\n<td width=\"90\" valign=\"top\"><strong>DATUM<\/strong><\/td>\n<td width=\"132\" valign=\"top\"><strong>EKIPA<\/strong><\/td>\n<td width=\"274\" valign=\"top\"><strong>VRSTA TEKMOVANJA<\/strong><\/td>\n<td width=\"123\" valign=\"top\"><strong>UVRSTITEV<\/strong><\/td>\n<\/tr>\n<tr>\n<td width=\"90\" valign=\"top\">05.02.2011<\/td>\n<td width=\"132\" valign=\"top\">Mlaj\u0161i de\u010dki<br \/>\n\u2013 do l. 2002<\/td>\n<td width=\"274\" valign=\"top\">Regijsko tekmovanje &#8211;   smu\u010danje<\/td>\n<td width=\"123\" valign=\"top\">9. mesto<br \/>\n12.mesto<\/td>\n<\/tr>\n<tr>\n<td width=\"90\" valign=\"top\">05.02.2011<\/td>\n<td width=\"132\" valign=\"top\">Starej\u0161i deklice<br \/>\n\u2013 l. 1999\/2000<\/td>\n<td width=\"274\" valign=\"top\">Regijsko tekmovanje &#8211;   smu\u010danje<\/td>\n<td width=\"123\" valign=\"top\">2. mesto<br \/>\n8.mesto<\/td>\n<\/tr>\n<tr>\n<td width=\"90\" valign=\"top\">05.02.2011<\/td>\n<td width=\"132\" valign=\"top\">Starej\u0161i deklice<br \/>\n\u2013 l. 1997\/1998<\/td>\n<td width=\"274\" valign=\"top\">Regijsko tekmovanje &#8211;   smu\u010danje<\/td>\n<td width=\"123\" valign=\"top\">4. mesto<br \/>\n6. mesto<\/td>\n<\/tr>\n<tr>\n<td width=\"90\" valign=\"top\">05.02.2011<\/td>\n<td width=\"132\" valign=\"top\">Starej\u0161i de\u010dki<br \/>\n\u2013l. 1997\/1998<\/td>\n<td width=\"274\" valign=\"top\">Regijsko tekmovanje &#8211;   smu\u010danje<\/td>\n<td width=\"123\" valign=\"top\">17.mesto<br \/>\n24.mesto<\/td>\n<\/tr>\n<tr>\n<td width=\"90\" valign=\"top\">05.02.2011<\/td>\n<td width=\"132\" valign=\"top\">Mentorji<br \/>\n\u2013 do 35 let<\/td>\n<td width=\"274\" valign=\"top\">Regijsko tekmovanje &#8211;   smu\u010danje<\/td>\n<td width=\"123\" valign=\"top\">9.mesto<\/td>\n<\/tr>\n<tr>\n<td width=\"90\" valign=\"top\">05.02.2011<\/td>\n<td width=\"132\" valign=\"top\">Mentorji<br \/>\n\u2013 nad 35 let<\/td>\n<td width=\"274\" valign=\"top\">Regijsko tekmovanje \u2013   smu\u010danje<\/td>\n<td width=\"123\" valign=\"top\">5. mesto<\/td>\n<\/tr>\n<tr>\n<td width=\"90\" valign=\"top\">08.04.2011<\/td>\n<td width=\"132\" valign=\"top\">Mladinci<\/td>\n<td width=\"274\" valign=\"top\">Ob\u010dinsko tekmovanje &#8211; kviz<\/td>\n<td width=\"123\" valign=\"top\">1. mesto<\/td>\n<\/tr>\n<tr>\n<td width=\"90\" valign=\"top\">09.04.2011<\/td>\n<td width=\"132\" valign=\"top\">Mlaj\u0161i pionirji<\/td>\n<td width=\"274\" valign=\"top\">Ob\u010dinsko tekmovanje \u2013 kviz<\/td>\n<td width=\"123\" valign=\"top\">2. mesto<\/td>\n<\/tr>\n<tr>\n<td width=\"90\" valign=\"top\">09.04.2011<\/td>\n<td width=\"132\" valign=\"top\">Starej\u0161i pionirji<\/td>\n<td width=\"274\" valign=\"top\">Ob\u010dinsko tekmovanje \u2013 kviz<\/td>\n<td width=\"123\" valign=\"top\">1. mesto<br \/>\n2. mesto<\/td>\n<\/tr>\n<tr>\n<td width=\"90\" valign=\"top\">14.05.2011<\/td>\n<td width=\"132\" valign=\"top\">Mlaj\u0161i pionirke<\/td>\n<td width=\"274\" valign=\"top\">Ob\u010dinsko tekmovanje \u2013   orientacija<\/td>\n<td width=\"123\" valign=\"top\">2. mesto<\/td>\n<\/tr>\n<tr>\n<td width=\"90\" valign=\"top\">14.05.2011<\/td>\n<td width=\"132\" valign=\"top\">Mlaj\u0161i pionirji<\/td>\n<td width=\"274\" valign=\"top\">Ob\u010dinsko tekmovanje \u2013   orientacija<\/td>\n<td width=\"123\" valign=\"top\">1. mesto<\/td>\n<\/tr>\n<tr>\n<td width=\"90\" valign=\"top\">14.05.2011<\/td>\n<td width=\"132\" valign=\"top\">Starej\u0161e pionirke<\/td>\n<td width=\"274\" valign=\"top\">Ob\u010dinsko tekmovanje \u2013   orientacija<\/td>\n<td width=\"123\" valign=\"top\">1. mesto<\/td>\n<\/tr>\n<tr>\n<td width=\"90\" valign=\"top\">14.05.2011<\/td>\n<td width=\"132\" valign=\"top\">Starej\u0161i pionirji<\/td>\n<td width=\"274\" valign=\"top\">Ob\u010dinsko tekmovanje \u2013   orientacija<\/td>\n<td width=\"123\" valign=\"top\">1. mesto<br \/>\n2. mesto<\/td>\n<\/tr>\n<tr>\n<td width=\"90\" valign=\"top\">14.05.2011<\/td>\n<td width=\"132\" valign=\"top\">Mladinci<\/td>\n<td width=\"274\" valign=\"top\">Ob\u010dinsko tekmovanje \u2013   orientacija<\/td>\n<td width=\"123\" valign=\"top\">3. mesto<\/td>\n<\/tr>\n<tr>\n<td width=\"90\" valign=\"top\">28.05.2011<\/td>\n<td width=\"132\" valign=\"top\">Mlaj\u0161i pionirke<\/td>\n<td width=\"274\" valign=\"top\">Regijsko tekmovanje \u2013   orientacija<\/td>\n<td width=\"123\" valign=\"top\">1. mesto<\/td>\n<\/tr>\n<tr>\n<td width=\"90\" valign=\"top\">28.05.2011<\/td>\n<td width=\"132\" valign=\"top\">Mlaj\u0161i pionirji<\/td>\n<td width=\"274\" valign=\"top\">Regijsko tekmovanje \u2013   orientacija<\/td>\n<td width=\"123\" valign=\"top\">1. mesto<\/td>\n<\/tr>\n<tr>\n<td width=\"90\" valign=\"top\">28.05.2011<\/td>\n<td width=\"132\" valign=\"top\">Starej\u0161e pionirke<\/td>\n<td width=\"274\" valign=\"top\">Regijsko tekmovanje \u2013   orientacija<\/td>\n<td width=\"123\" valign=\"top\">13. mesto<\/td>\n<\/tr>\n<tr>\n<td width=\"90\" valign=\"top\">28.05.2011<\/td>\n<td width=\"132\" valign=\"top\">Starej\u0161i pionirji<\/td>\n<td width=\"274\" valign=\"top\">Regijsko tekmovanje \u2013   orientacija<\/td>\n<td width=\"123\" valign=\"top\">1. mesto<br \/>\n16. mesto<\/td>\n<\/tr>\n<tr>\n<td width=\"90\" valign=\"top\">04.06.2011<\/td>\n<td width=\"132\" valign=\"top\">Mlaj\u0161i<\/td>\n<td width=\"274\" valign=\"top\">Regijsko tekmovanje &#8211; DMG<\/td>\n<td width=\"123\" valign=\"top\">1. mesto<br \/>\n3. mesto<\/td>\n<\/tr>\n<tr>\n<td width=\"90\" valign=\"top\">04.06.2011<\/td>\n<td width=\"132\" valign=\"top\">Starej\u0161i<\/td>\n<td width=\"274\" valign=\"top\">Regijsko tekmovanje &#8211; DMG<\/td>\n<td width=\"123\" valign=\"top\">3. mesto<br \/>\n10. mesto<\/td>\n<\/tr>\n<tr>\n<td width=\"90\" valign=\"top\">18.06.2011<\/td>\n<td width=\"132\" valign=\"top\">\u010clani A1<\/td>\n<td width=\"274\" valign=\"top\">Tekmovanje \u2013 za pokal LOKE<\/td>\n<td width=\"123\" valign=\"top\">4. mesto<\/td>\n<\/tr>\n<tr>\n<td width=\"90\" valign=\"top\">18.06.2011<\/td>\n<td width=\"132\" valign=\"top\">\u010clani A2<\/td>\n<td width=\"274\" valign=\"top\">Tekmovanje \u2013 za pokal LOKE<\/td>\n<td width=\"123\" valign=\"top\">5. mesto<\/td>\n<\/tr>\n<tr>\n<td width=\"90\" valign=\"top\">18.06.2011<\/td>\n<td width=\"132\" valign=\"top\">\u010clani B<\/td>\n<td width=\"274\" valign=\"top\">Tekmovanje \u2013 za pokal LOKE<\/td>\n<td width=\"123\" valign=\"top\">8. mesto<\/td>\n<\/tr>\n<tr>\n<td width=\"90\" valign=\"top\">18.06.2011<\/td>\n<td width=\"132\" valign=\"top\">\u010clani A1<\/td>\n<td width=\"274\" valign=\"top\">Ob\u010dinsko tekmovanje \u2013 \u010dlani   \u2013 Loka<\/td>\n<td width=\"123\" valign=\"top\">2. mesto<\/td>\n<\/tr>\n<tr>\n<td width=\"90\" valign=\"top\">18.06.2011<\/td>\n<td width=\"132\" valign=\"top\">\u010clani A2<\/td>\n<td width=\"274\" valign=\"top\">Ob\u010dinsko tekmovanje \u2013 \u010dlani   \u2013 Loka<\/td>\n<td width=\"123\" valign=\"top\">1. mesto<\/td>\n<\/tr>\n<tr>\n<td width=\"90\" valign=\"top\">18.06.2011<\/td>\n<td width=\"132\" valign=\"top\">\u010clani B<\/td>\n<td width=\"274\" valign=\"top\">Ob\u010dinsko tekmovanje \u2013 \u010dlani   \u2013 Loka<\/td>\n<td width=\"123\" valign=\"top\">2. mesto<\/td>\n<\/tr>\n<tr>\n<td width=\"90\" valign=\"top\">10.09.2011<\/td>\n<td width=\"132\" valign=\"top\">Pionirji<\/td>\n<td width=\"274\" valign=\"top\">Ob\u010dinsko tekmovanje \u2013   Topole<\/td>\n<td width=\"123\" valign=\"top\">1. mesto<\/td>\n<\/tr>\n<tr>\n<td width=\"90\" valign=\"top\">10.09.2011<\/td>\n<td width=\"132\" valign=\"top\">Mladinci<\/td>\n<td width=\"274\" valign=\"top\">Ob\u010dinsko tekmovanje \u2013   Topole<\/td>\n<td width=\"123\" valign=\"top\">1. mesto<\/td>\n<\/tr>\n<tr>\n<td width=\"90\" valign=\"top\">10.09.2011<\/td>\n<td width=\"132\" valign=\"top\">Starej\u0161i gasilke<\/td>\n<td width=\"274\" valign=\"top\">Ob\u010dinsko tekmovanje \u2013   Topole<\/td>\n<td width=\"123\" valign=\"top\">1. mesto<\/td>\n<\/tr>\n<tr>\n<td width=\"90\" valign=\"top\">10.09.2011<\/td>\n<td width=\"132\" valign=\"top\">Starej\u0161e gasilci<\/td>\n<td width=\"274\" valign=\"top\">Ob\u010dinsko tekmovanje \u2013   Topole<\/td>\n<td width=\"123\" valign=\"top\">3. mesto<\/td>\n<\/tr>\n<tr>\n<td width=\"90\" valign=\"top\">17.09.2011<\/td>\n<td width=\"132\" valign=\"top\">Mlaj\u0161e pionirke<\/td>\n<td width=\"274\" valign=\"top\">Dr\u017eavno tekmovanje \u2013   orientacija \u2013 smu\u010di\u0161\u010de \u010crni vrh na Cerknim<\/td>\n<td width=\"123\" valign=\"top\">3. mesto<\/td>\n<\/tr>\n<tr>\n<td width=\"90\" valign=\"top\">17.09.2011<\/td>\n<td width=\"132\" valign=\"top\">Mlaj\u0161i pionirji<\/td>\n<td width=\"274\" valign=\"top\">Dr\u017eavno tekmovanje \u2013   orientacija \u2013 smu\u010di\u0161\u010de \u010crni vrh na Cerknim<\/td>\n<td width=\"123\" valign=\"top\">6. mesto<\/td>\n<\/tr>\n<tr>\n<td width=\"90\" valign=\"top\">17.09.2011<\/td>\n<td width=\"132\" valign=\"top\">Starej\u0161i pionirji<\/td>\n<td width=\"274\" valign=\"top\">Dr\u017eavno tekmovanje \u2013   orientacija \u2013 smu\u010di\u0161\u010de \u010crni vrh na Cerknim<\/td>\n<td width=\"123\" valign=\"top\">18. mesto<\/td>\n<\/tr>\n<tr>\n<td width=\"90\" valign=\"top\">24.09.2011<\/td>\n<td width=\"132\" valign=\"top\">Starej\u0161e gasilke<\/td>\n<td width=\"274\" valign=\"top\">Regijsko tekmovanje \u2013   Menge\u0161<\/td>\n<td width=\"123\" valign=\"top\">4. mesto<\/td>\n<\/tr>\n<tr>\n<td width=\"90\" valign=\"top\">24.09.2011<\/td>\n<td width=\"132\" valign=\"top\">Starej\u0161i Gasilci<\/td>\n<td width=\"274\" valign=\"top\">Regijsko tekmovanje \u2013   Menge\u0161<\/td>\n<td width=\"123\" valign=\"top\">10. mesto<\/td>\n<\/tr>\n<tr>\n<td width=\"90\" valign=\"top\">7.10.2011 \u2013 8.10.2011<\/td>\n<td width=\"132\" valign=\"top\">Mlaj\u0161i<\/td>\n<td width=\"274\" valign=\"top\">Dr\u017eavno tekmovanje \u2013 KVIZ<\/td>\n<td width=\"123\" valign=\"top\">7. mesto<br \/>\n11. mesto<\/td>\n<\/tr>\n<tr>\n<td width=\"90\" valign=\"top\">7.10.2011 \u2013 8.10.2011<\/td>\n<td width=\"132\" valign=\"top\">Starej\u0161i<\/td>\n<td width=\"274\" valign=\"top\">Dr\u017eavno tekmovanje \u2013 KVIZ<\/td>\n<td width=\"123\" valign=\"top\">6. mesto<\/td>\n<\/tr>\n<tr>\n<td width=\"90\" valign=\"top\">28.10.2011<\/td>\n<td width=\"132\" valign=\"top\">Mlaj\u0161i pionirji<\/td>\n<td width=\"274\" valign=\"top\">Regijsko tekmovanje \u2013 kviz   \u2013 Radomlje<\/td>\n<td width=\"123\" valign=\"top\">8. mesto<\/td>\n<\/tr>\n<tr>\n<td width=\"90\" valign=\"top\">28.10.2011<\/td>\n<td width=\"132\" valign=\"top\">Starej\u0161i pionirji<\/td>\n<td width=\"274\" valign=\"top\">Regijsko tekmovanje \u2013 kviz   \u2013 Radomlje<\/td>\n<td width=\"123\" valign=\"top\">3. mesto<br \/>\n6. mesto<\/td>\n<\/tr>\n<tr>\n<td width=\"90\" valign=\"top\">28.10.2011<\/td>\n<td width=\"132\" valign=\"top\">Mladinci<\/td>\n<td width=\"274\" valign=\"top\">Regijsko tekmovanje \u2013 kviz   \u2013 Radomlje<\/td>\n<td width=\"123\" valign=\"top\">1. mesto<\/td>\n<\/tr>\n<tr>\n<td width=\"90\" valign=\"top\">29.10.2011<\/td>\n<td width=\"132\" valign=\"top\">Pionirji<\/td>\n<td width=\"274\" valign=\"top\">Regijsko tekmovanje v   gas.\u0161prtni disciplini &#8211; Lukovica<\/td>\n<td width=\"123\" valign=\"top\">1.mesto<\/td>\n<\/tr>\n<tr>\n<td width=\"90\" valign=\"top\">29.10.2011<\/td>\n<td width=\"132\" valign=\"top\">Mladinci<\/td>\n<td width=\"274\" valign=\"top\">Regijsko tekmovanje v   gas.\u0161prtni disciplini &#8211; Lukovica<\/td>\n<td width=\"123\" valign=\"top\">3. mesto<\/td>\n<\/tr>\n<tr>\n<td width=\"90\" valign=\"top\">19.11.2011<\/td>\n<td width=\"132\" valign=\"top\">Mladinci<\/td>\n<td width=\"274\" valign=\"top\">Dr\u017eavno \u00a0tekmovanje \u2013 kviz \u2013 Vodice<\/td>\n<td width=\"123\" valign=\"top\">13. mesto<\/td>\n<\/tr>\n<\/tbody>\n<\/table>\n<p><strong> <\/strong><\/p>\n","protected":false},"excerpt":{"rendered":"<p>Na\u010din, kako ohranjati psihofizi\u010dno kondicijo in spretnosti rokovanja z gasilsko opremo, predstavljajo priprave ekip na tekmovanja in tekmovanja sama. Na\u0161e tekmovalne enote so opravile 54 nastopov na razli\u010dnih tekmovanjih in nivojih. V letu 2011 smo se poleg gasilsko-\u0161portnih disciplin udele\u017eili &hellip; <a href=\"https:\/\/www.pgd-loka.si\/?page_id=2265\">Beri naprej <span class=\"meta-nav\">&rarr;<\/span><\/a><\/p>\n","protected":false},"author":3,"featured_media":0,"parent":0,"menu_order":0,"comment_status":"open","ping_status":"open","template":"","meta":{"footnotes":""},"class_list":["post-2265","page","type-page","status-publish","hentry"],"_links":{"self":[{"href":"https:\/\/www.pgd-loka.si\/index.php?rest_route=\/wp\/v2\/pages\/2265","targetHints":{"allow":["GET"]}}],"collection":[{"href":"https:\/\/www.pgd-loka.si\/index.php?rest_route=\/wp\/v2\/pages"}],"about":[{"href":"https:\/\/www.pgd-loka.si\/index.php?rest_route=\/wp\/v2\/types\/page"}],"author":[{"embeddable":true,"href":"https:\/\/www.pgd-loka.si\/index.php?rest_route=\/wp\/v2\/users\/3"}],"replies":[{"embeddable":true,"href":"https:\/\/www.pgd-loka.si\/index.php?rest_route=%2Fwp%2Fv2%2Fcomments&post=2265"}],"version-history":[{"count":5,"href":"https:\/\/www.pgd-loka.si\/index.php?rest_route=\/wp\/v2\/pages\/2265\/revisions"}],"predecessor-version":[{"id":2274,"href":"https:\/\/www.pgd-loka.si\/index.php?rest_route=\/wp\/v2\/pages\/2265\/revisions\/2274"}],"wp:attachment":[{"href":"https:\/\/www.pgd-loka.si\/index.php?rest_route=%2Fwp%2Fv2%2Fmedia&parent=2265"}],"curies":[{"name":"wp","href":"https:\/\/api.w.org\/{rel}","templated":true}]}}