{"id":2254,"date":"2012-03-23T12:55:43","date_gmt":"2012-03-23T12:55:43","guid":{"rendered":"https:\/\/www.pgd-loka.si\/?page_id=2254"},"modified":"2013-01-15T15:02:44","modified_gmt":"2013-01-15T14:02:44","slug":"intervencije-v-letu-2012","status":"publish","type":"page","link":"https:\/\/www.pgd-loka.si\/?page_id=2254","title":{"rendered":"Intervencije v letu 2012"},"content":{"rendered":"<ul>\n<li>Datum in ura:<br \/>\n<strong>1.12.2012<\/strong>, 10:02<\/li>\n<li>Opis:<br \/>\nPoziv ReCo: <strong>\u010crpanje vode Na gmajni 15b<br \/>\n<\/strong>V soboto ob 10:02 smo dobili po telefonu obvestilo, da je v stanovanjski hi\u0161i Na gmajni po\u010dila vodovodna cev in voda zalila kletne prostore. Ob 10:08 smo izvozili z GVC 16\/25 in 4 gasilci. Na lokaciji smo ugotovili, da je zalit kletni prostor gara\u017enega objekta v velikosti cca. 6\u00d76 m, vode pa je v vi\u0161ini cca 0,5 m. Vodo smo pri\u010deli pre\u010drpavati z muljno in potopno \u010drpalko, preostanek vode pa smo posesali z vodnim sesalcem. Pre\u010drpali smo cca. 20 kubi\u010dnih metrov vode. Intervencija je bila zaklju\u010dena ob 12:11 uri.<\/li>\n<li>Sodelujo\u010de enote: PGD Loka pri Meng\u0161u<\/li>\n<li>\u0160t. gasilcev PGD Loka in vozila:<br \/>\n4 gasilci; GVC 16\/25<\/li>\n<li><strong><a href=\"https:\/\/www.pgd-loka.si\/gallery\/thumbnails.php?album=347\" target=\"&quot;_blank\">SLIKE<\/a><\/strong><\/li>\n<\/ul>\n<hr \/>\n<ul>\n<li>Datum in ura:<br \/>\n<strong>24.11.2012<\/strong>, 00:10<\/li>\n<li>Opis:<br \/>\nPoziv ReCo: <strong>Po\u017ear v prostorih biv\u0161ega SCT<br \/>\n<\/strong>V soboto ob 00:10 pono\u010di smo bili obve\u0161\u010deni, da gori biv\u0161e podjetje SCT v Jami v Meng\u0161u. Na kraj so izvozila 4 prostovoljna gasilska dru\u0161tva, PGD Menge\u0161, PGD Topole, PGD Loka pri Meng\u0161u in PGD Kamnik. Na kraju smo na sre\u010do ugotovili, da ne gori podjetje temve\u010d, da je nekdo za\u017egal paleto kablov iz katerih je o\u010ditno \u017eelel pobrati baker. Po\u017ear smo pogasili ter se vrnili v orodi\u0161\u010da, preiskavo dogodka pa smo predali Policiji.<\/li>\n<li>Sodelujo\u010de enote: PGD Kamnik, Menge\u0161, Topole in Loka pri Meng\u0161u<\/li>\n<li>\u0160t. gasilcev PGD Loka in vozila:<br \/>\n9 gasilcev; GVC 16\/25, GVGP-1<\/li>\n<li><strong><a href=\"https:\/\/www.pgd-loka.si\/gallery\/thumbnails.php?album=345\" target=\"&quot;_blank\">SLIKE<\/a><\/strong><\/li>\n<\/ul>\n<hr \/>\n<ul>\n<li>Datum in ura:<br \/>\n<strong>12.11.2012<\/strong>, 17:03<\/li>\n<li>Opis:<br \/>\nPoziv ReCo: <strong>Gori stanovanje na Slamnikarski 8<br \/>\n<\/strong>Preko pozivnikov smo bili obve\u0161\u010deni o po\u017earu v enem izmed stanovanj v bloku na Slamnikarski ulici 8. Ob prihodu na kraj so nas prvo prispele enote obvestile, da je \u0161lo za manj\u0161i po\u017ear (zaradi pozabljene hrane na \u0161tedilniku) ter da je \u017ee poga\u0161en. Nato smo samo \u0161e z nadtla\u010dnim prezra\u010devalnikom prezra\u010dili zadimljeno stopni\u0161\u010de in stanovanje ter pomirili zaskrbljene sosede. Skupaj je na intervenciji sodelovalo 42 gasilcev GZ Menge\u0161.<\/li>\n<li>Sodelujo\u010de enote: PGD Menge\u0161, Topole in Loka pri Meng\u0161u<\/li>\n<li>\u0160t. gasilcev PGD Loka in vozila:<br \/>\n11 gasilcev; GVC 16\/25, GVGP-1<\/li>\n<li><strong><a href=\"https:\/\/www.pgd-loka.si\/gallery\/thumbnails.php?album=342\" target=\"_blank\">SLIKE<\/a><\/strong><\/li>\n<\/ul>\n<hr \/>\n<ul>\n<li>Datum in ura:<br \/>\n<strong>11.11.2012<\/strong><\/li>\n<li>Opis:<br \/>\nPoziv: <strong>Izvlek smetnjaka iz potoka <\/strong><br \/>\nV nedeljo dopoldne smo od ob\u010danov dobili obvestilo, da je nekdo v no\u010di na nedeljo v potok P\u0161ata iz ekolo\u0161kega otoka vrgel smetnjak za papir. Na kraj smo se zapeljali z vozilom GVGP-1, privezali smetnjak ter ga izvlekli iz vode.<\/li>\n<li>Sodelujo\u010de enote: PGD Loka pri Meng\u0161u<\/li>\n<li>\u0160t. gasilcev PGD Loka in vozila:<br \/>\n4 gasilci; GVGP-1<\/li>\n<\/ul>\n<hr \/>\n<ul>\n<li>Datum in ura:<br \/>\n<strong>28.10.2012<\/strong>, 9:30<\/li>\n<li>Opis:<br \/>\nPoziv: <strong>Odstranjevanje polomljene veje<br \/>\n<\/strong>Ob\u010dan nas je obvestil o ve\u010dji odlomljeni veji nad cesto na Srednjem Dobenu, potencialno nevarni za mimoido\u010da vozila in ljudi. Na kraj smo se odpravili s terenskim vozilom GVGP-1 in 5 gasilci ter vejo odstranili s pomo\u010djo lestve in letve.<\/li>\n<li>Sodelujo\u010de enote: PGD Loka pri Meng\u0161u<\/li>\n<li>\u0160t. gasilcev PGD Loka in vozila:<br \/>\n5 gasilcev; GVGP-1<\/li>\n<li><strong><a href=\"https:\/\/www.pgd-loka.si\/gallery\/thumbnails.php?album=338\" target=\"_blank\">SLIKE<\/a><\/strong><\/li>\n<\/ul>\n<hr \/>\n<ul>\n<li>Datum in ura:<br \/>\n<strong>25.09.2012<\/strong>, 20:21<\/li>\n<li>Opis:<br \/>\nPoziv ReCo: <strong>Po\u017ear v zapu\u0161\u010denem objektu Agroemone<br \/>\n<\/strong>Preko pozivnikov smo dobili obvestilo, da gori v zapu\u0161\u010denem objektu Agroemone na Drnovem. Ob na\u0161em prihodu je po\u017ear v eni izmed hal \u017ee lokalizirala enota PGD Moste, ki je na kraj pri\u0161la kot prva (tudi prva aktivirana enota). Izvedli so en notranji napad z izolirnimi dihalnimi aparati ter pogasili in prekopali razli\u010dne lesne in druge odpadke, ki so se vneli zaradi zaenkrat \u0161e neznanega vzroka. Naknadno prispele enote so poskrbele za prezra\u010devanje hale z dvema nadtla\u010dnima prezra\u010devalnikoma. Vzrok po\u017eara preiskuje tudi Policija.<\/li>\n<li>Sodelujo\u010de enote: PGD Moste, Komenda, Kri\u017e, Menge\u0161, Topole in Loka pri Meng\u0161u<\/li>\n<li>\u0160t. gasilcev PGD Loka in vozila:<br \/>\n9 gasilcev; GVGP-1, GVM-1<\/li>\n<li><strong><a href=\"https:\/\/www.pgd-loka.si\/gallery\/thumbnails.php?album=333\" target=\"_blank\">SLIKE<\/a><\/strong><\/li>\n<\/ul>\n<hr \/>\n<ul>\n<li>Datum in ura:<br \/>\n<strong>22.08.2012<\/strong>, 17:48<\/li>\n<li>Opis:<br \/>\nPoziv ReCo: <strong>Prometna nesre\u010da<br \/>\n<\/strong>Na Slovenski cesti v Meng\u0161u sta tr\u010dili dve osebni vozili. Gasilci smo zavarovali kraj nesre\u010de in o\u010distili cesti\u0161\u010de. Po\u0161kodovanih oseb ni bilo.<\/li>\n<li>Sodelujo\u010de enote: PGD Menge\u0161, PGD Loka pri Meng\u0161u<\/li>\n<li>\u0160t. gasilcev PGD Loka in vozila:<br \/>\n1 gasilec;<\/li>\n<\/ul>\n<hr \/>\n<ul>\n<li>Datum in ura:<br \/>\n<strong>12.07.2012<\/strong>, 00:05<\/li>\n<li>Opis:<br \/>\nPoziv ReCo: <strong>Neurje odkrilo del strehe na Gasilski cesti 72<br \/>\n<\/strong>Dobili smo obvestilo da je na Gasilski cesti 72 v Loki odkrilo del strehe, kot posledica ve\u010dernega neurja. Na kraju smo z gasilci PGD Topole in PGD Menge\u0161 postavili trodelno lestev in manj\u0161o po\u0161kodbo na strehi prekrili s \u0161otorskim krilom.<\/li>\n<li>Sodelujo\u010de enote: PGD Topole, PGD Menge\u0161, PGD Loka pri Meng\u0161u<\/li>\n<li>\u0160t. gasilcev PGD Loka in vozila:<br \/>\n7 gasilcev; GVC 16\/25, GVM-1, GVGP-1<\/li>\n<li><strong><a href=\"https:\/\/www.pgd-loka.si\/gallery\/thumbnails.php?album=325\" target=\"_blank\">SLIKE<\/a><\/strong><\/li>\n<\/ul>\n<hr \/>\n<ul>\n<li>Datum in ura:<br \/>\n<strong>22.05.2012<\/strong>, 13:25<\/li>\n<li>Opis:<br \/>\nPoziv ReCo: <strong>Pomo\u010d re\u0161evalcem pri prenosu onemogle osebe<br \/>\n<\/strong>Smo skupaj z gasilci PGD Menge\u0161 pomagali re\u0161evalcem NMP Dom\u017eale pri oskrbi in prenosu ostarele onemogle osebe na Gmajni 12 v Loki pri Meng\u0161u.<\/li>\n<li>Sodelujo\u010de enote: PGD Menge\u0161, PGD Loka pri Meng\u0161u, NMP Dom\u017eale<\/li>\n<li>\u0160t. gasilcev PGD Loka in vozila:<br \/>\n2 gasilca<\/li>\n<\/ul>\n<hr \/>\n<ul>\n<li>Datum in ura:<br \/>\n<strong>15.05.2012<\/strong>, 12:48<\/li>\n<li>Opis:<br \/>\nPoziv ReCo: <strong>Po\u017ear ostre\u0161ja hleva ob stanovanjski hi\u0161i na Gasilski cesti 7<\/strong><br \/>\nPrejeli smo obvestilo o po\u017earu na Gasilski cesti 7. Po prvih informacijah naj bi \u0161lo za travni\u0161ki po\u017ear ob hi\u0161i. Ob prihodu na kraj smo ugotovili, da ne gori samo trava temve\u010d, da se je po\u017ear raz\u0161iril na bli\u017enji hlev in njegovo ostre\u0161je. Pri\u010deli smo z omejevanjem po\u017eara na hlevu z VT napadom iz GVGP-1 ter hkrati zaprosili za pomo\u010d kolegov iz sosednjih dru\u0161tev PGD Menge\u0161 in PGD Topole. Ob njihovem prihodu smo preko lestve izvedli \u0161e en VT napad na streho objekta, streho odkrili, razkopali \u017eari\u0161\u010da ter nato odstranili ves ogorel les, seno in kritino. Uni\u010deno je bilo okoli 25 kvadratnih metrov ostre\u0161ja, uspeli pa smo obvarovati vse \u017eivali v hlevu ter traktor v gara\u017ei.<\/li>\n<li>Sodelujo\u010de enote: PGD Menge\u0161, PGD Topole, PGD Loka pri Meng\u0161u<\/li>\n<li>\u0160t. gasilcev PGD Loka in vozila:<br \/>\n10 gasilcev; GVC 16\/25, GVGP-1, GVM-1<\/li>\n<li><strong><a href=\" https:\/\/www.pgd-loka.si\/gallery\/thumbnails.php?album=316\" target=\"_blank\">SLIKE<\/a><\/strong><\/li>\n<\/ul>\n<hr \/>\n<ul>\n<li>Datum in ura:<br \/>\n<strong>12.05.2012<\/strong>, 7:32<\/li>\n<li>Opis:<br \/>\nPoziv ReCo: <strong>Prometna nesre\u010da na Testenovi ulici<br \/>\n<\/strong>Prejeli smo obvestilo, da je pri\u0161lo do izlitja olja zaradi prometne nesre\u010de na Testenovi ulici v Loki pri Meng\u0161u. Skupaj z gasilci PGD Menge\u0161 smo zavarovali kraj dogodka, izvedli po\u017earno varovanje, odklopili akumulatorja na dveh vozilih, cesti\u0161\u010de posuli z absorbentom in pomagali re\u0161evalcem NMP Kamnik. Dve po\u0161kodovani osebi so re\u0161evalci prepeljali v UKC Ljubljana.<\/li>\n<li>Sodelujo\u010de enote: PGD Menge\u0161, PGD Loka pri Meng\u0161u, NMP Kamnik, Policija<\/li>\n<li>\u0160t. gasilcev PGD Loka in vozila:<br \/>\n6 gasilcev; GVC 16\/25<\/li>\n<li><strong><a href=\" https:\/\/www.pgd-loka.si\/gallery\/thumbnails.php?album=313\" target=\"_blank\">SLIKE<\/a><\/strong><\/li>\n<\/ul>\n<hr \/>\n<ul>\n<li>Datum in ura:<br \/>\n<strong>05.04.2012<\/strong>, 6:57<\/li>\n<li>Opis:<br \/>\nPoziv ReCo: <strong>Pomo\u010d re\u0161evalcem pri prenosu onemogle osebe<br \/>\n<\/strong>Smo skupaj z gasilci PGD Menge\u0161 pomagali re\u0161evalcem NMP Dom\u017eale pri oskrbi in prenosu ostarele onemogle osebe na Gmajni 12 v Loki pri Meng\u0161u.<\/li>\n<li>Sodelujo\u010de enote: PGD Menge\u0161, PGD Loka pri Meng\u0161u, NMP Dom\u017eale<\/li>\n<li>\u0160t. gasilcev PGD Loka in vozila:<br \/>\n3 gasilci; GVC 16\/25<\/li>\n<\/ul>\n<hr \/>\n<ul>\n<li>Datum in ura:<br \/>\n<strong>31.01.2012<\/strong>, 17:19<\/li>\n<li>Opis:<br \/>\nPoziv ReCo: <strong>Travni\u0161ki po\u017ear na Alja\u017eevi ulici v Meng\u0161u<br \/>\n<\/strong>Dobili smo obvestilo, da naj bi v bli\u017eini Alja\u017eeve ulice v Meng\u0161u, ob potoku P\u0161ata gorela ve\u010dja povr\u0161ina trave. Na kraju so bili \u017ee menge\u0161ki in topolski gasilci, ki so zaustavili napredovanje po\u017eara ter ga dokon\u010dno pogasili. Pogorelo je okoli 50 x 10 metrov trave. Do po\u017eara je najverjetneje pri\u0161lo zaradi malomarnosti osebe, ki je kurila ogenj ob potoku, nato pa je veter po\u017ear raz\u0161iril ob razbremenilniku proti zahodu. Kraj po\u017eara si je ogledala tudi policija.<\/li>\n<li>Sodelujo\u010de enote: PGD Topole, PGD Menge\u0161, PGD Loka pri Meng\u0161u, Policija<\/li>\n<li>\u0160t. gasilcev PGD Loka in vozila:<br \/>\n16 gasilcev; GVC 16\/25, GVGP-1, GVM-1<\/li>\n<li><strong><a href=\" https:\/\/www.pgd-loka.si\/gallery\/thumbnails.php?album=301\" target=\"_blank\">SLIKE<\/a><\/strong><\/li>\n<\/ul>\n<hr \/>\n<ul>\n<li>Datum in ura:<br \/>\n<strong>22.01.2012<\/strong>, 15:39<\/li>\n<li>Opis:<br \/>\nPoziv ReCo: <strong>Mo\u0161ki na strehi stanovanjske hi\u0161e grozi s samomorom<br \/>\n<\/strong>Na lokacijo smo se odpravili z GVC 16\/25 in 6 \u010dlani posadke. Ob prihodu na kraj sta mo\u0161kega na strehi \u017ee posku\u0161ala obvladati dva doma\u010dina. Na kraju dogodka je bila prisotna tudi policija. Ob pomo\u010di policistov ter uspe\u0161ni verbalni komunikaciji s strani vodje intervencije se je oseba pomirila. Naknadno smo gospoda s pomo\u010djo vrvne tehnike varno prepeljali z ostre\u0161ja ter ga predali re\u0161evalcem NMP Dom\u017eale v nadaljnjo oskrbo.<\/li>\n<li>Sodelujo\u010de enote: PGD Loka pri Meng\u0161u, NMP Dom\u017eale, Policija<\/li>\n<li>\u0160t. gasilcev PGD Loka in vozila:<br \/>\n12 gasilcev; GVC 16\/25<\/li>\n<\/ul>\n<hr \/>\n","protected":false},"excerpt":{"rendered":"<p>Datum in ura: 1.12.2012, 10:02 Opis: Poziv ReCo: \u010crpanje vode Na gmajni 15b V soboto ob 10:02 smo dobili po telefonu obvestilo, da je v stanovanjski hi\u0161i Na gmajni po\u010dila vodovodna cev in voda zalila kletne prostore. Ob 10:08 smo &hellip; <a href=\"https:\/\/www.pgd-loka.si\/?page_id=2254\">Beri naprej <span class=\"meta-nav\">&rarr;<\/span><\/a><\/p>\n","protected":false},"author":3,"featured_media":0,"parent":0,"menu_order":0,"comment_status":"open","ping_status":"open","template":"","meta":{"footnotes":""},"class_list":["post-2254","page","type-page","status-publish","hentry"],"_links":{"self":[{"href":"https:\/\/www.pgd-loka.si\/index.php?rest_route=\/wp\/v2\/pages\/2254","targetHints":{"allow":["GET"]}}],"collection":[{"href":"https:\/\/www.pgd-loka.si\/index.php?rest_route=\/wp\/v2\/pages"}],"about":[{"href":"https:\/\/www.pgd-loka.si\/index.php?rest_route=\/wp\/v2\/types\/page"}],"author":[{"embeddable":true,"href":"https:\/\/www.pgd-loka.si\/index.php?rest_route=\/wp\/v2\/users\/3"}],"replies":[{"embeddable":true,"href":"https:\/\/www.pgd-loka.si\/index.php?rest_route=%2Fwp%2Fv2%2Fcomments&post=2254"}],"version-history":[{"count":26,"href":"https:\/\/www.pgd-loka.si\/index.php?rest_route=\/wp\/v2\/pages\/2254\/revisions"}],"predecessor-version":[{"id":2256,"href":"https:\/\/www.pgd-loka.si\/index.php?rest_route=\/wp\/v2\/pages\/2254\/revisions\/2256"}],"wp:attachment":[{"href":"https:\/\/www.pgd-loka.si\/index.php?rest_route=%2Fwp%2Fv2%2Fmedia&parent=2254"}],"curies":[{"name":"wp","href":"https:\/\/api.w.org\/{rel}","templated":true}]}}