{"id":12730,"date":"2026-02-25T21:39:25","date_gmt":"2026-02-25T20:39:25","guid":{"rendered":"https:\/\/www.pgd-loka.si\/?page_id=12730"},"modified":"2026-02-25T21:46:55","modified_gmt":"2026-02-25T20:46:55","slug":"intervencije-v-letu-2026","status":"publish","type":"page","link":"https:\/\/www.pgd-loka.si\/?page_id=12730","title":{"rendered":"Intervencije v letu 2026"},"content":{"rendered":"<ul>\n<li style=\"list-style-type: none;\">\n<ul>\n<li>01\/2026<\/li>\n<li>Datum in ura:<br \/>\n<strong>24.02.2026<\/strong>, 10:47<\/li>\n<li>Opis:<br \/>\nPoziv ReCO: <strong>LGM &#8211; GORI V STREHI &#8211; MENGE\u0160, GORENJSKA CESTA 20<\/strong><br \/>\nSkupaj z gasilci PGD Menge\u0161, PGD Topole in PGD Kamnik smo najprej izvedli evakuacijo zaposlenih in locirali po\u017ear v strehi. Pred na\u0161im prihodom so zaposleni \u017ee z gasilniki omejevali po\u017ear iz notranjosti industrijskega objekta. Izvedli smo napad preko trodelne lestve na streho, odprli z \u017eagami plo\u010devinasto streho in po\u017ear omejili ter pogasili. Avto lestev nam je bila v veliko pomo\u010d pri transportu gasilcev in te\u017eke opreme na streho. Okolico po\u017eari\u0161\u010da smo pregledali s termo kamero. O\u017egane elemente smo odstranili s strehe, odkrito streho pa prekrili s folijo\/cerado. Na kraju sta bila prisotna tudi de\u017eurni elektro in policija.<\/li>\n<li>Sodelujo\u010de enote: PGD Loka pri Meng\u0161u, PGD Menge\u0161, PGD Topole, PGD Kamnik, Policija<\/li>\n<li>\u0160t. gasilcev PGD Loka in vozila:<br \/>\n6 gasilcev; GVC-1, GVGP-1<\/li>\n<\/ul>\n<\/li>\n<\/ul>\n<p>Novica: <a href=\"https:\/\/www.pgd-loka.si\/?p=12719\"><strong>Po\u017ear v strehi industrijskega objekta v Meng\u0161u, 24.2.2026<\/strong><\/a><\/p>\n<hr \/>\n","protected":false},"excerpt":{"rendered":"<p>01\/2026 Datum in ura: 24.02.2026, 10:47 Opis: Poziv ReCO: LGM &#8211; GORI V STREHI &#8211; MENGE\u0160, GORENJSKA CESTA 20 Skupaj z gasilci PGD Menge\u0161, PGD Topole in PGD Kamnik smo najprej izvedli evakuacijo zaposlenih in locirali po\u017ear v strehi. Pred &hellip; <a href=\"https:\/\/www.pgd-loka.si\/?page_id=12730\">Beri naprej <span class=\"meta-nav\">&rarr;<\/span><\/a><\/p>\n","protected":false},"author":3,"featured_media":0,"parent":0,"menu_order":0,"comment_status":"closed","ping_status":"closed","template":"","meta":{"footnotes":""},"class_list":["post-12730","page","type-page","status-publish","hentry"],"_links":{"self":[{"href":"https:\/\/www.pgd-loka.si\/index.php?rest_route=\/wp\/v2\/pages\/12730","targetHints":{"allow":["GET"]}}],"collection":[{"href":"https:\/\/www.pgd-loka.si\/index.php?rest_route=\/wp\/v2\/pages"}],"about":[{"href":"https:\/\/www.pgd-loka.si\/index.php?rest_route=\/wp\/v2\/types\/page"}],"author":[{"embeddable":true,"href":"https:\/\/www.pgd-loka.si\/index.php?rest_route=\/wp\/v2\/users\/3"}],"replies":[{"embeddable":true,"href":"https:\/\/www.pgd-loka.si\/index.php?rest_route=%2Fwp%2Fv2%2Fcomments&post=12730"}],"version-history":[{"count":4,"href":"https:\/\/www.pgd-loka.si\/index.php?rest_route=\/wp\/v2\/pages\/12730\/revisions"}],"predecessor-version":[{"id":12735,"href":"https:\/\/www.pgd-loka.si\/index.php?rest_route=\/wp\/v2\/pages\/12730\/revisions\/12735"}],"wp:attachment":[{"href":"https:\/\/www.pgd-loka.si\/index.php?rest_route=%2Fwp%2Fv2%2Fmedia&parent=12730"}],"curies":[{"name":"wp","href":"https:\/\/api.w.org\/{rel}","templated":true}]}}