{"id":12178,"date":"2025-02-05T18:52:12","date_gmt":"2025-02-05T17:52:12","guid":{"rendered":"https:\/\/www.pgd-loka.si\/?page_id=12178"},"modified":"2025-02-05T18:52:56","modified_gmt":"2025-02-05T17:52:56","slug":"svecanosti-in-druge-prireditve-v-letu-2023","status":"publish","type":"page","link":"https:\/\/www.pgd-loka.si\/?page_id=12178","title":{"rendered":"Sve\u010danosti in druge prireditve v letu 2023"},"content":{"rendered":"<ul>\n<li><u>PRAZNOVANJE 90-LETNICE DRU\u0160TVA<\/u><\/li>\n<\/ul>\n<p>Leto praznovanja 90-letnice, se je pri\u010delo z 90. letnim ob\u010dnim zborom, ki je potekal 3. februarja. Podeljena so bila potrdila o opravljenih te\u010dajih, odlikovanja ter napredovanja za leto 2022. Na\u0161e dru\u0161tvo je 90 let obstoja dru\u0161tva praznovalo 4. avgusta, to\u010dno na dan, ko so nas prizadele hude poplave. Intervencijske sanacije po vasi smo opravili, nato pa 30.08.2023 praznovanje pri\u010deli s slavnostno akademijo. Na akademiji so bila podeljena priznanja dru\u0161tva ter priznanja GZ Menge\u0161. Predstavljena je bila zgodovina, ter samo delovanje dru\u0161tva, dogajanje pa je popestrila pevska skupina R\u017d, za kar se jim zahvaljujemo.\u00a0 Vsem, ki ste kakor koli pripomogli, da je bilo praznovanje uspe\u0161no in izvedeno na nivoju, kot je bilo, se iz srca zahvaljujem.<\/p>\n<p>Praznovanje smo nadaljevali 2. septembra s povorko po Loki, slovesnostjo ter veselico. Povorko smo za\u010deti pri kamnitem mostu, ter se odpravili mimo gasilskega doma do \u0161portnega igri\u0161\u010da. Tam je potekala slovesnost, kjer je bilo prevzeto in blagoslovljeno novo gasilsko vozilo za gozdne po\u017eare GVGP-1, podeljena pa so bila tudi odlikovanja GZ Slovenije. Na paradi ter slovesnosti so za vzdu\u0161je poskrbeli godba Menge\u0161, folklorna skupina ter ostala dru\u0161tva, za kar se jim zahvaljujem.<\/p>\n<p>Slavnostno sejo ter slovesnost sta povezovali Nata\u0161a Vrhovnik Jeri\u010d in Barbara Justin, katerima se za strokovno izvedbo prav tako zahvaljujem.<\/p>\n<p>Praznovanje smo zaklju\u010dili z veselico, na kateri je igral ansambel Sa\u0161a Avsenika, prav tako pa je bil razprodan bogat sre\u010delov. Donatorjem nagrad sre\u010delova se zahvaljujem.<\/p>\n<p>Radi bi se zahvalili \u0161e Ob\u010dini Menge\u0161 za donirana sredstva za novo vozilo, ter vsem ostalim donatorjem, ki so omogo\u010dili nakup ter predelavo novega vozila, saj brez njih to nebi bilo mogo\u010de.<\/p>\n<ul>\n<li><u>AKTIVNOSTI V OKTOBRU \u00bbMesecu varstva pred po\u017eari\u00ab<\/u><\/li>\n<\/ul>\n<p>V oktobru, mesecu varstva pred po\u017eari, letos nismo organizirali \u00bbGasilskega dneva v Loki\u00ab, saj menimo, da je bilo praznovanje 90-letnice dovolj ob\u0161irno, tako da se ponovno vidimo naslednje leto. Kot vsako leto, smo se udele\u017eili \u017div-\u017eava pred O\u0160 Menge\u0161, kjer smo predstavili opremo za posredovanje ob poplavah, otroci pa so si lahko ogledali tudi vozilo GVC-1. Udele\u017eili smo se Gasilsko-re\u0161evalne vaje Lek Menge\u0161, pregledali ter preizkusili smo hidrante v Loki, Jabljah in na Dobenu, ma\u0161e za gasilce v Loki, mentorji pa so se udele\u017eili posveta mentorjev mladine regije LJ III. Ob koncu meseca smo se udele\u017eili komemoracije v Loki pri Kamnitem mostu, ob dnevu spomina na mrtve, ki so umrli v vojni.<\/p>\n<table border=\"1\">\n<tbody>\n<tr>\n<td><strong>DATUM<\/strong><\/td>\n<td><strong>AKTIVNOST<\/strong><\/td>\n<\/tr>\n<tr>\n<td>05.10.2023<\/td>\n<td>\u017div-\u017eav pri O\u0160 Menge\u0161<\/td>\n<\/tr>\n<tr>\n<td>12.10.2023<\/td>\n<td>Gasilsko-re\u0161evalna vaja Lek Menge\u0161<\/td>\n<\/tr>\n<tr>\n<td>21.10.2023<\/td>\n<td>Pregled hidrantov \u2013 Loka, Jablje, Dobeno<\/td>\n<\/tr>\n<tr>\n<td>21.10.2023<\/td>\n<td>Ma\u0161a za gasilce v Loki<\/td>\n<\/tr>\n<tr>\n<td>27.10.2023<\/td>\n<td>Posvet mentorjev mladine regije LJ III<\/td>\n<\/tr>\n<tr>\n<td>28.10.2023<\/td>\n<td>Tekmovanje za pionirje mladince in pripravnike v \u0160tudi<\/td>\n<\/tr>\n<tr>\n<td>29.10.2023<\/td>\n<td>Izrezovanje strahov iz bu\u010d<\/td>\n<\/tr>\n<tr>\n<td>31.10.2023<\/td>\n<td>Komemoracija v spomin na \u017ertve med vojno<\/td>\n<\/tr>\n<\/tbody>\n<\/table>\n","protected":false},"excerpt":{"rendered":"<p>PRAZNOVANJE 90-LETNICE DRU\u0160TVA Leto praznovanja 90-letnice, se je pri\u010delo z 90. letnim ob\u010dnim zborom, ki je potekal 3. februarja. Podeljena so bila potrdila o opravljenih te\u010dajih, odlikovanja ter napredovanja za leto 2022. Na\u0161e dru\u0161tvo je 90 let obstoja dru\u0161tva praznovalo &hellip; <a href=\"https:\/\/www.pgd-loka.si\/?page_id=12178\">Beri naprej <span class=\"meta-nav\">&rarr;<\/span><\/a><\/p>\n","protected":false},"author":3,"featured_media":0,"parent":0,"menu_order":0,"comment_status":"closed","ping_status":"closed","template":"","meta":{"footnotes":""},"class_list":["post-12178","page","type-page","status-publish","hentry"],"_links":{"self":[{"href":"https:\/\/www.pgd-loka.si\/index.php?rest_route=\/wp\/v2\/pages\/12178","targetHints":{"allow":["GET"]}}],"collection":[{"href":"https:\/\/www.pgd-loka.si\/index.php?rest_route=\/wp\/v2\/pages"}],"about":[{"href":"https:\/\/www.pgd-loka.si\/index.php?rest_route=\/wp\/v2\/types\/page"}],"author":[{"embeddable":true,"href":"https:\/\/www.pgd-loka.si\/index.php?rest_route=\/wp\/v2\/users\/3"}],"replies":[{"embeddable":true,"href":"https:\/\/www.pgd-loka.si\/index.php?rest_route=%2Fwp%2Fv2%2Fcomments&post=12178"}],"version-history":[{"count":2,"href":"https:\/\/www.pgd-loka.si\/index.php?rest_route=\/wp\/v2\/pages\/12178\/revisions"}],"predecessor-version":[{"id":12182,"href":"https:\/\/www.pgd-loka.si\/index.php?rest_route=\/wp\/v2\/pages\/12178\/revisions\/12182"}],"wp:attachment":[{"href":"https:\/\/www.pgd-loka.si\/index.php?rest_route=%2Fwp%2Fv2%2Fmedia&parent=12178"}],"curies":[{"name":"wp","href":"https:\/\/api.w.org\/{rel}","templated":true}]}}