{"id":12172,"date":"2025-02-05T18:39:44","date_gmt":"2025-02-05T17:39:44","guid":{"rendered":"https:\/\/www.pgd-loka.si\/?page_id=12172"},"modified":"2025-02-13T17:40:01","modified_gmt":"2025-02-13T16:40:01","slug":"tekmovanja-v-letu-2024","status":"publish","type":"page","link":"https:\/\/www.pgd-loka.si\/?page_id=12172","title":{"rendered":"Tekmovanja v letu 2024"},"content":{"rendered":"<p>Tekmovalne enote PGD Loka so v letu 2024 opravile 27 nastopov, kjer so tekmovali pionirji, mladinci, pripravniki, \u010dlani A, \u010dlani B in starej\u0161e gasilske. Mladinskih nastopov je bilo 20, \u010dlanskih 5 ter 2 nastopa starej\u0161ih gasilk. Pohvalil bi uvrstitve vseh ekip, izpostavil pa 3. mesto pripravnikov na dr\u017eavnem tekmovanju iz gasilske orientacije.<\/p>\n<table border=\"1\">\n<tbody>\n<tr>\n<td><strong>DATUM<\/strong><\/td>\n<td><strong>EKIPA<\/strong><\/td>\n<td><strong>VRSTA TEKMOVANJA<\/strong><\/td>\n<td><strong>UVRSTITEV<\/strong><\/td>\n<\/tr>\n<tr>\n<td>02.03.2024<\/td>\n<td>Pionirji 1<\/td>\n<td>Ob\u010dinsko tekmovanje &#8211; kviz<\/td>\n<td>3. mesto<\/td>\n<\/tr>\n<tr>\n<td>02.03.2024<\/td>\n<td>Pionirji 2<\/td>\n<td>Ob\u010dinsko tekmovanje &#8211; kviz<\/td>\n<td>4. mesto<\/td>\n<\/tr>\n<tr>\n<td>02.03.2024<\/td>\n<td>Mladinci<\/td>\n<td>Ob\u010dinsko tekmovanje &#8211; kviz<\/td>\n<td>1. mesto<\/td>\n<\/tr>\n<tr>\n<td>16.03.2024<\/td>\n<td>Pionirji<\/td>\n<td>Regijsko tekmovanje &#8211; kviz<\/td>\n<td>28. mesto<\/td>\n<\/tr>\n<tr>\n<td>16.03.2024<\/td>\n<td>Mladinci<\/td>\n<td>Regijsko tekmovanje &#8211; kviz<\/td>\n<td>8. mesto<\/td>\n<\/tr>\n<tr>\n<td>20.04.2024<\/td>\n<td>Pionirji 1<\/td>\n<td>Ob\u010dinsko tekmovanje &#8211; orientacija<\/td>\n<td>1. mesto<\/td>\n<\/tr>\n<tr>\n<td>20.04.2024<\/td>\n<td>Pionirji 2<\/td>\n<td>Ob\u010dinsko tekmovanje &#8211; orientacija<\/td>\n<td>3. mesto<\/td>\n<\/tr>\n<tr>\n<td>20.04.2024<\/td>\n<td>Mladinci<\/td>\n<td>Ob\u010dinsko tekmovanje &#8211; orientacija<\/td>\n<td>2. mesto<\/td>\n<\/tr>\n<tr>\n<td>20.04.2024<\/td>\n<td>Pripravniki<\/td>\n<td>Ob\u010dinsko tekmovanje &#8211; orientacija<\/td>\n<td>1. mesto<\/td>\n<\/tr>\n<tr>\n<td>11.05.2024<\/td>\n<td>Pionirji 1<\/td>\n<td>Regijsko tekmovanje &#8211; orientacija<\/td>\n<td>5. mesto<\/td>\n<\/tr>\n<tr>\n<td>11.05.2024<\/td>\n<td>Pionirji 2<\/td>\n<td>Regijsko tekmovanje &#8211; orientacija<\/td>\n<td>8. mesto<\/td>\n<\/tr>\n<tr>\n<td>11.05.2024<\/td>\n<td>Mladinci<\/td>\n<td>Regijsko tekmovanje &#8211; orientacija<\/td>\n<td>12. mesto<\/td>\n<\/tr>\n<tr>\n<td>11.05.2024<\/td>\n<td>Pripravniki<\/td>\n<td>Regijsko tekmovanje &#8211; orientacija<\/td>\n<td>1. mesto<\/td>\n<\/tr>\n<tr>\n<td>01.06.2024<\/td>\n<td>\u010clani<\/td>\n<td>\u010clansko tekmovanje za pokal PGD Dob<\/td>\n<td>7. mesto<\/td>\n<\/tr>\n<tr>\n<td>01.06.2024<\/td>\n<td>Pionirji 1<\/td>\n<td>Ob\u010dinsko tekmovanje &#8211; G\u0160TD<\/td>\n<td>1. mesto<\/td>\n<\/tr>\n<tr>\n<td>01.06.2024<\/td>\n<td>Pionirji 2 (izven konkurence)<\/td>\n<td>Ob\u010dinsko tekmovanje &#8211; G\u0160TD<\/td>\n<td>1. mesto<\/td>\n<\/tr>\n<tr>\n<td>01.06.2024<\/td>\n<td>Starej\u0161e gasilke<\/td>\n<td>Ob\u010dinsko tekmovanje &#8211; G\u0160TD<\/td>\n<td>1. mesto<\/td>\n<\/tr>\n<tr>\n<td>02.06.2024<\/td>\n<td>\u010clani A<\/td>\n<td>Ob\u010dinsko tekmovanje \u2013 vaja z MB + razvr\u0161\u010danje + \u0161tafeta<\/td>\n<td>1. mesto<\/td>\n<\/tr>\n<tr>\n<td>02.06.2024<\/td>\n<td>\u010clani B<\/td>\n<td>Ob\u010dinsko tekmovanje \u2013 vaja z MB + razvr\u0161\u010danje + \u0161tafeta<\/td>\n<td>2. mesto<\/td>\n<\/tr>\n<tr>\n<td>21.09.2024<\/td>\n<td>Pripravniki<\/td>\n<td>Dr\u017eavno tekmovanje \u2013 orientacija<\/td>\n<td>3. mesto<\/td>\n<\/tr>\n<tr>\n<td>21.09.2024<\/td>\n<td>Starej\u0161e gasilke<\/td>\n<td>Regijsko tekmovanje &#8211; G\u0160TD<\/td>\n<td>1. mesto<\/td>\n<\/tr>\n<tr>\n<td>05.10.2024<\/td>\n<td>\u010clani A<\/td>\n<td>Regijsko tekmovanje \u2013 vaja z MB + razvr\u0161\u010danje + \u0161tafeta<\/td>\n<td>8. mesto<\/td>\n<\/tr>\n<tr>\n<td>05.10.2024<\/td>\n<td>\u010clani B<\/td>\n<td>Regijsko tekmovanje \u2013 vaja z MB + razvr\u0161\u010danje + \u0161tafeta<\/td>\n<td>9. mesto<\/td>\n<\/tr>\n<tr>\n<td>19.10.2024<\/td>\n<td>Pionirji 1<\/td>\n<td>Tekmovanje gasilske mladine v \u0160tudi<\/td>\n<td>7. mesto<\/td>\n<\/tr>\n<tr>\n<td>19.10.2024<\/td>\n<td>Pionirji 2<\/td>\n<td>Tekmovanje gasilske mladine v \u0160tudi<\/td>\n<td>10. mesto<\/td>\n<\/tr>\n<tr>\n<td>19.10.2024<\/td>\n<td>Mladinci<\/td>\n<td>Tekmovanje gasilske mladine v \u0160tudi<\/td>\n<td>13. mesto<\/td>\n<\/tr>\n<tr>\n<td>19.10.2024<\/td>\n<td>Pripravniki<\/td>\n<td>Tekmovanje gasilske mladine v \u0160tudi<\/td>\n<td>1. mesto<\/td>\n<\/tr>\n<\/tbody>\n<\/table>\n","protected":false},"excerpt":{"rendered":"<p>Tekmovalne enote PGD Loka so v letu 2024 opravile 27 nastopov, kjer so tekmovali pionirji, mladinci, pripravniki, \u010dlani A, \u010dlani B in starej\u0161e gasilske. Mladinskih nastopov je bilo 20, \u010dlanskih 5 ter 2 nastopa starej\u0161ih gasilk. Pohvalil bi uvrstitve vseh &hellip; <a href=\"https:\/\/www.pgd-loka.si\/?page_id=12172\">Beri naprej <span class=\"meta-nav\">&rarr;<\/span><\/a><\/p>\n","protected":false},"author":3,"featured_media":0,"parent":0,"menu_order":0,"comment_status":"closed","ping_status":"closed","template":"","meta":{"footnotes":""},"class_list":["post-12172","page","type-page","status-publish","hentry"],"_links":{"self":[{"href":"https:\/\/www.pgd-loka.si\/index.php?rest_route=\/wp\/v2\/pages\/12172","targetHints":{"allow":["GET"]}}],"collection":[{"href":"https:\/\/www.pgd-loka.si\/index.php?rest_route=\/wp\/v2\/pages"}],"about":[{"href":"https:\/\/www.pgd-loka.si\/index.php?rest_route=\/wp\/v2\/types\/page"}],"author":[{"embeddable":true,"href":"https:\/\/www.pgd-loka.si\/index.php?rest_route=\/wp\/v2\/users\/3"}],"replies":[{"embeddable":true,"href":"https:\/\/www.pgd-loka.si\/index.php?rest_route=%2Fwp%2Fv2%2Fcomments&post=12172"}],"version-history":[{"count":3,"href":"https:\/\/www.pgd-loka.si\/index.php?rest_route=\/wp\/v2\/pages\/12172\/revisions"}],"predecessor-version":[{"id":12201,"href":"https:\/\/www.pgd-loka.si\/index.php?rest_route=\/wp\/v2\/pages\/12172\/revisions\/12201"}],"wp:attachment":[{"href":"https:\/\/www.pgd-loka.si\/index.php?rest_route=%2Fwp%2Fv2%2Fmedia&parent=12172"}],"curies":[{"name":"wp","href":"https:\/\/api.w.org\/{rel}","templated":true}]}}