{"id":12170,"date":"2025-02-05T18:39:11","date_gmt":"2025-02-05T17:39:11","guid":{"rendered":"https:\/\/www.pgd-loka.si\/?page_id=12170"},"modified":"2025-02-05T18:47:03","modified_gmt":"2025-02-05T17:47:03","slug":"tekmovanja-v-letu-2023","status":"publish","type":"page","link":"https:\/\/www.pgd-loka.si\/?page_id=12170","title":{"rendered":"Tekmovanja v letu 2023"},"content":{"rendered":"<p>Tekmovalne enote PGD Loka so v letu 2023 opravile 21 nastopov, kjer so tekmovali pionirji, mladinci, pripravniki, \u010dlani A, \u010dlani B in starej\u0161e gasilske. Mladinskih nastopov je bilo 16, \u010dlanskih 3 ter 2 nastopa starej\u0161ih gasilk. Pohvalil bi uvrstitve vseh ekip, predvsem pa smo ponosno na na\u0161e starej\u0161e gasilke, ki so na dr\u017eavnem tekmovanju dosegle odli\u010dno 7. mesto.<\/p>\n<table border=\"1\">\n<tbody>\n<tr>\n<td><strong>DATUM<\/strong><\/td>\n<td><strong>EKIPA<\/strong><\/td>\n<td><strong>VRSTA TEKMOVANJA<\/strong><\/td>\n<td><strong>UVRSTITEV<\/strong><\/td>\n<\/tr>\n<tr>\n<td>03.03.2023<\/td>\n<td>Pripravniki 1<\/td>\n<td>Ob\u010dinsko tekmovanje &#8211; kviz<\/td>\n<td>2. mesto<\/td>\n<\/tr>\n<tr>\n<td>03.03.2023<\/td>\n<td>Pripravniki 2<\/td>\n<td>Ob\u010dinsko tekmovanje \u2013 kviz<\/td>\n<td>1. mesto<\/td>\n<\/tr>\n<tr>\n<td>04.03.2023<\/td>\n<td>Pionirji 1<\/td>\n<td>Ob\u010dinsko tekmovanje \u2013 kviz<\/td>\n<td>3. mesto<\/td>\n<\/tr>\n<tr>\n<td>04.03.2023<\/td>\n<td>Pionirji 2<\/td>\n<td>Ob\u010dinsko tekmovanje \u2013 kviz<\/td>\n<td>4. mesto<\/td>\n<\/tr>\n<tr>\n<td>04.03.2023<\/td>\n<td>Mladinci<\/td>\n<td>Ob\u010dinsko tekmovanje &#8211; kviz<\/td>\n<td>2. mesto<\/td>\n<\/tr>\n<tr>\n<td>25.03.2023<\/td>\n<td>Pionirji<\/td>\n<td>Regijsko tekmovanje &#8211; kviz<\/td>\n<td>22. mesto<\/td>\n<\/tr>\n<tr>\n<td>25.03.2023<\/td>\n<td>Mladinci<\/td>\n<td>Regijsko tekmovanje &#8211; kviz<\/td>\n<td>16. mesto<\/td>\n<\/tr>\n<tr>\n<td>06.05.2023<\/td>\n<td>Pionirji 1<\/td>\n<td>Ob\u010dinsko tekmovanje &#8211; orientacija<\/td>\n<td>1. mesto<\/td>\n<\/tr>\n<tr>\n<td>06.05.2023<\/td>\n<td>Pionirji 2<\/td>\n<td>Ob\u010dinsko tekmovanje &#8211; orientacija<\/td>\n<td>3. mesto<\/td>\n<\/tr>\n<tr>\n<td>06.05.2023<\/td>\n<td>Mladinci<\/td>\n<td>Ob\u010dinsko tekmovanje &#8211; orientacija<\/td>\n<td>1. mesto<\/td>\n<\/tr>\n<tr>\n<td>06.05.2023<\/td>\n<td>Pripravniki 1<\/td>\n<td>Ob\u010dinsko tekmovanje &#8211; orientacija<\/td>\n<td>1. mesto<\/td>\n<\/tr>\n<tr>\n<td>06.05.2023<\/td>\n<td>Pripravniki 2<\/td>\n<td>Ob\u010dinsko tekmovanje &#8211; orientacija<\/td>\n<td>2. mesto<\/td>\n<\/tr>\n<tr>\n<td>03.06.2023<\/td>\n<td>Pionirji<\/td>\n<td>Ob\u010dinsko tekmovanje \u2013 memorial MH<\/td>\n<td>1. mesto<\/td>\n<\/tr>\n<tr>\n<td>03.06.2023<\/td>\n<td>Starej\u0161e gasilke<\/td>\n<td>Ob\u010dinsko tekmovanje \u2013 memorial MH<\/td>\n<td>1. mesto<\/td>\n<\/tr>\n<tr>\n<td>04.06.2023<\/td>\n<td>\u010clani A<\/td>\n<td>Ob\u010dinsko tekmovanje \u2013 vaja z MB + \u0161tafeta<\/td>\n<td>1. mesto<\/td>\n<\/tr>\n<tr>\n<td>04.06.2023<\/td>\n<td>\u010clani B<\/td>\n<td>Ob\u010dinsko tekmovanje \u2013 vaja z MB + \u0161tafeta<\/td>\n<td>1. mesto<\/td>\n<\/tr>\n<tr>\n<td>10.06.2023<\/td>\n<td>Ru\u010digaj Urban in Ale\u0161 Bla\u017e<\/td>\n<td>Tekmovanje v vle\u010denju B tla\u010dnega voda<\/td>\n<td>2. mesto<\/td>\n<\/tr>\n<tr>\n<td>24.09.2023<\/td>\n<td>Starej\u0161e gasilke<\/td>\n<td>Dr\u017eavno tekmovanje \u2013 memorial MH<\/td>\n<td>7. mesto<\/td>\n<\/tr>\n<tr>\n<td>28.10.2023<\/td>\n<td>Pionirji 1<\/td>\n<td>Gasilsko tekmovanje v \u0160tudi<\/td>\n<td>13. mesto<\/td>\n<\/tr>\n<tr>\n<td>28.10.2023<\/td>\n<td>Pionirji 2<\/td>\n<td>Gasilsko tekmovanje v \u0160tudi<\/td>\n<td>10. mesto<\/td>\n<\/tr>\n<tr>\n<td>28.10.2023<\/td>\n<td>Mladinci<\/td>\n<td>Gasilsko tekmovanje v \u0160tudi<\/td>\n<td>10. mesto<\/td>\n<\/tr>\n<tr>\n<td>28.10.2023<\/td>\n<td>Pripravniki<\/td>\n<td>Gasilsko tekmovanje v \u0160tudi<\/td>\n<td>2. mesto<\/td>\n<\/tr>\n<\/tbody>\n<\/table>\n","protected":false},"excerpt":{"rendered":"<p>Tekmovalne enote PGD Loka so v letu 2023 opravile 21 nastopov, kjer so tekmovali pionirji, mladinci, pripravniki, \u010dlani A, \u010dlani B in starej\u0161e gasilske. Mladinskih nastopov je bilo 16, \u010dlanskih 3 ter 2 nastopa starej\u0161ih gasilk. Pohvalil bi uvrstitve vseh &hellip; <a href=\"https:\/\/www.pgd-loka.si\/?page_id=12170\">Beri naprej <span class=\"meta-nav\">&rarr;<\/span><\/a><\/p>\n","protected":false},"author":3,"featured_media":0,"parent":0,"menu_order":0,"comment_status":"closed","ping_status":"closed","template":"","meta":{"footnotes":""},"class_list":["post-12170","page","type-page","status-publish","hentry"],"_links":{"self":[{"href":"https:\/\/www.pgd-loka.si\/index.php?rest_route=\/wp\/v2\/pages\/12170","targetHints":{"allow":["GET"]}}],"collection":[{"href":"https:\/\/www.pgd-loka.si\/index.php?rest_route=\/wp\/v2\/pages"}],"about":[{"href":"https:\/\/www.pgd-loka.si\/index.php?rest_route=\/wp\/v2\/types\/page"}],"author":[{"embeddable":true,"href":"https:\/\/www.pgd-loka.si\/index.php?rest_route=\/wp\/v2\/users\/3"}],"replies":[{"embeddable":true,"href":"https:\/\/www.pgd-loka.si\/index.php?rest_route=%2Fwp%2Fv2%2Fcomments&post=12170"}],"version-history":[{"count":3,"href":"https:\/\/www.pgd-loka.si\/index.php?rest_route=\/wp\/v2\/pages\/12170\/revisions"}],"predecessor-version":[{"id":12177,"href":"https:\/\/www.pgd-loka.si\/index.php?rest_route=\/wp\/v2\/pages\/12170\/revisions\/12177"}],"wp:attachment":[{"href":"https:\/\/www.pgd-loka.si\/index.php?rest_route=%2Fwp%2Fv2%2Fmedia&parent=12170"}],"curies":[{"name":"wp","href":"https:\/\/api.w.org\/{rel}","templated":true}]}}