{"id":12133,"date":"2025-02-05T17:43:12","date_gmt":"2025-02-05T16:43:12","guid":{"rendered":"https:\/\/www.pgd-loka.si\/?page_id=12133"},"modified":"2025-02-05T17:47:43","modified_gmt":"2025-02-05T16:47:43","slug":"svecanosti-in-druge-prireditve-v-letu-2022","status":"publish","type":"page","link":"https:\/\/www.pgd-loka.si\/?page_id=12133","title":{"rendered":"Sve\u010danosti in druge prireditve v letu 2022"},"content":{"rendered":"<p>Pomlad smo kot vsako leto pri\u010dakali z \u010distilno akcijo gasilskega doma ter opreme ter 89. ob\u010dnim zborom. Konec marca je bil zaradi po\u017eara v Preddvoru pro\u017een po\u017earni na\u010drt. Napro\u0161eni smo bili za pomo\u010d ga\u0161enja po\u017eara na Poto\u0161ki gori. Tja smo se odpravili s \u0161tirimi operativnimi gasilci ter od delali no\u010dno izmeno.<\/p>\n<p>V pri\u010dakovanju gasilske olimpijade smo 100 dni pred za\u010detkom, v aprilu, dvignili zastavo. Z zaporo ceste smo poskrbeli za varnost udele\u017eencev Vstajenjske procesije.<\/p>\n<p>Florjanova ma\u0161a, z otvoritvijo novega gasilskega doma PGD Trzin, nam je otvorila maj. Ta se je nadaljeval z operativno vajo GZ Menge\u0161 ter obiskom otrok z vrtca Gobica.<\/p>\n<p>Poletje je prineslo pri\u010dakovano gasilsko olimpijado in ponovno intervencijo dr\u017eavnih razse\u017enosti.<\/p>\n<p>Kot, da bi bil Preddvor predpriprava je bil ponovno aktiviran dr\u017eavni na\u010drt in pri\u010dela se najve\u010dja slovenska intervencija v zgodovini Slovenije.<\/p>\n<p>S po\u017earom na krasu smo se operativni \u010dlani Loke pri Meng\u0161u borili 5 izmen in nobena od njih ni bila kraj\u0161a od 12ur. Na vse kar smo se tam nau\u010dili, do\u017eiveli in nenazadnje pokazali sem izredno ponosen.<\/p>\n<p>Avgusta smo se z mladino udele\u017eili tradicionalnega tabora gasilske mladine, sodelovali pri oratoriju v Meng\u0161u ter zaklju\u010dili poletje z Gasilsko ma\u0161o v Lo\u0161ki cerkvi.<\/p>\n<p>Sprejema pri Predsedniku RS Borutu Pahorju se je septembra udele\u017eila na\u0161a operativna \u010dlanica. Po predolgem premoru pa smo se ponovno lahko lotili va\u0161kih iger.<\/p>\n<p>Oktober kot vsi vemo mesec po\u017earne varnosti in najbolj aktivno nabit mesec smo otvorili z \u017div-\u017davom pred O\u0160 Menge\u0161 ter gasilsko-re\u0161evalno vajo v Trzinu.<\/p>\n<p>Izpeljali smo \u017ee 7. gasilski dan pri katerem so nam pomagali kolegi z PGD Kamnik in PGD Prevoje, seveda poleg prometne Policije na motorjih.<\/p>\n<p>Sodelovali smo pri Gasilski ma\u0161i v Lo\u0161ki cerkvi in izdelovali strahove iz bu\u010d ter gasilski mesec zaklju\u010dili z komemoracijo v spomin na \u017ertve med vojno.<\/p>\n<p>Proti koncu leta smo sodelovali \u0161e na gasilsko-re\u0161evalni vaji v Leku Menge\u0161, redarstvu pri teku ob\u010dine Menge\u0161 ter izdelovali \u010destitke z mladino.<\/p>\n<table border=\"1\">\n<tbody>\n<tr>\n<td><strong>DATUM<\/strong><\/td>\n<td><strong>VRSTA AKTIVNOSTI<\/strong><\/td>\n<\/tr>\n<tr>\n<td>11.3.2022<\/td>\n<td>\u010cistilna akcija v gasilskem domu<\/td>\n<\/tr>\n<tr>\n<td>4.3.2022<\/td>\n<td>89. Ob\u010dni zbor<\/td>\n<\/tr>\n<tr>\n<td>8.4.2022<\/td>\n<td>Dvig zastave Gasilske olimpijade Celje<\/td>\n<\/tr>\n<tr>\n<td>17.4.2022<\/td>\n<td>Redarstvo pri Vstajenjski procesiji<\/td>\n<\/tr>\n<tr>\n<td>8.5.2022<\/td>\n<td>Florjanova ma\u0161a in otvoritev novega doma PGD Trzin<\/td>\n<\/tr>\n<tr>\n<td>10.5.2022<\/td>\n<td>Operativna vaja GZ Menge\u0161<\/td>\n<\/tr>\n<tr>\n<td>19.5.2022<\/td>\n<td>Obisk otrok vrtca Gobica<\/td>\n<\/tr>\n<tr>\n<td>20.7.2022<\/td>\n<td>Gasilska olimpijada Celje<\/td>\n<\/tr>\n<tr>\n<td>19.-23.8.2022<\/td>\n<td>Tabor gasilske mladine GZ Menge\u0161<\/td>\n<\/tr>\n<tr>\n<td>25.8.2022<\/td>\n<td>Sodelovanje pri oratoriju v Meng\u0161u<\/td>\n<\/tr>\n<tr>\n<td>28.8.2022<\/td>\n<td>Gasilska ma\u0161a na sejmu v Meng\u0161u<\/td>\n<\/tr>\n<tr>\n<td>7.9.2022<\/td>\n<td>Sprejem gasilcev pri predsedniku RS<\/td>\n<\/tr>\n<tr>\n<td>18.9.2022<\/td>\n<td>5. Va\u0161ke igre<\/td>\n<\/tr>\n<tr>\n<td>6.10.2022<\/td>\n<td>\u017dIV-\u017dAV O\u0160 Menge\u0161<\/td>\n<\/tr>\n<tr>\n<td>7.10.2022<\/td>\n<td>Gasilsko re\u0161evalna vaja Trzin<\/td>\n<\/tr>\n<tr>\n<td>14.10.2022<\/td>\n<td>7. gasilski dan v Loki<\/td>\n<\/tr>\n<tr>\n<td>15.10.2022<\/td>\n<td>Ma\u0161a za gasilce v Loki<\/td>\n<\/tr>\n<tr>\n<td>29.10.2022<\/td>\n<td>Izdelovanje strahov iz bu\u010d za no\u010d \u010darovnic<\/td>\n<\/tr>\n<tr>\n<td>31.10.2022<\/td>\n<td>Komemoracija v spomin na \u017ertve med vojno<\/td>\n<\/tr>\n<tr>\n<td>10.11.2022<\/td>\n<td>Gasilsko-re\u0161evalna vaja Lek Menge\u0161<\/td>\n<\/tr>\n<tr>\n<td>12.11.2022<\/td>\n<td>Redarstvo pri teku ob\u010dine Menge\u0161<\/td>\n<\/tr>\n<tr>\n<td>7.12.2022<\/td>\n<td>Izdelovanje \u010destitk v GZ Menge\u0161<\/td>\n<\/tr>\n<\/tbody>\n<\/table>\n","protected":false},"excerpt":{"rendered":"<p>Pomlad smo kot vsako leto pri\u010dakali z \u010distilno akcijo gasilskega doma ter opreme ter 89. ob\u010dnim zborom. Konec marca je bil zaradi po\u017eara v Preddvoru pro\u017een po\u017earni na\u010drt. Napro\u0161eni smo bili za pomo\u010d ga\u0161enja po\u017eara na Poto\u0161ki gori. Tja smo &hellip; <a href=\"https:\/\/www.pgd-loka.si\/?page_id=12133\">Beri naprej <span class=\"meta-nav\">&rarr;<\/span><\/a><\/p>\n","protected":false},"author":3,"featured_media":0,"parent":0,"menu_order":0,"comment_status":"closed","ping_status":"closed","template":"","meta":{"footnotes":""},"class_list":["post-12133","page","type-page","status-publish","hentry"],"_links":{"self":[{"href":"https:\/\/www.pgd-loka.si\/index.php?rest_route=\/wp\/v2\/pages\/12133","targetHints":{"allow":["GET"]}}],"collection":[{"href":"https:\/\/www.pgd-loka.si\/index.php?rest_route=\/wp\/v2\/pages"}],"about":[{"href":"https:\/\/www.pgd-loka.si\/index.php?rest_route=\/wp\/v2\/types\/page"}],"author":[{"embeddable":true,"href":"https:\/\/www.pgd-loka.si\/index.php?rest_route=\/wp\/v2\/users\/3"}],"replies":[{"embeddable":true,"href":"https:\/\/www.pgd-loka.si\/index.php?rest_route=%2Fwp%2Fv2%2Fcomments&post=12133"}],"version-history":[{"count":3,"href":"https:\/\/www.pgd-loka.si\/index.php?rest_route=\/wp\/v2\/pages\/12133\/revisions"}],"predecessor-version":[{"id":12137,"href":"https:\/\/www.pgd-loka.si\/index.php?rest_route=\/wp\/v2\/pages\/12133\/revisions\/12137"}],"wp:attachment":[{"href":"https:\/\/www.pgd-loka.si\/index.php?rest_route=%2Fwp%2Fv2%2Fmedia&parent=12133"}],"curies":[{"name":"wp","href":"https:\/\/api.w.org\/{rel}","templated":true}]}}