{"id":12126,"date":"2025-02-05T17:28:02","date_gmt":"2025-02-05T16:28:02","guid":{"rendered":"https:\/\/www.pgd-loka.si\/?page_id=12126"},"modified":"2025-02-05T17:53:55","modified_gmt":"2025-02-05T16:53:55","slug":"tekmovanja-v-letu-2022","status":"publish","type":"page","link":"https:\/\/www.pgd-loka.si\/?page_id=12126","title":{"rendered":"Tekmovanja v letu 2022"},"content":{"rendered":"<p>Tudi na podro\u010dju tekmovanj smo bili v preteklem letu zelo dejavni, kar je \u017ee stalnica na\u0161ega dru\u0161tva.<\/p>\n<p>Na\u0161e tekmovalne enote so opravile <strong>21<\/strong> nastopov na razli\u010dnih tekmovanjih in nivojih. V letu 2022 smo se poleg gasilsko-\u0161portnih disciplin udele\u017eili \u0161e tekmovanj v orientaciji in kvizov na nivoju GZ Menge\u0161, regije Ljubljane III in na nivoju dr\u017eave. Na nivoju GZ Menge\u0161 smo opravili <strong>11<\/strong> nastopov, na nivoju regije LJ III <strong>8<\/strong> nastopov ter na dr\u017eavnem nivoju <strong>2<\/strong> nastopa. Na vseh nivojih smo zasedli skupaj <strong>deset<\/strong> 1. mest, <strong>eno<\/strong> 2. mesto in <strong>tri<\/strong> 3. mesta.<\/p>\n<p>Z veseljem lahko povem, da so se na\u0161e starej\u0161e gasilke uvrstile na tretje mesto na regijskem tekmovanju, kar pa pomeni da jih v leto\u0161njem letu \u010daka dr\u017eavno tekmovanje. Vsi pa bomo mo\u010dno stiskali pesti, da pose\u017eejo na sam vrh dr\u017eavnega tekmovanja.<\/p>\n<p>Poleg starej\u0161ih gasilk pa smo neizmerno ponosni tudi na \u0161e najmlaj\u0161e, ki jim je na dr\u017eavnem prvenstvu iz orientacije uspel odli\u010den rezultat saj so tretja najbolj\u0161a ekipa v dr\u017eavi.<\/p>\n<table border=\"1\">\n<tbody>\n<tr>\n<td><strong>DATUM<\/strong><\/td>\n<td><strong>EKIPA<\/strong><\/td>\n<td><strong>VRSTA TEKMOVANJA<\/strong><\/td>\n<td><strong>UVRSTITEV<\/strong><\/td>\n<\/tr>\n<tr>\n<td>11.03.2022<\/td>\n<td>Pripravniki<\/td>\n<td>Ob\u010dinsko tekmovanje \u2013 kviz<\/td>\n<td>1. mesto<\/td>\n<\/tr>\n<tr>\n<td>12.03.2022<\/td>\n<td>Mladinci<\/td>\n<td>Ob\u010dinsko tekmovanje \u2013 kviz<\/td>\n<td>1. mesto<\/td>\n<\/tr>\n<tr>\n<td>12.03.2022<\/td>\n<td>Pionirji<\/td>\n<td>Ob\u010dinsko tekmovanje \u2013 kviz<\/td>\n<td>1. in 3. mesto<\/td>\n<\/tr>\n<tr>\n<td>19.03.2022<\/td>\n<td>Pionirji<\/td>\n<td>Regijsko tekmovanje \u2013 kviz<\/td>\n<td>10. in 24. mesto<\/td>\n<\/tr>\n<tr>\n<td>19.03.2022<\/td>\n<td>Mladinci<\/td>\n<td>Regijsko tekmovanje \u2013 kviz<\/td>\n<td>6. mesto<\/td>\n<\/tr>\n<tr>\n<td>19.03.2022<\/td>\n<td>Pripravniki<\/td>\n<td>Regijsko tekmovanje \u2013 kviz<\/td>\n<td>10. mesto<\/td>\n<\/tr>\n<tr>\n<td>07.05.2022<\/td>\n<td>Pionirji 1. ekipa<\/td>\n<td>Ob\u010dinsko tekmovanje \u2013 orientacija<\/td>\n<td>2. mesto<\/td>\n<\/tr>\n<tr>\n<td>07.05.2022<\/td>\n<td>Pionirji 2. ekipa<\/td>\n<td>Ob\u010dinsko tekmovanje \u2013 orientacija<\/td>\n<td>4. mesto<\/td>\n<\/tr>\n<tr>\n<td>07.05.2022<\/td>\n<td>Mladinci<\/td>\n<td>Ob\u010dinsko tekmovanje \u2013 orientacija<\/td>\n<td>1. mesto<\/td>\n<\/tr>\n<tr>\n<td>07.05.2022<\/td>\n<td>Pripravniki<\/td>\n<td>Ob\u010dinsko tekmovanje \u2013 orientacija<\/td>\n<td>1. mesto<\/td>\n<\/tr>\n<tr>\n<td>21.05.2022<\/td>\n<td>Pionirji<\/td>\n<td>Regijsko tekmovanje \u2013 orientacija<\/td>\n<td>1. mesto<\/td>\n<\/tr>\n<tr>\n<td>21.05.2022<\/td>\n<td>Mladinci<\/td>\n<td>Regijsko tekmovanje \u2013 orientacija<\/td>\n<td>1. mesto<\/td>\n<\/tr>\n<tr>\n<td>21.05.2022<\/td>\n<td>Pripravniki<\/td>\n<td>Regijsko tekmovanje \u2013 orientacija<\/td>\n<td>8. mesto<\/td>\n<\/tr>\n<tr>\n<td>04.06.2022<\/td>\n<td>Starej\u0161e gasilke<\/td>\n<td>Ob\u010dinsko tekmovanje \u2013 G\u0160D<\/td>\n<td>1. mesto<\/td>\n<\/tr>\n<tr>\n<td>05.06.2022<\/td>\n<td>\u010clani A<\/td>\n<td>Ob\u010dinsko tekmovanje \u2013 G\u0160D<\/td>\n<td>1. mesto<\/td>\n<\/tr>\n<tr>\n<td>05.06.2022<\/td>\n<td>\u010clani B<\/td>\n<td>Ob\u010dinsko tekmovanje \u2013 G\u0160D<\/td>\n<td>1. mesto<\/td>\n<\/tr>\n<tr>\n<td>10.09.2022<\/td>\n<td>Pionirji<\/td>\n<td>Dr\u017eavno tekmovanje \u2013 orientacija<\/td>\n<td>3. mesto<\/td>\n<\/tr>\n<tr>\n<td>10.09.2022<\/td>\n<td>Mladinci<\/td>\n<td>Dr\u017eavno tekmovanje \u2013 orientacija<\/td>\n<td>30. mesto<\/td>\n<\/tr>\n<tr>\n<td>24.09.2022<\/td>\n<td>Starej\u0161e gasilke<\/td>\n<td>Regijsko tekmovanje \u2013 G\u0160D<\/td>\n<td>3. mesto<\/td>\n<\/tr>\n<\/tbody>\n<\/table>\n","protected":false},"excerpt":{"rendered":"<p>Tudi na podro\u010dju tekmovanj smo bili v preteklem letu zelo dejavni, kar je \u017ee stalnica na\u0161ega dru\u0161tva. Na\u0161e tekmovalne enote so opravile 21 nastopov na razli\u010dnih tekmovanjih in nivojih. V letu 2022 smo se poleg gasilsko-\u0161portnih disciplin udele\u017eili \u0161e tekmovanj &hellip; <a href=\"https:\/\/www.pgd-loka.si\/?page_id=12126\">Beri naprej <span class=\"meta-nav\">&rarr;<\/span><\/a><\/p>\n","protected":false},"author":3,"featured_media":0,"parent":0,"menu_order":0,"comment_status":"closed","ping_status":"closed","template":"","meta":{"footnotes":""},"class_list":["post-12126","page","type-page","status-publish","hentry"],"_links":{"self":[{"href":"https:\/\/www.pgd-loka.si\/index.php?rest_route=\/wp\/v2\/pages\/12126","targetHints":{"allow":["GET"]}}],"collection":[{"href":"https:\/\/www.pgd-loka.si\/index.php?rest_route=\/wp\/v2\/pages"}],"about":[{"href":"https:\/\/www.pgd-loka.si\/index.php?rest_route=\/wp\/v2\/types\/page"}],"author":[{"embeddable":true,"href":"https:\/\/www.pgd-loka.si\/index.php?rest_route=\/wp\/v2\/users\/3"}],"replies":[{"embeddable":true,"href":"https:\/\/www.pgd-loka.si\/index.php?rest_route=%2Fwp%2Fv2%2Fcomments&post=12126"}],"version-history":[{"count":6,"href":"https:\/\/www.pgd-loka.si\/index.php?rest_route=\/wp\/v2\/pages\/12126\/revisions"}],"predecessor-version":[{"id":12143,"href":"https:\/\/www.pgd-loka.si\/index.php?rest_route=\/wp\/v2\/pages\/12126\/revisions\/12143"}],"wp:attachment":[{"href":"https:\/\/www.pgd-loka.si\/index.php?rest_route=%2Fwp%2Fv2%2Fmedia&parent=12126"}],"curies":[{"name":"wp","href":"https:\/\/api.w.org\/{rel}","templated":true}]}}