{"id":11614,"date":"2024-02-19T08:11:13","date_gmt":"2024-02-19T07:11:13","guid":{"rendered":"https:\/\/www.pgd-loka.si\/?page_id=11614"},"modified":"2024-10-08T07:12:55","modified_gmt":"2024-10-08T05:12:55","slug":"intervencije-v-letu-2024","status":"publish","type":"page","link":"https:\/\/www.pgd-loka.si\/?page_id=11614","title":{"rendered":"Intervencije v letu 2024"},"content":{"rendered":"<ul>\n<li>01\/2024<\/li>\n<li>Datum in ura:<br \/>\n<strong>17.01.2024<\/strong>, 16:00<\/li>\n<li>Opis:<br \/>\nPoziv ob\u010dan: <strong>Izvlek kombiniranega vozila na Testenovi ulici 42<\/strong><br \/>\nV sredo, 17.01.2024, nas je ob\u010dan preko telefona ob cca. 16. uri obvestil, da je na Testenovi ulici 42, sosedovo kombinirano vozilo u\u0161lo po klan\u010dini ter prosijo za pomo\u010d pri izvleku. Izvozili smo z GVGP-1 ter z vitlom izvlekli kombinirano vozilo na ravno. Intervencija je bila zaklju\u010dena ob 16:30.<\/li>\n<li>Sodelujo\u010de enote: PGD Loka pri Meng\u0161u<\/li>\n<li>\u0160t. gasilcev PGD Loka in vozila:<br \/>\n2 gasilca; GVGP-1<\/li>\n<\/ul>\n<hr \/>\n<ul>\n<li>02\/2024<\/li>\n<li>Datum in ura:<br \/>\n<strong>19.01.2024<\/strong>, 16:00<\/li>\n<li>Opis:<br \/>\nPoziv ob\u010dan: <strong>\u010crpanje vode &#8211; Na gmajni 12<\/strong><br \/>\nV petek, 19.01.2024 nas je ob\u010dan preko telefona ob cca. 16. uri obvestil, da Na gmajni 12 potrebuje pomo\u010d pri \u010drpanju vode iz servisnega ja\u0161ka, da mu nebi poplavilo prostora. Sam uporablja potopno \u010drpalko, vendar je bil dalj\u0161i izpad elektri\u010dne energije zaradi snega.<br \/>\nIntervencija je bila zaklju\u010dena ob 18. uri.<\/li>\n<li>Sodelujo\u010de enote: PGD Loka pri Meng\u0161u<\/li>\n<li>\u0160t. gasilcev PGD Loka in vozila:<br \/>\n3 gasilci; GVM-1<\/li>\n<\/ul>\n<hr \/>\n<ul>\n<li>03\/2024<\/li>\n<li>Datum in ura:<br \/>\n<strong>15.02.2024<\/strong>, 14:23<\/li>\n<li>Opis:<br \/>\nPoziv ReCO: <strong>Po\u017ear osebnega vozila, Menge\u0161, Grobeljska cesta 40<\/strong><br \/>\nV \u010detrtek, 15.2.2024 smo bili ob 14:23 preko ReCO Ljubljana obve\u0161\u010deni o po\u017earu osebnega vozila na Grobeljski cesti v Meng\u0161u. Izvozili smo z GVC-1 in 5 \u010dlani posadke.<br \/>\nNa kraju smo skupaj z gasilci PGD Menge\u0161 in PGD Topole vozilo pogasili z vodo. Zaradi mo\u017enosti ponovnega v\u017eiga pregretih delov, smo vozilo zalili \u0161e s peno ter pregledali s termovizijsko kamero. Na kraju so bili prisotni tudi policisti. Cesta je bila v \u010dasu ga\u0161enja zaprta za ves promet. Intervencija je bila kon\u010dana ob 15.30 uri.<\/li>\n<li>Sodelujo\u010de enote: PGD Loka pri Meng\u0161u, PGD Topole, PGD Menge\u0161<\/li>\n<li>\u0160t. gasilcev PGD Loka in vozila:<br \/>\n5 gasilcev; GVC-1<\/li>\n<\/ul>\n<hr \/>\n<ul>\n<li>04\/2024<\/li>\n<li>Datum in ura:<br \/>\n<strong>17.05.2024<\/strong>, 1:34<\/li>\n<li>Opis:<br \/>\nPoziv ReCO: <strong>Udar strele, smrdi po za\u017eganem, Gasilska cesta 61, Loka pri Meng\u0161u<\/strong><br \/>\nV petek, 17.5.2024 smo bili ob 1:34 uri preko ReCO Ljubljana obve\u0161\u010deni o udaru strele na Gasilski cesti v Loki pri Meng\u0161u. Izvozili smo z GVC-1 in GVGP-1 ter 11 operativnimi gasilci. Na kraju smo skupaj z gasilci PGD Menge\u0161 in PGD Topole s termo kamero pregledali objekt, po\u0161kodovane dele, dva sosednja objekta ter izhode iz transformatorske postaje, kjer ni bilo opa\u017eenih pregrevanj in po\u017eara. Na kraju smo po\u010dakali de\u017eurnega delavca elektro podjetja, ki je odklopil glavne varovalke. Stanovalcem smo svetovali, da \u010dim prej pokli\u010dejo elektri\u010darja, da opravi meritve elektro in\u0161talacije. Intervencija je bila zaklju\u010dena ob 2:34 uri.<\/li>\n<li>Sodelujo\u010de enote: PGD Loka pri Meng\u0161u, PGD Topole, PGD Menge\u0161<\/li>\n<li>\u0160t. gasilcev PGD Loka in vozila:<br \/>\n11 gasilcev; GVC-1, GVGP-1<\/li>\n<\/ul>\n<hr \/>\n<ul>\n<li>05\/2024<\/li>\n<li>Datum in ura:<br \/>\n<strong>12.07.2024<\/strong>, 7:02<\/li>\n<li>Opis:<br \/>\nPoziv ReCO: <strong>Nadaljevanje iskalne akcije Menge\u0161<\/strong><br \/>\nV petek, 12.7.2024 ob 8.uri smo bili preko ReCO Ljubljana obve\u0161\u010deni o pogre\u0161ani osebi in da policija prosi za na\u0161o pomo\u010d. Dopoldan smo se na zbirno mesto odpravili z 8 operativnimi \u010dlani ter z vozili GVGP-1 in dvema \u0161tirikolesnikoma. Gasilci smo pregledovali ve\u010dji del gozdnih povr\u0161in in polja okrog lovske ko\u010de, Ceguven\u0161kega bajerja, Gobavice in poljskih povr\u0161in. Iskalna akcija je bila zaradi vro\u010dine okrog 12.ure prekinjena in se je skupaj s prostovoljci nadaljevala ob 16.uri. Popoldan smo s skupnimi mo\u010dmi gasilci, policisti in prostovoljci pregledali gozd od glavne ceste Menge\u0161-\u0160inkov Turn, \u010dez Marin hrib in Magarovnik, preko Pristave in Ra\u0161i\u0161ke ceste mimo Ceguven\u0161kega bajerja \u010dez \u017de\u010dek do ceste Loka-Dobeno. Iskalna akcija je bila okrog 21.ure zaradi teme prekinjena, pogre\u0161ana oseba v petek ni bila najdena. V no\u010di iz petka na soboto je obmo\u010dje preletaval tudi helikopter Policije, vendar pogre\u0161ane osebe ni zaznal iz zraka s pomo\u010djo toplotne kamere. V teh dneh so v iskalni akciji sodelovali policisti, gasilci, vodniki re\u0161evalnih psov, doma\u010dini in drugi prostovoljci. Vse dni se je obmo\u010dje prelatavalo tudi z droni Policije in gasilcev PGD Preska-Medvode. V nedeljo,14.7.2024 dopoldan, pa je bila pogre\u0161ana oseba najdena \u017eiva in v dobrem fizi\u010dnem stanju s pomo\u010djo vodnikov psov K9 iskanje pogre\u0161anih-Slovenija in doma\u010dinov na obmo\u010dju gozda za Lovsko ko\u010do Menge\u0161. Iskalna akcija se je kon\u010dala s sre\u010dnim koncem in zadovoljstvom, da je bila oseba najdena \u017eiva. Skupaj je iz PGD Loka v iskalni akciji sodelovalo 19 gasilcev. Intervencija je bila zaklju\u010dena ob 21:30 uri.<\/li>\n<li>Sodelujo\u010de enote: PGD Loka pri Meng\u0161u, PGD Topole, PGD Menge\u0161, Policija, re\u0161evalni psi, konjeniki Policije, Helikopterska enota Policije, PGD Preska-Medvode, PGD Kamnik, itd.<\/li>\n<li>\u0160t. gasilcev PGD Loka in vozila:<br \/>\n19 gasilcev; GVM-1, GVGP-1<\/li>\n<\/ul>\n<hr \/>\n<ul>\n<li>06\/2024<\/li>\n<li>Datum in ura:<br \/>\n<strong>16.07.2024<\/strong>, 17:25<\/li>\n<li>Opis:<br \/>\nPoziv ReCO: <strong>Gorijo razsmerniki son\u010dne elektrarne, Fin\u017egarjeva ulica 6, Menge\u0161<\/strong><br \/>\nV torek, 16.7.2024 smo bili ob 17:25 uri preko ReCO Ljubljana obve\u0161\u010deni o gorenju razsmernika son\u010dne elektrarne v Meng\u0161u. Izvozili smo z GVC-1 ter 4 operativnimi gasilci. Na podstre\u0161ju nad gara\u017eo stanovanjske hi\u0161e je gorel razsmernik son\u010dne elektrarne. Lastnik je sam pogasil po\u017ear z gasilniki. Na kraju smo skupaj z gasilci PGD Menge\u0161, PGD Topole in elektro slu\u017ebo s termo kamero pregledali objekt in panele son\u010dne elektrarne na strehi, kjer ni bilo opa\u017eenih pregrevanj in po\u017eara. Intervencija je bila zaklju\u010dena ob 18:30 uri.<\/li>\n<li>Sodelujo\u010de enote: PGD Loka pri Meng\u0161u, PGD Topole, PGD Menge\u0161<\/li>\n<li>\u0160t. gasilcev PGD Loka in vozila:<br \/>\n4 gasilci; GVC-1<\/li>\n<\/ul>\n<hr \/>\n<ul>\n<li>07\/2024<\/li>\n<li>Datum in ura:<br \/>\n<strong>19.07.2024<\/strong>, 15:30<\/li>\n<li>Opis:<br \/>\nPoziv ReCO: <strong>Pomo\u010d pri ga\u0161enju po\u017eara na Krasu<\/strong><br \/>\nV petek, 19.7.2024, smo od\u0161li v no\u010dno izmeno na Kras in pomagali pri ga\u0161enju velikega po\u017eara. Na Kras smo se odpravili skupaj z gasilci Regije Ljubljana 3 (GZ Menge\u0161, GZ Lukovica, GZ \u0160martno pri Litiji, GZ Komenda, GZ Kamnik, GZ Morav\u010de, GZ Dom\u017eale in GZ Litija).<br \/>\nIz na\u0161e GZ Menge\u0161 smo od\u0161li na pomo\u010d 3 operativni gasilci PGD Loka pri Meng\u0161u, 2 operativna gasilca PGD Topole ter 4 operativni gasilci PGD Menge\u0161 z voziloma GVC-1 PGD Loka pri Meng\u0161u in GVC 2 PGD Menge\u0161. Na pot smo se odpravili ob 16. uri v gasilskem konvoju Regije LJ 3, izpred CZR Dom\u017eale. Tekom ve\u010dera in no\u010di smo delovali in gasili na obmo\u010dju Trstelja, nad krajem \u0160ibelji s podporo vozil in gasilcev me\u0161anih ekip ostalih gasilskih zvez Regije Ljubljana 3. Z aktivnim ga\u0161enjem manj\u0161ih \u017eari\u0161\u010d in po\u017earno stra\u017eo smo kon\u010dali okoli 1. ure zjutraj in prekinili posredovanje zaradi nevarnosti strel in nevihte, ki se je razvila nad na\u0161im obmo\u010djem delovanja. Ker pa je v no\u010di iz petka na soboto tudi v Meng\u0161u in okolici divjala mo\u010dna nevihta in je meteorna voda zalila cca. 50 objekotv so vodje \u0161taba na Krasu okrog 2. ure zjutraj oddobrile pred\u010dasni odhod enot GZ Menge\u0161 in GZ Komenda iz Krasa domov. Po naporni no\u010di smo domov varno prispeli okrog 5.ure zjutraj utrujeni, nepo\u0161kodovani, vendar z veliko izku\u0161njo ga\u0161enja velikih po\u017earov v naravi. Doma pa nas ni \u010dakal po\u010ditek, ampak nadaljevanje sanacije poplavljenih objekotv po ob\u010dini Menge\u0161.<\/li>\n<li>Sodelujo\u010de enote: enote Regije LJ 3<\/li>\n<li>\u0160t. gasilcev PGD Loka in vozila:<br \/>\n3 gasilci; GVC-1<\/li>\n<\/ul>\n<hr \/>\n<ul>\n<li>08\/2024<\/li>\n<li>Datum in ura:<br \/>\n<strong>19.07.2024<\/strong>, 22:48<\/li>\n<li>Opis:<br \/>\nPoziv ReCO: <strong>Pomo\u010d pri \u010drpanju vode v Meng\u0161u<\/strong><br \/>\nV petek, 19.7.2024, smo bili ob 22:48 uri preko ReCO Ljubljana obve\u0161\u010deni, da gasilci PGD Menge\u0161 potrebujejo na\u0161o pomo\u010d pri \u010drpanju vode iz objektov na podro\u010dju Meng\u0161a po mo\u010dnem neurju, ki je prizadel ob\u010dino. Izvozili smo z voziloma GVGP-1 z modulom za neurja in GVM-1 ter 6 operativnimi gasilci. Skupaj z gasilci PGD Menge\u0161, PGD Topole in gasilci GZ Komenda smo na obmo\u010dju ob\u010dine Menge\u0161 sanirali cca. 50 zalitih objektov z meteorno vodo. Intervencija je bila kon\u010dana v soboto okrog 1.30 ure.<\/li>\n<li>Sodelujo\u010de enote: PGD Loka pri Meng\u0161u, PGD Topole, PGD Menge\u0161<\/li>\n<li>\u0160t. gasilcev PGD Loka in vozila:<br \/>\n7 gasilcev; GVGP-1, GVM-1<\/li>\n<\/ul>\n<hr \/>\n<ul>\n<li>09\/2024<\/li>\n<li>Datum in ura:<br \/>\n<strong>20.07.2024<\/strong>, 9:24<\/li>\n<li>Opis:<br \/>\nPoziv ReCO: <strong>Poplava proizvodnje Interblock, Menge\u0161, Gorenjska cesta 22<\/strong><br \/>\nV soboto, 20.7.2024, ob 9.24 uri smo bili preko ReCO Ljubljana obve\u0161\u010deni o poplavi v proizvodnji podjetja Interblok na Gorenjski cesti v Meng\u0161u. Na kraj intervencije smo izvozili z voziloma GVGP-1 z modulom za neurja in GVM-1 ter 7 operativnimi gasilci. Na kraju smo skupaj z gasilci PGD Menge\u0161 in PGD Topole s sesalci za vodo posesali vodo iz ja\u0161kov proizvodnjih dvigal in tal celotne proizvodnje hale. Po kon\u010danem delu, pa smo bili s strani \u0161taba PGD Menge\u0161 preusmerjeni na naslov Slovenska cesta, kjer smo ravno tako s sesalci posesali vodo iz gara\u017enih prostorov pod ve\u010dstanovanjskim objektom. Intervencija je bila zaklju\u010dena ob 15.30 uri.<\/li>\n<li>Sodelujo\u010de enote: PGD Loka pri Meng\u0161u, PGD Topole, PGD Menge\u0161<\/li>\n<li>\u0160t. gasilcev PGD Loka in vozila:<br \/>\n7 gasilcev; GVGP-1, GVM-1<\/li>\n<\/ul>\n<hr \/>\n<ul>\n<li>10\/2024<\/li>\n<li>Datum in ura:<br \/>\n<strong>08.08.2024<\/strong>, 09:44<\/li>\n<li>Opis:<br \/>\nPoziv ReCO: <strong>Gori 1 kvadratni meter suhe trave za naslovom Kamni\u0161ka cesta 65, Menge\u0161<\/strong><br \/>\nV \u010detrtek, 8.8.2024, smo bili ob 9.44 obve\u0161\u010deni, da je na Kamni\u0161ki cesti, ob\u010dina Menge\u0161, zagorela manj\u0161a koli\u010dine suhe trave. Gasilci PGD Menge\u0161 ter PGD Topole so po\u017ear pogasili. Obve\u0161\u010dena je bila tudi policija. PGD Loka ostala v gasilskem domu in izvoz ni bil potreben. Intervencija je bila zaklju\u010dena ob 10:20 uri.<\/li>\n<li>Sodelujo\u010de enote: PGD Loka pri Meng\u0161u, PGD Topole, PGD Menge\u0161<\/li>\n<li>\u0160t. gasilcev PGD Loka in vozila:<br \/>\n1 gasilec; <\/li>\n<\/ul>\n<hr \/>\n<ul>\n<li>11\/2024<\/li>\n<li>Datum in ura:<br \/>\n<strong>17.08.2024<\/strong>, 14:57<\/li>\n<li>Opis:<br \/>\nPoziv ReCO: <strong>Sanacija streh po neurju v Meng\u0161u<\/strong><br \/>\nV soboto, 17.8.2024, ob 14.57 uri smo bili preko ReCO Ljubljana obve\u0161\u010deni o odkritih strehah na Zadru\u017eni\u0161ki ulici v Meng\u0161u. Na kraj intervencije smo izvozili z voziloma GVC-1 in GVGP-1 ter 12 operativnimi gasilci. Na kraju smo skupaj z gasilci PGD Menge\u0161 in PGD Topole sanirali ve\u010d odkritih objektov na obmo\u010dju Zadru\u017eni\u0161ke ulice, Zoranine ulice in Slom\u0161kove ulice v Meng\u0161u. Po kon\u010danem delu v Meng\u0161u, pa smo bili s strani \u0161taba PGD Menge\u0161 preusmerjeni \u0161e na naslov Testenova ulica v Loki pri Meng\u0161u, kjer smo ravno tako sanirali del odkrite strehe na stanovanjskem objektu. Intervencija je bila zaklju\u010dena ob 18.00 uri.<\/li>\n<li>Sodelujo\u010de enote: PGD Loka pri Meng\u0161u, PGD Topole, PGD Menge\u0161<\/li>\n<li>\u0160t. gasilcev PGD Loka in vozila:<br \/>\n12 gasilcev; GVC-1, GVGP-1<\/li>\n<\/ul>\n<hr \/>\n<ul>\n<li>12\/2024<\/li>\n<li>Datum in ura:<br \/>\n<strong>04.09.2024<\/strong>, 22:12<\/li>\n<li>Opis:<br \/>\nPoziv ReCO: <strong>Gori koruzno polje, Gregor\u010di\u010deva 3, Jar\u0161e do konca po ulici<\/strong><br \/>\nV sredo, 4.9.2024, smo bili ob 22:12 uri preko ReCO Ljubljana obve\u0161\u010deni, da gori koruzno polje v Meng\u0161u. Izvozili smo z GVC-1, GVGP-1 in GVM-1 ter 12 operativnimi gasilci. Na kraju smo skupaj z gasilci PGD Menge\u0161 in PGD Topole na povr\u0161ini okoli 20 kvadratnih metrov pogasili, prekopali in zalili z vodo kup sena (bala sena), ki je bil odlo\u017een na koruznem polju. Intervencija je bila zaklju\u010dena ob 23:40 uri.<\/li>\n<li>Sodelujo\u010de enote: PGD Loka pri Meng\u0161u, PGD Topole, PGD Menge\u0161<\/li>\n<li>\u0160t. gasilcev PGD Loka in vozila:<br \/>\n12 gasilcev; GVC-1, GVGP-1, GVM-1<\/li>\n<\/ul>\n<hr \/>\n<ul>\n<li>13\/2024<\/li>\n<li>Datum in ura:<br \/>\n<strong>23.09.2024<\/strong>, 9:22<\/li>\n<li>Opis:<br \/>\nPoziv ReCO: <strong>Padec v gozdu, udarec v glavo, o\u017eivljanje, Menge\u0161, GPS &#8230; &#8211; dostop po makadamu mimo Menge\u0161kega bajerja proti Ra\u0161ici<\/strong><br \/>\nV ponedeljek, 23.9.2024 ob 9:22 smo bili preko ReCO Ljubljana obve\u0161\u010deni, da je oseba padla v gozdu na te\u017eko dostopni poti pod vrhom Debelega hriba na Dobenu. Dobili smo informacijo da se je pri tem udarila v glavo in da bo potrebno o\u017eivljanje. Izvozili smo z GVGP-1, GVC 16\/25 in GVM-1 ter 7 operativnimi gasilci. Na kraju smo skupaj z re\u0161evalci Gorske re\u0161evalne slu\u017ebe Kamnik osebi nudili prvo pomo\u010d in izvajali temeljne postopke o\u017eivljanja do prihoda re\u0161evalcev Nujne medicinske pomo\u010di Dom\u017eale.<br \/>\nNavkljub izjemnemu trudu svojcev in re\u0161evalcev reanimacija ni bila uspe\u0161na in je oseba preminila. Skupaj z gorskimi re\u0161evalci smo preminulo osebo prenesli do gozdne ceste, kjer smo jo predali pogrebni slu\u017ebi. Intervencija je bila zaklju\u010dena ob 11:55 uri.<\/li>\n<li>Sodelujo\u010de enote: PGD Loka pri Meng\u0161u, GRS Kamnik, NMP Dom\u017eale<\/li>\n<li>\u0160t. gasilcev PGD Loka in vozila:<br \/>\n7 gasilcev; GVC-1, GVGP-1, GVM-1<\/li>\n<\/ul>\n<hr \/>\n<ul>\n<li>14\/2024<\/li>\n<li>Datum in ura:<br \/>\n<strong>2.10.2024<\/strong>, 15:32<\/li>\n<li>Opis:<br \/>\nPoziv ReCO: <strong>Odpiranje vrat stanovanja, neodzivna oseba, Dobeno<\/strong><br \/>\nV sredo, 2.10.2024 ob 15:32 uri smo bili preko ReCO Ljubljana obve\u0161\u010deni, da je v stanovanju na Dobenu neodzivna oseba in da je potreben tehni\u010dni poseg odpiranja vrat za dostop re\u0161evalcev. Izvozili smo z GVGP-1 in GVC-1 ter 9 operativnimi gasilci. Pred na\u0161im prihodom je v objekt \u017ee preko lestve in okna v 1.nadstropje zlezel na\u0161 gasilec \u2013 sosed onemogle osebe, odklenil vhodna vrata ter nam omogo\u010dil dostop z opremo prve pomo\u010di in AED. Oseba je bila odzivna in reanimacija ni bila potrebna. Za nami so na kraj prihiteli tudi re\u0161evalci NMP Dom\u017eale in policisti. Nadaljnjo obravnavo so prevzeli re\u0161evalci NMP, katerim smo nudili tudi pomo\u010d pri prenosu osebe do re\u0161evalnega vozila s katerim je bila odpeljana v UKC Ljubljana. Intervencija je bila kon\u010dana ob 16:40 uri.<\/li>\n<li>Sodelujo\u010de enote: PGD Loka pri Meng\u0161u, NMP Dom\u017eale, PP Dom\u017eale<\/li>\n<li>\u0160t. gasilcev PGD Loka in vozila:<br \/>\n9 gasilcev; GVC-1, GVGP-1<\/li>\n<\/ul>\n<hr \/>\n<ul>\n<li>15\/2024<\/li>\n<li>Datum in ura:<br \/>\n<strong>7.10.2024<\/strong>, 23:59<\/li>\n<li>Opis:<br \/>\nPoziv ReCO: <strong>Nekaj gori pri gradbi\u0161\u010du mobilnega vrtca, Menge\u0161, Linhartova cesta 33 &#8211; zraven Harmonije<\/strong><br \/>\nV ponedeljek, 7.10.2024, ob 23:59 uri, smo bili preko ReCO Ljubljana obve\u0161\u010deni, da v Meng\u0161u pred novim mobilnim vrtcem na Linhartovi cesti (na parkiri\u0161\u010du pred Harmonijo) nekaj gori. Izvozili smo z GVGP-1 in GVC-1 ter 10 operativnimi gasilci. Med vo\u017enjo na kraj intervencije smo dobili obvestilo, da gre za po\u017ear osebnega vozila na parkiri\u0161\u010du. Skupaj z gasilci PGD Menge\u0161 in PGD Topole smo po\u017ear pogasili in z vodo ohladili bli\u017enje kombinirano vozilo, ki je bilo v po\u017earu tudi po\u0161kodovano. Zaradi mo\u017enosti ponovnega v\u017eiga pregretih delov, smo vozilo zalili \u0161e s peno ter pregledali s termovizijsko kamero. Nadaljnje postopke je prevzela policija. Intervencija je bila kon\u010dana ob 01:00 uri.<\/li>\n<li>Sodelujo\u010de enote: PGD Loka pri Meng\u0161u, PGD Menge\u0161, PGD Topole, PP Dom\u017eale<\/li>\n<li>\u0160t. gasilcev PGD Loka in vozila:<br \/>\n10 gasilcev; GVC-1, GVGP-1<\/li>\n<\/ul>\n<hr \/>\n","protected":false},"excerpt":{"rendered":"<p>01\/2024 Datum in ura: 17.01.2024, 16:00 Opis: Poziv ob\u010dan: Izvlek kombiniranega vozila na Testenovi ulici 42 V sredo, 17.01.2024, nas je ob\u010dan preko telefona ob cca. 16. uri obvestil, da je na Testenovi ulici 42, sosedovo kombinirano vozilo u\u0161lo po &hellip; <a href=\"https:\/\/www.pgd-loka.si\/?page_id=11614\">Beri naprej <span class=\"meta-nav\">&rarr;<\/span><\/a><\/p>\n","protected":false},"author":3,"featured_media":0,"parent":0,"menu_order":0,"comment_status":"closed","ping_status":"closed","template":"","meta":{"footnotes":""},"class_list":["post-11614","page","type-page","status-publish","hentry"],"_links":{"self":[{"href":"https:\/\/www.pgd-loka.si\/index.php?rest_route=\/wp\/v2\/pages\/11614","targetHints":{"allow":["GET"]}}],"collection":[{"href":"https:\/\/www.pgd-loka.si\/index.php?rest_route=\/wp\/v2\/pages"}],"about":[{"href":"https:\/\/www.pgd-loka.si\/index.php?rest_route=\/wp\/v2\/types\/page"}],"author":[{"embeddable":true,"href":"https:\/\/www.pgd-loka.si\/index.php?rest_route=\/wp\/v2\/users\/3"}],"replies":[{"embeddable":true,"href":"https:\/\/www.pgd-loka.si\/index.php?rest_route=%2Fwp%2Fv2%2Fcomments&post=11614"}],"version-history":[{"count":11,"href":"https:\/\/www.pgd-loka.si\/index.php?rest_route=\/wp\/v2\/pages\/11614\/revisions"}],"predecessor-version":[{"id":11968,"href":"https:\/\/www.pgd-loka.si\/index.php?rest_route=\/wp\/v2\/pages\/11614\/revisions\/11968"}],"wp:attachment":[{"href":"https:\/\/www.pgd-loka.si\/index.php?rest_route=%2Fwp%2Fv2%2Fmedia&parent=11614"}],"curies":[{"name":"wp","href":"https:\/\/api.w.org\/{rel}","templated":true}]}}