{"id":1086,"date":"2012-03-11T21:36:19","date_gmt":"2012-03-11T21:36:19","guid":{"rendered":"https:\/\/www.pgd-loka.si\/nova\/\/?page_id=1086"},"modified":"2012-03-19T11:52:49","modified_gmt":"2012-03-19T11:52:49","slug":"kako-ravnamo-ob-pozaru-na-objektu","status":"publish","type":"page","link":"https:\/\/www.pgd-loka.si\/?page_id=1086","title":{"rendered":"Kako ravnamo ob po\u017earu na objektu"},"content":{"rendered":"<p><strong>Ga\u0161enje<\/strong><\/p>\n<p>&#8211; Ob po\u017earu ne postanite pani\u010dni.<br \/>\n&#8211; Ob po\u017earu takoj obvestite center za obve\u0161\u010danje na telefonsko \u0161tevilko\u00a0<strong>112<\/strong>.<br \/>\n&#8211; Za\u010detni po\u017ear lahko pogasite sami s priro\u010dnimi gasilnimi sredstvi z vodo, peskom, pokrovko ali odejo.<br \/>\n&#8211; \u010ce vam po\u017eara ne uspe pogasiti s priro\u010dnimi gasilnimi sredstvi, uporabite ro\u010dni gasilni aparat.<\/p>\n<p><strong>Ukrepi pri ga\u0161enju po\u017eara<\/strong><\/p>\n<p>&#8211; Ob po\u017earu v ve\u010dstanovanjskih, predvsem visokih objektih, je najve\u010dja nevarnost dim na stopni\u0161\u010du, ki ote\u017euje ali celo onemogo\u010da umik iz objekta. V tem primeru v prostoru, kjer ste, z mokrimi krpami zatesnite spodnji del vrat in v stanovanju po\u010dakajte na pomo\u010d.<br \/>\n&#8211; \u010ce dim ni preve\u010d gost, lahko dihala delno za\u0161\u010ditite tako, da si daste pred usta moker robec ali krpo.<br \/>\n&#8211; Ko pridejo gasilci, jih takoj opozorite nase. Vedite pa, da vsako odpiranje oken ali vrat pripomore k \u0161irjenju po\u017eara, predvsem dima.<\/p>\n<p><strong>Splo\u0161ni preventivni ukrep<\/strong><\/p>\n<p>&#8211; Na stopni\u0161\u010du ne odlagajte gorljivih materialov, predvsem pa ne vnetljivih teko\u010din in plinov.<\/p>\n","protected":false},"excerpt":{"rendered":"<p>Ga\u0161enje &#8211; Ob po\u017earu ne postanite pani\u010dni. &#8211; Ob po\u017earu takoj obvestite center za obve\u0161\u010danje na telefonsko \u0161tevilko\u00a0112. &#8211; Za\u010detni po\u017ear lahko pogasite sami s priro\u010dnimi gasilnimi sredstvi z vodo, peskom, pokrovko ali odejo. &#8211; \u010ce vam po\u017eara ne uspe &hellip; <a href=\"https:\/\/www.pgd-loka.si\/?page_id=1086\">Beri naprej <span class=\"meta-nav\">&rarr;<\/span><\/a><\/p>\n","protected":false},"author":3,"featured_media":0,"parent":0,"menu_order":0,"comment_status":"open","ping_status":"open","template":"","meta":{"footnotes":""},"class_list":["post-1086","page","type-page","status-publish","hentry"],"_links":{"self":[{"href":"https:\/\/www.pgd-loka.si\/index.php?rest_route=\/wp\/v2\/pages\/1086","targetHints":{"allow":["GET"]}}],"collection":[{"href":"https:\/\/www.pgd-loka.si\/index.php?rest_route=\/wp\/v2\/pages"}],"about":[{"href":"https:\/\/www.pgd-loka.si\/index.php?rest_route=\/wp\/v2\/types\/page"}],"author":[{"embeddable":true,"href":"https:\/\/www.pgd-loka.si\/index.php?rest_route=\/wp\/v2\/users\/3"}],"replies":[{"embeddable":true,"href":"https:\/\/www.pgd-loka.si\/index.php?rest_route=%2Fwp%2Fv2%2Fcomments&post=1086"}],"version-history":[{"count":3,"href":"https:\/\/www.pgd-loka.si\/index.php?rest_route=\/wp\/v2\/pages\/1086\/revisions"}],"predecessor-version":[{"id":1089,"href":"https:\/\/www.pgd-loka.si\/index.php?rest_route=\/wp\/v2\/pages\/1086\/revisions\/1089"}],"wp:attachment":[{"href":"https:\/\/www.pgd-loka.si\/index.php?rest_route=%2Fwp%2Fv2%2Fmedia&parent=1086"}],"curies":[{"name":"wp","href":"https:\/\/api.w.org\/{rel}","templated":true}]}}