{"id":1025,"date":"2012-03-11T20:58:57","date_gmt":"2012-03-11T20:58:57","guid":{"rendered":"https:\/\/www.pgd-loka.si\/nova\/\/?page_id=1025"},"modified":"2012-03-11T20:59:58","modified_gmt":"2012-03-11T20:59:58","slug":"tekmovanja-v-letu-2007","status":"publish","type":"page","link":"https:\/\/www.pgd-loka.si\/?page_id=1025","title":{"rendered":"Tekmovanja v letu 2007"},"content":{"rendered":"<p><strong>Pokal Loka<\/strong><\/p>\n<p><strong>V soboto, 30.06.2007 smo na lo\u0161kem \u0161portnem igri\u0161\u010du organizirali \u017ee 20. gasilsko tekmovanje za pokal PGD Loka in pokal GZ Menge\u0161<\/strong>, na katerem so se gasilci in gasilke pomerili v vaji z motorno brizgalno po pravilih CTIF in \u0161tafeti brez ovir. Tekmovanja so se udele\u017eile 3 \u017eenske in 17 mo\u0161kih ekip. V konkurenci \u010dlanov je prvo mesto zasedla ekipa PGD \u0160tuda, v \u017eenski konkurenci pa je najbolj\u0161i \u010das dosegla ekipa \u010dlanic PGD Cerklje na Gorenjskem.<\/p>\n<p><strong>T e k m o v a n j a<\/strong><\/p>\n<div>Na\u0161e tekmovalne enote so v letu 2007 opravile 24 nastopov na razli\u010dnih tekmovanjih in nivojih. Za leto 2007 velja poudariti pestrost tekmovanj, saj smo se poleg gasilsko \u0161portnih disciplin, udele\u017eili \u0161e tekmovanj v orientaciji in kvizih na nivoju GZ in regije ter nastopili v gasilskem rallyju v Preddvoru in vle\u010denju B cevi v Topolah.&nbsp;<\/p>\n<table border=\"1\" cellspacing=\"1\" cellpadding=\"4\" width=\"544\" align=\"center\">\n<tbody>\n<tr>\n<td width=\"16%\" valign=\"top\"><strong>DATUM&nbsp;<\/p>\n<p><\/strong><strong> <\/strong><\/td>\n<td width=\"24%\" valign=\"top\"><strong>EKIPA&nbsp;<\/p>\n<p><\/strong><strong> <\/strong><\/td>\n<td width=\"44%\" valign=\"top\"><strong>VRSTA TEKMOVANJA&nbsp;<\/p>\n<p><\/strong><strong> <\/strong><\/td>\n<td width=\"15%\" valign=\"top\"><strong>uvrstitev&nbsp;<\/p>\n<p><\/strong><strong> <\/strong><\/td>\n<\/tr>\n<tr>\n<td width=\"16%\" valign=\"top\">15.03.2007<\/td>\n<td width=\"24%\" valign=\"top\">Starej\u0161i pionirji<\/td>\n<td width=\"44%\" valign=\"top\">Tekmovanje v orientaciji<br \/>\nGZ Menge\u0161 &#8211; Homec<\/td>\n<td width=\"15%\" valign=\"top\">2. mesto<\/td>\n<\/tr>\n<tr>\n<td width=\"16%\" valign=\"top\">15.03.2007<\/td>\n<td width=\"24%\" valign=\"top\">Starej\u0161e pionirke<\/td>\n<td width=\"44%\" valign=\"top\">Tekmovanje v orientaciji<br \/>\nGZ Menge\u0161 &#8211; Homec<\/td>\n<td width=\"15%\" valign=\"top\">1. mesto<\/td>\n<\/tr>\n<tr>\n<td width=\"16%\" valign=\"top\">15.03.2007<\/td>\n<td width=\"24%\" valign=\"top\">Mlaj\u0161i pionirji<\/td>\n<td width=\"44%\" valign=\"top\">Tekmovanje v orientaciji<br \/>\nGZ Menge\u0161 &#8211; Homec<\/td>\n<td width=\"15%\" valign=\"top\">2. mesto<\/td>\n<\/tr>\n<tr>\n<td width=\"16%\" valign=\"top\">15.03.2007<\/td>\n<td width=\"24%\" valign=\"top\">Mlaj\u0161e pionirke<\/td>\n<td width=\"44%\" valign=\"top\">Tekmovanje v orientaciji<br \/>\nGZ Menge\u0161 &#8211; Homec<\/td>\n<td width=\"15%\" valign=\"top\">2. mesto<\/td>\n<\/tr>\n<tr>\n<td width=\"16%\" valign=\"top\">23.06.2007<\/td>\n<td width=\"24%\" valign=\"top\">Ga\u0161per Urbanc,<br \/>\nBrane Urbanc<\/td>\n<td width=\"44%\" valign=\"top\">Vle\u010denje B cevi<br \/>\nTopole<\/td>\n<td width=\"15%\" valign=\"top\">1. mesto<\/td>\n<\/tr>\n<tr>\n<td width=\"16%\" valign=\"top\">23.06.2007<\/td>\n<td width=\"24%\" valign=\"top\">David Bizjak,<br \/>\nAn\u017ee Kveder<\/td>\n<td width=\"44%\" valign=\"top\">Vle\u010denje B cevi<br \/>\nTopole<\/td>\n<td width=\"15%\" valign=\"top\">11. mesto<\/td>\n<\/tr>\n<tr>\n<td width=\"16%\" valign=\"top\">23.06.2007<\/td>\n<td width=\"24%\" valign=\"top\">Slavko Sedelj\u0161ak,<br \/>\nAndrej Bizjak<\/td>\n<td width=\"44%\" valign=\"top\">Vle\u010denje B cevi<br \/>\nTopole<\/td>\n<td width=\"15%\" valign=\"top\">16. mesto<\/td>\n<\/tr>\n<tr>\n<td width=\"16%\" valign=\"top\">16.06.2007<\/td>\n<td width=\"24%\" valign=\"top\">Mlaj\u0161e pionirke<\/td>\n<td width=\"44%\" valign=\"top\">3. regijsko tekmovanje v orientaciji<br \/>\nBrdo pri Lukovici<\/td>\n<td width=\"15%\" valign=\"top\"><\/td>\n<\/tr>\n<tr>\n<td width=\"16%\" valign=\"top\">16.06.2007<\/td>\n<td width=\"24%\" valign=\"top\">Mlaj\u0161e pionirji<\/td>\n<td width=\"44%\" valign=\"top\">3. regijsko tekmovanje v orientaciji<br \/>\nBrdo pri Lukovici<\/td>\n<td width=\"15%\" valign=\"top\"><\/td>\n<\/tr>\n<tr>\n<td width=\"16%\" valign=\"top\">16.06.2007<\/td>\n<td width=\"24%\" valign=\"top\">Starej\u0161i pionirji<\/td>\n<td width=\"44%\" valign=\"top\">3. regijsko tekmovanje v orientaciji<br \/>\nBrdo pri Lukovici<\/td>\n<td width=\"15%\" valign=\"top\"><\/td>\n<\/tr>\n<tr>\n<td width=\"16%\" valign=\"top\">30.06.2007<\/td>\n<td width=\"24%\" valign=\"top\">\u010clani A1<\/td>\n<td width=\"44%\" valign=\"top\">Tekmovanje GZ Menge\u0161 &#8211; Loka<\/td>\n<td width=\"15%\" valign=\"top\">1. mesto<\/td>\n<\/tr>\n<tr>\n<td width=\"16%\" height=\"8\" valign=\"top\">30.06.2007<\/td>\n<td width=\"24%\" height=\"8\" valign=\"top\">\u010clani A2<\/td>\n<td width=\"44%\" height=\"8\" valign=\"top\">Tekmovanje GZ Menge\u0161 &#8211; Loka<\/td>\n<td width=\"15%\" height=\"8\" valign=\"top\">4. mesto<\/td>\n<\/tr>\n<tr>\n<td width=\"16%\" valign=\"top\">30.06.2007<\/td>\n<td width=\"24%\" valign=\"top\">\u010clani A2<\/td>\n<td width=\"44%\" valign=\"top\">Tekmovanje za pokal \u201cLOKE\u201d<\/td>\n<td width=\"15%\" valign=\"top\">6. mesto<\/td>\n<\/tr>\n<tr>\n<td width=\"16%\" valign=\"top\">30.06.2007<\/td>\n<td width=\"24%\" valign=\"top\">\u010clani A1<\/td>\n<td width=\"44%\" valign=\"top\">Tekmovanje za pokal \u201cLOKE\u201d<\/td>\n<td width=\"15%\" valign=\"top\">7. mesto<\/td>\n<\/tr>\n<tr>\n<td width=\"16%\" valign=\"top\">14.07.2007<\/td>\n<td width=\"24%\" valign=\"top\">\u010clani A<\/td>\n<td width=\"44%\" valign=\"top\">Pokal PGD Dekani<\/td>\n<td width=\"15%\" valign=\"top\">20. mesto<\/td>\n<\/tr>\n<tr>\n<td width=\"16%\" valign=\"top\">01.09.2007<\/td>\n<td width=\"24%\" valign=\"top\">Andrej Brojan,<br \/>\nAn\u017ee Kveder,<br \/>\nDavid Bizjak<\/td>\n<td width=\"44%\" valign=\"top\">Gasilski rally &#8211; Preddvor<\/td>\n<td width=\"15%\" valign=\"top\">4. mesto<\/td>\n<\/tr>\n<tr>\n<td width=\"16%\" valign=\"top\">15.09.2007<\/td>\n<td width=\"24%\" valign=\"top\">Pionirji<\/td>\n<td width=\"44%\" valign=\"top\">Tekmovanje GZ Menge\u0161 &#8211; Topole<\/td>\n<td width=\"15%\" valign=\"top\">1. mesto<\/td>\n<\/tr>\n<tr>\n<td width=\"16%\" valign=\"top\">15.09.2007<\/td>\n<td width=\"24%\" valign=\"top\">Pionirke<\/td>\n<td width=\"44%\" valign=\"top\">Tekmovanje GZ Menge\u0161 &#8211; Topole<\/td>\n<td width=\"15%\" valign=\"top\">1. mesto<\/td>\n<\/tr>\n<tr>\n<td width=\"16%\" valign=\"top\">15.09.2007<\/td>\n<td width=\"24%\" valign=\"top\">Starej\u0161i gasilci<\/td>\n<td width=\"44%\" valign=\"top\">Tekmovanje GZ Menge\u0161 &#8211; Topole<\/td>\n<td width=\"15%\" valign=\"top\">3. mesto<\/td>\n<\/tr>\n<tr>\n<td width=\"16%\" valign=\"top\">15.09.2007<\/td>\n<td width=\"24%\" valign=\"top\">Starej\u0161e gasilke<\/td>\n<td width=\"44%\" valign=\"top\">Tekmovanje GZ Menge\u0161 &#8211; Topole<\/td>\n<td width=\"15%\" valign=\"top\">2. mesto<\/td>\n<\/tr>\n<tr>\n<td width=\"16%\" valign=\"top\">22.09.2007<\/td>\n<td width=\"24%\" valign=\"top\">Starej\u0161i gasilci<\/td>\n<td width=\"44%\" valign=\"top\">Tekmovanje gasilske regije Ljubljana III &#8211; Zavrstnik<\/td>\n<td width=\"15%\" valign=\"top\">10. mesto<\/td>\n<\/tr>\n<tr>\n<td width=\"16%\" valign=\"top\">29.09.2007<\/td>\n<td width=\"24%\" valign=\"top\">\u010clani A<\/td>\n<td width=\"44%\" valign=\"top\">Tekmovanje gasilske regije Ljubljana III &#8211; Kamnik<\/td>\n<td width=\"15%\" valign=\"top\">4. mesto<\/td>\n<\/tr>\n<tr>\n<td width=\"16%\" valign=\"top\">13.10.2007<\/td>\n<td width=\"24%\" valign=\"top\">Pionirji<\/td>\n<td width=\"44%\" valign=\"top\">Tekmovanje gasilske regije Ljubljana III &#8211; Komenda<\/td>\n<td width=\"15%\" valign=\"top\"><\/td>\n<\/tr>\n<tr>\n<td width=\"16%\" valign=\"top\">13.10.2007<\/td>\n<td width=\"24%\" valign=\"top\">Pionirke<\/td>\n<td width=\"44%\" valign=\"top\">Tekmovanje gasilske regije Ljubljana III &#8211; Komenda<\/td>\n<td width=\"15%\" valign=\"top\"><\/td>\n<\/tr>\n<tr>\n<td width=\"16%\" valign=\"top\">20.10.2007<\/td>\n<td width=\"24%\" valign=\"top\">Starej\u0161e pionirke<\/td>\n<td width=\"44%\" valign=\"top\">Kviz gasilske regije Ljubljana III<br \/>\n\u0160martno pri Litiji<\/td>\n<td width=\"15%\" valign=\"top\"><\/td>\n<\/tr>\n<\/tbody>\n<\/table>\n<\/div>\n<p>&nbsp;<\/p>\n","protected":false},"excerpt":{"rendered":"<p>Pokal Loka V soboto, 30.06.2007 smo na lo\u0161kem \u0161portnem igri\u0161\u010du organizirali \u017ee 20. gasilsko tekmovanje za pokal PGD Loka in pokal GZ Menge\u0161, na katerem so se gasilci in gasilke pomerili v vaji z motorno brizgalno po pravilih CTIF in &hellip; <a href=\"https:\/\/www.pgd-loka.si\/?page_id=1025\">Beri naprej <span class=\"meta-nav\">&rarr;<\/span><\/a><\/p>\n","protected":false},"author":3,"featured_media":0,"parent":0,"menu_order":0,"comment_status":"open","ping_status":"open","template":"","meta":{"footnotes":""},"class_list":["post-1025","page","type-page","status-publish","hentry"],"_links":{"self":[{"href":"https:\/\/www.pgd-loka.si\/index.php?rest_route=\/wp\/v2\/pages\/1025","targetHints":{"allow":["GET"]}}],"collection":[{"href":"https:\/\/www.pgd-loka.si\/index.php?rest_route=\/wp\/v2\/pages"}],"about":[{"href":"https:\/\/www.pgd-loka.si\/index.php?rest_route=\/wp\/v2\/types\/page"}],"author":[{"embeddable":true,"href":"https:\/\/www.pgd-loka.si\/index.php?rest_route=\/wp\/v2\/users\/3"}],"replies":[{"embeddable":true,"href":"https:\/\/www.pgd-loka.si\/index.php?rest_route=%2Fwp%2Fv2%2Fcomments&post=1025"}],"version-history":[{"count":3,"href":"https:\/\/www.pgd-loka.si\/index.php?rest_route=\/wp\/v2\/pages\/1025\/revisions"}],"predecessor-version":[{"id":1302,"href":"https:\/\/www.pgd-loka.si\/index.php?rest_route=\/wp\/v2\/pages\/1025\/revisions\/1302"}],"wp:attachment":[{"href":"https:\/\/www.pgd-loka.si\/index.php?rest_route=%2Fwp%2Fv2%2Fmedia&parent=1025"}],"curies":[{"name":"wp","href":"https:\/\/api.w.org\/{rel}","templated":true}]}}