{"id":1015,"date":"2012-03-11T20:55:19","date_gmt":"2012-03-11T20:55:19","guid":{"rendered":"https:\/\/www.pgd-loka.si\/nova\/\/?page_id=1015"},"modified":"2012-03-11T20:57:59","modified_gmt":"2012-03-11T20:57:59","slug":"tekmovanja-v-letu-2008","status":"publish","type":"page","link":"https:\/\/www.pgd-loka.si\/?page_id=1015","title":{"rendered":"Tekmovanja v letu 2008"},"content":{"rendered":"<p><strong>Pokal Loka<\/strong><\/p>\n<p><strong>V soboto, 28.06.2008, smo na lo\u0161kem \u0161portnem igri\u0161\u010du organizirali \u017ee 21. gasilsko tekmovanje za pokal PGD Loka in pokal GZ Menge\u0161<\/strong>, na katerem so se gasilci in gasilke pomerili v vaji z motorno brizgalno po pravilih CTIF in \u0161tafeti brez ovir. Tekmovanja sta se udele\u017eili 2 \u017eenski in 14 mo\u0161kih ekip. V konkurenci \u010dlanov je prvo mesto zasedla ekipa PGD \u0160tuda, v \u017eenski konkurenci pa je najbolj\u0161i \u010das dosegla ekipa \u010dlanic PGD Topole.<\/p>\n<p><strong>T e k m o v a n j a<\/strong><\/p>\n<div>\n<p>Na\u010din kako ohranjati psihofizi\u010dno kondicijo in spretnosti rokovanja z gasilsko opremo predstavljajo priprave ekip na tekmovanja in tekmovanja sama.<\/p>\n<p>Na\u0161e tekmovalne enote so opravile 25 nastopov na razli\u010dnih tekmovanjih in nivojih. V letu 2008 smo se poleg gasilsko \u0161portnih disciplin, udele\u017eili \u0161e\u00a0tekmovanj v orientaciji in kvizih na nivoju GZ in regije Ljubljane III ter vle\u010denju B cevi v Topolah in \u017eemarjenju na silos.<\/p>\n<table border=\"1\" cellspacing=\"0\" cellpadding=\"0\">\n<tbody>\n<tr>\n<td width=\"90\" valign=\"top\"><strong>DATUM<\/strong><\/p>\n<p>&nbsp;<\/td>\n<td width=\"132\" valign=\"top\"><strong>EKIPA<\/strong><\/p>\n<p>&nbsp;<\/td>\n<td width=\"239\" valign=\"top\"><strong>VRSTA TEKMOVANJA<\/strong><\/p>\n<p>&nbsp;<\/td>\n<td width=\"158\" valign=\"top\"><strong>UVRSTITEV<\/strong><\/p>\n<p>&nbsp;<\/td>\n<\/tr>\n<tr>\n<td width=\"90\" valign=\"top\">20.04.2008<\/td>\n<td width=\"132\" valign=\"top\">Andrej Bizjak<\/td>\n<td width=\"239\" valign=\"top\">Tekmovanje v \u017eemarjenju na silos<\/td>\n<td width=\"158\" valign=\"top\">1. mesto ( gasilci )<\/p>\n<p>4. mesto ( jamarji )<\/td>\n<\/tr>\n<tr>\n<td width=\"90\" valign=\"top\">10.05.2008<\/td>\n<td width=\"132\" valign=\"top\">Mlaj\u0161e pionirke<\/td>\n<td width=\"239\" valign=\"top\">Tekmovanje v orientaciji GZ Menge\u0161 &#8211; \u0160tuda<\/td>\n<td width=\"158\" valign=\"top\">1. mesto<\/td>\n<\/tr>\n<tr>\n<td width=\"90\" valign=\"top\">10.05.2008<\/p>\n<p>&nbsp;<\/td>\n<td width=\"132\" valign=\"top\">Mlaj\u0161i pionirji<\/td>\n<td width=\"239\" valign=\"top\">Tekmovanje v orientaciji GZ Menge\u0161 &#8211; \u0160tuda<\/p>\n<p>&nbsp;<\/td>\n<td width=\"158\" valign=\"top\">2. mesto<\/td>\n<\/tr>\n<tr>\n<td width=\"90\" valign=\"top\">10.05.2008<\/p>\n<p>&nbsp;<\/td>\n<td width=\"132\" valign=\"top\">Starej\u0161e pionirke<\/td>\n<td width=\"239\" valign=\"top\">Tekmovanje v orientaciji GZ Menge\u0161 &#8211; \u0160tuda<\/p>\n<p>&nbsp;<\/td>\n<td width=\"158\" valign=\"top\">3. mesto<\/td>\n<\/tr>\n<tr>\n<td width=\"90\" valign=\"top\">10.05.2008<\/p>\n<p>&nbsp;<\/td>\n<td width=\"132\" valign=\"top\">Starej\u0161i pionirji<\/p>\n<p>&nbsp;<\/td>\n<td width=\"239\" valign=\"top\">Tekmovanje v orientaciji GZ Menge\u0161 &#8211; \u0160tuda<\/p>\n<p>&nbsp;<\/td>\n<td width=\"158\" valign=\"top\">1. mesto<\/td>\n<\/tr>\n<tr>\n<td width=\"90\" valign=\"top\">20.06.2008<\/td>\n<td width=\"132\" valign=\"top\">Ga\u0161per Urbanc<\/p>\n<p>Brane Urbanc<\/td>\n<td width=\"239\" valign=\"top\">Vle\u010denje B cevi &#8211; Topole<\/td>\n<td width=\"158\" valign=\"top\">2. mesto<\/td>\n<\/tr>\n<tr>\n<td width=\"90\" valign=\"top\">20.06.2008<\/p>\n<p>&nbsp;<\/td>\n<td width=\"132\" valign=\"top\">Slavko Sedelj\u0161ak,<\/p>\n<p>Stane Cimerman<\/td>\n<td width=\"239\" valign=\"top\">Vle\u010denje B cevi &#8211; Topole<\/td>\n<td width=\"158\" valign=\"top\">11. mesto<\/td>\n<\/tr>\n<tr>\n<td width=\"90\" valign=\"top\">20.06.2008<\/p>\n<p>&nbsp;<\/td>\n<td width=\"132\" valign=\"top\">David Bizjak<\/p>\n<p>An\u017ee Kveder<\/td>\n<td width=\"239\" valign=\"top\">Vle\u010denje B cevi &#8211; Topole<\/td>\n<td width=\"158\" valign=\"top\">16. mesto<\/td>\n<\/tr>\n<tr>\n<td width=\"90\" valign=\"top\">28.06.2008<\/td>\n<td width=\"132\" valign=\"top\">\u010clani A 1<\/td>\n<td width=\"239\" valign=\"top\">Tekmovanje GZ Menge\u0161 &#8211; Loka<\/td>\n<td width=\"158\" valign=\"top\">2. mesto<\/td>\n<\/tr>\n<tr>\n<td width=\"90\" valign=\"top\">28.06.2008<\/td>\n<td width=\"132\" valign=\"top\">\u010clani A 2<\/td>\n<td width=\"239\" valign=\"top\">Tekmovanje GZ Menge\u0161 &#8211; Loka<\/td>\n<td width=\"158\" valign=\"top\">4. mesto<\/td>\n<\/tr>\n<tr>\n<td width=\"90\" valign=\"top\">28.06.2008<\/td>\n<td width=\"132\" valign=\"top\">\u010clani A 1<\/td>\n<td width=\"239\" valign=\"top\">Tekmovanje za pokal \u00bbLOKE\u00ab<\/td>\n<td width=\"158\" valign=\"top\">6. mesto<\/td>\n<\/tr>\n<tr>\n<td width=\"90\" valign=\"top\">28.06.2008<\/td>\n<td width=\"132\" valign=\"top\">\u010clani A 2<\/td>\n<td width=\"239\" valign=\"top\">Tekmovanje za pokal \u00bbLOKE\u00ab<\/td>\n<td width=\"158\" valign=\"top\">14. mesto<\/td>\n<\/tr>\n<tr>\n<td width=\"90\" valign=\"top\">15.07.2008<\/td>\n<td width=\"132\" valign=\"top\">\u010clani A1<\/td>\n<td width=\"239\" valign=\"top\">Tekmovanje za pokal Bele krajine \u2013 Petrova vas<\/td>\n<td width=\"158\" valign=\"top\">7. mesto<\/td>\n<\/tr>\n<tr>\n<td width=\"90\" valign=\"top\">15.07.2008<\/p>\n<p>&nbsp;<\/td>\n<td width=\"132\" valign=\"top\">\u010clani A2<\/td>\n<td width=\"239\" valign=\"top\">Tekmovanje za pokal Bele krajine \u2013 Petrova vas<\/td>\n<td width=\"158\" valign=\"top\">10. mesto<\/td>\n<\/tr>\n<tr>\n<td width=\"90\" valign=\"top\">13.09.2008<\/td>\n<td width=\"132\" valign=\"top\">Pionirji<\/td>\n<td width=\"239\" valign=\"top\">Tekmovanje GZ Menge\u0161 &#8211; Topole<\/td>\n<td width=\"158\" valign=\"top\">3. mesto<\/td>\n<\/tr>\n<tr>\n<td width=\"90\" valign=\"top\">13.09.2008<\/td>\n<td width=\"132\" valign=\"top\">Mladinci<\/td>\n<td width=\"239\" valign=\"top\">Tekmovanje GZ Menge\u0161 &#8211; Topole<\/td>\n<td width=\"158\" valign=\"top\">3. mesto<\/td>\n<\/tr>\n<tr>\n<td width=\"90\" valign=\"top\">13.09.2008<\/td>\n<td width=\"132\" valign=\"top\">Starej\u0161e gasilke<\/td>\n<td width=\"239\" valign=\"top\">Tekmovanje GZ Menge\u0161 &#8211; Topole<\/td>\n<td width=\"158\" valign=\"top\">2. mesto<\/td>\n<\/tr>\n<tr>\n<td width=\"90\" valign=\"top\">13.09.2008<\/td>\n<td width=\"132\" valign=\"top\">Starej\u0161i gasilci<\/td>\n<td width=\"239\" valign=\"top\">Tekmovanje GZ Menge\u0161 &#8211; Topole<\/td>\n<td width=\"158\" valign=\"top\">3. mesto<\/td>\n<\/tr>\n<tr>\n<td width=\"90\" valign=\"top\">17.10.2008<\/td>\n<td width=\"132\" valign=\"top\">Mlaj\u0161i pionirji 1<\/td>\n<td width=\"239\" valign=\"top\">KVIZ gasilske mladine GZ Menge\u0161 &#8211; Kamnik<\/td>\n<td width=\"158\" valign=\"top\">2. mesto<\/td>\n<\/tr>\n<tr>\n<td width=\"90\" valign=\"top\">17.10.2008<\/td>\n<td width=\"132\" valign=\"top\">Mlaj\u0161i pionirji 2<\/td>\n<td width=\"239\" valign=\"top\">KVIZ gasilske mladine GZ Menge\u0161 &#8211; Kamnik<\/td>\n<td width=\"158\" valign=\"top\">6. mesto<\/td>\n<\/tr>\n<tr>\n<td width=\"90\" valign=\"top\">17.10.2008<\/td>\n<td width=\"132\" valign=\"top\">Starej\u0161i pionirji<\/td>\n<td width=\"239\" valign=\"top\">KVIZ gasilske mladine GZ Menge\u0161 &#8211; Kamnik<\/td>\n<td width=\"158\" valign=\"top\">1. mesto<\/td>\n<\/tr>\n<tr>\n<td width=\"90\" valign=\"top\">17.10.2008<\/td>\n<td width=\"132\" valign=\"top\">Mladinci<\/td>\n<td width=\"239\" valign=\"top\">KVIZ gasilske mladine GZ Menge\u0161 &#8211; Kamnik<\/td>\n<td width=\"158\" valign=\"top\">2. mesto<\/td>\n<\/tr>\n<tr>\n<td width=\"90\" valign=\"top\">25.10.2008<\/td>\n<td width=\"132\" valign=\"top\">Mlaj\u0161i pionirji<\/td>\n<td width=\"239\" valign=\"top\">Kviz gasilske regije Ljubljana III<\/p>\n<p>\u2013 Menge\u0161<\/td>\n<td width=\"158\" valign=\"top\">&nbsp;<\/p>\n<p>&nbsp;<\/p>\n<\/td>\n<\/tr>\n<tr>\n<td width=\"90\" valign=\"top\">25.10.2008<\/td>\n<td width=\"132\" valign=\"top\">Starej\u0161e pionirke<\/td>\n<td width=\"239\" valign=\"top\">Kviz gasilske regije Ljubljana III<\/p>\n<p>\u2013 Menge\u0161<\/td>\n<td width=\"158\" valign=\"top\">&nbsp;<\/p>\n<p>&nbsp;<\/p>\n<p>&nbsp;<\/p>\n<p>&nbsp;<\/p>\n<p>&nbsp;<\/p>\n<\/td>\n<\/tr>\n<tr>\n<td width=\"90\" valign=\"top\">25.10.2008<\/td>\n<td width=\"132\" valign=\"top\">Mladinci<\/td>\n<td width=\"239\" valign=\"top\">Kviz gasilske regije Ljubljana III<\/p>\n<p>\u2013 Menge\u0161<\/td>\n<td width=\"158\" valign=\"top\">&nbsp;<\/p>\n<p>&nbsp;<\/p>\n<\/td>\n<\/tr>\n<\/tbody>\n<\/table>\n<\/div>\n<p>&nbsp;<\/p>\n","protected":false},"excerpt":{"rendered":"<p>Pokal Loka V soboto, 28.06.2008, smo na lo\u0161kem \u0161portnem igri\u0161\u010du organizirali \u017ee 21. gasilsko tekmovanje za pokal PGD Loka in pokal GZ Menge\u0161, na katerem so se gasilci in gasilke pomerili v vaji z motorno brizgalno po pravilih CTIF in &hellip; <a href=\"https:\/\/www.pgd-loka.si\/?page_id=1015\">Beri naprej <span class=\"meta-nav\">&rarr;<\/span><\/a><\/p>\n","protected":false},"author":3,"featured_media":0,"parent":0,"menu_order":0,"comment_status":"open","ping_status":"open","template":"","meta":{"footnotes":""},"class_list":["post-1015","page","type-page","status-publish","hentry"],"_links":{"self":[{"href":"https:\/\/www.pgd-loka.si\/index.php?rest_route=\/wp\/v2\/pages\/1015","targetHints":{"allow":["GET"]}}],"collection":[{"href":"https:\/\/www.pgd-loka.si\/index.php?rest_route=\/wp\/v2\/pages"}],"about":[{"href":"https:\/\/www.pgd-loka.si\/index.php?rest_route=\/wp\/v2\/types\/page"}],"author":[{"embeddable":true,"href":"https:\/\/www.pgd-loka.si\/index.php?rest_route=\/wp\/v2\/users\/3"}],"replies":[{"embeddable":true,"href":"https:\/\/www.pgd-loka.si\/index.php?rest_route=%2Fwp%2Fv2%2Fcomments&post=1015"}],"version-history":[{"count":3,"href":"https:\/\/www.pgd-loka.si\/index.php?rest_route=\/wp\/v2\/pages\/1015\/revisions"}],"predecessor-version":[{"id":1022,"href":"https:\/\/www.pgd-loka.si\/index.php?rest_route=\/wp\/v2\/pages\/1015\/revisions\/1022"}],"wp:attachment":[{"href":"https:\/\/www.pgd-loka.si\/index.php?rest_route=%2Fwp%2Fv2%2Fmedia&parent=1015"}],"curies":[{"name":"wp","href":"https:\/\/api.w.org\/{rel}","templated":true}]}}