{"id":1007,"date":"2012-03-11T20:52:11","date_gmt":"2012-03-11T20:52:11","guid":{"rendered":"https:\/\/www.pgd-loka.si\/nova\/\/?page_id=1007"},"modified":"2012-03-12T06:49:14","modified_gmt":"2012-03-12T06:49:14","slug":"tekmovanja-v-letu-2009","status":"publish","type":"page","link":"https:\/\/www.pgd-loka.si\/?page_id=1007","title":{"rendered":"Tekmovanja v letu 2009"},"content":{"rendered":"<p><strong>Pokal Loka<\/strong><\/p>\n<p><strong>V soboto, 29.08.2009, smo organizirali \u017ee 22. gasilsko tekmovanje za pokal LOKE in ob\u010dinsko tekmovanje GZ Menge\u0161<\/strong>, na katerem so se gasilci in gasilke pomerili v vaji z motorno brizgalno po pravilih CTIF in \u0161tafeti brez ovir. Tekmovanja so se udele\u017eile 3 \u017eenske in 13 mo\u0161kih ekip. V konkurenci \u010dlanov za pokal LOKE je prvo mesto zasedla ekipa PGD Jar\u0161e Rodica, v \u017eenski konkurenci pa je najbolj\u0161i \u010das dosegla ekipa \u010dlanic PGD Topole.<\/p>\n<p><strong>T e k m o v a n j a<\/strong><\/p>\n<div>Na\u010din kako ohranjati psihofizi\u010dno kondicijo in spretnosti rokovanja z gasilsko opremo predstavljajo priprave ekip na tekmovanja in tekmovanja sama.<br \/>\nNa\u0161e tekmovalne enote so opravile 33 nastopov na razli\u010dnih tekmovanjih in nivojih. V letu 2009 smo se poleg gasilsko \u0161portnih disciplin, udele\u017eili \u0161e tekmovanj v orientaciji in kvizih na nivoju GZ Menge\u0161 in regije Ljubljane III, vle\u010denju B cevi v Topolah ter smu\u010darskem tekmovanju za mladino v organizaciji regije Ljubljana III.&nbsp;<\/p>\n<table border=\"1\" cellspacing=\"0\" cellpadding=\"0\" width=\"550\">\n<colgroup>\n<col width=\"79\"><\/col>\n<col width=\"113\"><\/col>\n<col width=\"260\"><\/col>\n<col width=\"98\"><\/col>\n<\/colgroup>\n<tbody>\n<tr height=\"21\">\n<td width=\"79\" height=\"21\"><strong>DATUM<\/strong><\/td>\n<td width=\"113\"><strong>EKIPA<\/strong><\/td>\n<td width=\"260\"><strong>VRSTA TEKMOVANJA<\/strong><\/td>\n<td width=\"98\"><strong>UVRSTITEV<\/strong><\/td>\n<\/tr>\n<tr height=\"21\">\n<td rowspan=\"2\" width=\"79\" height=\"42\">14.2.2009<\/td>\n<td width=\"113\">Deklice\u00a0\u2013<\/td>\n<td rowspan=\"2\" width=\"260\">Regijsko tekmovanje &#8211; smu\u010danje<\/td>\n<td width=\"98\">1. mesto<\/td>\n<\/tr>\n<tr height=\"21\">\n<td height=\"21\"><span style=\"font-family: Arial;\">l. 1999\/2000<\/span><\/td>\n<td width=\"98\">7. mesto<\/td>\n<\/tr>\n<tr height=\"21\">\n<td rowspan=\"2\" width=\"79\" height=\"42\">14.2.2009<\/td>\n<td width=\"113\">De\u010dki \u2013<\/td>\n<td rowspan=\"2\" width=\"260\">Regijsko tekmovanje &#8211; smu\u010danje<\/td>\n<td rowspan=\"2\" width=\"98\">3. mesto<\/td>\n<\/tr>\n<tr height=\"21\">\n<td width=\"113\" height=\"21\">do l. 2001<\/td>\n<\/tr>\n<tr height=\"21\">\n<td rowspan=\"2\" width=\"79\" height=\"42\">14.2.2009<\/td>\n<td width=\"113\">Starej\u0161i de\u010dki \u2013<\/td>\n<td rowspan=\"2\" width=\"260\">Regijsko tekmovanje &#8211; smu\u010danje<\/td>\n<td width=\"98\">6. mesto<\/td>\n<\/tr>\n<tr height=\"21\">\n<td width=\"113\" height=\"21\">l. 1997\/1998<\/td>\n<td width=\"98\">10. mesto<\/td>\n<\/tr>\n<tr height=\"21\">\n<td rowspan=\"2\" width=\"79\" height=\"42\">14.2.2009<\/td>\n<td width=\"113\">Mladinke \u2013<\/td>\n<td rowspan=\"2\" width=\"260\">Regijsko tekmovanje &#8211; smu\u010danje<\/td>\n<td width=\"98\">2. mesto<\/td>\n<\/tr>\n<tr height=\"21\">\n<td width=\"113\" height=\"21\">l. 1993\/1994<\/td>\n<td width=\"98\">12. mesto<\/td>\n<\/tr>\n<tr height=\"21\">\n<td rowspan=\"2\" width=\"79\" height=\"42\">14.2.2009<\/td>\n<td width=\"113\">Mladinci \u2013<\/td>\n<td rowspan=\"2\" width=\"260\">Regijsko tekmovanje &#8211; smu\u010danje<\/td>\n<td width=\"98\">7. mesto<\/td>\n<\/tr>\n<tr height=\"21\">\n<td width=\"113\" height=\"21\">l. 1994\/1995<\/td>\n<td width=\"98\">9. mesto<\/td>\n<\/tr>\n<tr height=\"21\">\n<td rowspan=\"2\" width=\"79\" height=\"42\">14.2.2009<\/td>\n<td width=\"113\">Mentorji \u2013<\/td>\n<td rowspan=\"2\" width=\"260\">Regijsko tekmovanje &#8211; smu\u010danje<\/td>\n<td rowspan=\"2\" width=\"98\">10. mesto<\/td>\n<\/tr>\n<tr height=\"21\">\n<td width=\"113\" height=\"21\">do 35 let<\/td>\n<\/tr>\n<tr height=\"21\">\n<td rowspan=\"2\" width=\"79\" height=\"42\">14.2.2009<\/td>\n<td width=\"113\">Mentorji \u2013<\/td>\n<td rowspan=\"2\" width=\"260\">Regijsko tekmovanje &#8211; smu\u010danje<\/td>\n<td rowspan=\"2\" width=\"98\">7. mesto<\/td>\n<\/tr>\n<tr height=\"21\">\n<td width=\"113\" height=\"21\">nad 35 let<\/td>\n<\/tr>\n<tr height=\"21\">\n<td width=\"79\" height=\"21\">3.4.2009<\/td>\n<td width=\"113\">Mladinci<\/td>\n<td width=\"260\">Ob\u010dinsko tekmovanje &#8211; kviz<\/td>\n<td width=\"98\">2. mesto<\/td>\n<\/tr>\n<tr height=\"21\">\n<td width=\"79\" height=\"21\">4.4.2009<\/td>\n<td width=\"113\">Mlaj\u0161i pionirji<\/td>\n<td width=\"260\">Ob\u010dinsko tekmovanje &#8211; kviz<\/td>\n<td width=\"98\">4. mesto<\/td>\n<\/tr>\n<tr height=\"21\">\n<td width=\"79\" height=\"21\">4.4.2009<\/td>\n<td width=\"113\">Starej\u0161i pionirji<\/td>\n<td width=\"260\">Ob\u010dinsko tekmovanje &#8211; kviz<\/td>\n<td width=\"98\">2. mesto<\/td>\n<\/tr>\n<tr height=\"21\">\n<td width=\"79\" height=\"21\">18.4.2009<\/td>\n<td width=\"113\">Mlaj\u0161i pionirji<\/td>\n<td width=\"260\">Regijsko tekmovanje &#8211; DMG<\/td>\n<td width=\"98\">11. mesto<\/td>\n<\/tr>\n<tr height=\"21\">\n<td width=\"79\" height=\"21\">18.4.2009<\/td>\n<td width=\"113\">Mlaj\u0161e pionirke<\/td>\n<td width=\"260\">Regijsko tekmovanje &#8211; DMG<\/td>\n<td width=\"98\">16. mesto<\/td>\n<\/tr>\n<tr height=\"21\">\n<td width=\"79\" height=\"21\">18.4.2009<\/td>\n<td width=\"113\">Starej\u0161i pionirji<\/td>\n<td width=\"260\">Regijsko tekmovanje &#8211; DMG<\/td>\n<td width=\"98\">14. mesto<\/td>\n<\/tr>\n<tr height=\"21\">\n<td width=\"79\" height=\"21\">9.5.2009<\/td>\n<td width=\"113\">Mlaj\u0161i pionirji 1<\/td>\n<td width=\"260\">Ob\u010dinsko tekmovanje &#8211; orientacija<\/td>\n<td width=\"98\">2. mesto<\/td>\n<\/tr>\n<tr height=\"21\">\n<td width=\"79\" height=\"21\">9.5.2009<\/td>\n<td width=\"113\">Mlaj\u0161i pionirji 2<\/td>\n<td width=\"260\">Ob\u010dinsko tekmovanje &#8211; orientacija<\/td>\n<td width=\"98\">3. mesto<\/td>\n<\/tr>\n<tr height=\"21\">\n<td width=\"79\" height=\"21\">9.5.2009<\/td>\n<td width=\"113\">Mlaj\u0161e pionirke<\/td>\n<td width=\"260\">Ob\u010dinsko tekmovanje &#8211; orientacija<\/td>\n<td width=\"98\">1. mesto<\/td>\n<\/tr>\n<tr height=\"21\">\n<td width=\"79\" height=\"21\">9.5.2009<\/td>\n<td width=\"113\">Starej\u0161i pionirji<\/td>\n<td width=\"260\">Ob\u010dinsko tekmovanje &#8211; orientacija<\/td>\n<td width=\"98\">2. mesto<\/td>\n<\/tr>\n<tr height=\"21\">\n<td width=\"79\" height=\"21\">9.5.2009<\/td>\n<td width=\"113\">Mladinci<\/td>\n<td width=\"260\">Ob\u010dinsko tekmovanje &#8211; orientacija<\/td>\n<td width=\"98\">1. mesto<\/td>\n<\/tr>\n<tr height=\"21\">\n<td width=\"79\" height=\"21\">23.5.2009<\/td>\n<td width=\"113\">Mlaj\u0161i pionirji 1<\/td>\n<td width=\"260\">Regijsko tekmovanje &#8211; orientacija<\/td>\n<td width=\"98\">13. mesto<\/td>\n<\/tr>\n<tr height=\"21\">\n<td width=\"79\" height=\"21\">23.5.2009<\/td>\n<td width=\"113\">Mlaj\u0161i pionirji 2<\/td>\n<td width=\"260\">Regijsko tekmovanje &#8211; orientacija<\/td>\n<td width=\"98\">17. mesto<\/td>\n<\/tr>\n<tr height=\"21\">\n<td width=\"79\" height=\"21\">23.5.2009<\/td>\n<td width=\"113\">Mlaj\u0161e pionirke<\/td>\n<td width=\"260\">Regijsko tekmovanje &#8211; orientacija<\/td>\n<td width=\"98\">7. mesto<\/td>\n<\/tr>\n<tr height=\"21\">\n<td width=\"79\" height=\"21\">23.5.2009<\/td>\n<td width=\"113\">Starej\u0161i pionirji<\/td>\n<td width=\"260\">Regijsko tekmovanje &#8211; orientacija<\/td>\n<td width=\"98\">12. mesto<\/td>\n<\/tr>\n<tr height=\"21\">\n<td width=\"79\" height=\"21\">23.5.2009<\/td>\n<td width=\"113\">Mladinci<\/td>\n<td width=\"260\">Regijsko tekmovanje &#8211; orientacija<\/td>\n<td width=\"98\">10. mesto<\/td>\n<\/tr>\n<tr height=\"21\">\n<td width=\"79\" height=\"21\">30.5.2009<\/td>\n<td width=\"113\">Starej\u0161i gasilci<\/td>\n<td width=\"260\">Regijsko sre\u010danje in tekmovanje<\/td>\n<td width=\"98\"><\/td>\n<\/tr>\n<tr height=\"21\">\n<td rowspan=\"2\" width=\"79\" height=\"42\">22.8.2009<\/td>\n<td width=\"113\">Slavko Sedelj\u0161ak<\/td>\n<td rowspan=\"2\" width=\"260\">Tekmovanje \u2013 vle\u010denje B cevi v Topolah<\/td>\n<td rowspan=\"2\" width=\"98\">21. mesto<\/td>\n<\/tr>\n<tr height=\"21\">\n<td width=\"113\" height=\"21\">Bo\u0161tjan \u010cebulj<\/td>\n<\/tr>\n<tr height=\"21\">\n<td width=\"79\" height=\"21\">29.8.2009<\/td>\n<td width=\"113\">\u010clani A1<\/td>\n<td width=\"260\">Tekmovanje \u2013 za pokal LOKE<\/td>\n<td width=\"98\">2. mesto<\/td>\n<\/tr>\n<tr height=\"21\">\n<td width=\"79\" height=\"21\">29.8.2009<\/td>\n<td width=\"113\">\u010clani A2<\/td>\n<td width=\"260\">Tekmovanje \u2013 za pokal LOKE<\/td>\n<td width=\"98\">12. mesto<\/td>\n<\/tr>\n<tr height=\"21\">\n<td width=\"79\" height=\"21\">29.8.2009<\/td>\n<td width=\"113\">\u010clani B<\/td>\n<td width=\"260\">Tekmovanje \u2013 za pokal LOKE<\/td>\n<td width=\"98\">11. mesto<\/td>\n<\/tr>\n<tr height=\"21\">\n<td width=\"79\" height=\"21\">29.8.2009<\/td>\n<td width=\"113\">\u010clanice B1<\/td>\n<td width=\"260\">Tekmovanje \u2013 za pokal LOKE<\/td>\n<td width=\"98\">2. mesto<\/td>\n<\/tr>\n<tr height=\"21\">\n<td width=\"79\" height=\"21\">29.8.2009<\/td>\n<td width=\"113\">\u010clanice B2<\/td>\n<td width=\"260\">Tekmovanje \u2013 za pokal LOKE<\/td>\n<td width=\"98\">3. mesto<\/td>\n<\/tr>\n<tr height=\"21\">\n<td width=\"79\" height=\"21\">29.8.2009<\/td>\n<td width=\"113\">\u010clani A1<\/td>\n<td width=\"260\">Ob\u010dinsko tekmovanje \u2013 \u010dlani \u2013 Loka<\/td>\n<td width=\"98\">1. mesto<\/td>\n<\/tr>\n<tr height=\"21\">\n<td width=\"79\" height=\"21\">29.8.2009<\/td>\n<td width=\"113\">\u010clani A2<\/td>\n<td width=\"260\">Ob\u010dinsko tekmovanje \u2013 \u010dlani \u2013 Loka<\/td>\n<td width=\"98\">4. mesto<\/td>\n<\/tr>\n<tr height=\"21\">\n<td width=\"79\" height=\"21\">29.8.2009<\/td>\n<td width=\"113\">\u010clani B<\/td>\n<td width=\"260\">Ob\u010dinsko tekmovanje \u2013 \u010dlani \u2013 Loka<\/td>\n<td width=\"98\">2. mesto<\/td>\n<\/tr>\n<tr height=\"21\">\n<td width=\"79\" height=\"21\">29.8.2009<\/td>\n<td width=\"113\">\u010clanice B1<\/td>\n<td width=\"260\">Ob\u010dinsko tekmovanje \u2013 \u010dlanice \u2013 Loka<\/td>\n<td width=\"98\">2. mesto<\/td>\n<\/tr>\n<tr height=\"21\">\n<td width=\"79\" height=\"21\">29.8.2009<\/td>\n<td width=\"113\">\u010clanice B2<\/td>\n<td width=\"260\">Ob\u010dinsko tekmovanje \u2013 \u010dlanice &#8211; Loka<\/td>\n<td width=\"98\">3. mesto<\/td>\n<\/tr>\n<tr height=\"21\">\n<td width=\"79\" height=\"21\">5.9.2009<\/td>\n<td width=\"113\">Pionirji<\/td>\n<td width=\"260\">Ob\u010dinsko tekmovanje &#8211; Topole<\/td>\n<td width=\"98\">3. mesto<\/td>\n<\/tr>\n<tr height=\"21\">\n<td width=\"79\" height=\"21\">5.9.2009<\/td>\n<td width=\"113\">Mladinci<\/td>\n<td width=\"260\">Ob\u010dinsko tekmovanje &#8211; Topole<\/td>\n<td width=\"98\">1. mesto<\/td>\n<\/tr>\n<tr height=\"21\">\n<td width=\"79\" height=\"21\">5.9.2009<\/td>\n<td width=\"113\">Starej\u0161i gasilci<\/td>\n<td width=\"260\">Ob\u010dinsko tekmovanje &#8211; Topole<\/td>\n<td width=\"98\">3. mesto<\/td>\n<\/tr>\n<tr height=\"21\">\n<td width=\"79\" height=\"21\">6.9.2009<\/td>\n<td width=\"113\">\u010clani A1<\/td>\n<td width=\"260\">Tekmovanje \u2013 za pokal BOHINJA<\/td>\n<td width=\"98\">4. mesto<\/td>\n<\/tr>\n<tr height=\"21\">\n<td width=\"79\" height=\"21\">6.9.2009<\/td>\n<td width=\"113\">\u010clani A2<\/td>\n<td width=\"260\">Tekmovanje \u2013 za pokal BOHINJA<\/td>\n<td width=\"98\">5. mesto<\/td>\n<\/tr>\n<tr height=\"21\">\n<td width=\"79\" height=\"21\">6.9.2009<\/td>\n<td width=\"113\">\u010clanice<\/td>\n<td width=\"260\">Tekmovanje \u2013 za pokal BOHINJA<\/td>\n<td width=\"98\">5. mesto<\/td>\n<\/tr>\n<tr height=\"21\">\n<td width=\"79\" height=\"21\">3.10.2009<\/td>\n<td width=\"113\">Pionirji<\/td>\n<td width=\"260\">Regijsko tekmovanje &#8211; Morav\u010de<\/td>\n<td width=\"98\">2. mesto<\/td>\n<\/tr>\n<tr height=\"21\">\n<td width=\"79\" height=\"21\">10.10.2009<\/td>\n<td width=\"113\">Starej\u0161i gasilci<\/td>\n<td width=\"260\">Regijsko tekmovanje &#8211; Komenda<\/td>\n<td width=\"98\">10. mesto<\/td>\n<\/tr>\n<tr height=\"21\">\n<td width=\"79\" height=\"21\">24.10.2009<\/td>\n<td width=\"113\">Mlaj\u0161i pionirji<\/td>\n<td width=\"260\">Regijsko tekmovanje &#8211; kviz<\/td>\n<td width=\"98\">3. mesto<\/td>\n<\/tr>\n<tr height=\"21\">\n<td width=\"79\" height=\"21\">24.10.2009<\/td>\n<td width=\"113\">Starej\u0161i pionirji<\/td>\n<td width=\"260\">Regijsko tekmovanje &#8211; kviz<\/td>\n<td width=\"98\">13. mesto<\/td>\n<\/tr>\n<tr height=\"22\">\n<td width=\"79\" height=\"22\">24.10.2009<\/td>\n<td width=\"113\">Mladinci<\/td>\n<td width=\"260\">Regijsko tekmovanje &#8211; kviz<\/td>\n<td width=\"98\">4. mesto<\/td>\n<\/tr>\n<\/tbody>\n<\/table>\n<\/div>\n<p>&nbsp;<\/p>\n","protected":false},"excerpt":{"rendered":"<p>Pokal Loka V soboto, 29.08.2009, smo organizirali \u017ee 22. gasilsko tekmovanje za pokal LOKE in ob\u010dinsko tekmovanje GZ Menge\u0161, na katerem so se gasilci in gasilke pomerili v vaji z motorno brizgalno po pravilih CTIF in \u0161tafeti brez ovir. Tekmovanja &hellip; <a href=\"https:\/\/www.pgd-loka.si\/?page_id=1007\">Beri naprej <span class=\"meta-nav\">&rarr;<\/span><\/a><\/p>\n","protected":false},"author":3,"featured_media":0,"parent":0,"menu_order":0,"comment_status":"open","ping_status":"open","template":"","meta":{"footnotes":""},"class_list":["post-1007","page","type-page","status-publish","hentry"],"_links":{"self":[{"href":"https:\/\/www.pgd-loka.si\/index.php?rest_route=\/wp\/v2\/pages\/1007","targetHints":{"allow":["GET"]}}],"collection":[{"href":"https:\/\/www.pgd-loka.si\/index.php?rest_route=\/wp\/v2\/pages"}],"about":[{"href":"https:\/\/www.pgd-loka.si\/index.php?rest_route=\/wp\/v2\/types\/page"}],"author":[{"embeddable":true,"href":"https:\/\/www.pgd-loka.si\/index.php?rest_route=\/wp\/v2\/users\/3"}],"replies":[{"embeddable":true,"href":"https:\/\/www.pgd-loka.si\/index.php?rest_route=%2Fwp%2Fv2%2Fcomments&post=1007"}],"version-history":[{"count":6,"href":"https:\/\/www.pgd-loka.si\/index.php?rest_route=\/wp\/v2\/pages\/1007\/revisions"}],"predecessor-version":[{"id":1300,"href":"https:\/\/www.pgd-loka.si\/index.php?rest_route=\/wp\/v2\/pages\/1007\/revisions\/1300"}],"wp:attachment":[{"href":"https:\/\/www.pgd-loka.si\/index.php?rest_route=%2Fwp%2Fv2%2Fmedia&parent=1007"}],"curies":[{"name":"wp","href":"https:\/\/api.w.org\/{rel}","templated":true}]}}