{"id":76,"date":"2012-03-01T18:54:41","date_gmt":"2012-03-01T18:54:41","guid":{"rendered":"http:\/\/localhost\/PGD%20Loka%204\/?page_id=76"},"modified":"2022-11-11T14:37:16","modified_gmt":"2022-11-11T13:37:16","slug":"zanimive-povezave","status":"publish","type":"page","link":"http:\/\/www.pgd-loka.si\/?page_id=76","title":{"rendered":"Zanimive povezave"},"content":{"rendered":"<p><strong><span style=\"color: #cc0000;\">Gasilci<\/span><\/strong><\/p>\n<ul>\n<li><a href=\"http:\/\/www.gasilci.org\/\" target=\"_blank\" rel=\"noopener noreferrer\">Gasilci.org<\/a><\/li>\n<li><a href=\"http:\/\/www.resevalci.org\/\" target=\"_blank\" rel=\"noopener noreferrer\">Resevalci.org<\/a><\/li>\n<li><a href=\"http:\/\/www.gasilec.net\/\" target=\"_blank\" rel=\"noopener noreferrer\">Gasilska zveza Slovenije<\/a><\/li>\n<li><a href=\"https:\/\/www.gov.si\/drzavni-organi\/organi-v-sestavi\/uprava-za-zascito-in-resevanje\/\" target=\"_blank\" rel=\"noopener noreferrer\">Uprava RS za za\u0161\u010dito in re\u0161evanje<\/a><\/li>\n<li><a href=\"http:\/\/www.mo.gov.si\/\" target=\"_blank\" rel=\"noopener noreferrer\">Ministrstvo za obrambo RS<\/a><\/li>\n<li><a href=\"http:\/\/www.gasilci112.si\/\" target=\"_blank\" rel=\"noopener noreferrer\">Gasilci112.si<\/a><\/li>\n<\/ul>\n<p><strong><span style=\"color: #cc0000;\">Uporabne informacije<\/span><\/strong><\/p>\n<ul>\n<li><a href=\"https:\/\/www.ihelp.life\/aedall\" target=\"_blank\" rel=\"noopener noreferrer\">Lokacije\u00a0avtomatskih\u00a0defibrilatorjev (AED)<\/a><\/li>\n<li><a href=\"http:\/\/nevsnov.sos112.si\/nevsnov_interno\/main.aspx?koda=1\" target=\"_blank\" rel=\"noopener noreferrer\">NevSnov &#8211; podatkovna zbirka nevarnih kemi\u010dnih snovi<\/a><\/li>\n<li><a href=\"https:\/\/spin3.sos112.si\/javno\/zemljevid\" target=\"_blank\" rel=\"noopener noreferrer\">SPIN &#8211; grafi\u010dni prikaz nesre\u010d in intervencij<\/a><\/li>\n<li><a href=\"http:\/\/meteo.arso.gov.si\/met\/sl\/warning\/fire\/\" target=\"_blank\" rel=\"noopener noreferrer\">Po\u017earna ogro\u017eenost naravnega okolja<\/a><\/li>\n<li><a href=\"http:\/\/meteo.arso.gov.si\/\" target=\"_blank\" rel=\"noopener noreferrer\">ARSO \/ Dr\u017eavna meteorolo\u0161ka slu\u017eba &#8211; METEOALARM<\/a><\/li>\n<li><a href=\"http:\/\/meteo.arso.gov.si\/met\/sl\/warning\/hail\/\" target=\"_blank\" rel=\"noopener noreferrer\">Verjetnost trenutnega pojavljanja to\u010de<\/a><\/li>\n<li><a href=\"http:\/\/www.arso.gov.si\/vode\/podatki\/stanje_voda_samodejne.html\" target=\"_blank\" rel=\"noopener noreferrer\">Zadnji podatki samodejnih hidrolo\u0161kih postaj &#8211; Vi\u0161ina gladine rek<\/a><\/li>\n<li><a href=\"http:\/\/www.pro-vreme.net\/\" target=\"_blank\" rel=\"noopener noreferrer\">Vreme in vremenska napoved<\/a><\/li>\n<li><a href=\"http:\/\/www.arso.gov.si\/vreme\/napovedi%20in%20podatki\/vreme_avt.html\" target=\"_blank\" rel=\"noopener noreferrer\">Vreme &#8211; Podatki samodejnih postaj<\/a><\/li>\n<li><a href=\"http:\/\/www.poplavljen.si\/\" target=\"_blank\" rel=\"noopener noreferrer\">Navodila in nasveti ob poplavi &#8211; poplavljen.si<\/a><\/li>\n<li><a href=\"https:\/\/www.lightningmaps.org\/?lang=en#m=sat;r=0;t=3;s=0;o=0;b=0.00;n=1;y=45.859;x=14.8159;z=8;d=2;dl=2;dc=0;i=0;\" target=\"_blank\" rel=\"noopener noreferrer\">Atmosferske razelektritve po Sloveniji, Evropi ter svetu &#8211; Strele v \u017eivo<\/a><\/li>\n<li><a href=\"http:\/\/www.promet.si\/\" target=\"_blank\" rel=\"noopener noreferrer\">Prometno-informacijski center &#8211; Razmere na cestah<\/a><\/li>\n<li><a href=\"http:\/\/www.geopedia.si\/\" target=\"_blank\" rel=\"noopener noreferrer\">Geopedia &#8211; interaktivni spletni atlas in zemljevid Slovenije<\/a><\/li>\n<li><a href=\"http:\/\/www.menges.si\/\" target=\"_blank\" rel=\"noopener noreferrer\">Portal ob\u010dine Menge\u0161<\/a><\/li>\n<\/ul>\n<p><strong><span style=\"color: #cc0000;\">Gasilska dru\u0161tva<\/span><\/strong><\/p>\n<ul>\n<li><a href=\"http:\/\/www.pgd-topole.si\/\" target=\"_blank\" rel=\"noopener noreferrer\">PGD Topole<\/a><\/li>\n<li><a href=\"http:\/\/www.pgd-moste.si\/\" target=\"_blank\" rel=\"noopener noreferrer\">PGD Moste<\/a><\/li>\n<li><a href=\"http:\/\/pgd.repnje.si\/\" target=\"_blank\" rel=\"noopener noreferrer\">PGD Repnje-Dobru\u0161a<\/a><\/li>\n<\/ul>\n<p>&nbsp;<\/p>\n","protected":false},"excerpt":{"rendered":"<p>Gasilci Gasilci.org Resevalci.org Gasilska zveza Slovenije Uprava RS za za\u0161\u010dito in re\u0161evanje Ministrstvo za obrambo RS Gasilci112.si Uporabne informacije Lokacije\u00a0avtomatskih\u00a0defibrilatorjev (AED) NevSnov &#8211; podatkovna zbirka nevarnih kemi\u010dnih snovi SPIN &#8211; grafi\u010dni prikaz nesre\u010d in intervencij Po\u017earna ogro\u017eenost naravnega okolja ARSO &hellip; <a href=\"http:\/\/www.pgd-loka.si\/?page_id=76\">Beri naprej <span class=\"meta-nav\">&rarr;<\/span><\/a><\/p>\n","protected":false},"author":3,"featured_media":0,"parent":0,"menu_order":0,"comment_status":"open","ping_status":"open","template":"","meta":{"footnotes":""},"class_list":["post-76","page","type-page","status-publish","hentry"],"_links":{"self":[{"href":"http:\/\/www.pgd-loka.si\/index.php?rest_route=\/wp\/v2\/pages\/76","targetHints":{"allow":["GET"]}}],"collection":[{"href":"http:\/\/www.pgd-loka.si\/index.php?rest_route=\/wp\/v2\/pages"}],"about":[{"href":"http:\/\/www.pgd-loka.si\/index.php?rest_route=\/wp\/v2\/types\/page"}],"author":[{"embeddable":true,"href":"http:\/\/www.pgd-loka.si\/index.php?rest_route=\/wp\/v2\/users\/3"}],"replies":[{"embeddable":true,"href":"http:\/\/www.pgd-loka.si\/index.php?rest_route=%2Fwp%2Fv2%2Fcomments&post=76"}],"version-history":[{"count":25,"href":"http:\/\/www.pgd-loka.si\/index.php?rest_route=\/wp\/v2\/pages\/76\/revisions"}],"predecessor-version":[{"id":10750,"href":"http:\/\/www.pgd-loka.si\/index.php?rest_route=\/wp\/v2\/pages\/76\/revisions\/10750"}],"wp:attachment":[{"href":"http:\/\/www.pgd-loka.si\/index.php?rest_route=%2Fwp%2Fv2%2Fmedia&parent=76"}],"curies":[{"name":"wp","href":"https:\/\/api.w.org\/{rel}","templated":true}]}}