{"id":1105,"date":"2012-03-11T21:45:27","date_gmt":"2012-03-11T21:45:27","guid":{"rendered":"http:\/\/www.pgd-loka.si\/nova\/\/?page_id=1105"},"modified":"2012-03-11T21:45:27","modified_gmt":"2012-03-11T21:45:27","slug":"uporaba-nadtlacnega-prezracevalnika","status":"publish","type":"page","link":"http:\/\/www.pgd-loka.si\/?page_id=1105","title":{"rendered":"Uporaba nadtla\u010dnega prezra\u010devalnika"},"content":{"rendered":"<p>V februarski \u0161tevilki revije\u00a0<strong>Gasilec<\/strong> je bil objavljen izredno zanimiv \u010dlanek o uporabi nadtla\u010dnega prezra\u010devalnika pri ga\u0161enju po\u017eara v zaprtih prostorih, zato smo se odlo\u010dili, da vam ga predstavimo tudi na na\u0161i spletni strani.<\/p>\n<p>V \u010dlanku so lepo predstavljena\u00a0<strong>osnovna pravila pri uporabi opreme<\/strong> za ventilacijo s pozitivnim tlakom,\u00a0<strong>izku\u0161nje iz prakse<\/strong> in\u00a0<strong>najpogostej\u0161e napake<\/strong> pri uporabi. Pomemben del \u010dlanka predstavlja tudi del o\u00a0<strong>mo\u017enosti<\/strong> <strong>uporabe te opreme \u017ee v sami fazi napada<\/strong> na objekt v katerem gori in ne \u0161ele na koncu posredovanja, kar pripomore gasilcem pri hitrej\u0161em, la\u017ejem in veliko varnej\u0161em posredovanju v notranjih napadih.<\/p>\n<p>Stvar je \u0161e kako zelo zanimiva, saj v na\u0161i Gasilski zvezi Menge\u0161 prav tako posedujemo (na \u017ealost samo en) nadtla\u010dni prezra\u010devalnik Tempest, ki se nahaja v PGD Menge\u0161. Ob branju tega \u010dlanka pa nam bo stvar morda \u0161e nekoliko bli\u017eja za varnej\u0161o in u\u010dinkovitej\u0161o uporabo pri posredovanjih na raznih intervencijah.<\/p>\n<p>\u010clanek si lahko ogledate s klikom na:\u00a0<a href=\"http:\/\/www.pgd-loka.si\/clanki\/%c4%8dlanek_ventilacija_s_pozitivnim_tlakom.pdf\" target=\"_blank\"><strong><em>Uporaba nadtla\u010dnega prezra\u010devalnika<\/em><\/strong><\/a><\/p>\n","protected":false},"excerpt":{"rendered":"<p>V februarski \u0161tevilki revije\u00a0Gasilec je bil objavljen izredno zanimiv \u010dlanek o uporabi nadtla\u010dnega prezra\u010devalnika pri ga\u0161enju po\u017eara v zaprtih prostorih, zato smo se odlo\u010dili, da vam ga predstavimo tudi na na\u0161i spletni strani. V \u010dlanku so lepo predstavljena\u00a0osnovna pravila pri &hellip; <a href=\"http:\/\/www.pgd-loka.si\/?page_id=1105\">Beri naprej <span class=\"meta-nav\">&rarr;<\/span><\/a><\/p>\n","protected":false},"author":3,"featured_media":0,"parent":0,"menu_order":0,"comment_status":"open","ping_status":"open","template":"","meta":{"footnotes":""},"class_list":["post-1105","page","type-page","status-publish","hentry"],"_links":{"self":[{"href":"http:\/\/www.pgd-loka.si\/index.php?rest_route=\/wp\/v2\/pages\/1105","targetHints":{"allow":["GET"]}}],"collection":[{"href":"http:\/\/www.pgd-loka.si\/index.php?rest_route=\/wp\/v2\/pages"}],"about":[{"href":"http:\/\/www.pgd-loka.si\/index.php?rest_route=\/wp\/v2\/types\/page"}],"author":[{"embeddable":true,"href":"http:\/\/www.pgd-loka.si\/index.php?rest_route=\/wp\/v2\/users\/3"}],"replies":[{"embeddable":true,"href":"http:\/\/www.pgd-loka.si\/index.php?rest_route=%2Fwp%2Fv2%2Fcomments&post=1105"}],"version-history":[{"count":2,"href":"http:\/\/www.pgd-loka.si\/index.php?rest_route=\/wp\/v2\/pages\/1105\/revisions"}],"predecessor-version":[{"id":1108,"href":"http:\/\/www.pgd-loka.si\/index.php?rest_route=\/wp\/v2\/pages\/1105\/revisions\/1108"}],"wp:attachment":[{"href":"http:\/\/www.pgd-loka.si\/index.php?rest_route=%2Fwp%2Fv2%2Fmedia&parent=1105"}],"curies":[{"name":"wp","href":"https:\/\/api.w.org\/{rel}","templated":true}]}}